{"id":107075,"date":"2026-03-20T16:49:44","date_gmt":"2026-03-20T16:49:44","guid":{"rendered":"https:\/\/soydeaqui.ddns.net\/pachuca\/index.php\/producto\/ptz-ip-2-megapixel-15x-zoom-100-mts-ir-ip66-acusense-darkfighter-wdr-120-db-entrada-y-salida-de-audio-y-alarmas-hlc-eis-poe-microsd-2\/"},"modified":"2026-03-20T16:49:45","modified_gmt":"2026-03-20T16:49:45","slug":"ptz-ip-2-megapixel-15x-zoom-100-mts-ir-ip66-acusense-darkfighter-wdr-120-db-entrada-y-salida-de-audio-y-alarmas-hlc-eis-poe-microsd-2","status":"publish","type":"product","link":"https:\/\/soydeaqui.ddns.net\/pachuca\/index.php\/producto\/ptz-ip-2-megapixel-15x-zoom-100-mts-ir-ip66-acusense-darkfighter-wdr-120-db-entrada-y-salida-de-audio-y-alarmas-hlc-eis-poe-microsd-2\/","title":{"rendered":"PTZ IP 2 Megapixel \/ 15X Zoom \/ 100 mts IR \/ IP66 \/ ACUSENSE \/ DARKFIGHTER \/ WDR 120 dB \/ Entrada y Salida de Audio y Alarmas \/ HLC \/ EIS \/ PoE+ \/ MicroSD"},"content":{"rendered":"<div style=\"width: 100%; max-width: 1200px; margin: 0 auto; font-family: sans-serif; line-height: 1.6; color: inherit; background-color: transparent;\"><!-- Banner inicial con logo HIKVISION m\u00e1s grande y sin bordes --> <\/p>\n<div style=\"text-align: center; margin: 0; padding: 20px 0;\"><img decoding=\"async\" style=\"width: 60%; height: auto; display: block; margin: 0 auto;\" src=\"https:\/\/ftp3.syscom.mx\/usuarios\/jsosa\/HIKVISION\/imagenes\/logo\/hikvision%20see%20far.png\" alt=\"HIKVISION Logo\" \/><\/div>\n<p> <!-- T\u00edtulo --> <\/p>\n<div style=\"text-align: center; margin: 30px 0;\">\n<h1 style=\"font-size: 28px; color: inherit; opacity: 0.8; margin: 0; font-family: sans-serif;\"><span style=\"font-family: verdana&comma; geneva&comma; sans-serif;\">Especif&iacute;caciones<\/span><\/h1>\n<\/p><\/div>\n<p> <!-- Caracter\u00edsticas Principales y F\u00edsicas --> <\/p>\n<div style=\"display: flex; flex-wrap: wrap; gap: 30px; margin-bottom: 30px;\"><!-- Caracter\u00edsticas Principales --> <\/p>\n<div style=\"flex: 1 1 300px; min-width: 280px;\">\n<div style=\"border: 1px solid rgba(150&comma; 150&comma; 150&comma; 0.4); border-radius: 8px; overflow: hidden;\">\n<div style=\"padding: 15px; background: #df001e; border-bottom: 1px solid #a80000; font-weight: bold; font-size: 16px; color: #ffffff;\">Caracter&iacute;sticas Principales<\/div>\n<div style=\"padding: 15px;\">\n<ul style=\"padding-left: 20px; margin: 0; font-size: 14px; list-style-type: disc; color: inherit;\">\n<li style=\"margin-bottom: 8px;\">Resoluci&oacute;n m&aacute;xima: 2 Megapixel (1920 x 1080).<\/li>\n<li style=\"margin-bottom: 8px;\">Sensor CMOS 1\/2.8&rdquo; scan progresivo (High performance).<\/li>\n<li style=\"margin-bottom: 8px;\">Iluminaci&oacute;n m&iacute;nima: color 0.005 Lux @ (F1.6&comma; AGC ON).<\/li>\n<li style=\"margin-bottom: 8px;\">D&iacute;a \/ Noche Real (filtro ICR).<\/li>\n<li style=\"margin-bottom: 8px;\">Distancia focal: 5 a 75mm (15X zoom &oacute;ptico \/ 16X zoom digital).<\/li>\n<li style=\"margin-bottom: 8px;\">Distancia de infrarrojo: 100 mts Smart IR.<\/li>\n<li style=\"margin-bottom: 8px;\">Funciones normales: WDR 120 dB \/ HLC \/ BLC \/ 3D DNR \/ Defog \/ EIS.<\/li>\n<li style=\"margin-bottom: 8px;\">Funciones avanzadas: Detecci&oacute;n de rostro \/ Detecci&oacute;n de intrusi&oacute;n \/ Cruce de l&iacute;nea \/ Entrada y Salida de regi&oacute;n \/ Objeto olvidado \/ Objeto removido.<\/li>\n<li style=\"margin-bottom: 8px;\">Compresi&oacute;n: H.265+ \/ H.265 \/ H.264+ \/ H.264.<\/li>\n<li style=\"margin-bottom: 8px;\">Compatible con la plataforma de Hik-Connect (<a style=\"color: inherit; text-decoration: underline;\" href=\"https:\/\/appstore.hikvision.com\/\" target=\"_blank\" rel=\"noopener\">https:\/\/appstore.hikvision.com\/<\/a>).<\/li>\n<\/ul><\/div>\n<\/p><\/div>\n<\/p><\/div>\n<p> <!-- Caracter\u00edsticas F\u00edsicas y El\u00e9ctricas --> <\/p>\n<div style=\"flex: 1 1 300px; min-width: 280px;\">\n<div style=\"border: 1px solid rgba(150&comma; 150&comma; 150&comma; 0.4); border-radius: 8px; overflow: hidden;\">\n<div style=\"padding: 15px; background: #df001e; border-bottom: 1px solid #a80000; font-weight: bold; font-size: 16px; color: #ffffff;\">Caracter&iacute;sticas F&iacute;sicas y El&eacute;ctricas<\/div>\n<div style=\"padding: 15px;\">\n<ul style=\"padding-left: 20px; margin: 0; font-size: 14px; list-style-type: disc; color: inherit;\">\n<li style=\"margin-bottom: 8px;\">Alimentaci&oacute;n: 12 Vcc \/ PoE 802.3 at \/ 18 W.<\/li>\n<li style=\"margin-bottom: 8px;\">Temperatura de operaci&oacute;n: -30&deg;C a 65&deg;C \/ Humedad al 90% m&aacute;ximo.<\/li>\n<li style=\"margin-bottom: 8px;\">Uso en exterior IP66.<\/li>\n<li style=\"margin-bottom: 8px;\">El PTZ incluye brazo de pared (<a style=\"color: inherit; text-decoration: underline;\" href=\"https:\/\/www.syscom.mx\/products\/69383\" target=\"_blank\" rel=\"noopener\">DS-1618ZJ<\/a>).<\/li>\n<li style=\"margin-bottom: 8px;\">Protecci&oacute;n contra sobretensiones y protecci&oacute;n contra voltajes transistorios.<\/li>\n<li style=\"margin-bottom: 8px;\">Dimensiones: 164.5 x 290 mm.<\/li>\n<li style=\"margin-bottom: 8px;\">Peso: 2 Kgs.<\/li>\n<li style=\"margin-bottom: 8px;\">Se recomienda usar el modelo <a style=\"color: inherit; text-decoration: underline;\" href=\"https:\/\/www.syscom.mx\/products\/195458\" target=\"_blank\" rel=\"noopener\">TL-POE160S<\/a> en caso de que requieran alimentar el domo por medio de PoE.<\/li>\n<li style=\"margin-bottom: 8px;\"><strong>No incluye fuente de alimentaci&oacute;n&comma; se recomienda usar <\/strong><a style=\"color: inherit; text-decoration: underline;\" href=\"https:\/\/www.syscom.mx\/products\/144801\" target=\"_blank\" rel=\"noopener\">P12DC3A<\/a><\/li>\n<li style=\"margin-top: 15px;\"><span style=\"font-weight: bold; font-size: 14px;\"> Consulte la ficha t&eacute;cnica para validar los accesorios compatibles&comma; de clic <a style=\"color: inherit; text-decoration: underline;\" href=\"https:\/\/ftp3.syscom.mx\/usuarios\/emendoza\/elesbanmch\/HIKVISON\/SPECS\/Especificaciones%20tecnicas%20DS-2DE4215IW-DET5.pdf\" target=\"_blank\" rel=\"noopener\">Aqu&iacute;<\/a> <\/span><\/li>\n<\/ul><\/div>\n<\/p><\/div>\n<\/p><\/div>\n<\/p><\/div>\n<p> <!-- Interfaces y Caracter\u00edsticas Generales --> <\/p>\n<div style=\"display: flex; flex-wrap: wrap; gap: 30px; margin-bottom: 30px;\"><!-- Interfaces Entradas y Salidas --> <\/p>\n<div style=\"flex: 1 1 300px; min-width: 280px;\">\n<div style=\"border: 1px solid rgba(150&comma; 150&comma; 150&comma; 0.4); border-radius: 8px; overflow: hidden;\">\n<div style=\"padding: 15px; background: #df001e; border-bottom: 1px solid #a80000; font-weight: bold; font-size: 16px; color: #ffffff;\">Interfaces Entradas y Salidas<\/div>\n<div style=\"padding: 15px;\">\n<ul style=\"padding-left: 20px; margin: 0; font-size: 14px; list-style-type: disc; color: inherit;\">\n<li style=\"margin-bottom: 8px;\">Entradas de alarma: 1.<\/li>\n<li style=\"margin-bottom: 8px;\">Salidas de alarma: 1.<\/li>\n<li style=\"margin-bottom: 8px;\">Entradas de audio: 1.<\/li>\n<li style=\"margin-bottom: 8px;\">Salidas de audio: 1.<\/li>\n<li style=\"margin-bottom: 8px;\">Puerto de red: 1 (10 \/ 100 Mbps ).<\/li>\n<li style=\"margin-bottom: 8px;\">Almacenamiento micro SD de hasta 256 GB \/ ANR (Automatic Network Recovery).<\/li>\n<\/ul><\/div>\n<\/p><\/div>\n<\/p><\/div>\n<p> <!-- Caracter\u00edsticas Generales --> <\/p>\n<div style=\"flex: 1 1 300px; min-width: 280px;\">\n<div style=\"border: 1px solid rgba(150&comma; 150&comma; 150&comma; 0.4); border-radius: 8px; overflow: hidden;\">\n<div style=\"padding: 15px; background: #df001e; border-bottom: 1px solid #a80000; font-weight: bold; font-size: 16px; color: #ffffff;\">Caracter&iacute;sticas Generales<\/div>\n<div style=\"padding: 15px;\">\n<ul style=\"padding-left: 20px; margin: 0; font-size: 14px; list-style-type: disc; color: inherit;\">\n<li style=\"margin-bottom: 8px;\">Paneo: 360&deg;.<\/li>\n<li style=\"margin-bottom: 8px;\">Tilt: -15&deg; a 90&ordm; (auto flip).<\/li>\n<li style=\"margin-bottom: 8px;\">Preset \/ Patrol \/ Pattern: 300 \/ 8 \/ 4.<\/li>\n<li style=\"margin-bottom: 8px;\">Funci&oacute;n de PARK ACTION.<\/li>\n<li style=\"margin-bottom: 8px;\">Soporta tareas calendarizadas.<\/li>\n<\/ul><\/div>\n<\/p><\/div>\n<\/p><\/div>\n<\/p><\/div>\n<p> <!-- Caracter\u00edsticas Destacadas --> <\/p>\n<div style=\"margin-bottom: 30px;\">\n<div style=\"border: 1px solid rgba(150&comma; 150&comma; 150&comma; 0.4); border-radius: 8px; overflow: hidden;\">\n<div style=\"padding: 15px; background: #df001e; border-bottom: 1px solid #a80000; font-weight: bold; font-size: 16px; color: #ffffff;\">Caracter&iacute;sticas Destacadas<\/div>\n<div style=\"padding: 15px;\">\n<div style=\"margin-bottom: 20px;\">\n<p style=\"margin: 0 0 8px 0; font-weight: bold; font-size: 15px; color: inherit;\">Tecnolog&iacute;a DarkFighter y Bajo Rendimiento de Luz:<\/p>\n<ul style=\"padding-left: 20px; margin: 0 0 15px 20px; font-size: 14px; color: inherit;\">\n<li style=\"margin-bottom: 5px;\">Ofrece una excelente calidad de imagen en condiciones de poca luz&comma; con una iluminaci&oacute;n m&iacute;nima de color 0.005 Lux.<\/li>\n<\/ul><\/div>\n<div style=\"margin-bottom: 20px;\">\n<p style=\"margin: 0 0 8px 0; font-weight: bold; font-size: 15px; color: inherit;\">Acusense con Clasificaci&oacute;n de Objetos mediante Deep Learning:<\/p>\n<ul style=\"padding-left: 20px; margin: 0 0 15px 20px; font-size: 14px; color: inherit;\">\n<li style=\"margin-bottom: 5px;\">Utiliza algoritmos de aprendizaje profundo para clasificar personas y veh&iacute;culos&comma; reduciendo falsas alarmas y mejorando la eficacia en la detecci&oacute;n.<\/li>\n<\/ul><\/div>\n<div style=\"margin-bottom: 0;\">\n<p style=\"margin: 0 0 8px 0; font-weight: bold; font-size: 15px; color: inherit;\">Detecci&oacute;n Inteligente y Funciones Especializadas<\/p>\n<ul style=\"padding-left: 20px; margin: 0; font-size: 14px; color: inherit;\">\n<li style=\"margin-bottom: 5px;\">Detecci&oacute;n y captura facial: puede detectar hasta 5 rostros simult&aacute;neamente y seleccionar la mejor imagen.<\/li>\n<li style=\"margin-bottom: 5px;\">Eventos inteligentes: cruce de l&iacute;nea&comma; intrusi&oacute;n&comma; entrada\/salida de zona&comma; objeto abandonado\/removido.<\/li>\n<\/ul><\/div>\n<\/p><\/div>\n<\/p><\/div>\n<\/p><\/div>\n<p> <!-- Banner final --> <\/p>\n<div style=\"margin: 30px 0;\"><img decoding=\"async\" style=\"width: 100%; height: auto; border: 1px solid rgba(150&comma;150&comma;150&comma;0.3); border-radius: 8px;\" src=\"https:\/\/ftp3.syscom.mx\/usuarios\/jsosa\/HIKVISION\/imagenes\/banners\/solution%20complete.png\" alt=\"Banner Final\" \/><\/div>\n<\/p><\/div>\n","protected":false},"excerpt":{"rendered":"<p>PTZ IP 2 Megapixel \/ 15X Zoom \/ 100 mts IR \/ IP66 \/ ACUSENSE \/ DARKFIGHTER \/ WDR 120 dB \/ Entrada y Salida de Audio y Alarmas \/ HLC \/ EIS \/ PoE+ \/ MicroSD<\/p>\n","protected":false},"featured_media":107074,"comment_status":"open","ping_status":"closed","template":"","meta":[],"product_brand":[],"product_cat":[1224],"product_tag":[122,54,1225],"class_list":{"0":"post-107075","1":"product","2":"type-product","3":"status-publish","4":"has-post-thumbnail","6":"product_cat-ptz","7":"product_tag-camaras-ip-y-nvrs","8":"product_tag-hikvision","9":"product_tag-ptz","11":"first","12":"instock","13":"sale","14":"shipping-taxable","15":"purchasable","16":"product-type-simple"},"_links":{"self":[{"href":"https:\/\/soydeaqui.ddns.net\/pachuca\/index.php\/wp-json\/wp\/v2\/product\/107075","targetHints":{"allow":["GET"]}}],"collection":[{"href":"https:\/\/soydeaqui.ddns.net\/pachuca\/index.php\/wp-json\/wp\/v2\/product"}],"about":[{"href":"https:\/\/soydeaqui.ddns.net\/pachuca\/index.php\/wp-json\/wp\/v2\/types\/product"}],"replies":[{"embeddable":true,"href":"https:\/\/soydeaqui.ddns.net\/pachuca\/index.php\/wp-json\/wp\/v2\/comments?post=107075"}],"wp:featuredmedia":[{"embeddable":true,"href":"https:\/\/soydeaqui.ddns.net\/pachuca\/index.php\/wp-json\/wp\/v2\/media\/107074"}],"wp:attachment":[{"href":"https:\/\/soydeaqui.ddns.net\/pachuca\/index.php\/wp-json\/wp\/v2\/media?parent=107075"}],"wp:term":[{"taxonomy":"product_brand","embeddable":true,"href":"https:\/\/soydeaqui.ddns.net\/pachuca\/index.php\/wp-json\/wp\/v2\/product_brand?post=107075"},{"taxonomy":"product_cat","embeddable":true,"href":"https:\/\/soydeaqui.ddns.net\/pachuca\/index.php\/wp-json\/wp\/v2\/product_cat?post=107075"},{"taxonomy":"product_tag","embeddable":true,"href":"https:\/\/soydeaqui.ddns.net\/pachuca\/index.php\/wp-json\/wp\/v2\/product_tag?post=107075"}],"curies":[{"name":"wp","href":"https:\/\/api.w.org\/{rel}","templated":true}]}}