{"id":107056,"date":"2026-03-20T16:48:43","date_gmt":"2026-03-20T16:48:43","guid":{"rendered":"https:\/\/soydeaqui.ddns.net\/pachuca\/index.php\/producto\/ptz-ip-4-megapixel-25x-zoom-150-mts-ir-darkfighter-acusense-evita-falsas-alarmas-exterior-ip66-wdr-120-db-poe-alarmas-y-audio-i-o-micro-sd-metal-24-vca-3\/"},"modified":"2026-03-20T16:48:45","modified_gmt":"2026-03-20T16:48:45","slug":"ptz-ip-4-megapixel-25x-zoom-150-mts-ir-darkfighter-acusense-evita-falsas-alarmas-exterior-ip66-wdr-120-db-poe-alarmas-y-audio-i-o-micro-sd-metal-24-vca-3","status":"publish","type":"product","link":"https:\/\/soydeaqui.ddns.net\/pachuca\/index.php\/producto\/ptz-ip-4-megapixel-25x-zoom-150-mts-ir-darkfighter-acusense-evita-falsas-alarmas-exterior-ip66-wdr-120-db-poe-alarmas-y-audio-i-o-micro-sd-metal-24-vca-3\/","title":{"rendered":"PTZ IP 4 Megapixel \/ 25X Zoom \/ 150 mts IR \/ DARKFIGHTER \/ ACUSENSE (Evita Falsas Alarmas) \/ Exterior IP66 \/ WDR 120 dB \/ PoE+ \/ Alarmas y Audio I\/O \/ Micro SD \/ Metal \/ 24 VCA"},"content":{"rendered":"<div style='width: 100%; max-width: 1200px; margin: 0 auto; font-family: sans-serif; line-height: 1.6; color: inherit; background-color: transparent;'> <!-- Banner inicial --> <\/p>\n<p style='text-align: center; margin: 0;'> <span style='display: flex; justify-content: center;'> <img style='width: 45%; height: auto; border: 1px solid rgba(150&comma;150&comma;150&comma;0.3); border-radius: 8px;' src='https:\/\/ftp3.syscom.mx\/usuarios\/jsosa\/HIKVISION\/imagenes\/logo\/hikvision%20see%20far.png' alt='Banner Inicial'> <\/span> <\/p>\n<p> <!-- Secci\u00f3n principal --> <\/p>\n<div style='display: flex; flex-wrap: wrap; gap: 30px; margin: 30px 0;'>\n<div style='flex: 1 1 300px; min-width: 280px;'>\n<h3 style='font-size: 22px; border-bottom: 2px solid currentColor; padding-bottom: 5px; margin-top: 0; color: inherit; opacity: 0.8;'>Caracter\u00edsticas Principales<\/h3>\n<ul style='padding-left: 20px; font-size: 15px; color: inherit;'>\n<li style='margin-bottom: 5px;'>Resoluci\u00f3n m\u00e1xima: 4 Megapixel (2560 \u00d7 1440)<\/li>\n<li style='margin-bottom: 5px;'>Funci\u00f3n D\u00eda\/Noche Real<\/li>\n<li style='margin-bottom: 5px;'>Distancia del IR: 150 mts con Smart IR<\/li>\n<li style='margin-bottom: 5px;'>Iluminaci\u00f3n m\u00ednima a color 0.005 Lux (F1.6&comma; AGC ON)<\/li>\n<li style='margin-bottom: 5px;'>Distancia focal de 4.8 a 120 mm (25X zoom \u00f3ptico \/ 16X digital)<\/li>\n<li style='margin-bottom: 5px;'>Funciones normales: HLC \/ ROI \/ WDR 120 dB \/ BLC \/ Intrusi\u00f3n de \u00e1rea \/ Cruce de l\u00ednea \/ Defog \/ EIS<\/li>\n<li style='margin-bottom: 5px;'>Compresi\u00f3n: H.265+ \/ H.265 \/ H.264+ \/ H.264<\/li>\n<li style='margin-bottom: 5px;'>Compatible con la plataforma de Hik-Connect (<a style='color: inherit; text-decoration: underline;' href='https:\/\/appstore.hikvision.com\/' target='_blank' rel='noopener'>https:\/\/appstore.hikvision.com\/<\/a>)<\/li>\n<\/ul><\/div>\n<div style='flex: 1 1 300px; min-width: 280px;'>\n<h3 style='font-size: 22px; border-bottom: 2px solid currentColor; padding-bottom: 5px; margin-top: 0; color: inherit; opacity: 0.8;'>Caracter\u00edsticas F\u00edsicas y El\u00e9ctricas<\/h3>\n<ul style='padding-left: 20px; font-size: 15px; color: inherit;'>\n<li style='margin-bottom: 5px;'>Alimentaci\u00f3n: 24 VCA (Fuente no incluida) \/ PoE+<\/li>\n<li style='margin-bottom: 5px;'>Temperatura de operaci\u00f3n: -30\u00b0C a 65\u00b0C \/ Humedad al 90% m\u00e1ximo<\/li>\n<li style='margin-bottom: 5px;'>Uso en exterior IP66<\/li>\n<li style='margin-bottom: 5px;'>El PTZ incluye brazo de pared (<a style='color: inherit; text-decoration: underline;' href='https:\/\/www.syscom.mx\/producto\/DS-1602ZJ-HIKVISION-77700.html' target='_blank' rel='noopener'>DS-1602ZJ<\/a>)<\/li>\n<li style='margin-bottom: 5px;'>Protecci\u00f3n contra sobretensiones y protecci\u00f3n contra voltajes transistorios<\/li>\n<li style='margin-bottom: 5px;'>Dimensiones: 210 x 344.7 mm<\/li>\n<li style='margin-bottom: 5px;'>Peso: 3.0 Kgs<\/li>\n<li style='margin-bottom: 5px;'>Se recomienda usar el modelo <a style='color: inherit; text-decoration: underline;' href='https:\/\/www.syscom.mx\/products\/195458' target='_blank' rel='noopener'>T-LPOE160S<\/a> en caso de que requieran alimentar el domo por medio de PoE<\/li>\n<li style='margin-bottom: 5px;'>No incluye fuente de alimentaci\u00f3n&comma; Se recomienda usar <a style='color: inherit; text-decoration: underline;' href='https:\/\/www.syscom.mx\/products\/229336' target='_blank' rel='noopener'>RT2470LS<\/a><\/li>\n<li style='margin-bottom: 5px;'>Consulte la ficha t\u00e9cnica para validar los accesorios compatibles&comma; de clic <a style='color: inherit; text-decoration: underline;' href='https:\/\/ftp3.syscom.mx\/usuarios\/emendoza\/elesbanmch\/HIKVISON\/SPECS\/Especificaciones%20DS-2DE5425IW-AET5.pdf' target='_blank' rel='noopener'>Aqu\u00ed<\/a><\/li>\n<\/ul><\/div>\n<\/p><\/div>\n<p> <!-- Secci\u00f3n adicional --> <\/p>\n<div style='display: flex; flex-wrap: wrap; gap: 30px; margin: 30px 0;'>\n<div style='flex: 1 1 300px; min-width: 280px;'>\n<h3 style='font-size: 22px; border-bottom: 2px solid currentColor; padding-bottom: 5px; margin-top: 0; color: inherit; opacity: 0.8;'>Interfaces Entradas y Salidas<\/h3>\n<ul style='padding-left: 20px; font-size: 15px; color: inherit;'>\n<li style='margin-bottom: 5px;'>Entradas de alarma: 2<\/li>\n<li style='margin-bottom: 5px;'>Salidas de alarma: 1<\/li>\n<li style='margin-bottom: 5px;'>Entradas de audio: 1<\/li>\n<li style='margin-bottom: 5px;'>Salidas de audio: 1<\/li>\n<li style='margin-bottom: 5px;'>Puerto de red: 1 (10 \/ 100 Mbps)<\/li>\n<li style='margin-bottom: 5px;'>Almacenamiento micro SD de hasta 256 GB \/ ANR (Automatic Network Recovery)<\/li>\n<li style='margin-bottom: 5px;'>Soporta ONVIF (Profile S&comma; Profile G&comma; Profile T) \/ ISUP<\/li>\n<\/ul><\/div>\n<div style='flex: 1 1 300px; min-width: 280px;'>\n<h3 style='font-size: 22px; border-bottom: 2px solid currentColor; padding-bottom: 5px; margin-top: 0; color: inherit; opacity: 0.8;'>Caracter\u00edsticas Generales<\/h3>\n<ul style='padding-left: 20px; font-size: 15px; color: inherit;'>\n<li style='margin-bottom: 5px;'>Paneo: 360\u00b0<\/li>\n<li style='margin-bottom: 5px;'>Tildeo: -15\u00b0 a 90\u00ba (auto flip)<\/li>\n<li style='margin-bottom: 5px;'>Preset \/ Patrol \/ Pattern: 300 \/ 8 \/ 4<\/li>\n<li style='margin-bottom: 5px;'>Reducci\u00f3n de falsas alarmas (ACUSENSE)<\/li>\n<li style='margin-bottom: 5px;'>Funci\u00f3n de PARK ACTION (o Acci\u00f3n de Estacionamiento)<\/li>\n<li style='margin-bottom: 5px;'>Soporta tareas calendarizadas<\/li>\n<li style='margin-bottom: 5px;'>Soporta hasta 20 usuarios simult\u00e1neos<\/li>\n<\/ul><\/div>\n<\/p><\/div>\n<p> <!-- Secci\u00f3n destacadas --> <\/p>\n<div style='margin: 30px 0;'>\n<h3 style='font-size: 22px; border-bottom: 2px solid currentColor; padding-bottom: 5px; margin-top: 0; color: inherit; opacity: 0.8;'>Caracter\u00edsticas Destacadas<\/h3>\n<div style='margin-top: 15px;'>\n<ul style='padding-left: 20px; font-size: 15px; color: inherit;'>\n<li style='margin-bottom: 10px;'><strong>Acusense con Clasificaci\u00f3n de Objetos mediante Deep Learning:<\/strong><br \/> \n<ul style='padding-left: 20px; margin-top: 5px;'>\n<li style='margin-bottom: 5px;'>Utiliza algoritmos de aprendizaje profundo para clasificar personas y veh\u00edculos&comma; reduciendo falsas alarmas y mejorando la eficacia en la detecci\u00f3n.<\/li>\n<\/ul>\n<\/li>\n<li style='margin-bottom: 10px;'><strong>Captura Facial:<\/strong><br \/> \n<ul style='padding-left: 20px; margin-top: 5px;'>\n<li style='margin-bottom: 5px;'>Podemos tener reconocimiento facial (base de datos) si usamos un NVR que soporte la funci\u00f3n de reconocimiento facial.<\/li>\n<\/ul>\n<\/li>\n<\/ul><\/div>\n<\/p><\/div>\n<p> <!-- Banner final --> <\/p>\n<div style='margin: 30px 0;'> <img style='width: 100%; height: auto; border: 1px solid rgba(150&comma;150&comma;150&comma;0.3); border-radius: 8px;' src='https:\/\/ftp3.syscom.mx\/usuarios\/jsosa\/HIKVISION\/imagenes\/banners\/solution%20complete.png' alt='Banner Final'> <\/div>\n<\/p><\/div>\n","protected":false},"excerpt":{"rendered":"<p>PTZ IP 4 Megapixel \/ 25X Zoom \/ 150 mts IR \/ DARKFIGHTER \/ ACUSENSE (Evita Falsas Alarmas) \/ Exterior IP66 \/ WDR 120 dB \/ PoE+ \/ Alarmas y Audio I\/O \/ Micro SD \/ Metal \/ 24 VCA<\/p>\n","protected":false},"featured_media":107055,"comment_status":"open","ping_status":"closed","template":"","meta":[],"product_brand":[],"product_cat":[1224],"product_tag":[122,54,1225],"class_list":{"0":"post-107056","1":"product","2":"type-product","3":"status-publish","4":"has-post-thumbnail","6":"product_cat-ptz","7":"product_tag-camaras-ip-y-nvrs","8":"product_tag-hikvision","9":"product_tag-ptz","11":"first","12":"outofstock","13":"sale","14":"shipping-taxable","15":"purchasable","16":"product-type-simple"},"_links":{"self":[{"href":"https:\/\/soydeaqui.ddns.net\/pachuca\/index.php\/wp-json\/wp\/v2\/product\/107056","targetHints":{"allow":["GET"]}}],"collection":[{"href":"https:\/\/soydeaqui.ddns.net\/pachuca\/index.php\/wp-json\/wp\/v2\/product"}],"about":[{"href":"https:\/\/soydeaqui.ddns.net\/pachuca\/index.php\/wp-json\/wp\/v2\/types\/product"}],"replies":[{"embeddable":true,"href":"https:\/\/soydeaqui.ddns.net\/pachuca\/index.php\/wp-json\/wp\/v2\/comments?post=107056"}],"wp:featuredmedia":[{"embeddable":true,"href":"https:\/\/soydeaqui.ddns.net\/pachuca\/index.php\/wp-json\/wp\/v2\/media\/107055"}],"wp:attachment":[{"href":"https:\/\/soydeaqui.ddns.net\/pachuca\/index.php\/wp-json\/wp\/v2\/media?parent=107056"}],"wp:term":[{"taxonomy":"product_brand","embeddable":true,"href":"https:\/\/soydeaqui.ddns.net\/pachuca\/index.php\/wp-json\/wp\/v2\/product_brand?post=107056"},{"taxonomy":"product_cat","embeddable":true,"href":"https:\/\/soydeaqui.ddns.net\/pachuca\/index.php\/wp-json\/wp\/v2\/product_cat?post=107056"},{"taxonomy":"product_tag","embeddable":true,"href":"https:\/\/soydeaqui.ddns.net\/pachuca\/index.php\/wp-json\/wp\/v2\/product_tag?post=107056"}],"curies":[{"name":"wp","href":"https:\/\/api.w.org\/{rel}","templated":true}]}}