{"id":107054,"date":"2026-03-20T16:48:37","date_gmt":"2026-03-20T16:48:37","guid":{"rendered":"https:\/\/soydeaqui.ddns.net\/pachuca\/index.php\/producto\/bala-ip-4-megapixel-antiexplosion-lente-6-mm-h-265-30-mts-ir-wdr-120-db-poe-ip68-entrada-salida-audio-y-alarma\/"},"modified":"2026-03-20T16:48:40","modified_gmt":"2026-03-20T16:48:40","slug":"bala-ip-4-megapixel-antiexplosion-lente-6-mm-h-265-30-mts-ir-wdr-120-db-poe-ip68-entrada-salida-audio-y-alarma","status":"publish","type":"product","link":"https:\/\/soydeaqui.ddns.net\/pachuca\/index.php\/producto\/bala-ip-4-megapixel-antiexplosion-lente-6-mm-h-265-30-mts-ir-wdr-120-db-poe-ip68-entrada-salida-audio-y-alarma\/","title":{"rendered":"Bala IP 4 Megapixel \/ Antiexplosi\u00f3n \/ Lente 6 mm \/  H.265+ \/ 30 mts IR \/ WDR 120 dB \/ PoE \/ IP68 \/ Entrada-Salida audio y alarma"},"content":{"rendered":"<div style='width: 100%; max-width: 1200px; margin: 0 auto; font-family: sans-serif; line-height: 1.6; color: inherit; background-color: transparent;'> <!-- Imagen logo --> <\/p>\n<div style='display: flex; justify-content: center; margin-bottom: 30px;'> <img style='width: 45%; height: auto; border: 1px solid rgba(150&comma;150&comma;150&comma;0.3); border-radius: 8px;' src='https:\/\/ftp3.syscom.mx\/usuarios\/jsosa\/HIKVISION\/imagenes\/logo\/hikvision%20see%20far.png' alt='Logo Hikvision'> <\/div>\n<p> <!-- Primer video --> <\/p>\n<div style='margin-bottom: 30px;'>\n<h3 style='text-align: center; font-size: 22px; margin-top: 0; margin-bottom: 20px; color: inherit; opacity: 0.8;'>C\u00e1maras Anti-Explosi\u00f3n<\/h3>\n<div style='position: relative; padding-bottom: 56.25%; height: 0; overflow: hidden; margin-bottom: 30px;'>   <\/div>\n<\/p><\/div>\n<p> <!-- Segundo bloque de videos --> <\/p>\n<div style='display: flex; flex-wrap: wrap; gap: 30px; margin-bottom: 30px;'>\n<div style='flex: 1 1 400px; min-width: 280px;'>\n<h3 style='text-align: center; font-size: 22px; margin-top: 0; margin-bottom: 20px; color: inherit; opacity: 0.8;'>Video Vigilancia Inteligente<\/h3>\n<div style='position: relative; padding-bottom: 56.25%; height: 0; overflow: hidden; margin-bottom: 30px;'>   <\/div>\n<\/p><\/div>\n<div style='flex: 1 1 400px; min-width: 280px;'>\n<h3 style='text-align: center; font-size: 22px; margin-top: 0; margin-bottom: 20px; color: inherit; opacity: 0.8;'>Un Buen Mantenimiento<\/h3>\n<div style='position: relative; padding-bottom: 56.25%; height: 0; overflow: hidden; margin-bottom: 30px;'>   <\/div>\n<\/p><\/div>\n<\/p><\/div>\n<p> <!-- Secci\u00f3n de caracter\u00edsticas --> <\/p>\n<div style='display: flex; flex-wrap: wrap; gap: 30px; margin-bottom: 30px;'>\n<div style='flex: 1 1 300px; min-width: 280px;'>\n<div style='border-left: 5px solid #ff0000; border-radius: 8px; overflow: hidden; box-shadow: 0 2px 10px rgba(150&comma;150&comma;150&comma;0.2);'>\n<div style='padding: 15px; background-color: rgba(255&comma; 0&comma; 0&comma; 0.05); font-weight: bold; font-size: 18px; color: inherit;'>Caracter\u00edsticas principales:<\/div>\n<div style='padding: 15px; color: inherit;'>\n<ul style='padding-left: 20px; margin: 0; font-size: 14px; list-style-type: disc;'>\n<li style='margin-bottom: 5px;'><span style='color: inherit;'>Sensor de imagen: 1\/2.8&#8242; CMOS Scan Progresivo.<\/span><\/li>\n<li style='margin-bottom: 5px;'><span style='color: inherit;'>Iluminaci\u00f3n m\u00ednima: 0.005 Lux @ (F1.6&comma;AGC ON)&comma; 0 Lux con IR.<\/span><\/li>\n<li style='margin-bottom: 5px;'><span style='color: inherit;'>Velocidad de Shutter: 1s a 1\/100&comma;000s.<\/span><\/li>\n<li style='margin-bottom: 5px;'><span style='color: inherit;'>Lente 6 mm.<\/span><\/li>\n<li style='margin-bottom: 5px;'><span style='color: inherit;'>WDR&comma; 3D-DNR.<\/span><\/li>\n<li style='margin-bottom: 5px;'><span style='color: inherit;'><strong>Soporta H.265+ \/ H.265 \/ H.264+ \/ H.264.<\/strong><\/span><\/li>\n<li style='margin-bottom: 5px;'><span style='color: inherit;'>1 Puerto RJ45 (10 \/ 100 \/ 1000 Mbps).<\/span><\/li>\n<li style='margin-bottom: 5px;'><span style='color: inherit;'>1 entrada de alarma.<\/span><\/li>\n<li style='margin-bottom: 5px;'><span style='color: inherit;'>1 salida de alarma.<\/span><\/li>\n<\/ul><\/div>\n<\/p><\/div>\n<\/p><\/div>\n<div style='flex: 1 1 300px; min-width: 280px;'>\n<div style='border-left: 5px solid #ff0000; border-radius: 8px; overflow: hidden; box-shadow: 0 2px 10px rgba(150&comma;150&comma;150&comma;0.2);'>\n<div style='padding: 15px; background-color: rgba(255&comma; 0&comma; 0&comma; 0.05); font-weight: bold; font-size: 18px; color: inherit;'>Caracter\u00edsticas F\u00edsicas y El\u00e9ctricas:<\/div>\n<div style='padding: 15px; color: inherit;'>\n<ul style='padding-left: 20px; margin: 0; font-size: 14px; list-style-type: disc;'>\n<li style='margin-bottom: 5px;'><span style='color: inherit;'>Temperatura de operaci\u00f3n: -30\u00b0C a 60\u00b0C&comma; Humedad 95%.<\/span><\/li>\n<li style='margin-bottom: 5px;'><span style='color: inherit;'><strong>Alimentaci\u00f3n: 24 Vcc (protecci\u00f3n inversa) \/ PoE (802.3at).<\/strong><\/span><\/li>\n<li style='margin-bottom: 5px;'><span style='color: inherit;'>Consumo m\u00e1ximo: 7.5 W.<\/span><\/li>\n<li style='margin-bottom: 5px;'><span style='color: inherit;'>Distancia de IR: 30 metros<\/span><\/li>\n<li style='margin-bottom: 5px;'><span style='color: inherit;'>Protecci\u00f3n IP68.<\/span><\/li>\n<li style='margin-bottom: 5px;'><span style='color: inherit;'>Gabinete anti &#8211; explosi\u00f3n.<\/span><\/li>\n<li style='margin-bottom: 5px;'><span style='color: inherit;'>Dimensiones: 173.5 mm \u00d7 137.8 mm \u00d7 137.8 mm<\/span><\/li>\n<li style='margin-bottom: 5px;'><span style='color: inherit;'>Peso: 2.84 kg.<\/span><\/li>\n<\/ul><\/div>\n<\/p><\/div>\n<\/p><\/div>\n<div style='flex: 1 1 300px; min-width: 280px;'>\n<div style='border-left: 5px solid #ff0000; border-radius: 8px; overflow: hidden; box-shadow: 0 2px 10px rgba(150&comma;150&comma;150&comma;0.2);'>\n<div style='padding: 15px; background-color: rgba(255&comma; 0&comma; 0&comma; 0.05); font-weight: bold; font-size: 18px; color: inherit;'>Caracter\u00edsticas Destacadas:<\/div>\n<div style='padding: 15px; color: inherit;'>\n<p style='margin-top: 0;'><span style='color: inherit;'>Certificaciones:<\/span><\/p>\n<ul style='padding-left: 20px; margin: 0; font-size: 14px; list-style-type: circle;'>\n<li style='margin-bottom: 5px;'><span style='color: inherit;'>IK08&comma; IP68<\/span><\/li>\n<li style='margin-bottom: 5px;'><span style='color: inherit;'>ATEX: II 2 G D Ex db IIC T6 Gb \/Ex tb IIC T80\u00baC Db<\/span><\/li>\n<li style='margin-bottom: 5px;'><span style='color: inherit;'>IECEx: Ex db IIC T6 Gb \/Ex tb IIIC T80\u00baC Db IP68<\/span><\/li>\n<\/ul>\n<p style='margin-top: 15px; margin-bottom: 5px;'><span style='color: inherit;'>Soporta los siguientes video anal\u00edticos<\/span><\/p>\n<ul style='padding-left: 20px; margin: 0; font-size: 14px; list-style-type: circle;'>\n<li style='margin-bottom: 5px;'><span style='color: inherit;'>Cruce de l\u00edneas<\/span><\/li>\n<li style='margin-bottom: 5px;'><span style='color: inherit;'>Intrusi\u00f3n de \u00e1rea.<\/span><\/li>\n<li style='margin-bottom: 5px;'><span style='color: inherit;'>Detecci\u00f3n de movimiento<\/span><\/li>\n<\/ul><\/div>\n<\/p><\/div>\n<\/p><\/div>\n<\/p><\/div>\n<p> <!-- Funciones especiales --> <\/p>\n<div style='margin-bottom: 30px;'>\n<div style='border-left: 5px solid #ff0000; border-radius: 8px; overflow: hidden; box-shadow: 0 2px 10px rgba(150&comma;150&comma;150&comma;0.2);'>\n<div style='padding: 15px; background-color: rgba(255&comma; 0&comma; 0&comma; 0.05); font-weight: bold; font-size: 18px; color: inherit;'>Funciones especiales:<\/div>\n<div style='padding: 15px; color: inherit;'>\n<ul style='padding-left: 20px; margin: 0; font-size: 14px; list-style-type: disc;'>\n<li style='margin-bottom: 5px;'><span style='color: inherit;'>Dise\u00f1o a prueba de explosiones: la c\u00e1mara ha superado las certificaciones internacionales ATEX e IECEx&comma; y puede utilizarse en escenarios con riesgo de gas y polvo.<\/span><\/li>\n<\/ul><\/div>\n<\/p><\/div>\n<\/p><\/div>\n<p> <!-- Imagen final --> <\/p>\n<div style='margin-top: 30px;'> <img style='width: 100%; height: auto; border: 1px solid rgba(150&comma;150&comma;150&comma;0.3); border-radius: 8px;' src='https:\/\/ftp3.syscom.mx\/usuarios\/jsosa\/HIKVISION\/imagenes\/banners\/solution%20complete.png' alt='Soluci\u00f3n completa'> <\/div>\n<p> <!-- Separador final --> <\/p>\n<hr style='border: 0; border-top: 1px solid rgba(150&comma; 150&comma; 150&comma; 0.3); margin: 30px 0;'> <\/div>\n","protected":false},"excerpt":{"rendered":"<p>Bala IP 4 Megapixel \/ Antiexplosi\u00f3n \/ Lente 6 mm \/  H.265+ \/ 30 mts IR \/ WDR 120 dB \/ PoE \/ IP68 \/ Entrada-Salida audio y alarma<\/p>\n","protected":false},"featured_media":107053,"comment_status":"open","ping_status":"closed","template":"","meta":[],"product_brand":[],"product_cat":[2258],"product_tag":[2259,122,54],"class_list":{"0":"post-107054","1":"product","2":"type-product","3":"status-publish","4":"has-post-thumbnail","6":"product_cat-antiexplosion","7":"product_tag-antiexplosion","8":"product_tag-camaras-ip-y-nvrs","9":"product_tag-hikvision","11":"first","12":"outofstock","13":"sale","14":"shipping-taxable","15":"purchasable","16":"product-type-simple"},"_links":{"self":[{"href":"https:\/\/soydeaqui.ddns.net\/pachuca\/index.php\/wp-json\/wp\/v2\/product\/107054","targetHints":{"allow":["GET"]}}],"collection":[{"href":"https:\/\/soydeaqui.ddns.net\/pachuca\/index.php\/wp-json\/wp\/v2\/product"}],"about":[{"href":"https:\/\/soydeaqui.ddns.net\/pachuca\/index.php\/wp-json\/wp\/v2\/types\/product"}],"replies":[{"embeddable":true,"href":"https:\/\/soydeaqui.ddns.net\/pachuca\/index.php\/wp-json\/wp\/v2\/comments?post=107054"}],"wp:featuredmedia":[{"embeddable":true,"href":"https:\/\/soydeaqui.ddns.net\/pachuca\/index.php\/wp-json\/wp\/v2\/media\/107053"}],"wp:attachment":[{"href":"https:\/\/soydeaqui.ddns.net\/pachuca\/index.php\/wp-json\/wp\/v2\/media?parent=107054"}],"wp:term":[{"taxonomy":"product_brand","embeddable":true,"href":"https:\/\/soydeaqui.ddns.net\/pachuca\/index.php\/wp-json\/wp\/v2\/product_brand?post=107054"},{"taxonomy":"product_cat","embeddable":true,"href":"https:\/\/soydeaqui.ddns.net\/pachuca\/index.php\/wp-json\/wp\/v2\/product_cat?post=107054"},{"taxonomy":"product_tag","embeddable":true,"href":"https:\/\/soydeaqui.ddns.net\/pachuca\/index.php\/wp-json\/wp\/v2\/product_tag?post=107054"}],"curies":[{"name":"wp","href":"https:\/\/api.w.org\/{rel}","templated":true}]}}