{"id":107042,"date":"2026-03-20T16:47:53","date_gmt":"2026-03-20T16:47:53","guid":{"rendered":"https:\/\/soydeaqui.ddns.net\/pachuca\/index.php\/producto\/intercomunicador-ip-sip-apertura-por-codigo-antivandalico-ik10-2-relevadores-ip66-poe\/"},"modified":"2026-03-20T16:47:57","modified_gmt":"2026-03-20T16:47:57","slug":"intercomunicador-ip-sip-apertura-por-codigo-antivandalico-ik10-2-relevadores-ip66-poe","status":"publish","type":"product","link":"https:\/\/soydeaqui.ddns.net\/pachuca\/index.php\/producto\/intercomunicador-ip-sip-apertura-por-codigo-antivandalico-ik10-2-relevadores-ip66-poe\/","title":{"rendered":"Intercomunicador IP (SIP), apertura por c\u00f3digo, Antivand\u00e1lico IK10, 2 relevadores, IP66, PoE"},"content":{"rendered":"<div style='width: 100%; max-width: 1200px; margin: 0 auto; font-family: sans-serif; line-height: 1.6; color: inherit; background-color: transparent;'> <!-- Descripci\u00f3n principal --> <\/p>\n<div style='margin-bottom: 30px;'>\n<p style='font-size: 15px; color: inherit; margin-bottom: 15px;'>El GDS3702 es un sistema de intercomunicaci\u00f3n IP de audio HD para ofrecer control de acceso a instalaciones remotas para edificios de todos los tama\u00f1os.<\/p>\n<p style='font-size: 15px; color: inherit; margin-bottom: 15px;'>El dispositivo incluye un micr\u00f3fono y un altavoz incorporados para admitir la funcionalidad de intercomunicaci\u00f3n y ofrece soporte de entrada y salida de alarma para la integraci\u00f3n con los sistemas de seguridad existentes. El GDS3702 funciona con la gesti\u00f3n gratuita de Grandstream interfaz&comma; Administrador GDS. Cuenta con tecnolog\u00eda SIP\/VoIP con audio HD bidireccional&comma; carcasa resistente a la intemperie de nivel IP66 y resistente al vandalismo. La combinaci\u00f3n del GDS3702&comma; los tel\u00e9fonos IP GXP21xx de Grandstream&comma; los videotel\u00e9fonos GXV&comma; GS-Wave aplicaci\u00f3n m\u00f3vil y otros dispositivos IP de terceros para proporcionar una soluci\u00f3n completa de extremo a extremo para control de acceso e intercomunicaci\u00f3n necesidades.<\/p>\n<\/p><\/div>\n<p> <!-- Caracter\u00edsticas principales --> <\/p>\n<div style='margin-bottom: 30px;'>\n<h3 style='font-size: 22px; border-bottom: 2px solid currentColor; padding-bottom: 5px; margin-top: 0; color: inherit; opacity: 0.8;'>Caracter\u00edsticas principales<\/h3>\n<ul style='padding-left: 20px; font-size: 15px; color: inherit;'>\n<li style='margin-bottom: 5px;'>Opciones de audio HD con hasta 1&comma;5 m de audio entrada y 3m de audio<\/li>\n<li style='margin-bottom: 5px;'>Admite llamadas SIP a tel\u00e9fonos IP para facilitar la comunicaci\u00f3n<\/li>\n<li style='margin-bottom: 5px;'>Construido con una carcasa de metal para que sea resistente a la intemperie y al vandalismo<\/li>\n<li style='margin-bottom: 5px;'>2 rel\u00e9s para cerradura el\u00e9ctrica y salida de alarma&comma; 2 entradas de alarma para bot\u00f3n de salida y sensor de puerta<\/li>\n<li style='margin-bottom: 5px;'>PoE integrado para alimentar el dispositivo y proporcionar una conexi\u00f3n de red<\/li>\n<li style='margin-bottom: 5px;'>El micr\u00f3fono y el altavoz incorporados ofrecen opciones de voz y funcionalidad de intercomunicador<\/li>\n<\/ul><\/div>\n<p> <!-- Especificaciones t\u00e9cnicas --> <\/p>\n<div style='margin-bottom: 30px;'>\n<h3 style='font-size: 22px; border-bottom: 2px solid currentColor; padding-bottom: 5px; margin-top: 0; color: inherit; opacity: 0.8;'>Especificaciones t\u00e9cnicas<\/h3>\n<div style='display: flex; flex-wrap: wrap; gap: 20px;'>\n<div style='flex: 1 1 250px; border: 1px solid rgba(150&comma; 150&comma; 150&comma; 0.4); border-radius: 8px; overflow: hidden; display: flex; flex-direction: column;'>\n<div style='padding: 15px; border-bottom: 1px solid rgba(150&comma; 150&comma; 150&comma; 0.2); font-weight: bold; font-size: 18px; color: inherit;'>Interfaces de Red\/PoE<\/div>\n<div style='padding: 15px; color: inherit;'>\n<ul style='padding-left: 20px; margin: 0; font-size: 14px; list-style-type: disc;'>\n<li style='margin-bottom: 5px;'>1 puerto Ethernet RJ45 de 10\/100 Mbps con detecci\u00f3n autom\u00e1tica \/ PoE IEEE 802.3af Class3<\/li>\n<\/ul><\/div>\n<\/p><\/div>\n<div style='flex: 1 1 250px; border: 1px solid rgba(150&comma; 150&comma; 150&comma; 0.4); border-radius: 8px; overflow: hidden; display: flex; flex-direction: column;'>\n<div style='padding: 15px; border-bottom: 1px solid rgba(150&comma; 150&comma; 150&comma; 0.2); font-weight: bold; font-size: 18px; color: inherit;'>Entrada<\/div>\n<div style='padding: 15px; color: inherit;'>\n<ul style='padding-left: 20px; margin: 0; font-size: 14px; list-style-type: disc;'>\n<li style='margin-bottom: 5px;'>2 Entrada de optoacoplador&comma; Vin<15V&comma; para sensor de puerta u otro dispositivo de bajo voltaje<\/li>\n<\/ul><\/div>\n<\/p><\/div>\n<div style='flex: 1 1 250px; border: 1px solid rgba(150&comma; 150&comma; 150&comma; 0.4); border-radius: 8px; overflow: hidden; display: flex; flex-direction: column;'>\n<div style='padding: 15px; border-bottom: 1px solid rgba(150&comma; 150&comma; 150&comma; 0.2); font-weight: bold; font-size: 18px; color: inherit;'>Salida<\/div>\n<div style='padding: 15px; color: inherit;'>\n<ul style='padding-left: 20px; margin: 0; font-size: 14px; list-style-type: disc;'>\n<li style='margin-bottom: 5px;'>2 rel\u00e9s&comma; 125 V CA\/0&comma;5 A o 30 V CC\/2 A&comma; normalmente abierto o normalmente cerrado&comma; para cerradura el\u00e9ctrica&comma; interruptor de luz u otro dispositivo de alto voltaje relativo<\/li>\n<\/ul><\/div>\n<\/p><\/div>\n<div style='flex: 1 1 250px; border: 1px solid rgba(150&comma; 150&comma; 150&comma; 0.4); border-radius: 8px; overflow: hidden; display: flex; flex-direction: column;'>\n<div style='padding: 15px; border-bottom: 1px solid rgba(150&comma; 150&comma; 150&comma; 0.2); font-weight: bold; font-size: 18px; color: inherit;'>Certificaciones<\/div>\n<div style='padding: 15px; color: inherit;'>\n<ul style='padding-left: 20px; margin: 0; font-size: 14px; list-style-type: disc;'>\n<li style='margin-bottom: 5px;'>IP66 e IK10<\/li>\n<\/ul><\/div>\n<\/p><\/div>\n<div style='flex: 1 1 250px; border: 1px solid rgba(150&comma; 150&comma; 150&comma; 0.4); border-radius: 8px; overflow: hidden; display: flex; flex-direction: column;'>\n<div style='padding: 15px; border-bottom: 1px solid rgba(150&comma; 150&comma; 150&comma; 0.2); font-weight: bold; font-size: 18px; color: inherit;'>Voltaje<\/div>\n<div style='padding: 15px; color: inherit;'>\n<ul style='padding-left: 20px; margin: 0; font-size: 14px; list-style-type: disc;'>\n<li style='margin-bottom: 5px;'>12VDC \/1A (AC adaptador no incluido)<\/li>\n<\/ul><\/div>\n<\/p><\/div>\n<div style='flex: 1 1 250px; border: 1px solid rgba(150&comma; 150&comma; 150&comma; 0.4); border-radius: 8px; overflow: hidden; display: flex; flex-direction: column;'>\n<div style='padding: 15px; border-bottom: 1px solid rgba(150&comma; 150&comma; 150&comma; 0.2); font-weight: bold; font-size: 18px; color: inherit;'>Entrada de audio<\/div>\n<div style='padding: 15px; color: inherit;'>\n<ul style='padding-left: 20px; margin: 0; font-size: 14px; list-style-type: disc;'>\n<li style='margin-bottom: 5px;'>Micr\u00f3fonos integrados de hasta 1&comma;5 m<\/li>\n<\/ul><\/div>\n<\/p><\/div>\n<div style='flex: 1 1 250px; border: 1px solid rgba(150&comma; 150&comma; 150&comma; 0.4); border-radius: 8px; overflow: hidden; display: flex; flex-direction: column;'>\n<div style='padding: 15px; border-bottom: 1px solid rgba(150&comma; 150&comma; 150&comma; 0.2); font-weight: bold; font-size: 18px; color: inherit;'>Salida de audio<\/div>\n<div style='padding: 15px; color: inherit;'>\n<ul style='padding-left: 20px; margin: 0; font-size: 14px; list-style-type: disc;'>\n<li style='margin-bottom: 5px;'>Altavoz HD 2W&comma; hasta 3m<\/li>\n<\/ul><\/div>\n<\/p><\/div>\n<div style='flex: 1 1 250px; border: 1px solid rgba(150&comma; 150&comma; 150&comma; 0.4); border-radius: 8px; overflow: hidden; display: flex; flex-direction: column;'>\n<div style='padding: 15px; border-bottom: 1px solid rgba(150&comma; 150&comma; 150&comma; 0.2); font-weight: bold; font-size: 18px; color: inherit;'>Contenido del Paquete<\/div>\n<div style='padding: 15px; color: inherit;'>\n<ul style='padding-left: 20px; margin: 0; font-size: 14px; list-style-type: disc;'>\n<li style='margin-bottom: 5px;'>Intercomunicador GDS3702&comma; accesorios para instalar.<\/li>\n<\/ul><\/div>\n<\/p><\/div>\n<\/p><\/div>\n<\/p><\/div>\n<p> <!-- Archivo PDF --> <\/p>\n<div style='margin-bottom: 30px;'>\n<h3 style='font-size: 22px; border-bottom: 2px solid currentColor; padding-bottom: 5px; margin-top: 0; color: inherit; opacity: 0.8;'>Documentaci\u00f3n<\/h3>\n<p style='font-size: 15px; color: inherit; margin-bottom: 15px;'>Descargue la documentaci\u00f3n t\u00e9cnica completa:<\/p>\n<p> <embed id='plugin' src='file:\/\/\/C%3A\/Users\/Jorge%20Moctezuma\/Desktop\/gds3710_use_cases.pdf' type='application\/x-google-chrome-pdf' style='width: 100%; max-width: 300px; height: 150px; border: 1px solid rgba(150&comma;150&comma;150&comma;0.3); border-radius: 8px;'> <\/div>\n<\/p><\/div>\n","protected":false},"excerpt":{"rendered":"<p>Intercomunicador IP (SIP), apertura por c\u00f3digo, Antivand\u00e1lico IK10, 2 relevadores, IP66, PoE<\/p>\n","protected":false},"featured_media":107041,"comment_status":"open","ping_status":"closed","template":"","meta":[],"product_brand":[],"product_cat":[907],"product_tag":[909,908,557],"class_list":{"0":"post-107042","1":"product","2":"type-product","3":"status-publish","4":"has-post-thumbnail","6":"product_cat-interfones","7":"product_tag-grandstream","8":"product_tag-interfones","9":"product_tag-videoporteros-e-interfonos","11":"first","12":"instock","13":"sale","14":"shipping-taxable","15":"purchasable","16":"product-type-simple"},"_links":{"self":[{"href":"https:\/\/soydeaqui.ddns.net\/pachuca\/index.php\/wp-json\/wp\/v2\/product\/107042","targetHints":{"allow":["GET"]}}],"collection":[{"href":"https:\/\/soydeaqui.ddns.net\/pachuca\/index.php\/wp-json\/wp\/v2\/product"}],"about":[{"href":"https:\/\/soydeaqui.ddns.net\/pachuca\/index.php\/wp-json\/wp\/v2\/types\/product"}],"replies":[{"embeddable":true,"href":"https:\/\/soydeaqui.ddns.net\/pachuca\/index.php\/wp-json\/wp\/v2\/comments?post=107042"}],"wp:featuredmedia":[{"embeddable":true,"href":"https:\/\/soydeaqui.ddns.net\/pachuca\/index.php\/wp-json\/wp\/v2\/media\/107041"}],"wp:attachment":[{"href":"https:\/\/soydeaqui.ddns.net\/pachuca\/index.php\/wp-json\/wp\/v2\/media?parent=107042"}],"wp:term":[{"taxonomy":"product_brand","embeddable":true,"href":"https:\/\/soydeaqui.ddns.net\/pachuca\/index.php\/wp-json\/wp\/v2\/product_brand?post=107042"},{"taxonomy":"product_cat","embeddable":true,"href":"https:\/\/soydeaqui.ddns.net\/pachuca\/index.php\/wp-json\/wp\/v2\/product_cat?post=107042"},{"taxonomy":"product_tag","embeddable":true,"href":"https:\/\/soydeaqui.ddns.net\/pachuca\/index.php\/wp-json\/wp\/v2\/product_tag?post=107042"}],"curies":[{"name":"wp","href":"https:\/\/api.w.org\/{rel}","templated":true}]}}