{"id":107025,"date":"2026-03-20T16:46:58","date_gmt":"2026-03-20T16:46:58","guid":{"rendered":"https:\/\/soydeaqui.ddns.net\/pachuca\/index.php\/producto\/bullet-ip-4-megapixel-imagen-a-color-24-7-lente-3-6-9-mm-luz-blanca-60-mts-wdr-130-db-exterior-ip67-captura-facial-videoanaliticos-filtro-de-falsas-alarmas-microsd-acusearch\/"},"modified":"2026-03-20T16:47:03","modified_gmt":"2026-03-20T16:47:03","slug":"bullet-ip-4-megapixel-imagen-a-color-24-7-lente-3-6-9-mm-luz-blanca-60-mts-wdr-130-db-exterior-ip67-captura-facial-videoanaliticos-filtro-de-falsas-alarmas-microsd-acusearch","status":"publish","type":"product","link":"https:\/\/soydeaqui.ddns.net\/pachuca\/index.php\/producto\/bullet-ip-4-megapixel-imagen-a-color-24-7-lente-3-6-9-mm-luz-blanca-60-mts-wdr-130-db-exterior-ip67-captura-facial-videoanaliticos-filtro-de-falsas-alarmas-microsd-acusearch\/","title":{"rendered":"Bullet IP 4 Megapixel \/ Imagen a Color 24\/7 \/ Lente 3.6 &#8211; 9 mm \/ Luz Blanca 60 mts \/ WDR 130 dB \/ Exterior IP67 \/ Captura Facial \/ Videoanaliticos (Filtro de Falsas Alarmas) \/ MicroSD \/ ACUSEARCH"},"content":{"rendered":"<div style='width: 100%; max-width: 1200px; margin: 0 auto; font-family: sans-serif; line-height: 1.6; color: inherit; background-color: transparent;'> <!-- Imagen principal --> <img style='width: 100%; height: auto; border: 1px solid rgba(150&comma;150&comma;150&comma;0.3); border-radius: 8px;' src='https:\/\/ftp3.syscom.mx\/usuarios\/xguereque\/Imagenes\/hikvision\/colorvu-2.jpg' alt=''> <!-- Galer\u00eda de im\u00e1genes --> <\/p>\n<div style='display: flex; flex-wrap: wrap; gap: 20px; margin: 30px 0;'>\n<div style='flex: 1 1 300px; min-width: 280px;'> <img style='width: 100%; height: auto; border: 1px solid rgba(150&comma;150&comma;150&comma;0.3); border-radius: 8px;' src='https:\/\/ftp3.syscom.mx\/usuarios\/jsosa\/HIKVISION\/imagenes\/colorvu\/1.png' alt=''> <\/div>\n<div style='flex: 1 1 300px; min-width: 280px;'> <img style='width: 100%; height: auto; border: 1px solid rgba(150&comma;150&comma;150&comma;0.3); border-radius: 8px;' src='https:\/\/ftp3.syscom.mx\/usuarios\/jsosa\/HIKVISION\/imagenes\/colorvu\/4.png' alt=''> <\/div>\n<div style='flex: 1 1 300px; min-width: 280px;'> <img style='width: 100%; height: auto; border: 1px solid rgba(150&comma;150&comma;150&comma;0.3); border-radius: 8px;' src='https:\/\/ftp3.syscom.mx\/usuarios\/jsosa\/HIKVISION\/imagenes\/colorvu\/3.png' alt=''> <\/div>\n<div style='flex: 1 1 300px; min-width: 280px;'> <img style='width: 100%; height: auto; border: 1px solid rgba(150&comma;150&comma;150&comma;0.3); border-radius: 8px;' src='https:\/\/ftp3.syscom.mx\/usuarios\/jsosa\/HIKVISION\/imagenes\/colorvu\/2.png' alt=''> <\/div>\n<div style='flex: 1 1 300px; min-width: 280px;'> <img style='width: 100%; height: auto; border: 1px solid rgba(150&comma;150&comma;150&comma;0.3); border-radius: 8px;' src='https:\/\/ftp3.syscom.mx\/usuarios\/jsosa\/HIKVISION\/imagenes\/colorvu\/5.png' alt=''> <\/div>\n<div style='flex: 1 1 300px; min-width: 280px;'> <img style='width: 100%; height: auto; border: 1px solid rgba(150&comma;150&comma;150&comma;0.3); border-radius: 8px;' src='https:\/\/ftp3.syscom.mx\/usuarios\/jsosa\/HIKVISION\/imagenes\/colorvu\/6.png' alt=''> <\/div>\n<\/p><\/div>\n<p> <!-- Video principal --> <\/p>\n<div style='position: relative; padding-bottom: 56.25%; height: 0; overflow: hidden; margin-bottom: 30px;'>   <\/div>\n<p> <!-- Secci\u00f3n de caracter\u00edsticas --> <\/p>\n<div style='display: flex; flex-wrap: wrap; gap: 30px; margin-bottom: 30px;'>\n<div style='flex: 1 1 300px; min-width: 280px;'>\n<h3 style='font-size: 22px; border-bottom: 2px solid currentColor; padding-bottom: 5px; margin-top: 0; color: inherit; opacity: 0.8;'>Caracter\u00edsticas principales<\/h3>\n<ul style='padding-left: 20px; font-size: 15px; color: inherit;'>\n<li style='margin-bottom: 5px;'>Resoluci\u00f3n M\u00e1xima: 4 Megapixel (2688x 1520)<\/li>\n<li style='margin-bottom: 5px;'>Iluminaci\u00f3n m\u00ednima: 0.0005 Lux @ (F1.0&comma; AGC ON)<\/li>\n<li style='margin-bottom: 5px;'>Lente varifocal: 3.6 &#8211; 9 mm (\u00e1ngulo de apertura 92.3\u00b0 a 48\u00ba)<\/li>\n<li style='margin-bottom: 5px;'>60 Metros de luz blanca (ayuda a iluminar el sitio para mantener la imagen siempre a color)<\/li>\n<li style='margin-bottom: 5px;'>WDR de 130 dB.<\/li>\n<li style='margin-bottom: 5px;'>Soporta memoria microSD 512 GB (no incluida)<\/li>\n<li style='margin-bottom: 5px;'>Detecci\u00f3n de movimiento \/ Cruce de l\u00ednea \/ Detecci\u00f3n de intrusi\u00f3n.<\/li>\n<li style='margin-bottom: 5px;'>1 Entrada \/ Salida de alarma y audio.<\/li>\n<\/ul><\/div>\n<div style='flex: 1 1 300px; min-width: 280px;'>\n<h3 style='font-size: 22px; border-bottom: 2px solid currentColor; padding-bottom: 5px; margin-top: 0; color: inherit; opacity: 0.8;'>Caracter\u00edsticas F\u00edsicas y El\u00e9ctricas<\/h3>\n<ul style='padding-left: 20px; font-size: 15px; color: inherit;'>\n<li style='margin-bottom: 5px;'>Temperatura de Operaci\u00f3n: &#8211; 30\u00b0C a 60\u00b0C.<\/li>\n<li style='margin-bottom: 5px;'>Alimentaci\u00f3n: 12 Vcc \/ 14.5 Watts.<\/li>\n<li style='margin-bottom: 5px;'>Soporta PoE: 802.3af \/ 18 Watts.<\/li>\n<li style='margin-bottom: 5px;'>Protecci\u00f3n: Interior \/ Exterior IP67.<\/li>\n<li style='margin-bottom: 5px;'>Fabricado en material de aluminio.<\/li>\n<li style='margin-bottom: 5px;'>Dimensiones: 327.9 x 97.9 x 90.9 mm.<\/li>\n<li style='margin-bottom: 5px;'>Peso: 1520 gramos.<\/li>\n<li style='margin-bottom: 5px;'>Incluye caja de conexi\u00f3n.<\/li>\n<\/ul><\/div>\n<div style='flex: 1 1 300px; min-width: 280px;'>\n<h3 style='font-size: 22px; border-bottom: 2px solid currentColor; padding-bottom: 5px; margin-top: 0; color: inherit; opacity: 0.8;'>Caracter\u00edsticas Destacadas<\/h3>\n<p style='font-size: 15px; color: inherit; margin-top: 0;'>Las c\u00e1maras ColorVu cuentan con F stop ajustando a 1.0&comma; lo que le permite una mayor captaci\u00f3n y aprovechamiento de la luz&comma; su luz blanca permite iluminar los ambientes muy oscuros para brindar una imagen a color 24\/7&comma; es por ello que ColorVu se encuentra entre las m\u00e1s seleccionadas por los clientes en ambientes como bares&comma; tiendas&comma; hogar&comma; oficina&comma; hospitales&comma; perimetrales.<\/p>\n<\/p><\/div>\n<\/p><\/div>\n<p> <!-- Secci\u00f3n ACUSENSE --> <\/p>\n<div style='border-left: 5px solid #ff0000; border-radius: 8px; padding: 15px; margin-bottom: 30px; background-color: rgba(255&comma; 0&comma; 0&comma; 0.05);'>\n<p style='margin: 0; font-size: 15px; color: inherit;'><strong>Soporta tecnolog\u00eda ACUSENSE para evitar esas falsas alarmas ocasionadas por los movimientos de pixeles como son las ramas de \u00e1rboles&comma; movimiento de cortinas&comma; lluvias&comma; etc.<\/strong><\/p>\n<p style='margin: 15px 0; font-size: 15px; color: inherit;'>Con la tecnolog\u00eda ACUSENSE haremos de una detecci\u00f3n efectiva ya que solo se activar\u00e1 el evento cuando detecte cuerpos humanos o veh\u00edculos para poder evitar las falsas alarmas.<\/p>\n<\/p><\/div>\n<p> <!-- Videos adicionales --> <\/p>\n<div style='display: flex; flex-wrap: wrap; gap: 30px; margin-bottom: 30px;'>\n<div style='flex: 1 1 400px; min-width: 300px;'>\n<h3 style='font-size: 20px; text-align: center; margin-top: 0; margin-bottom: 15px; color: inherit; opacity: 0.8;'>AcuSense \u00c1reas Restringidas<\/h3>\n<div style='position: relative; padding-bottom: 56.25%; height: 0; overflow: hidden;'>   <\/div>\n<\/p><\/div>\n<div style='flex: 1 1 400px; min-width: 300px;'>\n<h3 style='font-size: 20px; text-align: center; margin-top: 0; margin-bottom: 15px; color: inherit; opacity: 0.8;'>AcuSense Almacenes<\/h3>\n<div style='position: relative; padding-bottom: 56.25%; height: 0; overflow: hidden;'>   <\/div>\n<\/p><\/div>\n<\/p><\/div>\n<p> <!-- Imagen final --> <img style='width: 100%; height: auto; border: 1px solid rgba(150&comma;150&comma;150&comma;0.3); border-radius: 8px;' src='https:\/\/ftp3.syscom.mx\/usuarios\/fcarrillo\/Hikvision\/Imagenes\/solution-banner-2021.png' alt=''> <\/div>\n","protected":false},"excerpt":{"rendered":"<p>Bullet IP 4 Megapixel \/ Imagen a Color 24\/7 \/ Lente 3.6 &#8211; 9 mm \/ Luz Blanca 60 mts \/ WDR 130 dB \/ Exterior IP67 \/ Captura Facial \/ Videoanaliticos (Filtro de Falsas Alarmas) \/ MicroSD \/ ACUSEARCH<\/p>\n","protected":false},"featured_media":107024,"comment_status":"open","ping_status":"closed","template":"","meta":[],"product_brand":[],"product_cat":[438],"product_tag":[439,122,54],"class_list":{"0":"post-107025","1":"product","2":"type-product","3":"status-publish","4":"has-post-thumbnail","6":"product_cat-bala","7":"product_tag-bala","8":"product_tag-camaras-ip-y-nvrs","9":"product_tag-hikvision","11":"first","12":"outofstock","13":"sale","14":"shipping-taxable","15":"purchasable","16":"product-type-simple"},"_links":{"self":[{"href":"https:\/\/soydeaqui.ddns.net\/pachuca\/index.php\/wp-json\/wp\/v2\/product\/107025","targetHints":{"allow":["GET"]}}],"collection":[{"href":"https:\/\/soydeaqui.ddns.net\/pachuca\/index.php\/wp-json\/wp\/v2\/product"}],"about":[{"href":"https:\/\/soydeaqui.ddns.net\/pachuca\/index.php\/wp-json\/wp\/v2\/types\/product"}],"replies":[{"embeddable":true,"href":"https:\/\/soydeaqui.ddns.net\/pachuca\/index.php\/wp-json\/wp\/v2\/comments?post=107025"}],"wp:featuredmedia":[{"embeddable":true,"href":"https:\/\/soydeaqui.ddns.net\/pachuca\/index.php\/wp-json\/wp\/v2\/media\/107024"}],"wp:attachment":[{"href":"https:\/\/soydeaqui.ddns.net\/pachuca\/index.php\/wp-json\/wp\/v2\/media?parent=107025"}],"wp:term":[{"taxonomy":"product_brand","embeddable":true,"href":"https:\/\/soydeaqui.ddns.net\/pachuca\/index.php\/wp-json\/wp\/v2\/product_brand?post=107025"},{"taxonomy":"product_cat","embeddable":true,"href":"https:\/\/soydeaqui.ddns.net\/pachuca\/index.php\/wp-json\/wp\/v2\/product_cat?post=107025"},{"taxonomy":"product_tag","embeddable":true,"href":"https:\/\/soydeaqui.ddns.net\/pachuca\/index.php\/wp-json\/wp\/v2\/product_tag?post=107025"}],"curies":[{"name":"wp","href":"https:\/\/api.w.org\/{rel}","templated":true}]}}