{"id":107019,"date":"2026-03-20T16:46:40","date_gmt":"2026-03-20T16:46:40","guid":{"rendered":"https:\/\/soydeaqui.ddns.net\/pachuca\/index.php\/producto\/monitor-profesional-led-de-43-ideal-para-videovigilancia-uso-24-7-resolucion-4k-entradas-de-video-hdmi-display-port\/"},"modified":"2026-03-20T16:46:45","modified_gmt":"2026-03-20T16:46:45","slug":"monitor-profesional-led-de-43-ideal-para-videovigilancia-uso-24-7-resolucion-4k-entradas-de-video-hdmi-display-port","status":"publish","type":"product","link":"https:\/\/soydeaqui.ddns.net\/pachuca\/index.php\/producto\/monitor-profesional-led-de-43-ideal-para-videovigilancia-uso-24-7-resolucion-4k-entradas-de-video-hdmi-display-port\/","title":{"rendered":"Monitor Profesional LED de 43&#8243; ideal para Videovigilancia \/ Uso 24\/7 \/ Resoluci\u00f3n 4K \/ Entradas de video HDMI, Display port"},"content":{"rendered":"<div style='width: 100%; max-width: 1200px; margin: 0 auto; font-family: sans-serif; line-height: 1.6; color: inherit; background-color: transparent;'>\n<p style='text-align: center; margin: 0; padding: 15px 0;'> <a href='https:\/\/syscom.mx\/principal\/consultarproductosazul?global_search=htamon&#038;ordenar=Precio_de_Menor_a_Mayor&#038;pag=1' target='_blank' rel='noopener' style='display: inline-block;'> <img style='width: 100%; max-width: 626px; height: auto; border: 1px solid rgba(150&comma;150&comma;150&comma;0.3); border-radius: 8px;' src='https:\/\/ftp3.syscom.mx\/usuarios\/gmagos\/Hanwha\/fotos\/Wisenet%20Monitores.png' alt=''> <\/a> <\/p>\n<p style='text-align: center; margin: 15px 0 0; padding: 0;'> <span style='color: #f37934; font-size: 18px; font-weight: bold;'>Monitores Profesionales ideales para Videovigilancia<\/span> <\/p>\n<p style='text-align: center; margin: 15px 0; padding: 0;'> <a href='https:\/\/www.syscom.mx\/principal\/listadoproductosazul\/cctv-cuartos-de-control-mobiliario-de-apoyo-65970.html?ordenar=Precio_de_Menor_a_Mayor&#038;pag=1' target='_blank' rel='noopener' style='display: inline-block;'> <img style='width: 100%; max-width: 345px; height: auto; border: 1px solid rgba(150&comma;150&comma;150&comma;0.3); border-radius: 8px;' src='https:\/\/ftp3.syscom.mx\/usuarios\/fotos\/SMT4033\/158210-winsted_w9901_w9901_sight_line_console_with_762954.jpg' alt=''> <\/a> <\/p>\n<div style='display: flex; flex-wrap: wrap; gap: 30px; margin: 30px 0;'>\n<div style='flex: 1 1 300px; min-width: 280px;'>\n<div style='border-left: 5px solid #f37324; border-radius: 5px; padding: 15px; box-shadow: 2px 2px 10px rgba(243&comma;115&comma;36&comma;0.3);'>\n<h3 style='font-size: 18px; margin-top: 0; margin-bottom: 15px; color: inherit;'>Caracter\u00edsticas:<\/h3>\n<ul style='padding-left: 20px; font-size: 14px; color: inherit; list-style-type: disc;'>\n<li style='margin-bottom: 8px;'>Tiempo de respuesta 9.5 m\/s.<\/li>\n<li style='margin-bottom: 8px;'>Brillantez 350 cd\/m\u00b2.<\/li>\n<li style='margin-bottom: 8px;'><strong>Resoluci\u00f3n: 4K&comma;<\/strong> 3840 x 2160 pixeles<\/li>\n<\/ul><\/div>\n<\/p><\/div>\n<div style='flex: 1 1 300px; min-width: 280px;'>\n<div style='border-left: 5px solid #f37324; border-radius: 5px; padding: 15px; box-shadow: 2px 2px 10px rgba(243&comma;115&comma;36&comma;0.3);'>\n<h3 style='font-size: 18px; margin-top: 0; margin-bottom: 15px; color: inherit;'>Conectividad<\/h3>\n<ul style='padding-left: 20px; font-size: 14px; color: inherit; list-style-type: disc;'>\n<li style='margin-bottom: 8px;'><strong>2 Entradas de video<\/strong> (HDMI y DP).<\/li>\n<li style='margin-bottom: 8px;'><strong style='color: #000000;'>Uso 24\/7<\/strong><\/li>\n<li style='margin-bottom: 8px;'>Compatible con montaje VESA.<\/li>\n<\/ul><\/div>\n<\/p><\/div>\n<div style='flex: 1 1 300px; min-width: 280px;'>\n<div style='border-left: 5px solid #f37324; border-radius: 5px; padding: 15px; box-shadow: 2px 2px 10px rgba(243&comma;115&comma;36&comma;0.3);'>\n<h3 style='font-size: 18px; margin-top: 0; margin-bottom: 15px; color: inherit;'>Especificaciones f\u00edsicas<\/h3>\n<ul style='padding-left: 20px; font-size: 14px; color: inherit; list-style-type: disc;'>\n<li style='margin-bottom: 8px;'>Pantalla de 43&#8242;<\/li>\n<li style='margin-bottom: 8px;'>Consumo: 80W.<\/li>\n<li style='margin-bottom: 8px;'>Tama\u00f1o: 967 x 560 x 73.5 mm.<\/li>\n<li style='margin-bottom: 8px;'>Tama\u00f1o de bisel: arriba 8.6 mm&comma; abajo 16.4 mm.<\/li>\n<\/ul>\n<p style='margin-top: 15px; font-size: 14px;'> <strong>Para m\u00e1s informaci\u00f3n sobre caracter\u00edsticas t\u00e9cnicas&comma; ingrese <a href='https:\/\/ftp3.syscom.mx\/usuarios\/fcarrillo\/Hanwha\/Spec\/SMT-4033.pdf' target='_blank' rel='noopener noreferrer' style='color: #f37934; text-decoration: underline;'>aqu\u00ed<\/a>.<\/strong> <\/p>\n<\/p><\/div>\n<\/p><\/div>\n<\/p><\/div>\n<\/p><\/div>\n","protected":false},"excerpt":{"rendered":"<p>Monitor Profesional LED de 43&#8243; ideal para Videovigilancia \/ Uso 24\/7 \/ Resoluci\u00f3n 4K \/ Entradas de video HDMI, Display port<\/p>\n","protected":false},"featured_media":107018,"comment_status":"open","ping_status":"closed","template":"","meta":[],"product_brand":[],"product_cat":[2191],"product_tag":[1055,2089,2192],"class_list":{"0":"post-107019","1":"product","2":"type-product","3":"status-publish","4":"has-post-thumbnail","6":"product_cat-pantallas-monitores-monitores-pantallas-y-mobiliario","7":"product_tag-hanwha-vision","8":"product_tag-monitores-pantallas-y-mobiliario","9":"product_tag-pantallas-monitores-2","11":"first","12":"outofstock","13":"sale","14":"shipping-taxable","15":"purchasable","16":"product-type-simple"},"_links":{"self":[{"href":"https:\/\/soydeaqui.ddns.net\/pachuca\/index.php\/wp-json\/wp\/v2\/product\/107019","targetHints":{"allow":["GET"]}}],"collection":[{"href":"https:\/\/soydeaqui.ddns.net\/pachuca\/index.php\/wp-json\/wp\/v2\/product"}],"about":[{"href":"https:\/\/soydeaqui.ddns.net\/pachuca\/index.php\/wp-json\/wp\/v2\/types\/product"}],"replies":[{"embeddable":true,"href":"https:\/\/soydeaqui.ddns.net\/pachuca\/index.php\/wp-json\/wp\/v2\/comments?post=107019"}],"wp:featuredmedia":[{"embeddable":true,"href":"https:\/\/soydeaqui.ddns.net\/pachuca\/index.php\/wp-json\/wp\/v2\/media\/107018"}],"wp:attachment":[{"href":"https:\/\/soydeaqui.ddns.net\/pachuca\/index.php\/wp-json\/wp\/v2\/media?parent=107019"}],"wp:term":[{"taxonomy":"product_brand","embeddable":true,"href":"https:\/\/soydeaqui.ddns.net\/pachuca\/index.php\/wp-json\/wp\/v2\/product_brand?post=107019"},{"taxonomy":"product_cat","embeddable":true,"href":"https:\/\/soydeaqui.ddns.net\/pachuca\/index.php\/wp-json\/wp\/v2\/product_cat?post=107019"},{"taxonomy":"product_tag","embeddable":true,"href":"https:\/\/soydeaqui.ddns.net\/pachuca\/index.php\/wp-json\/wp\/v2\/product_tag?post=107019"}],"curies":[{"name":"wp","href":"https:\/\/api.w.org\/{rel}","templated":true}]}}