{"id":107013,"date":"2026-03-20T16:46:20","date_gmt":"2026-03-20T16:46:20","guid":{"rendered":"https:\/\/soydeaqui.ddns.net\/pachuca\/index.php\/producto\/otdr-monomodo-para-pruebas-en-enlaces-de-fibra-ptica-longitudes-de-onda-1310-y-1550-nm-entrada-sc-apc\/"},"modified":"2026-03-20T16:46:35","modified_gmt":"2026-03-20T16:46:35","slug":"otdr-monomodo-para-pruebas-en-enlaces-de-fibra-ptica-longitudes-de-onda-1310-y-1550-nm-entrada-sc-apc","status":"publish","type":"product","link":"https:\/\/soydeaqui.ddns.net\/pachuca\/index.php\/producto\/otdr-monomodo-para-pruebas-en-enlaces-de-fibra-ptica-longitudes-de-onda-1310-y-1550-nm-entrada-sc-apc\/","title":{"rendered":"OTDR Monomodo para Pruebas en Enlaces de Fibra ?ptica, Longitudes de Onda 1310 y 1550 nm, Entrada SC\/APC"},"content":{"rendered":"<div style='width: 100%; max-width: 1200px; margin: 0 auto; font-family: sans-serif; line-height: 1.6; color: inherit; background-color: transparent;'> <!-- Imagen principal --> <\/p>\n<div style='width: 100%; text-align: center; margin: 30px 0;'> <img style='width: auto; max-width: 100%; height: auto; border: 1px solid rgba(150&comma;150&comma;150&comma;0.3); border-radius: 8px;' src='https:\/\/ftp3.syscom.mx\/usuarios\/orobles\/GREENLEE\/TEMPO-COMMUNICATIONS-lg.jpg' alt=''> <\/div>\n<p> <!-- Descripci\u00f3n general --> <\/p>\n<div style='margin-bottom: 30px;'>\n<p style='font-size: 16px; color: inherit;'>OTDR para pruebas en Enlaces de Fibra \u00d3ptica&comma; longitudes de onda 1310 y 1550 nm con entrada SC\/APC.<\/p>\n<\/p><\/div>\n<p> <!-- Secci\u00f3n de contenido con flex\/grid --> <\/p>\n<div style='display: flex; flex-wrap: wrap; gap: 30px; margin-bottom: 30px;'>\n<div style='flex: 1 1 300px; min-width: 280px;'>\n<h3 style='font-size: 22px; border-bottom: 2px solid currentColor; padding-bottom: 5px; margin-top: 0; color: inherit; opacity: 0.8;'>Descripci\u00f3n<\/h3>\n<p style='font-size: 15px; color: inherit;'>El OFL100 OTDR permite al t\u00e9cnico de fibra de primera l\u00ednea localizar r\u00e1pidamente eventos de p\u00e9rdida en una trayectoria de fibra \u00f3ptica. La pantalla t\u00e1ctil proporciona una interfaz intuitiva incluso para t\u00e9cnicos reci\u00e9n integrados que simplifican la localizaci\u00f3n de eventos de p\u00e9rdida como fibras cortadas&comma; conectores contaminados o da\u00f1ados&comma; as\u00ed como fibras excesivamente dobladas.<\/p>\n<p style='font-size: 15px; color: inherit;'>El modo autom\u00e1tico permite que el t\u00e9cnico inicie una medici\u00f3n sin ajustar ning\u00fan par\u00e1metro de prueba. El modo OTDR experto proporciona acceso a todas las funciones que el t\u00e9cnico experto en OTDR para que puedan refinar los par\u00e1metros de medici\u00f3n que les permitan solucionar los fallos m\u00e1s exigentes.<\/p>\n<p style='font-size: 15px; color: inherit;'>Los resultados se pueden mostrar utilizando un trazado OTDR tradicional o un mapa lineal con an\u00e1lisis Pasa\/Falla seleccionable por el usuario. Todos los eventos son medidos&comma; anotado&comma; guardado y exportado como un archivo SOR est\u00e1ndar de la industria que cumple con los est\u00e1ndares GR196 Telcordia. El archivo SOR puede ser importado al programa Trace Viewing donde el an\u00e1lisis puede ser realizado&comma; y los resultados de la prueba se pueden guardar como un informe PDF.<\/p>\n<p style='font-size: 15px; color: inherit;'>Cuenta con un rango din\u00e1mico de 26\/24 dB para 1310\/1550 nm respectivamente.<\/p>\n<\/p><\/div>\n<\/p><\/div>\n<p> <!-- Secci\u00f3n de caracter\u00edsticas --> <\/p>\n<div style='display: flex; flex-wrap: wrap; gap: 30px; margin-bottom: 30px;'>\n<div style='flex: 1 1 300px; min-width: 280px;'>\n<h3 style='font-size: 22px; border-bottom: 2px solid currentColor; padding-bottom: 5px; margin-top: 0; color: inherit; opacity: 0.8;'>Caracter\u00edsticas<\/h3>\n<h4 style='font-size: 18px; margin-top: 20px; margin-bottom: 10px; color: inherit;'>R\u00e1pido<\/h4>\n<ul style='padding-left: 20px; font-size: 15px; color: inherit;'>\n<li style='margin-bottom: 5px;'><strong>Funciones de prueba con un bot\u00f3n:<\/strong> Comienza las mediciones con tan solo presionar un bot\u00f3n.<\/li>\n<li style='margin-bottom: 5px;'><strong>Prueba autom\u00e1tica:<\/strong> Establece de manera autom\u00e1tica los par\u00e1metros de prueba para obtener resultados \u00f3ptimos de prueba.<\/li>\n<\/ul>\n<h4 style='font-size: 18px; margin-top: 20px; margin-bottom: 10px; color: inherit;'>Preciso<\/h4>\n<ul style='padding-left: 20px; font-size: 15px; color: inherit;'>\n<li style='margin-bottom: 5px;'><strong>Interfaz gr\u00e1fica touchscreen:<\/strong> F\u00e1cil de leer&comma; incluso en condiciones de luz baja o brillante.<\/li>\n<li style='margin-bottom: 5px;'><strong>Medici\u00f3n de longitudes y defectos:<\/strong> Permite localizar r\u00e1pidamente fallas.<\/li>\n<li style='margin-bottom: 5px;'><strong>128&comma;000 puntos de datos:<\/strong> Proporcionan resultados de alta precisi\u00f3n.<\/li>\n<\/ul>\n<h4 style='font-size: 18px; margin-top: 20px; margin-bottom: 10px; color: inherit;'>Confiable<\/h4>\n<ul style='padding-left: 20px; font-size: 15px; color: inherit;'>\n<li style='margin-bottom: 5px;'><strong>Visor de enlaces:<\/strong> Anota el enlace de fibra completo en un formato de aprobado\/falla f\u00e1cil de interpretar.<\/li>\n<li style='margin-bottom: 5px;'><strong>Informes de aceptaci\u00f3n de cable:<\/strong> Genera informes personalizados que incluyen firma de trazo y eventos de fibras.<\/li>\n<li style='margin-bottom: 5px;'><strong>Bater\u00eda de larga duraci\u00f3n:<\/strong> Funciona por m\u00e1s tiempo sin carga. Hasta 12 horas de uso continuo.<\/li>\n<\/ul><\/div>\n<div style='flex: 1 1 300px; min-width: 280px;'>\n<h3 style='font-size: 22px; border-bottom: 2px solid currentColor; padding-bottom: 5px; margin-top: 0; color: inherit; opacity: 0.8;'>Funciones<\/h3>\n<ul style='padding-left: 20px; font-size: 15px; color: inherit;'>\n<li style='margin-bottom: 5px;'>OTDR<\/li>\n<li style='margin-bottom: 5px;'>Medidor de potencia<\/li>\n<li style='margin-bottom: 5px;'>VFL<\/li>\n<li style='margin-bottom: 5px;'>Fuente de luz estabilizada<\/li>\n<li style='margin-bottom: 5px;'>Mappeo de cable ethernet<\/li>\n<\/ul>\n<div style='margin-top: 30px;'>\n<h3 style='font-size: 22px; border-bottom: 2px solid currentColor; padding-bottom: 5px; margin-top: 0; color: inherit; opacity: 0.8;'>Incluye<\/h3>\n<ul style='padding-left: 20px; font-size: 15px; color: inherit;'>\n<li style='margin-bottom: 5px;'>OTDR OFL100<\/li>\n<li style='margin-bottom: 5px;'>Fuente de poder con cable USB<\/li>\n<li style='margin-bottom: 5px;'>Estuche<\/li>\n<li style='margin-bottom: 5px;'>Adaptador SC\/APC<\/li>\n<li style='margin-bottom: 5px;'>Certificado de calibraci\u00f3n<\/li>\n<li style='margin-bottom: 5px;'>Tarjeta de referencia r\u00e1pida<\/li>\n<li style='margin-bottom: 5px;'>Tarjeta SD 8 GB<\/li>\n<\/ul><\/div>\n<\/p><\/div>\n<\/p><\/div>\n<p> <!-- Nota importante --> <\/p>\n<div style='margin-bottom: 30px; padding: 15px; border-left: 4px solid rgba(255&comma; 0&comma; 0&comma; 0.6); background-color: rgba(255&comma; 0&comma; 0&comma; 0.05);'>\n<p style='margin: 0; font-size: 15px; color: inherit;'><strong>NOTA:<\/strong> No soporta pruebas con fibra viva (Equipo activo conectado en la fibra \u00f3ptica)<\/p>\n<\/p><\/div>\n<p> <!-- Recomendaci\u00f3n de uso --> <\/p>\n<div style='margin-bottom: 30px;'>\n<p style='font-size: 15px; color: inherit;'><strong>Se recomienda complementar el uso del OTDR <\/strong><a style='color: inherit; text-decoration: underline; font-weight: bold;' href='https:\/\/www.syscom.mx\/principal\/searchcont?route=OFL100-TEMPO-205282&#038;autodetect=OFL100'>OFL100<\/a><strong> con una bobina de lanzamiento para eliminar la zona muerta&comma; se recomienda el modelo <\/strong><a style='color: inherit; text-decoration: underline; font-weight: bold;' href='https:\/\/www.syscom.mx\/principal\/searchcont?route=LC-500-TEMPO-172698&#038;autodetect=LC500'>LC-500<\/a><\/p>\n<p> <!-- Imagen de recomendaci\u00f3n --> <\/p>\n<div style='width: 100%; text-align: center; margin: 30px 0;'> <img style='width: auto; max-width: 100%; height: auto; border: 1px solid rgba(150&comma;150&comma;150&comma;0.3); border-radius: 8px;' src='https:\/\/ftp3.syscom.mx\/usuarios\/fotos\/OFL100\/205282-bobina_de_lanzamiento.jpg' alt=''> <\/div>\n<\/p><\/div>\n<p> <!-- Videos --> <\/p>\n<div style='display: flex; flex-wrap: wrap; gap: 30px; margin-bottom: 30px;'>\n<div style='flex: 1 1 400px; min-width: 300px;'>\n<div style='position: relative; padding-bottom: 56.25%; height: 0; overflow: hidden;'>   <\/div>\n<\/p><\/div>\n<div style='flex: 1 1 400px; min-width: 300px;'>\n<div style='position: relative; padding-bottom: 56.25%; height: 0; overflow: hidden;'>   <\/div>\n<\/p><\/div>\n<\/p><\/div>\n<p> <!-- Separador final --> <\/p>\n<hr style='border: 0; border-top: 1px solid rgba(150&comma; 150&comma; 150&comma; 0.3); margin: 30px 0;'> <\/div>\n","protected":false},"excerpt":{"rendered":"<p>OTDR Monomodo para Pruebas en Enlaces de Fibra ?ptica, Longitudes de Onda 1310 y 1550 nm, Entrada SC\/APC<\/p>\n","protected":false},"featured_media":107012,"comment_status":"open","ping_status":"closed","template":"","meta":[],"product_brand":[],"product_cat":[636],"product_tag":[611,25,658],"class_list":{"0":"post-107013","1":"product","2":"type-product","3":"status-publish","4":"has-post-thumbnail","6":"product_cat-herramientas-fibra-optica","7":"product_tag-fibra-optica","8":"product_tag-herramientas","9":"product_tag-tempo","11":"first","12":"instock","13":"sale","14":"shipping-taxable","15":"purchasable","16":"product-type-simple"},"_links":{"self":[{"href":"https:\/\/soydeaqui.ddns.net\/pachuca\/index.php\/wp-json\/wp\/v2\/product\/107013","targetHints":{"allow":["GET"]}}],"collection":[{"href":"https:\/\/soydeaqui.ddns.net\/pachuca\/index.php\/wp-json\/wp\/v2\/product"}],"about":[{"href":"https:\/\/soydeaqui.ddns.net\/pachuca\/index.php\/wp-json\/wp\/v2\/types\/product"}],"replies":[{"embeddable":true,"href":"https:\/\/soydeaqui.ddns.net\/pachuca\/index.php\/wp-json\/wp\/v2\/comments?post=107013"}],"wp:featuredmedia":[{"embeddable":true,"href":"https:\/\/soydeaqui.ddns.net\/pachuca\/index.php\/wp-json\/wp\/v2\/media\/107012"}],"wp:attachment":[{"href":"https:\/\/soydeaqui.ddns.net\/pachuca\/index.php\/wp-json\/wp\/v2\/media?parent=107013"}],"wp:term":[{"taxonomy":"product_brand","embeddable":true,"href":"https:\/\/soydeaqui.ddns.net\/pachuca\/index.php\/wp-json\/wp\/v2\/product_brand?post=107013"},{"taxonomy":"product_cat","embeddable":true,"href":"https:\/\/soydeaqui.ddns.net\/pachuca\/index.php\/wp-json\/wp\/v2\/product_cat?post=107013"},{"taxonomy":"product_tag","embeddable":true,"href":"https:\/\/soydeaqui.ddns.net\/pachuca\/index.php\/wp-json\/wp\/v2\/product_tag?post=107013"}],"curies":[{"name":"wp","href":"https:\/\/api.w.org\/{rel}","templated":true}]}}