{"id":107000,"date":"2026-03-20T16:45:36","date_gmt":"2026-03-20T16:45:36","guid":{"rendered":"https:\/\/soydeaqui.ddns.net\/pachuca\/index.php\/producto\/proteccion-activa-domo-pt-ip-4-megapixel-imagen-a-color-24-7-lente-4-mm-luz-blanca-30-mts-exterior-ip66-acusense-evita-falsas-alarmas-poe-microfono-y-bocina-integrada-wdr-120-db\/"},"modified":"2026-03-20T16:45:51","modified_gmt":"2026-03-20T16:45:51","slug":"proteccion-activa-domo-pt-ip-4-megapixel-imagen-a-color-24-7-lente-4-mm-luz-blanca-30-mts-exterior-ip66-acusense-evita-falsas-alarmas-poe-microfono-y-bocina-integrada-wdr-120-db","status":"publish","type":"product","link":"https:\/\/soydeaqui.ddns.net\/pachuca\/index.php\/producto\/proteccion-activa-domo-pt-ip-4-megapixel-imagen-a-color-24-7-lente-4-mm-luz-blanca-30-mts-exterior-ip66-acusense-evita-falsas-alarmas-poe-microfono-y-bocina-integrada-wdr-120-db\/","title":{"rendered":"[ PROTECCI\u00d3N ACTIVA ] Domo PT IP 4 Megapixel \/ Imagen a Color 24\/7 \/ Lente 4 mm \/ Luz Blanca 30 mts \/ Exterior IP66 \/ ACUSENSE (Evita Falsas Alarmas) \/ PoE+ \/ Micr\u00f3fono y Bocina Integrada \/ WDR 120 dB \/ MicroSD"},"content":{"rendered":"<div style='width: 100%; max-width: 1200px; margin: 0 auto; font-family: sans-serif; line-height: 1.6; color: inherit; background-color: transparent;'> <!-- Banner inicial --> <\/p>\n<p style='text-align: center; margin: 0 0 20px 0;'><img style='width: 45%; height: auto; border: 1px solid rgba(150&comma;150&comma;150&comma;0.3); border-radius: 8px;' src='https:\/\/ftp3.syscom.mx\/usuarios\/jsosa\/HIKVISION\/imagenes\/logo\/hikvision%20see%20far.png' alt='Logo Hikvision'><\/p>\n<p> <!-- T\u00edtulo --> <\/p>\n<div style='text-align: center; margin: 30px 0;'>\n<h1 style='color: #232a6f; font-size: 24px; margin: 0; border-bottom: 2px solid currentColor; padding-bottom: 10px; display: inline-block;'>Especif\u00edcaciones<\/h1>\n<\/p><\/div>\n<p> <!-- Secci\u00f3n de caracter\u00edsticas principales y f\u00edsicas --> <\/p>\n<div style='display: flex; flex-wrap: wrap; gap: 30px; margin-bottom: 30px;'>\n<div style='flex: 1 1 300px; min-width: 280px;'>\n<div style='border: 1px solid rgba(150&comma; 150&comma; 150&comma; 0.4); border-radius: 8px; overflow: hidden;'>\n<div style='padding: 15px; background: #df001e; color: #ffffff; font-size: 18px; font-weight: bold; border-bottom: 1px solid #a80000;'>Caracter\u00edsticas Principales:<\/div>\n<div style='padding: 15px;'>\n<ul style='padding-left: 20px; margin: 0; font-size: 14px; color: inherit; list-style-type: disc;'>\n<li style='margin-bottom: 5px;'>Resoluci\u00f3n m\u00e1xima: 4 Megapixel (2560 x 1440).<\/li>\n<li style='margin-bottom: 5px;'>Iluminaci\u00f3n m\u00ednima: 0.0005 Lux @ (F1.0&comma; AGC ON).<\/li>\n<li style='margin-bottom: 5px;'>Lente fijo: 4 mm (\u00e1ngulo de apertura 88.7\u00b0).<\/li>\n<li style='margin-bottom: 5px;'>30 Metros de luz blanca (Ayuda a iluminar el sitio para mantener la imagen siempre a color).<\/li>\n<li style='margin-bottom: 5px;'>WDR de 120 dB \/ 3D DNR \/ HLC \/ EIS.<\/li>\n<li style='margin-bottom: 5px;'>Soporta memoria micro SD \/ SDHC \/ SDXC 512 GB (no incluida).<\/li>\n<li style='margin-bottom: 5px;'>Cruce de l\u00ednea \/ Detecci\u00f3n de intrusi\u00f3n \/ Entrada y Salida de regi\u00f3n \/ Objeto olvidado \/ Objeto removido.<\/li>\n<li style='margin-bottom: 5px;'>Micr\u00f3fono y altavoz integrado (<strong>Audio de 2 vias<\/strong>).<\/li>\n<li style='margin-bottom: 5px;'><strong>Audio pregrabado \/ personalizable<\/strong> (ligado a evento por medio de altavoz integrado).<\/li>\n<li style='margin-bottom: 5px;'>Compatible con la plataforma de Hik-Connect (<a href='https:\/\/appstore.hikvision.com\/' target='_blank' rel='noopener' style='color: #0d6efd; text-decoration: none;'>https:\/\/appstore.hikvision.com\/<\/a>).<\/li>\n<\/ul><\/div>\n<\/p><\/div>\n<\/p><\/div>\n<div style='flex: 1 1 300px; min-width: 280px;'>\n<div style='border: 1px solid rgba(150&comma; 150&comma; 150&comma; 0.4); border-radius: 8px; overflow: hidden;'>\n<div style='padding: 15px; background: #df001e; color: #ffffff; font-size: 18px; font-weight: bold; border-bottom: 1px solid #a80000;'>Caracter\u00edsticas F\u00edsicas y El\u00e9ctricas:<\/div>\n<div style='padding: 15px;'>\n<ul style='padding-left: 20px; margin: 0; font-size: 14px; color: inherit; list-style-type: disc;'>\n<li style='margin-bottom: 5px;'>Temperatura de Operaci\u00f3n: &#8211; 30\u00b0C a 65\u00b0C.<\/li>\n<li style='margin-bottom: 5px;'>Alimentaci\u00f3n: 12 Vcc \/ PoE 802.3 at \/ 14 Watts.<\/li>\n<li style='margin-bottom: 5px;'>Protecci\u00f3n: Interior \/ Exterior IP66.<\/li>\n<li style='margin-bottom: 5px;'>Dimensiones: 179.3 x 120 x 182 mm.<\/li>\n<li style='margin-bottom: 5px;'>Peso: 1.125 Kg.<\/li>\n<li style='margin-bottom: 5px;'>No incluye fuente de alimentaci\u00f3n.<\/li>\n<li style='margin-top: 15px;'><a style='color: #0d6efd; text-decoration: none; font-weight: bold;' href='https:\/\/ftp3.syscom.mx\/usuarios\/fcarrillo\/Hikvision\/Specs\/Especificaciones%20Tecnicas%20DS-2DE3A400BW-DET5_V5.7.3_20220704.pdf' target='_blank' rel='noopener'>Consulte la ficha t\u00e9cnica para validar los accesorios compatibles<\/a><\/li>\n<\/ul><\/div>\n<\/p><\/div>\n<\/p><\/div>\n<\/p><\/div>\n<p> <!-- Secci\u00f3n de interfaces y caracter\u00edsticas generales --> <\/p>\n<div style='display: flex; flex-wrap: wrap; gap: 30px; margin-bottom: 30px;'>\n<div style='flex: 1 1 300px; min-width: 280px;'>\n<div style='border: 1px solid rgba(150&comma; 150&comma; 150&comma; 0.4); border-radius: 8px; overflow: hidden;'>\n<div style='padding: 15px; background: #df001e; color: #ffffff; font-size: 18px; font-weight: bold; border-bottom: 1px solid #a80000;'>Interfaces Entradas y Salidas:<\/div>\n<div style='padding: 15px;'>\n<ul style='padding-left: 20px; margin: 0; font-size: 14px; color: inherit; list-style-type: disc;'>\n<li style='margin-bottom: 5px;'>Entradas de alarma: 1.<\/li>\n<li style='margin-bottom: 5px;'>Salidas de alarma: 1.<\/li>\n<li style='margin-bottom: 5px;'>Entradas de audio: 1.<\/li>\n<li style='margin-bottom: 5px;'>Salidas de audio: 1.<\/li>\n<li style='margin-bottom: 5px;'>Puerto de red: 1 (10 \/ 100 Mbps \/ PoE 802.3at).<\/li>\n<li style='margin-bottom: 5px;'>Almacenamiento micro SD de hasta 512 GB.<\/li>\n<li style='margin-bottom: 5px;'>Soporta ONVIF (Profile S&comma; Profile G&comma; Profile T) \/ ISUP.<\/li>\n<\/ul><\/div>\n<\/p><\/div>\n<\/p><\/div>\n<div style='flex: 1 1 300px; min-width: 280px;'>\n<div style='border: 1px solid rgba(150&comma; 150&comma; 150&comma; 0.4); border-radius: 8px; overflow: hidden;'>\n<div style='padding: 15px; background: #df001e; color: #ffffff; font-size: 18px; font-weight: bold; border-bottom: 1px solid #a80000;'>Caracter\u00edsticas Generales:<\/div>\n<div style='padding: 15px;'>\n<ul style='padding-left: 20px; margin: 0; font-size: 14px; color: inherit; list-style-type: disc;'>\n<li style='margin-bottom: 5px;'>Paneo: 0\u00b0 a 350\u00b0.<\/li>\n<li style='margin-bottom: 5px;'>Tildeo: 0\u00b0 a 90\u00ba .<\/li>\n<li style='margin-bottom: 5px;'><strong>Preset: 300<\/strong>&comma; no soporta recorridos (Pattern \/ Patrol \/ Park Act).<\/li>\n<li style='margin-bottom: 5px;'>Soporta hasta 20 usuarios simult\u00e1neos.<\/li>\n<\/ul><\/div>\n<\/p><\/div>\n<\/p><\/div>\n<\/p><\/div>\n<p> <!-- Secci\u00f3n de caracter\u00edsticas destacadas --> <\/p>\n<div style='margin-bottom: 30px;'>\n<div style='border: 1px solid rgba(150&comma; 150&comma; 150&comma; 0.4); border-radius: 8px; overflow: hidden;'>\n<div style='padding: 15px; background: #df001e; color: #ffffff; font-size: 18px; font-weight: bold; border-bottom: 1px solid #a80000;'>Caracter\u00edsticas destacadas:<\/div>\n<div style='padding: 15px;'>\n<div style='margin-bottom: 20px;'>\n<h3 style='color: inherit; font-size: 18px; margin-top: 0; margin-bottom: 10px; font-weight: bold;'>Tecnolog\u00eda AcuSense con clasificaci\u00f3n de personas y veh\u00edculos<\/h3>\n<ul style='padding-left: 20px; margin: 0; font-size: 14px; color: inherit; list-style-type: disc;'>\n<li style='margin-bottom: 8px;'>Utiliza algoritmos de aprendizaje profundo para distinguir entre personas y veh\u00edculos&comma; reduciendo falsas alarmas y mejorando la eficacia en la detecci\u00f3n de objetivos relevantes.<\/li>\n<\/ul><\/div>\n<div style='margin-bottom: 20px;'>\n<h3 style='color: inherit; font-size: 18px; margin-top: 0; margin-bottom: 10px; font-weight: bold;'>Audio Bidireccional y Alarmas Audibles con Luz<\/h3>\n<ul style='padding-left: 20px; margin: 0; font-size: 14px; color: inherit; list-style-type: disc;'>\n<li style='margin-bottom: 8px;'>Micr\u00f3fono y altavoz integrados&comma; permitiendo comunicaci\u00f3n bidireccional.<\/li>\n<li style='margin-bottom: 8px;'>Alarma sonora y visual&comma; puede activar luces blancas intermitentes y sonidos de advertencia ante eventos configurados (como intrusi\u00f3n)&comma; disuadiendo intrusos de forma activa.<\/li>\n<\/ul><\/div>\n<div style='margin-bottom: 20px;'>\n<h3 style='color: inherit; font-size: 18px; margin-top: 0; margin-bottom: 10px; font-weight: bold;'>Compatibilidad con Grabadores<\/h3>\n<ul style='padding-left: 20px; margin: 0; font-size: 14px; color: inherit; list-style-type: disc;'>\n<li style='margin-bottom: 8px;'>Se recomienda usar grabadores de la serie NX-I&comma; NXI-K2&comma; NXI-K1&comma; NXI-M&comma; NI-M.<\/li>\n<\/ul><\/div>\n<div style='margin-bottom: 20px;'>\n<h3 style='color: inherit; font-size: 18px; margin-top: 0; margin-bottom: 10px; font-weight: bold;'>Imagen Color las 24 Horas con Poca Luz<\/h3>\n<ul style='padding-left: 20px; margin: 0; font-size: 14px; color: inherit; list-style-type: disc;'>\n<li style='margin-bottom: 8px;'>Capacidad de capturar video en color incluso con iluminaci\u00f3n m\u00ednima (0.0005 lux) gracias a su sensor CMOS de 1\/1.8&#8242; y luz blanca integrada con alcance de hasta 30 metros.<\/li>\n<\/ul><\/div>\n<\/p><\/div>\n<\/p><\/div>\n<\/p><\/div>\n<p> <!-- Banner final --> <\/p>\n<div style='margin: 30px 0;'> <img style='width: 100%; height: auto; border: 1px solid rgba(150&comma;150&comma;150&comma;0.3); border-radius: 8px;' src='https:\/\/ftp3.syscom.mx\/usuarios\/jsosa\/HIKVISION\/imagenes\/banners\/solution%20complete.png' alt='Soluci\u00f3n completa'> <\/div>\n<\/p><\/div>\n","protected":false},"excerpt":{"rendered":"<p>[ PROTECCI\u00d3N ACTIVA ] Domo PT IP 4 Megapixel \/ Imagen a Color 24\/7 \/ Lente 4 mm \/ Luz Blanca 30 mts \/ Exterior IP66 \/ ACUSENSE (Evita Falsas Alarmas) \/ PoE+ \/ Micr\u00f3fono y Bocina Integrada \/ WDR 120 dB \/ MicroSD<\/p>\n","protected":false},"featured_media":106999,"comment_status":"open","ping_status":"closed","template":"","meta":[],"product_brand":[],"product_cat":[1224],"product_tag":[122,54,1225],"class_list":{"0":"post-107000","1":"product","2":"type-product","3":"status-publish","4":"has-post-thumbnail","6":"product_cat-ptz","7":"product_tag-camaras-ip-y-nvrs","8":"product_tag-hikvision","9":"product_tag-ptz","11":"first","12":"instock","13":"sale","14":"shipping-taxable","15":"purchasable","16":"product-type-simple"},"_links":{"self":[{"href":"https:\/\/soydeaqui.ddns.net\/pachuca\/index.php\/wp-json\/wp\/v2\/product\/107000","targetHints":{"allow":["GET"]}}],"collection":[{"href":"https:\/\/soydeaqui.ddns.net\/pachuca\/index.php\/wp-json\/wp\/v2\/product"}],"about":[{"href":"https:\/\/soydeaqui.ddns.net\/pachuca\/index.php\/wp-json\/wp\/v2\/types\/product"}],"replies":[{"embeddable":true,"href":"https:\/\/soydeaqui.ddns.net\/pachuca\/index.php\/wp-json\/wp\/v2\/comments?post=107000"}],"wp:featuredmedia":[{"embeddable":true,"href":"https:\/\/soydeaqui.ddns.net\/pachuca\/index.php\/wp-json\/wp\/v2\/media\/106999"}],"wp:attachment":[{"href":"https:\/\/soydeaqui.ddns.net\/pachuca\/index.php\/wp-json\/wp\/v2\/media?parent=107000"}],"wp:term":[{"taxonomy":"product_brand","embeddable":true,"href":"https:\/\/soydeaqui.ddns.net\/pachuca\/index.php\/wp-json\/wp\/v2\/product_brand?post=107000"},{"taxonomy":"product_cat","embeddable":true,"href":"https:\/\/soydeaqui.ddns.net\/pachuca\/index.php\/wp-json\/wp\/v2\/product_cat?post=107000"},{"taxonomy":"product_tag","embeddable":true,"href":"https:\/\/soydeaqui.ddns.net\/pachuca\/index.php\/wp-json\/wp\/v2\/product_tag?post=107000"}],"curies":[{"name":"wp","href":"https:\/\/api.w.org\/{rel}","templated":true}]}}