{"id":107,"date":"2026-03-18T05:35:59","date_gmt":"2026-03-18T05:35:59","guid":{"rendered":"https:\/\/soydeaqui.ddns.net\/pachuca\/index.php\/producto\/llavero-adicional-para-sys12000-127afv3\/"},"modified":"2026-03-18T05:36:00","modified_gmt":"2026-03-18T05:36:00","slug":"llavero-adicional-para-sys12000-127afv3","status":"publish","type":"product","link":"https:\/\/soydeaqui.ddns.net\/pachuca\/index.php\/producto\/llavero-adicional-para-sys12000-127afv3\/","title":{"rendered":"Llavero adicional para SYS12000\/127AFV3"},"content":{"rendered":"<div style='width: 100%; max-width: 1200px; margin: 0 auto; font-family: sans-serif; line-height: 1.6; color: inherit; background-color: transparent;'>\n<div style='display: flex; flex-wrap: wrap; gap: 30px; margin-bottom: 30px;'>\n<div style='flex: 1 1 300px; min-width: 280px;'>\n<h3 style='font-size: 22px; border-bottom: 2px solid currentColor; padding-bottom: 5px; margin-top: 0; color: inherit; opacity: 0.8;'>Descripci\u00f3n<\/h3>\n<ul style='padding-left: 20px; font-size: 15px; color: inherit; list-style-type: disc;'>\n<li style='margin-bottom: 5px;'>Llavero adicional para Energizador <a href='https:\/\/www.syscom.mx\/products\/246235' target='_blank' rel='noopener' style='color: inherit; text-decoration: underline; opacity: 0.85;'>SYS12000\/127AFV3<\/a> de YONUSA<\/li>\n<li style='margin-bottom: 5px;'>Llavero opera con <strong style='color: inherit;'>1 bater\u00eda CR2032<\/strong> (ya incluida)<\/li>\n<li style='margin-bottom: 5px;'>Garant\u00eda de 1 a\u00f1o a partir de su fecha de adquisici\u00f3n<\/li>\n<li style='margin-bottom: 5px;'><span style='color: inherit;'>No compatible con Receptor KL2V2 ni otro Energizador<\/span><\/li>\n<\/ul><\/div>\n<\/p><\/div>\n<div style='display: flex; flex-wrap: wrap; gap: 30px; margin-bottom: 30px;'>\n<div style='flex: 1 1 300px; min-width: 280px;'>\n<h3 style='font-size: 22px; border-bottom: 2px solid currentColor; padding-bottom: 5px; margin-top: 0; color: inherit; opacity: 0.8;'>Funciones de botones<\/h3>\n<ul style='padding-left: 20px; font-size: 15px; color: inherit; list-style-type: disc;'>\n<li style='margin-bottom: 5px;'><strong style='color: inherit;'>A-<\/strong> Corresponde al encendido y apagado del equipo&comma; teniendo tono de confirmaci\u00f3n en la terminal de alarma n\u00famero 6.<\/li>\n<li style='margin-bottom: 5px;'><strong style='color: inherit;'>B-<\/strong> Corresponde a la funci\u00f3n p\u00e1nico&comma; la cual activar\u00e1 el voltaje de la terminal de alarma n\u00famero 6 del equipo cada que sea presionado dicho bot\u00f3n y durar\u00e1 el tiempo que el usuario lo tenga presionado.<\/li>\n<li style='margin-bottom: 5px;'><strong style='color: inherit;'>C-<\/strong> Corresponde al encendido y apagado de la tarjeta interfaz para uso&comma; comienzan sus funciones una vez presionado el bot\u00f3n y se deshabilita nuevamente presionando el mismo bot\u00f3n.<\/li>\n<\/ul><\/div>\n<\/p><\/div>\n<\/p><\/div>\n","protected":false},"excerpt":{"rendered":"<p>Llavero adicional para SYS12000\/127AFV3<\/p>\n","protected":false},"featured_media":106,"comment_status":"open","ping_status":"closed","template":"","meta":[],"product_brand":[],"product_cat":[92],"product_tag":[93,82,84],"class_list":{"0":"post-107","1":"product","2":"type-product","3":"status-publish","4":"has-post-thumbnail","6":"product_cat-accesorios","7":"product_tag-accesorios","8":"product_tag-cercas-electricas","9":"product_tag-yonusa","11":"first","12":"outofstock","13":"sale","14":"shipping-taxable","15":"purchasable","16":"product-type-simple"},"_links":{"self":[{"href":"https:\/\/soydeaqui.ddns.net\/pachuca\/index.php\/wp-json\/wp\/v2\/product\/107","targetHints":{"allow":["GET"]}}],"collection":[{"href":"https:\/\/soydeaqui.ddns.net\/pachuca\/index.php\/wp-json\/wp\/v2\/product"}],"about":[{"href":"https:\/\/soydeaqui.ddns.net\/pachuca\/index.php\/wp-json\/wp\/v2\/types\/product"}],"replies":[{"embeddable":true,"href":"https:\/\/soydeaqui.ddns.net\/pachuca\/index.php\/wp-json\/wp\/v2\/comments?post=107"}],"wp:featuredmedia":[{"embeddable":true,"href":"https:\/\/soydeaqui.ddns.net\/pachuca\/index.php\/wp-json\/wp\/v2\/media\/106"}],"wp:attachment":[{"href":"https:\/\/soydeaqui.ddns.net\/pachuca\/index.php\/wp-json\/wp\/v2\/media?parent=107"}],"wp:term":[{"taxonomy":"product_brand","embeddable":true,"href":"https:\/\/soydeaqui.ddns.net\/pachuca\/index.php\/wp-json\/wp\/v2\/product_brand?post=107"},{"taxonomy":"product_cat","embeddable":true,"href":"https:\/\/soydeaqui.ddns.net\/pachuca\/index.php\/wp-json\/wp\/v2\/product_cat?post=107"},{"taxonomy":"product_tag","embeddable":true,"href":"https:\/\/soydeaqui.ddns.net\/pachuca\/index.php\/wp-json\/wp\/v2\/product_tag?post=107"}],"curies":[{"name":"wp","href":"https:\/\/api.w.org\/{rel}","templated":true}]}}