{"id":106998,"date":"2026-03-20T16:45:30","date_gmt":"2026-03-20T16:45:30","guid":{"rendered":"https:\/\/soydeaqui.ddns.net\/pachuca\/index.php\/producto\/mini-domo-ptz-ip-2-megapixel-4x-zoom-h-265-20-mts-ir-exir-wdr-poe-ik10-exterior-ip66-ultra-baja-iluminacion-microfono-integrado-poe-microsd-2\/"},"modified":"2026-03-20T16:45:31","modified_gmt":"2026-03-20T16:45:31","slug":"mini-domo-ptz-ip-2-megapixel-4x-zoom-h-265-20-mts-ir-exir-wdr-poe-ik10-exterior-ip66-ultra-baja-iluminacion-microfono-integrado-poe-microsd-2","status":"publish","type":"product","link":"https:\/\/soydeaqui.ddns.net\/pachuca\/index.php\/producto\/mini-domo-ptz-ip-2-megapixel-4x-zoom-h-265-20-mts-ir-exir-wdr-poe-ik10-exterior-ip66-ultra-baja-iluminacion-microfono-integrado-poe-microsd-2\/","title":{"rendered":"Mini Domo PTZ IP 2 Megapixel \/ 4X Zoom \/ H.265+ \/ 20 mts IR EXIR \/ WDR \/ PoE \/ IK10 \/ Exterior IP66 \/ Ultra Baja Iluminaci\u00f3n \/ Micr\u00f3fono Integrado \/ PoE \/ microSD"},"content":{"rendered":"<div style='width: 100%; max-width: 1200px; margin: 0 auto; font-family: sans-serif; line-height: 1.6; color: inherit; background-color: transparent;'>\n<p style='text-align: center;'><img style='width: 45%; height: auto; border: 1px solid rgba(150&comma;150&comma;150&comma;0.3); border-radius: 8px;' src='http:\/\/ftp3.syscom.mx\/usuarios\/jdelafuente\/HIKVISION\/hikvision%20logo%20complete.png' alt='Logo Hikvision'><\/p>\n<div style='display: flex; flex-wrap: wrap; gap: 30px; margin: 30px 0;'>\n<div style='flex: 1 1 300px; min-width: 280px;'>\n<h3 style='font-size: 22px; border-bottom: 2px solid currentColor; padding-bottom: 5px; margin-top: 0; color: inherit; opacity: 0.8;'>Caracter\u00edsticas principales<\/h3>\n<ul style='padding-left: 20px; font-size: 15px; color: inherit;'>\n<li style='margin-bottom: 5px;'>Resoluci\u00f3n m\u00e1xima: <strong>2 Megapixel (1920 x 1080)<\/strong><\/li>\n<li style='margin-bottom: 5px;'>Iluminaci\u00f3n m\u00ednima: color <strong>0.005 Lux @ (F1.6&comma; AGC ON)<\/strong><\/li>\n<li style='margin-bottom: 5px;'>Iluminaci\u00f3n m\u00ednima: B\/N <strong>0.001 Lux @ (F1.6&comma; AGC ON)<\/strong><\/li>\n<li style='margin-bottom: 5px;'><strong>D\u00eda \/ Noche Real (filtro ICR)<\/strong><\/li>\n<li style='margin-bottom: 5px;'>Distancia focal: <strong>2.8 a 12 mm<\/strong> (\u00e1ngulo de visi\u00f3n 100.5\u00b0 a 32.6\u00b0)<\/li>\n<li style='margin-bottom: 5px;'><strong>Distancia de infrarrojo: 20 mts Smart IR EXIR<\/strong><\/li>\n<li style='margin-bottom: 5px;'>Funciones normales: <strong>WDR 120dB \/ ROI \/ EIS \/ 3D-DNR<\/strong><\/li>\n<li style='margin-bottom: 5px;'>Funciones especiales: <strong>Detecci\u00f3n de rostro \/ Intrusi\u00f3n de \u00e1rea \/ Entrada y Salida de Regi\u00f3n \/ Cruce de l\u00ednea \/ Objeto olvidado \/ Objeto removido<\/strong><\/li>\n<li style='margin-bottom: 5px;'>Compresi\u00f3n: <strong>H.265+ \/ H.265 \/ H.264+ \/ H.264<\/strong><\/li>\n<li style='margin-bottom: 5px;'><strong>Compatible con la plataforma de Hik-Connect (P2P)<\/strong><\/li>\n<li style='margin-bottom: 5px;'><strong>Micr\u00f3fono Integrado<\/strong><\/li>\n<\/ul><\/div>\n<div style='flex: 1 1 300px; min-width: 280px;'>\n<h3 style='font-size: 22px; border-bottom: 2px solid currentColor; padding-bottom: 5px; margin-top: 0; color: inherit; opacity: 0.8;'>Caracter\u00edsticas F\u00edsicas y El\u00e9ctricas<\/h3>\n<ul style='padding-left: 20px; font-size: 15px; color: inherit;'>\n<li style='margin-bottom: 5px;'>Alimentaci\u00f3n: <strong>12 Vcc \/ 11.2 W \/ PoE (802.3 af)<\/strong> \/ No incluye fuente de alimentaci\u00f3n<\/li>\n<li style='margin-bottom: 5px;'>Temperatura de operaci\u00f3n: <strong>-20\u00b0C a 60\u00b0C<\/strong> \/ Humedad al 90% m\u00e1ximo<\/li>\n<li style='margin-bottom: 5px;'><strong>Uso en Exterior \/ IP66<\/strong><\/li>\n<li style='margin-bottom: 5px;'><strong>Antivandalismo IK10<\/strong><\/li>\n<li style='margin-bottom: 5px;'><strong>Protecci\u00f3n contra sobretensiones y protecci\u00f3n contra voltajes transitorios<\/strong><\/li>\n<li style='margin-bottom: 5px;'>Dimensiones: <strong>130.7 x 101.7 mm<\/strong><\/li>\n<li style='margin-bottom: 5px;'>Peso: <strong>530 gramos<\/strong><\/li>\n<\/ul>\n<h4 style='font-size: 18px; margin-top: 20px; margin-bottom: 10px; color: inherit;'>Accesorios<\/h4>\n<ul style='padding-left: 20px; font-size: 15px; color: inherit;'>\n<li style='margin-bottom: 5px;'>Montaje de pared para interior&comma; modelo: <a href='https:\/\/www.syscom.mx\/producto\/DS-1294ZJ-PT-HIKVISION-159413.html' target='_blank' rel='noopener' style='color: inherit; text-decoration: underline;'>DS-1294ZJ-PT<\/a><\/li>\n<li style='margin-bottom: 5px;'>Inyector Super Hi-PoE&comma; modelo: <a href='https:\/\/www.syscom.mx\/producto\/LAS60-57CN-RJ45-HIKVISION-72655.html' target='_blank' rel='noopener' style='color: inherit; text-decoration: underline;'>LAS60-57CN-RJ45<\/a><\/li>\n<li style='margin-bottom: 5px;'>Montaje colgante para Interior&comma; modelo: <a href='https:\/\/www.syscom.mx\/producto\/DS-1299ZJ-HIKVISION-161214.html' target='_blank' rel='noopener' style='color: inherit; text-decoration: underline;'>DS-1299ZJ<\/a><\/li>\n<li style='margin-bottom: 5px;'>Montaje Colgante Extendible de 2 mts&comma; modelo: <a href='https:\/\/www.syscom.mx\/producto\/DS-1297ZJ-HIKVISION-84932.html' target='_blank' rel='noopener' style='color: inherit; text-decoration: underline;'>DS-1297ZJ<\/a><\/li>\n<\/ul><\/div>\n<div style='flex: 1 1 300px; min-width: 280px;'>\n<h3 style='font-size: 22px; border-bottom: 2px solid currentColor; padding-bottom: 5px; margin-top: 0; color: inherit; opacity: 0.8;'>Entradas y Salidas de Audio \/ Alarmas \/ Almacenamiento \/ Red<\/h3>\n<ul style='padding-left: 20px; font-size: 15px; color: inherit;'>\n<li style='margin-bottom: 5px;'>Entradas de alarma: <strong>N\/A<\/strong><\/li>\n<li style='margin-bottom: 5px;'>Salidas de alarma: <strong>N\/A<\/strong><\/li>\n<li style='margin-bottom: 5px;'>Entradas de audio: <strong>1<\/strong><\/li>\n<li style='margin-bottom: 5px;'><strong>Micr\u00f3fono integrado<\/strong><\/li>\n<li style='margin-bottom: 5px;'>Salidas de audio: <strong>1<\/strong><\/li>\n<li style='margin-bottom: 5px;'>Puerto de red: <strong>1 (10 \/ 100 Mbps)<\/strong><\/li>\n<li style='margin-bottom: 5px;'>Almacenamiento: <strong>micro SD de hasta 256 GB \/ ANR (Automatic Network Recovery)<\/strong><\/li>\n<li style='margin-bottom: 5px;'>Soporta: <strong>ONVIF (Profile S&comma; Profile G&comma; Profile T) \/ ISAPI \/ SDK<\/strong><\/li>\n<li style='margin-bottom: 5px;'><strong>No soporta recorridos (Preset\/Pattern \/Patrol \/Park Act)<\/strong><\/li>\n<\/ul><\/div>\n<\/p><\/div>\n<hr style='border: 0; border-top: 1px solid rgba(150&comma; 150&comma; 150&comma; 0.3); margin: 30px 0;'>\n<p>&#8212;<\/p>\n<p style='text-align: center;'><img style='width: 100%; height: auto; border: 1px solid rgba(150&comma;150&comma;150&comma;0.3); border-radius: 8px;' src='https:\/\/ftp3.syscom.mx\/usuarios\/jsosa\/HIKVISION\/imagenes\/banners\/solution%20complete.png' alt='Banner Hikvision'><\/p>\n<\/p><\/div>\n","protected":false},"excerpt":{"rendered":"<p>Mini Domo PTZ IP 2 Megapixel \/ 4X Zoom \/ H.265+ \/ 20 mts IR EXIR \/ WDR \/ PoE \/ IK10 \/ Exterior IP66 \/ Ultra Baja Iluminaci\u00f3n \/ Micr\u00f3fono Integrado \/ PoE \/ microSD<\/p>\n","protected":false},"featured_media":106997,"comment_status":"open","ping_status":"closed","template":"","meta":[],"product_brand":[],"product_cat":[1224],"product_tag":[122,54,1225],"class_list":{"0":"post-106998","1":"product","2":"type-product","3":"status-publish","4":"has-post-thumbnail","6":"product_cat-ptz","7":"product_tag-camaras-ip-y-nvrs","8":"product_tag-hikvision","9":"product_tag-ptz","11":"first","12":"instock","13":"sale","14":"shipping-taxable","15":"purchasable","16":"product-type-simple"},"_links":{"self":[{"href":"https:\/\/soydeaqui.ddns.net\/pachuca\/index.php\/wp-json\/wp\/v2\/product\/106998","targetHints":{"allow":["GET"]}}],"collection":[{"href":"https:\/\/soydeaqui.ddns.net\/pachuca\/index.php\/wp-json\/wp\/v2\/product"}],"about":[{"href":"https:\/\/soydeaqui.ddns.net\/pachuca\/index.php\/wp-json\/wp\/v2\/types\/product"}],"replies":[{"embeddable":true,"href":"https:\/\/soydeaqui.ddns.net\/pachuca\/index.php\/wp-json\/wp\/v2\/comments?post=106998"}],"wp:featuredmedia":[{"embeddable":true,"href":"https:\/\/soydeaqui.ddns.net\/pachuca\/index.php\/wp-json\/wp\/v2\/media\/106997"}],"wp:attachment":[{"href":"https:\/\/soydeaqui.ddns.net\/pachuca\/index.php\/wp-json\/wp\/v2\/media?parent=106998"}],"wp:term":[{"taxonomy":"product_brand","embeddable":true,"href":"https:\/\/soydeaqui.ddns.net\/pachuca\/index.php\/wp-json\/wp\/v2\/product_brand?post=106998"},{"taxonomy":"product_cat","embeddable":true,"href":"https:\/\/soydeaqui.ddns.net\/pachuca\/index.php\/wp-json\/wp\/v2\/product_cat?post=106998"},{"taxonomy":"product_tag","embeddable":true,"href":"https:\/\/soydeaqui.ddns.net\/pachuca\/index.php\/wp-json\/wp\/v2\/product_tag?post=106998"}],"curies":[{"name":"wp","href":"https:\/\/api.w.org\/{rel}","templated":true}]}}