{"id":106985,"date":"2026-03-20T16:44:46","date_gmt":"2026-03-20T16:44:46","guid":{"rendered":"https:\/\/soydeaqui.ddns.net\/pachuca\/index.php\/producto\/domo-ip-2-megapixel-lente-2-8-mm-30-mts-ir-exterior-ip66-wi-fi-wdr-120-db-h-265-microfono-y-bocina-interconstruido-microsd\/"},"modified":"2026-03-20T16:45:02","modified_gmt":"2026-03-20T16:45:02","slug":"domo-ip-2-megapixel-lente-2-8-mm-30-mts-ir-exterior-ip66-wi-fi-wdr-120-db-h-265-microfono-y-bocina-interconstruido-microsd","status":"publish","type":"product","link":"https:\/\/soydeaqui.ddns.net\/pachuca\/index.php\/producto\/domo-ip-2-megapixel-lente-2-8-mm-30-mts-ir-exterior-ip66-wi-fi-wdr-120-db-h-265-microfono-y-bocina-interconstruido-microsd\/","title":{"rendered":"Domo IP 2 Megapixel \/ Lente 2.8 mm \/ 30 mts IR \/ Exterior IP66 \/ Wi-Fi \/ WDR 120 dB \/ H.265+ \/ Micr\u00f3fono y Bocina Interconstruido \/ MicroSD"},"content":{"rendered":"<div style='width: 100%; max-width: 1200px; margin: 0 auto; font-family: sans-serif; line-height: 1.6; color: inherit; background-color: transparent;'>\n<p style='text-align: center; margin: 0;'><img style='width: 45%; height: auto; border: 1px solid rgba(150&comma;150&comma;150&comma;0.3); border-radius: 8px;' src='https:\/\/ftp3.syscom.mx\/usuarios\/jsosa\/HIKVISION\/imagenes\/logo\/hikvision%20see%20far.png' alt='Logo Hikvision'><\/p>\n<div style='display: flex; flex-wrap: wrap; gap: 30px; margin-top: 30px;'>\n<div style='flex: 1 1 400px; min-width: 280px;'>\n<div style='border: 1px solid rgba(150&comma; 150&comma; 150&comma; 0.4); border-radius: 8px; overflow: hidden; display: flex; flex-direction: column;'>\n<div style='padding: 15px; border-bottom: 1px solid rgba(150&comma; 150&comma; 150&comma; 0.2); font-weight: bold; font-size: 18px; color: inherit; background-color: rgba(223&comma; 0&comma; 30&comma; 0.9);'>Caracter\u00edsticas Principales<\/div>\n<div style='padding: 15px; color: inherit;'>\n<ul style='padding-left: 20px; margin: 0; font-size: 14px; list-style-type: disc;'>\n<li style='margin-bottom: 5px;'><span style='color: inherit; font-family: verdana&comma; geneva&comma; sans-serif;'>Resoluci\u00f3n m\u00e1xima: 2 Megapixel (1920 \u00d7 1080).<\/span><\/li>\n<li style='margin-bottom: 5px;'><span style='color: inherit; font-family: verdana&comma; geneva&comma; sans-serif;'>Iluminaci\u00f3n m\u00ednima: color 0.005 lux @ (F1.6; AGC ON).<\/span><\/li>\n<li style='margin-bottom: 5px;'><span style='color: inherit; font-family: verdana&comma; geneva&comma; sans-serif;'>Dia \/ Noche Real (filtro ICR).<\/span><\/li>\n<li style='margin-bottom: 5px;'><span style='color: inherit; font-family: verdana&comma; geneva&comma; sans-serif;'>Lente 2.8 mm (\u00e1ngulo de apertura 107\u00b0).<\/span><\/li>\n<li style='margin-bottom: 5px;'><span style='color: inherit; font-family: verdana&comma; geneva&comma; sans-serif;'>Cuenta con antena WiFi.<\/span><\/li>\n<li style='margin-bottom: 5px;'><span style='color: inherit; font-family: verdana&comma; geneva&comma; sans-serif;'>Distancia de infrarrojos: 30 mts IR EXIR.<\/span><\/li>\n<li style='margin-bottom: 5px;'><span style='color: inherit; font-family: verdana&comma; geneva&comma; sans-serif;'>Funciones normales: WDR 120 dB \/ BLC \/ HLC \/ 3D DNR.<\/span><\/li>\n<li style='margin-bottom: 5px;'><span style='color: inherit; font-family: verdana&comma; geneva&comma; sans-serif;'>Compresi\u00f3n: H.265 \/ H.264.<\/span><\/li>\n<\/ul><\/div>\n<\/p><\/div>\n<div style='border: 1px solid rgba(150&comma; 150&comma; 150&comma; 0.4); border-radius: 8px; overflow: hidden; display: flex; flex-direction: column; margin-top: 20px;'>\n<div style='padding: 15px; border-bottom: 1px solid rgba(150&comma; 150&comma; 150&comma; 0.2); font-weight: bold; font-size: 18px; color: inherit; background-color: rgba(223&comma; 0&comma; 30&comma; 0.9);'>Entradas y Salidas de Audio \/ Alarmas \/ Red \/ Almacenamiento<\/div>\n<div style='padding: 15px; color: inherit;'>\n<ul style='padding-left: 20px; margin: 0; font-size: 14px; list-style-type: disc;'>\n<li style='margin-bottom: 5px;'><span style='color: inherit; font-family: verdana&comma; geneva&comma; sans-serif;'>Entradas de alarma: N\/A.<\/span><\/li>\n<li style='margin-bottom: 5px;'><span style='color: inherit; font-family: verdana&comma; geneva&comma; sans-serif;'>Salidas de alarma: N\/A<\/span><\/li>\n<li style='margin-bottom: 5px;'><span style='color: inherit; font-family: verdana&comma; geneva&comma; sans-serif;'>Entradas de audio: N\/A.<\/span><\/li>\n<li style='margin-bottom: 5px;'><span style='color: inherit; font-family: verdana&comma; geneva&comma; sans-serif;'>Salidas de audio: N\/A.<\/span><\/li>\n<li style='margin-bottom: 5px;'><strong><span style='color: inherit; font-family: verdana&comma; geneva&comma; sans-serif;'>Micr\u00f3fono y altavoz integrado: (audio de 2 V\u00edas)<\/span><\/strong><\/li>\n<li style='margin-bottom: 5px;'><span style='color: inherit; font-family: verdana&comma; geneva&comma; sans-serif;'>Puerto de red: 1 (10 \/ 100 Mbps).<\/span><\/li>\n<li style='margin-bottom: 5px;'><span style='color: inherit; font-family: verdana&comma; geneva&comma; sans-serif;'>Almacenamiento micro SD de hasta 256 GB (memoria no incluida).<\/span><\/li>\n<li style='margin-bottom: 5px;'><span style='color: inherit; font-family: verdana&comma; geneva&comma; sans-serif;'>Soporta ONVIF \/ ISAPI \/ CGI.<\/span><\/li>\n<\/ul><\/div>\n<\/p><\/div>\n<\/p><\/div>\n<div style='flex: 1 1 400px; min-width: 280px;'>\n<div style='border: 1px solid rgba(150&comma; 150&comma; 150&comma; 0.4); border-radius: 8px; overflow: hidden; display: flex; flex-direction: column;'>\n<div style='padding: 15px; border-bottom: 1px solid rgba(150&comma; 150&comma; 150&comma; 0.2); font-weight: bold; font-size: 18px; color: inherit; background-color: rgba(223&comma; 0&comma; 30&comma; 0.9);'>Caracter\u00edsticas F\u00edsicas y El\u00e9ctricas<\/div>\n<div style='padding: 15px; color: inherit;'>\n<ul style='padding-left: 20px; margin: 0; font-size: 14px; list-style-type: disc;'>\n<li style='margin-bottom: 5px;'><span style='color: inherit; font-family: verdana&comma; geneva&comma; sans-serif;'>Alimentaci\u00f3n: 12 Vcc \/ 7.2 W (No soporta PoE).<\/span><\/li>\n<li style='margin-bottom: 5px;'><span style='color: inherit; font-family: verdana&comma; geneva&comma; sans-serif;'>Incluye fuente de alimentaci\u00f3n (12 VCD a 1 Amp).<\/span><\/li>\n<li style='margin-bottom: 5px;'><span style='color: inherit; font-family: verdana&comma; geneva&comma; sans-serif;'>Temperatura de operaci\u00f3n: -30\u00b0C a 60\u00b0C.<\/span><\/li>\n<li style='margin-bottom: 5px;'><span style='color: inherit; font-family: verdana&comma; geneva&comma; sans-serif;'>Uso en exterior IP66.<\/span><\/li>\n<li style='margin-bottom: 5px;'><span style='color: inherit; font-family: verdana&comma; geneva&comma; sans-serif;'>Dimensiones: 126.0 x 96.1 mm.<\/span><\/li>\n<li style='margin-bottom: 5px;'><span style='color: inherit; font-family: verdana&comma; geneva&comma; sans-serif;'>Peso: 590 gramos.<\/span><\/li>\n<\/ul><\/div>\n<\/p><\/div>\n<div style='border: 1px solid rgba(150&comma; 150&comma; 150&comma; 0.4); border-radius: 8px; overflow: hidden; display: flex; flex-direction: column; margin-top: 20px;'>\n<div style='padding: 15px; border-bottom: 1px solid rgba(150&comma; 150&comma; 150&comma; 0.2); font-weight: bold; font-size: 18px; color: inherit; background-color: rgba(223&comma; 0&comma; 30&comma; 0.9);'>Accesorios Compatibles<\/div>\n<div style='padding: 15px; color: inherit;'>\n<ul style='padding-left: 20px; margin: 0; font-size: 14px; list-style-type: disc;'>\n<li style='margin-bottom: 5px;'><span style='color: inherit; font-family: verdana&comma; geneva&comma; sans-serif;'>Consulte la ficha t\u00e9cnica para validar los accesorios compatibles&comma; de clic <a style='color: inherit; text-decoration: underline;' href='https:\/\/ftp3.syscom.mx\/usuarios\/fcarrillo\/Hikvision\/Specs\/Especificaciones%20Tecnicas%20DS-2CV2121G2-IDW_%28E%29_V5.7.1_20211126.pdf?_gl=1*251dqt*_gcl_au*MTc3NjMxMDk4MS4xNzUwMTgxMDMx' target='_blank' rel='noopener'>Aqu\u00ed<\/a><\/span><\/li>\n<\/ul><\/div>\n<\/p><\/div>\n<\/p><\/div>\n<\/p><\/div>\n<div style='border: 1px solid rgba(150&comma; 150&comma; 150&comma; 0.4); border-radius: 8px; overflow: hidden; display: flex; flex-direction: column; margin-top: 30px;'>\n<div style='padding: 15px; border-bottom: 1px solid rgba(150&comma; 150&comma; 150&comma; 0.2); font-weight: bold; font-size: 18px; color: inherit; background-color: rgba(223&comma; 0&comma; 30&comma; 0.9);'>Caracter\u00edsticas Destacadas<\/div>\n<div style='padding: 15px; color: inherit;'>\n<ul style='padding-left: 20px; margin: 0; font-size: 14px; list-style-type: disc;'>\n<li style='margin-bottom: 10px;'><span style='color: inherit; font-family: verdana&comma; geneva&comma; sans-serif; font-weight: bold;'>No se puede agregar directamente a la plataforma de Hik-Connect (WiFi)&comma; requiere un NVR\/DVR. Se puede agregar de manera directa a Hik-Connect de manera cableada (LAN).<\/span><\/li>\n<li style='margin-bottom: 10px;'><span style='color: inherit; font-family: verdana&comma; geneva&comma; sans-serif; font-weight: bold;'>Para obtener audio de dos v\u00edas se recomienda:<\/span>\n<ul style='padding-left: 20px; margin-top: 8px; margin-bottom: 8px;'>\n<li style='margin-bottom: 5px;'><span style='color: inherit; font-family: verdana&comma; geneva&comma; sans-serif; font-weight: bold;'>Usar NVR serie NXI-K &comma; NXI-M&comma; NXI-Q (ejemplo DS-76&comma; DS-77 y DS-96) si la c\u00e1mara estar\u00e1 por WiFi.<\/span><\/li>\n<li style='margin-bottom: 5px;'><span style='color: inherit; font-family: verdana&comma; geneva&comma; sans-serif; font-weight: bold;'>Usar la c\u00e1mara de manera cableada (LAN) a Hik-Connect.<\/span><\/li>\n<\/ul>\n<\/li>\n<li style='margin-bottom: 10px;'><span style='color: inherit; font-family: verdana&comma; geneva&comma; sans-serif; font-weight: bold;'>No soporta modo repetidor (extendido).<\/span><\/li>\n<li style='margin-bottom: 10px;'><span style='color: inherit; font-family: verdana&comma; geneva&comma; sans-serif; font-weight: bold;'>Para un mejor desempe\u00f1o con los modelos DS-7104NI-K1\/W\/M(C)&comma; DS-7108NI-K1\/W\/M(C) se recomienda actualizar las c\u00e1maras a la versi\u00f3n de firmware <a style='color: inherit; text-decoration: underline;' href='https:\/\/ftp3.syscom.mx\/usuarios\/fcarrillo\/Hikvision\/FW\/IPCKR_G3_EN_STD_5.5.800_210719%28DS-2CV2XX1G2-IDW%28D%29%29.zip' target='_blank' rel='noopener'>V.5.5.800<\/a><\/span><\/li>\n<\/ul><\/div>\n<\/p><\/div>\n<p style='text-align: center; margin-top: 30px; margin-bottom: 0;'><img style='width: 100%; height: auto; border: 1px solid rgba(150&comma;150&comma;150&comma;0.3); border-radius: 8px;' src='https:\/\/ftp3.syscom.mx\/usuarios\/jsosa\/HIKVISION\/imagenes\/banners\/solution%20complete.png' alt='Soluci\u00f3n completa Hikvision'><\/p>\n<\/p><\/div>\n","protected":false},"excerpt":{"rendered":"<p>Domo IP 2 Megapixel \/ Lente 2.8 mm \/ 30 mts IR \/ Exterior IP66 \/ Wi-Fi \/ WDR 120 dB \/ H.265+ \/ Micr\u00f3fono y Bocina Interconstruido \/ MicroSD<\/p>\n","protected":false},"featured_media":106984,"comment_status":"open","ping_status":"closed","template":"","meta":[],"product_brand":[],"product_cat":[121],"product_tag":[122,54,123],"class_list":{"0":"post-106985","1":"product","2":"type-product","3":"status-publish","4":"has-post-thumbnail","6":"product_cat-wifi-4g-inalambricas","7":"product_tag-camaras-ip-y-nvrs","8":"product_tag-hikvision","9":"product_tag-wifi-4g-inalambricas","11":"first","12":"outofstock","13":"sale","14":"shipping-taxable","15":"purchasable","16":"product-type-simple"},"_links":{"self":[{"href":"https:\/\/soydeaqui.ddns.net\/pachuca\/index.php\/wp-json\/wp\/v2\/product\/106985","targetHints":{"allow":["GET"]}}],"collection":[{"href":"https:\/\/soydeaqui.ddns.net\/pachuca\/index.php\/wp-json\/wp\/v2\/product"}],"about":[{"href":"https:\/\/soydeaqui.ddns.net\/pachuca\/index.php\/wp-json\/wp\/v2\/types\/product"}],"replies":[{"embeddable":true,"href":"https:\/\/soydeaqui.ddns.net\/pachuca\/index.php\/wp-json\/wp\/v2\/comments?post=106985"}],"wp:featuredmedia":[{"embeddable":true,"href":"https:\/\/soydeaqui.ddns.net\/pachuca\/index.php\/wp-json\/wp\/v2\/media\/106984"}],"wp:attachment":[{"href":"https:\/\/soydeaqui.ddns.net\/pachuca\/index.php\/wp-json\/wp\/v2\/media?parent=106985"}],"wp:term":[{"taxonomy":"product_brand","embeddable":true,"href":"https:\/\/soydeaqui.ddns.net\/pachuca\/index.php\/wp-json\/wp\/v2\/product_brand?post=106985"},{"taxonomy":"product_cat","embeddable":true,"href":"https:\/\/soydeaqui.ddns.net\/pachuca\/index.php\/wp-json\/wp\/v2\/product_cat?post=106985"},{"taxonomy":"product_tag","embeddable":true,"href":"https:\/\/soydeaqui.ddns.net\/pachuca\/index.php\/wp-json\/wp\/v2\/product_tag?post=106985"}],"curies":[{"name":"wp","href":"https:\/\/api.w.org\/{rel}","templated":true}]}}