{"id":106973,"date":"2026-03-20T16:44:11","date_gmt":"2026-03-20T16:44:11","guid":{"rendered":"https:\/\/soydeaqui.ddns.net\/pachuca\/index.php\/producto\/videoportero-sip-para-control-de-acceso-teclado-numerico-iluminado-2-relevadores-anti-vandalico-ip66-y-ik07-poe\/"},"modified":"2026-03-20T16:44:25","modified_gmt":"2026-03-20T16:44:25","slug":"videoportero-sip-para-control-de-acceso-teclado-numerico-iluminado-2-relevadores-anti-vandalico-ip66-y-ik07-poe","status":"publish","type":"product","link":"https:\/\/soydeaqui.ddns.net\/pachuca\/index.php\/producto\/videoportero-sip-para-control-de-acceso-teclado-numerico-iluminado-2-relevadores-anti-vandalico-ip66-y-ik07-poe\/","title":{"rendered":"Videoportero SIP para Control de Acceso, Teclado num\u00e9rico iluminado, 2 relevadores, anti-vand\u00e1lico, IP66 y IK07, PoE"},"content":{"rendered":"<div style='width: 100%; max-width: 1200px; margin: 0 auto; font-family: sans-serif; line-height: 1.6; color: inherit; background-color: transparent;'> <!-- Encabezado rojo con t\u00edtulo --> <\/p>\n<div style='background-color: #cb3234; color: white; text-align: center; padding: 30px 15px;'>\n<h1 style='margin: 0; font-size: 32px; color: inherit; opacity: 1;'>Videoportero Fanvil i64<\/h1>\n<p style='margin: 0; font-size: 18px; color: inherit; opacity: 0.9;'>2MP | IP66 | Control de acceso | 10&comma;000 tarjetas RFID | PoE<\/p>\n<\/p><\/div>\n<p> <!-- Secci\u00f3n de gu\u00edas de configuraci\u00f3n --> <\/p>\n<div style='margin-bottom: 30px; padding: 0 15px;'>\n<h2 style='font-size: 22px; border-bottom: 2px solid currentColor; padding-bottom: 5px; margin-top: 0; color: inherit; opacity: 0.8; text-align: center;'>Gu\u00edas de Configuraci\u00f3n<\/h2>\n<ul style='list-style-type: none; padding: 0; text-align: center; font-size: 15px; margin: 20px 0 0 0;'>\n<li style='margin-bottom: 10px;'><a style='color: inherit; opacity: 0.8; text-decoration: none;' href='https:\/\/soporte.syscom.mx\/es\/articles\/2612033-fanvil-registro-de-extensiones-sip-en-telefonos-fanvil' target='_blank' rel='noopener'>Gu\u00eda para Registrar Videoporteros FANVIL en Conmutadores GRANDSTREAM<\/a><\/li>\n<li style='margin-bottom: 10px;'><a style='color: inherit; opacity: 0.8; text-decoration: none;' href='https:\/\/soporte.syscom.mx\/es\/articles\/7892816-yeastar-aprovisionar-telefonos-fanvil-con-conmutador-yeastar' target='_blank' rel='noopener'>Gu\u00eda para registrar Videoporteros FANVIL en conmutadores YEASTAR<\/a><\/li>\n<li style='margin-bottom: 10px;'><a style='color: inherit; opacity: 0.8; text-decoration: none;' href='https:\/\/soporte.syscom.mx\/es\/articles\/9441563-fanvil-solucion-de-integracion-de-monitores-con-frente-de-calle-i62-para-control-de-acceso' target='_blank' rel='noopener'>Instalaci\u00f3n de control de acceso (Chapa el\u00e9ctrica&comma; bot\u00f3n no touch)<\/a><\/li>\n<li style='margin-bottom: 10px;'><a style='color: inherit; opacity: 0.8; text-decoration: none;' href='https:\/\/soporte.syscom.mx\/es\/articles\/9375504-fanvil-integracion-de-videoporteros-con-nvr-hikvision-por-protocolo-onvif' target='_blank' rel='noopener'>Integraci\u00f3n con NVR Hikvision v\u00eda ONVIF<\/a><\/li>\n<\/ul><\/div>\n<p> <!-- Separador --> <\/p>\n<hr style='border: 0; border-top: 1px solid rgba(150&comma; 150&comma; 150&comma; 0.3); margin: 30px 0;'> <!-- Secci\u00f3n de videos --> <\/p>\n<div style='margin-bottom: 30px; padding: 0 15px;'>\n<h2 style='font-size: 22px; border-bottom: 2px solid currentColor; padding-bottom: 5px; margin-top: 0; margin-bottom: 20px; color: inherit; opacity: 0.8; text-align: center;'>Videos Demostrativos<\/h2>\n<div style='display: flex; flex-wrap: wrap; gap: 20px; justify-content: center;'>\n<div style='flex: 1 1 45%; min-width: 300px;'>\n<div style='position: relative; padding-bottom: 56.25%; height: 0; overflow: hidden;'>   <\/div>\n<\/p><\/div>\n<div style='flex: 1 1 45%; min-width: 300px;'>\n<div style='position: relative; padding-bottom: 56.25%; height: 0; overflow: hidden;'>   <\/div>\n<\/p><\/div>\n<\/p><\/div>\n<\/p><\/div>\n<p> <!-- Separador --> <\/p>\n<hr style='border: 0; border-top: 1px solid rgba(150&comma; 150&comma; 150&comma; 0.3); margin: 30px 0;'> <!-- Secci\u00f3n de diagrama de conexi\u00f3n --> <\/p>\n<div style='margin-bottom: 30px; padding: 0 15px;'>\n<h2 style='font-size: 22px; border-bottom: 2px solid currentColor; padding-bottom: 5px; margin-top: 0; margin-bottom: 20px; color: inherit; opacity: 0.8; text-align: center;'>Diagrama de Conexi\u00f3n<\/h2>\n<p> <img style='width: 100%; height: auto; border: 1px solid rgba(150&comma;150&comma;150&comma;0.3); border-radius: 8px; max-width: 900px; display: block; margin: 20px auto;' src='https:\/\/ftp3.syscom.mx\/usuarios\/fotos\/I62\/205480-diagram-i64.png' alt='Diagrama de conexi\u00f3n para chapa el\u00e9ctrica y bot\u00f3n no touch'> <\/div>\n<p> <!-- Separador --> <\/p>\n<hr style='border: 0; border-top: 1px solid rgba(150&comma; 150&comma; 150&comma; 0.3); margin: 30px 0;'> <!-- Secci\u00f3n de descripci\u00f3n general --> <\/p>\n<div style='margin-bottom: 30px; padding: 0 15px;'>\n<h2 style='font-size: 22px; border-bottom: 2px solid currentColor; padding-bottom: 5px; margin-top: 0; margin-bottom: 20px; color: inherit; opacity: 0.8;'>Descripci\u00f3n General<\/h2>\n<p style='font-size: 15px; color: inherit; text-align: justify; text-justify: inter-word;'>Basado en los protocolos SIP y ONVIF&comma; i64 es un videoportero que integra potentes funcionalidades de control de acceso&comma; intercomunicaci\u00f3n y protecci\u00f3n de seguridad. Con un dise\u00f1o de aleaci\u00f3n de aluminio y un teclado num\u00e9rico iluminado&comma; ofrece una apariencia lujosa de alta calidad. Con alto nivel de protecci\u00f3n IP66 e IK07&comma; es resistente al agua&comma; al polvo y anticolisi\u00f3n en la mayor\u00eda de los entornos al aire libre.<\/p>\n<\/p><\/div>\n<p> <!-- Separador --> <\/p>\n<hr style='border: 0; border-top: 1px solid rgba(150&comma; 150&comma; 150&comma; 0.3); margin: 30px 0;'> <!-- Secci\u00f3n de caracter\u00edsticas --> <\/p>\n<div style='display: flex; flex-wrap: wrap; gap: 30px; margin-bottom: 30px; padding: 0 15px;'>\n<div style='flex: 1 1 300px; min-width: 280px;'>\n<h3 style='font-size: 18px; border-bottom: 2px solid currentColor; padding-bottom: 5px; margin-top: 0; color: inherit; opacity: 0.8;'>Caracter\u00edsticas principales<\/h3>\n<ul style='padding-left: 20px; font-size: 14px; color: inherit;'>\n<li style='margin-bottom: 5px;'>C\u00e1mara 2 Megap\u00edxeles<\/li>\n<li style='margin-bottom: 5px;'>2 cuentas SIP<\/li>\n<li style='margin-bottom: 5px;'>PoE habilitado<\/li>\n<li style='margin-bottom: 5px;'>Carcasa de aleaci\u00f3n de aluminio<\/li>\n<li style='margin-bottom: 5px;'>Protecci\u00f3n IP66 &#8211; IK07<\/li>\n<li style='margin-bottom: 5px;'>Temperatura: -40\u00b0C a 70\u00b0C<\/li>\n<li style='margin-bottom: 5px;'>Teclado num\u00e9rico iluminado<\/li>\n<li style='margin-bottom: 5px;'>10&comma;000 tarjetas de acceso<\/li>\n<li style='margin-bottom: 5px;'>Reducci\u00f3n de ruido con MICs duales<\/li>\n<li style='margin-bottom: 5px;'>2 salidas de cortocircuito<\/li>\n<li style='margin-bottom: 5px;'>3 entradas de cortocircuito<\/li>\n<li style='margin-bottom: 5px;'>M\u00e9todos de desbloqueo: DTMF&comma; RFID&comma; temporizado<\/li>\n<\/ul><\/div>\n<div style='flex: 1 1 300px; min-width: 280px;'>\n<h3 style='font-size: 18px; border-bottom: 2px solid currentColor; padding-bottom: 5px; margin-top: 0; color: inherit; opacity: 0.8;'>Caracter\u00edsticas F\u00edsicas<\/h3>\n<ul style='padding-left: 20px; font-size: 14px; color: inherit;'>\n<li style='margin-bottom: 5px;'><strong>Alimentaci\u00f3n:<\/strong> PoE 802.3af o 12Vcc 1.0A<\/li>\n<li style='margin-bottom: 5px;'><strong>Montaje:<\/strong> En pared<\/li>\n<li style='margin-bottom: 5px;'><strong>Protecci\u00f3n:<\/strong> IP66 \/ IK07<\/li>\n<li style='margin-bottom: 5px;'><strong>Temperatura:<\/strong> -40\u00b0C ~ 70\u00b0C<\/li>\n<li style='margin-bottom: 5px;'><strong>Dimensiones:<\/strong> 177.4\u00d788\u00d736.15 mm<\/li>\n<li style='margin-bottom: 5px;'><strong>Puertos de control:<\/strong> 2 rel\u00e9s<\/li>\n<li style='margin-bottom: 5px;'><strong>Rel\u00e9:<\/strong> MAX DC30V\/2A&comma; AC125V\/0.5A<\/li>\n<\/ul><\/div>\n<div style='flex: 1 1 300px; min-width: 280px;'>\n<h3 style='font-size: 18px; border-bottom: 2px solid currentColor; padding-bottom: 5px; margin-top: 0; color: inherit; opacity: 0.8;'>Caracter\u00edsticas de Red<\/h3>\n<ul style='padding-left: 20px; font-size: 14px; color: inherit;'>\n<li style='margin-bottom: 5px;'>Ethernet 10\/100 Mbps<\/li>\n<li style='margin-bottom: 5px;'>Configuraci\u00f3n IP: Est\u00e1tico\/DHCP\/PPPoE<\/li>\n<li style='margin-bottom: 5px;'>VPN: L2TP\/OpenVPN<\/li>\n<li style='margin-bottom: 5px;'>VLAN<\/li>\n<li style='margin-bottom: 5px;'>OpenVPN<\/li>\n<li style='margin-bottom: 5px;'>SIP v1\/v2 sobre UDP\/TCP<\/li>\n<\/ul><\/div>\n<\/p><\/div>\n<p> <!-- Separador --> <\/p>\n<hr style='border: 0; border-top: 1px solid rgba(150&comma; 150&comma; 150&comma; 0.3); margin: 30px 0;'> <!-- Secci\u00f3n de galer\u00eda de im\u00e1genes --> <\/p>\n<div style='margin-bottom: 30px; padding: 0 15px;'>\n<h2 style='font-size: 22px; border-bottom: 2px solid currentColor; padding-bottom: 5px; margin-top: 0; margin-bottom: 20px; color: inherit; opacity: 0.8; text-align: center;'>Galer\u00eda de Im\u00e1genes<\/h2>\n<div style='display: flex; flex-wrap: wrap; gap: 20px; justify-content: center;'> <img style='width: 100%; height: auto; border: 1px solid rgba(150&comma;150&comma;150&comma;0.3); border-radius: 8px; max-width: 900px;' src='https:\/\/www.fanvil.com\/upload\/images\/20220321\/1459h04pj4.jpg' alt='Videoportero Fanvil i64 vista frontal'> <img style='width: 100%; height: auto; border: 1px solid rgba(150&comma;150&comma;150&comma;0.3); border-radius: 8px; max-width: 900px;' src='https:\/\/fanvil.com\/upload\/images\/20240125\/110480b826.jpg' alt='Detalles de instalaci\u00f3n i64'> <img style='width: 100%; height: auto; border: 1px solid rgba(150&comma;150&comma;150&comma;0.3); border-radius: 8px; max-width: 900px;' src='https:\/\/fanvil.com\/upload\/images\/20220523\/1403hp42zv.jpg' alt='Aplicaciones del i64 en edificios'> <\/div>\n<\/p><\/div>\n<p> <!-- Separador --> <\/p>\n<hr style='border: 0; border-top: 1px solid rgba(150&comma; 150&comma; 150&comma; 0.3); margin: 30px 0;'> <!-- Secci\u00f3n de compatibilidad --> <\/p>\n<div style='margin-bottom: 30px; padding: 0 15px;'>\n<h2 style='font-size: 22px; border-bottom: 2px solid currentColor; padding-bottom: 5px; margin-top: 0; margin-bottom: 20px; color: inherit; opacity: 0.8; text-align: center;'>Compatibilidad<\/h2>\n<div style='display: flex; flex-wrap: wrap; gap: 30px; align-items: center; justify-content: center;'>\n<div style='flex: 1 1 500px; max-width: 600px;'> <img style='width: 100%; height: auto; border: 1px solid rgba(150&comma;150&comma;150&comma;0.3); border-radius: 8px;' src='https:\/\/ftp3.syscom.mx\/usuarios\/fotos\/X3U\/174449-marcas.png' alt='Marcas compatibles con Fanvil i64'> <\/div>\n<div style='flex: 1 1 300px;'>\n<h3 style='font-size: 18px; border-bottom: 2px solid currentColor; padding-bottom: 5px; margin-top: 0; margin-bottom: 15px; color: inherit; opacity: 0.8;'>Compatibilidad con IP-PBX<\/h3>\n<ul style='padding-left: 20px; font-size: 14px; color: inherit;'>\n<li style='margin-bottom: 5px;'><strong>3CX<\/strong><\/li>\n<li style='margin-bottom: 5px;'><strong>Grandstream<\/strong> (compatibilidad total)<\/li>\n<li style='margin-bottom: 5px;'>Avaya<\/li>\n<li style='margin-bottom: 5px;'>Yeastar<\/li>\n<li style='margin-bottom: 5px;'>Asterisk<\/li>\n<\/ul><\/div>\n<\/p><\/div>\n<\/p><\/div>\n<p> <!-- Separador --> <\/p>\n<hr style='border: 0; border-top: 1px solid rgba(150&comma; 150&comma; 150&comma; 0.3); margin: 30px 0;'> <!-- Secci\u00f3n de topolog\u00eda de bot\u00f3n de p\u00e1nico --> <\/p>\n<div style='margin-bottom: 30px; padding: 0 15px;'>\n<h2 style='font-size: 22px; border-bottom: 2px solid currentColor; padding-bottom: 5px; margin-top: 0; margin-bottom: 20px; color: inherit; opacity: 0.8;'>Topolog\u00eda de Conexi\u00f3n de Bot\u00f3n de P\u00e1nico<\/h2>\n<p> <img style='width: 100%; height: auto; border: 1px solid rgba(150&comma;150&comma;150&comma;0.3); border-radius: 8px; max-width: 900px; display: block; margin: 20px auto;' src='https:\/\/ftp3.syscom.mx\/usuarios\/esanchez\/FANVIL\/I12\/Captura%20de%20pantalla%202019-11-01%20a%20la%28s%29%2013.51.37.png' alt='Diagrama de conexi\u00f3n para bot\u00f3n de p\u00e1nico'> <\/p>\n<p style='font-size: 14px; color: inherit; opacity: 0.8; text-align: center; margin-top: 15px;'>* Se puede utilizar sin conmutador IP o con conmutador IP para funciones especiales (grupo de timbrado&comma; contestar desde celular&comma; etc.)<\/p>\n<\/p><\/div>\n<\/p><\/div>\n","protected":false},"excerpt":{"rendered":"<p>Videoportero SIP para Control de Acceso, Teclado num\u00e9rico iluminado, 2 relevadores, anti-vand\u00e1lico, IP66 y IK07, PoE<\/p>\n","protected":false},"featured_media":106972,"comment_status":"open","ping_status":"closed","template":"","meta":[],"product_brand":[],"product_cat":[907],"product_tag":[859,908,557],"class_list":{"0":"post-106973","1":"product","2":"type-product","3":"status-publish","4":"has-post-thumbnail","6":"product_cat-interfones","7":"product_tag-fanvil","8":"product_tag-interfones","9":"product_tag-videoporteros-e-interfonos","11":"first","12":"instock","13":"sale","14":"shipping-taxable","15":"purchasable","16":"product-type-simple"},"_links":{"self":[{"href":"https:\/\/soydeaqui.ddns.net\/pachuca\/index.php\/wp-json\/wp\/v2\/product\/106973","targetHints":{"allow":["GET"]}}],"collection":[{"href":"https:\/\/soydeaqui.ddns.net\/pachuca\/index.php\/wp-json\/wp\/v2\/product"}],"about":[{"href":"https:\/\/soydeaqui.ddns.net\/pachuca\/index.php\/wp-json\/wp\/v2\/types\/product"}],"replies":[{"embeddable":true,"href":"https:\/\/soydeaqui.ddns.net\/pachuca\/index.php\/wp-json\/wp\/v2\/comments?post=106973"}],"wp:featuredmedia":[{"embeddable":true,"href":"https:\/\/soydeaqui.ddns.net\/pachuca\/index.php\/wp-json\/wp\/v2\/media\/106972"}],"wp:attachment":[{"href":"https:\/\/soydeaqui.ddns.net\/pachuca\/index.php\/wp-json\/wp\/v2\/media?parent=106973"}],"wp:term":[{"taxonomy":"product_brand","embeddable":true,"href":"https:\/\/soydeaqui.ddns.net\/pachuca\/index.php\/wp-json\/wp\/v2\/product_brand?post=106973"},{"taxonomy":"product_cat","embeddable":true,"href":"https:\/\/soydeaqui.ddns.net\/pachuca\/index.php\/wp-json\/wp\/v2\/product_cat?post=106973"},{"taxonomy":"product_tag","embeddable":true,"href":"https:\/\/soydeaqui.ddns.net\/pachuca\/index.php\/wp-json\/wp\/v2\/product_tag?post=106973"}],"curies":[{"name":"wp","href":"https:\/\/api.w.org\/{rel}","templated":true}]}}