{"id":106963,"date":"2026-03-20T16:43:41","date_gmt":"2026-03-20T16:43:41","guid":{"rendered":"https:\/\/soydeaqui.ddns.net\/pachuca\/index.php\/producto\/videoportero-sip-i62-2-relevadores-con-boton-para-llamada-anti-vandalico-ip66-y-ik07-poe-boton-fisico\/"},"modified":"2026-03-20T16:43:49","modified_gmt":"2026-03-20T16:43:49","slug":"videoportero-sip-i62-2-relevadores-con-boton-para-llamada-anti-vandalico-ip66-y-ik07-poe-boton-fisico","status":"publish","type":"product","link":"https:\/\/soydeaqui.ddns.net\/pachuca\/index.php\/producto\/videoportero-sip-i62-2-relevadores-con-boton-para-llamada-anti-vandalico-ip66-y-ik07-poe-boton-fisico\/","title":{"rendered":"Videoportero SIP i62, 2 relevadores con bot\u00f3n para llamada, anti-vand\u00e1lico, IP66 y IK07, PoE, Bot\u00f3n f\u00edsico"},"content":{"rendered":"<div style='width: 100%; max-width: 1200px; margin: 0 auto; font-family: sans-serif; line-height: 1.6; color: inherit; background-color: transparent;'> <!-- Encabezado rojo con t\u00edtulo --> <\/p>\n<div style='width: 100%; background-color: #cb3234; color: white; text-align: center; padding: 30px 15px; border: 1px solid rgba(150&comma;150&comma;150&comma;0.3); margin-bottom: 30px;'>\n<h1 style='font-size: 32px; margin: 0; color: inherit; opacity: 0.95;'>Videoportero IP Fanvil i62<\/h1>\n<p style='font-size: 18px; margin: 0; color: inherit; opacity: 0.9;'>Soluci\u00f3n avanzada de intercomunicaci\u00f3n con control de acceso IP66\/IK07<\/p>\n<\/p><\/div>\n<p> <!-- Secci\u00f3n de gu\u00edas de configuraci\u00f3n --> <\/p>\n<div style='margin-bottom: 30px;'>\n<h3 style='font-size: 22px; border-bottom: 2px solid currentColor; padding-bottom: 5px; margin-top: 0; margin-bottom: 15px; color: inherit; opacity: 0.8;'>Gu\u00edas de Configuraci\u00f3n<\/h3>\n<ul style='padding-left: 20px; font-size: 15px; color: inherit;'>\n<li style='margin-bottom: 10px;'><a style='color: #cb3234; text-decoration: none;' href='https:\/\/soporte.syscom.mx\/es\/articles\/2612033-fanvil-registro-de-extensiones-sip-en-telefonos-fanvil' target='_blank' rel='noopener'>Gu\u00eda para Registrar Videoporteros\/Intercom FANVIL en Conmutadores GRANDSTREAM<\/a><\/li>\n<li style='margin-bottom: 10px;'><a style='color: #cb3234; text-decoration: none;' href='https:\/\/soporte.syscom.mx\/es\/articles\/7892816-yeastar-aprovisionar-telefonos-fanvil-con-conmutador-yeastar' target='_blank' rel='noopener'>Gu\u00eda para registrar Videoporteros\/Intercom FANVIL en conmutadores YEASTAR<\/a><\/li>\n<li style='margin-bottom: 10px;'><a style='color: #cb3234; text-decoration: none;' href='https:\/\/soporte.syscom.mx\/es\/articles\/9441563-fanvil-solucion-de-integracion-de-monitores-con-frente-de-calle-i62-para-control-de-acceso' target='_blank' rel='noopener'>Instalaci\u00f3n de control de acceso (Chapa el\u00e9ctrica&comma; bot\u00f3n no touch&comma; monitor)<\/a><\/li>\n<li style='margin-bottom: 10px;'><a style='color: #cb3234; text-decoration: none;' href='https:\/\/soporte.syscom.mx\/es\/articles\/9375504-fanvil-integracion-de-videoporteros-con-nvr-hikvision-por-protocolo-onvif' target='_blank' rel='noopener'>Gu\u00eda Integraci\u00f3n de videoporteros con NVR Hikvision por protocolo ONVIF<\/a><\/li>\n<\/ul><\/div>\n<p> <!-- Secci\u00f3n de videos --> <\/p>\n<div style='display: flex; flex-wrap: wrap; gap: 30px; margin-bottom: 30px;'>\n<div style='flex: 1 1 45%; min-width: 300px;'>\n<div style='position: relative; padding-bottom: 56.25%; height: 0; overflow: hidden;'>   <\/div>\n<\/p><\/div>\n<div style='flex: 1 1 45%; min-width: 300px;'>\n<div style='position: relative; padding-bottom: 56.25%; height: 0; overflow: hidden;'>   <\/div>\n<\/p><\/div>\n<\/p><\/div>\n<p> <!-- Diagrama de conexi\u00f3n --> <\/p>\n<div style='margin-bottom: 30px;'>\n<h3 style='font-size: 22px; border-bottom: 2px solid currentColor; padding-bottom: 5px; margin-top: 0; margin-bottom: 15px; color: inherit; opacity: 0.8;'>Diagrama de conexi\u00f3n chapa&comma; bot\u00f3n No-Touch<\/h3>\n<p> <img style='width: 100%; height: auto; border: 1px solid rgba(150&comma;150&comma;150&comma;0.3); border-radius: 8px;' src='https:\/\/ftp3.syscom.mx\/usuarios\/fotos\/I62\/205480-diagram-i64.png' alt='Diagrama de conexi\u00f3n para chapa el\u00e9ctrica y bot\u00f3n No-Touch'> <\/div>\n<p> <!-- Descripci\u00f3n del producto --> <\/p>\n<div style='margin-bottom: 30px;'>\n<p style='font-size: 15px; color: inherit; margin-bottom: 15px;'>Basado en los protocolos SIP y ONVIF&comma; i62 es un videoportero que integra potentes funcionalidades de control de acceso&comma; intercomunicaci\u00f3n y protecci\u00f3n de seguridad. Con un dise\u00f1o de aleaci\u00f3n de aluminio y un solo bot\u00f3n de marcaci\u00f3n r\u00e1pida&comma; i62 ofrece una apariencia lujosa de alta calidad.<\/p>\n<p style='font-size: 15px; color: inherit; margin-bottom: 15px;'>Con alto nivel de protecci\u00f3n IP66 e IK07&comma; es resistente al agua&comma; al polvo y anticolisi\u00f3n en la mayor\u00eda de los entornos al aire libre. i62 permite a los usuarios realizar llamadas de audio\/video a trav\u00e9s de un bot\u00f3n de marcaci\u00f3n r\u00e1pida y una c\u00e1mara de 2 megap\u00edxeles y lograr el control de acceso mediante diferentes modos.<\/p>\n<\/p><\/div>\n<p> <!-- Caracter\u00edsticas en 3 columnas --> <\/p>\n<div style='display: flex; flex-wrap: wrap; gap: 20px; margin-bottom: 30px;'>\n<div style='flex: 1 1 300px; min-width: 280px; border: 1px solid rgba(150&comma;150&comma;150&comma;0.4); border-radius: 8px; overflow: hidden;'>\n<div style='padding: 15px; border-bottom: 1px solid rgba(150&comma;150&comma;150&comma;0.2); font-weight: bold; font-size: 18px; color: inherit;'>Caracter\u00edsticas principales:<\/div>\n<div style='padding: 15px; color: inherit;'>\n<ul style='padding-left: 20px; margin: 0; font-size: 14px; list-style-type: disc;'>\n<li style='margin-bottom: 5px;'>C\u00e1mara 2 Mega-pixel<\/li>\n<li style='margin-bottom: 5px;'>2 Cuentas SIP<\/li>\n<li style='margin-bottom: 5px;'>PoE Habilitado<\/li>\n<li style='margin-bottom: 5px;'>Aleaci\u00f3n de aluminio<\/li>\n<li style='margin-bottom: 5px;'>Nivel de protecci\u00f3n IP66 &#8211; IK07<\/li>\n<li style='margin-bottom: 5px;'>Rango de temperatura -40\u00b0C a 70\u00b0C<\/li>\n<li style='margin-bottom: 5px;'>Bot\u00f3n de marcaci\u00f3n r\u00e1pida \u00fanica<\/li>\n<li style='margin-bottom: 5px;'>10000 tarjetas de acceso<\/li>\n<li style='margin-bottom: 5px;'>Reducci\u00f3n de Ruido integrado con MICs dual<\/li>\n<li style='margin-bottom: 5px;'>2 Salida de cortocircuito<\/li>\n<li style='margin-bottom: 5px;'>3 Entrada de cortocircuito<\/li>\n<li style='margin-bottom: 5px;'>Alimentaci\u00f3n con fuente de poder externa (fuente no incluida)<\/li>\n<li style='margin-bottom: 5px;'>Formas de desbloquear la puerta: DTMF&comma; Tarjeta RFID&comma; Apertura temporizada<\/li>\n<\/ul><\/div>\n<\/p><\/div>\n<div style='flex: 1 1 300px; min-width: 280px; border: 1px solid rgba(150&comma;150&comma;150&comma;0.4); border-radius: 8px; overflow: hidden;'>\n<div style='padding: 15px; border-bottom: 1px solid rgba(150&comma;150&comma;150&comma;0.2); font-weight: bold; font-size: 18px; color: inherit;'>Caracter\u00edsticas F\u00edsicas y El\u00e9ctricas:<\/div>\n<div style='padding: 15px; color: inherit;'>\n<ul style='padding-left: 20px; margin: 0; font-size: 14px; list-style-type: disc;'>\n<li style='margin-bottom: 5px;'>Alimentaci\u00f3n v\u00eda PoE 802.3af o 12Vcc&comma; 1.0A (fuente no incluida)<\/li>\n<li style='margin-bottom: 5px;'>Montaje en pared<\/li>\n<li style='margin-bottom: 5px;'>Nivel de protecci\u00f3n: IP66 y IK07<\/li>\n<li style='margin-bottom: 5px;'>Temperatura de operaci\u00f3n: -40\u00b0 ~ 70\u00b0 C<\/li>\n<li style='margin-bottom: 5px;'>Dimensiones: 177.4x88x36.15 mm<\/li>\n<li style='margin-bottom: 5px;'>Puerto de control de cortocircuito x2 (rel\u00e9 incorporado)<\/li>\n<li style='margin-bottom: 5px;'>Rel\u00e9: MAX DC30V \/ 2A&comma; AC125V \/ 0.5A<\/li>\n<\/ul><\/div>\n<\/p><\/div>\n<div style='flex: 1 1 300px; min-width: 280px; border: 1px solid rgba(150&comma;150&comma;150&comma;0.4); border-radius: 8px; overflow: hidden;'>\n<div style='padding: 15px; border-bottom: 1px solid rgba(150&comma;150&comma;150&comma;0.2); font-weight: bold; font-size: 18px; color: inherit;'>Caracter\u00edsticas de Red:<\/div>\n<div style='padding: 15px; color: inherit;'>\n<ul style='padding-left: 20px; margin: 0; font-size: 14px; list-style-type: disc;'>\n<li style='margin-bottom: 5px;'>Puerto Ethernet 10\/100 Mbps<\/li>\n<li style='margin-bottom: 5px;'>Configuraci\u00f3n IP: Est\u00e1tico \/ DHCP\/ PPPoE<\/li>\n<li style='margin-bottom: 5px;'>VPN: L2TP \/ OpenVPN<\/li>\n<li style='margin-bottom: 5px;'>VLAN<\/li>\n<li style='margin-bottom: 5px;'>OpenVPN<\/li>\n<li style='margin-bottom: 5px;'>SIP v1 (RFC2543)&comma; v2 (RFC3261) over UDP\/TCP<\/li>\n<\/ul><\/div>\n<\/p><\/div>\n<\/p><\/div>\n<p> <!-- Galer\u00eda de im\u00e1genes --> <\/p>\n<div style='margin-bottom: 30px;'>\n<h3 style='font-size: 22px; border-bottom: 2px solid currentColor; padding-bottom: 5px; margin-top: 0; margin-bottom: 15px; color: inherit; opacity: 0.8;'>Galer\u00eda de im\u00e1genes<\/h3>\n<div style='display: flex; flex-wrap: wrap; gap: 20px; justify-content: center;'> <img style='width: 100%; max-width: 600px; height: auto; border: 1px solid rgba(150&comma;150&comma;150&comma;0.3); border-radius: 8px;' src='https:\/\/fanvil.com\/upload\/images\/20220321\/15154bhphr.jpg' alt='Videoportero Fanvil i62 - Vista frontal'> <img style='width: 100%; max-width: 600px; height: auto; border: 1px solid rgba(150&comma;150&comma;150&comma;0.3); border-radius: 8px;' src='https:\/\/fanvil.com\/upload\/images\/20240125\/11126h62r0.jpg' alt='Videoportero Fanvil i62 - Vista de instalaci\u00f3n'> <\/div>\n<\/p><\/div>\n<p> <!-- Compatibilidad con marcas --> <\/p>\n<div style='margin-bottom: 30px;'>\n<h3 style='font-size: 22px; border-bottom: 2px solid currentColor; padding-bottom: 5px; margin-top: 0; margin-bottom: 15px; color: inherit; opacity: 0.8;'>Compatibilidad con las marcas l\u00edderes en el mercado de Comunicaciones Unificadas<\/h3>\n<div style='display: flex; flex-wrap: wrap; gap: 30px; justify-content: center; align-items: center; margin-bottom: 20px;'> <img style='width: 100%; max-width: 600px; height: auto; border: 1px solid rgba(150&comma;150&comma;150&comma;0.3); border-radius: 8px;' src='https:\/\/ftp3.syscom.mx\/usuarios\/fotos\/X3U\/174449-marcas.png' alt='Marcas compatibles con Fanvil i62'> <\/div>\n<div style='font-size: 15px; color: inherit;'>\n<p style='margin-bottom: 10px;'>Compatibilidad con IP-PBX como:<\/p>\n<ul style='padding-left: 20px; margin: 0; font-size: 15px; list-style-type: disc;'>\n<li style='margin-bottom: 5px;'><strong>3CX.<\/strong><\/li>\n<li style='margin-bottom: 5px;'><strong>Grandstream<\/strong> (compatibilidad total).<\/li>\n<li style='margin-bottom: 5px;'>Avaya.<\/li>\n<li style='margin-bottom: 5px;'>Yeastar.<\/li>\n<li style='margin-bottom: 5px;'>Asterisk.<\/li>\n<\/ul><\/div>\n<\/p><\/div>\n<p> <!-- Topolog\u00eda de conexi\u00f3n --> <\/p>\n<div style='margin-bottom: 30px;'>\n<h3 style='font-size: 22px; border-bottom: 2px solid currentColor; padding-bottom: 5px; margin-top: 0; margin-bottom: 15px; color: inherit; opacity: 0.8;'>Topolog\u00eda de conexi\u00f3n de bot\u00f3n de p\u00e1nico<\/h3>\n<p> <img style='width: 100%; height: auto; border: 1px solid rgba(150&comma;150&comma;150&comma;0.3); border-radius: 8px; margin-bottom: 15px;' src='https:\/\/ftp3.syscom.mx\/usuarios\/esanchez\/FANVIL\/I12\/Captura%20de%20pantalla%202019-11-01%20a%20la%28s%29%2013.51.37.png' alt='Topolog\u00eda de conexi\u00f3n para bot\u00f3n de p\u00e1nico'> <\/p>\n<p style='font-size: 14px; color: inherit; margin: 0; font-style: italic;'>* Se puede utilizar sin conmutador IP o con conmutador IP para funciones especiales (grupo de timbrado&comma; contestar desde el celular por medio de softphone&comma; etc.)<\/p>\n<\/p><\/div>\n<p> <!-- Separador final --> <\/p>\n<hr style='border: 0; border-top: 1px solid rgba(150&comma;150&comma;150&comma;0.3); margin: 30px 0;'> <\/div>\n","protected":false},"excerpt":{"rendered":"<p>Videoportero SIP i62, 2 relevadores con bot\u00f3n para llamada, anti-vand\u00e1lico, IP66 y IK07, PoE, Bot\u00f3n f\u00edsico<\/p>\n","protected":false},"featured_media":106962,"comment_status":"open","ping_status":"closed","template":"","meta":[],"product_brand":[],"product_cat":[907],"product_tag":[859,908,557],"class_list":{"0":"post-106963","1":"product","2":"type-product","3":"status-publish","4":"has-post-thumbnail","6":"product_cat-interfones","7":"product_tag-fanvil","8":"product_tag-interfones","9":"product_tag-videoporteros-e-interfonos","11":"first","12":"instock","13":"sale","14":"shipping-taxable","15":"purchasable","16":"product-type-simple"},"_links":{"self":[{"href":"https:\/\/soydeaqui.ddns.net\/pachuca\/index.php\/wp-json\/wp\/v2\/product\/106963","targetHints":{"allow":["GET"]}}],"collection":[{"href":"https:\/\/soydeaqui.ddns.net\/pachuca\/index.php\/wp-json\/wp\/v2\/product"}],"about":[{"href":"https:\/\/soydeaqui.ddns.net\/pachuca\/index.php\/wp-json\/wp\/v2\/types\/product"}],"replies":[{"embeddable":true,"href":"https:\/\/soydeaqui.ddns.net\/pachuca\/index.php\/wp-json\/wp\/v2\/comments?post=106963"}],"wp:featuredmedia":[{"embeddable":true,"href":"https:\/\/soydeaqui.ddns.net\/pachuca\/index.php\/wp-json\/wp\/v2\/media\/106962"}],"wp:attachment":[{"href":"https:\/\/soydeaqui.ddns.net\/pachuca\/index.php\/wp-json\/wp\/v2\/media?parent=106963"}],"wp:term":[{"taxonomy":"product_brand","embeddable":true,"href":"https:\/\/soydeaqui.ddns.net\/pachuca\/index.php\/wp-json\/wp\/v2\/product_brand?post=106963"},{"taxonomy":"product_cat","embeddable":true,"href":"https:\/\/soydeaqui.ddns.net\/pachuca\/index.php\/wp-json\/wp\/v2\/product_cat?post=106963"},{"taxonomy":"product_tag","embeddable":true,"href":"https:\/\/soydeaqui.ddns.net\/pachuca\/index.php\/wp-json\/wp\/v2\/product_tag?post=106963"}],"curies":[{"name":"wp","href":"https:\/\/api.w.org\/{rel}","templated":true}]}}