{"id":106961,"date":"2026-03-20T16:43:34","date_gmt":"2026-03-20T16:43:34","guid":{"rendered":"https:\/\/soydeaqui.ddns.net\/pachuca\/index.php\/producto\/rotomartillo-taladro-inalambrico-1-2-de-1900-rpm-18vcc-torque-50-n-m-incluye-2-bat-1-5ah-y-cargardor-sin-carbones\/"},"modified":"2026-03-20T16:43:36","modified_gmt":"2026-03-20T16:43:36","slug":"rotomartillo-taladro-inalambrico-1-2-de-1900-rpm-18vcc-torque-50-n-m-incluye-2-bat-1-5ah-y-cargardor-sin-carbones","status":"publish","type":"product","link":"https:\/\/soydeaqui.ddns.net\/pachuca\/index.php\/producto\/rotomartillo-taladro-inalambrico-1-2-de-1900-rpm-18vcc-torque-50-n-m-incluye-2-bat-1-5ah-y-cargardor-sin-carbones\/","title":{"rendered":"Rotomartillo\/Taladro Inal\u00e1mbrico (1\/2&#8243;) de 1,900 RPM, 18Vcc, Torque 50 N.m. Incluye 2 Bat. (1.5Ah) y Cargardor. SIN CARBONES."},"content":{"rendered":"<div style='width: 100%; max-width: 1200px; margin: 0 auto; font-family: sans-serif; line-height: 1.6; color: inherit; background-color: transparent;'> <!-- Logo --> <\/p>\n<div style='text-align: center; margin-bottom: 30px;'> <img style='width: 100%; max-width: 300px; height: auto; border: 1px solid rgba(150&comma;150&comma;150&comma;0.3); border-radius: 8px;' src='https:\/\/ftp3.syscom.mx\/usuarios\/nortega\/makita\/imagenes\/makita.png' alt=''> <\/div>\n<p> <!-- Secci\u00f3n de caracter\u00edsticas destacadas --> <\/p>\n<div style='display: flex; flex-wrap: wrap; gap: 30px; margin-bottom: 30px;'>\n<div style='flex: 1 1 300px; min-width: 280px;'>\n<h3 style='font-size: 22px; border-bottom: 2px solid currentColor; padding-bottom: 5px; margin-top: 0; color: inherit; opacity: 0.8;'>Caracter\u00edsticas destacadas<\/h3>\n<ul style='padding-left: 20px; font-size: 15px; color: inherit;'>\n<li style='margin-bottom: 5px;'>Alta velocidad de 1.900 rpm (Alta) y 500 rpm (Baja).<\/li>\n<li style='margin-bottom: 5px;'>Empu\u00f1adura dise\u00f1ada ergonomicamente<\/li>\n<li style='margin-bottom: 5px;'>Alta luminosidad con Luz LED doble para trabajo con funciones pre y post accionamiento.<\/li>\n<li style='margin-bottom: 5px;'>Mandril de 13 mm (1\/2&#8242;)<\/li>\n<li style='margin-bottom: 5px;'>Motor SIN CARBONES.<\/li>\n<\/ul><\/div>\n<\/p><\/div>\n<p> <!-- Secci\u00f3n de operaci\u00f3n --> <\/p>\n<div style='display: flex; flex-wrap: wrap; gap: 30px; margin-bottom: 30px;'>\n<div style='flex: 1 1 300px; min-width: 280px;'>\n<h3 style='font-size: 22px; border-bottom: 2px solid currentColor; padding-bottom: 5px; margin-top: 0; color: inherit; opacity: 0.8;'>Caracter\u00edsticas de operaci\u00f3n<\/h3>\n<ul style='padding-left: 20px; font-size: 15px; color: inherit;'>\n<li style='margin-bottom: 5px;'>Capacidad de perforaci\u00f3n: Acero: 13mm (1\/2&#8242;)&comma; Madera: 38mm (1-1\/2&#8242;)&comma; Mamposter\u00eda: 13mm (1\/2&#8242;)<\/li>\n<li style='margin-bottom: 5px;'>Velocidad sin carga: Alta: 0-1&comma;900 RPM. Baja: 0-500 RPM<\/li>\n<li style='margin-bottom: 5px;'>Impactos por minuto: Alta: 0-28&comma;500. Baja: 0-9&comma;000.<\/li>\n<li style='margin-bottom: 5px;'>Torque m\u00e1ximo (Fuerte\/Suave): 50\/27 N.m (440\/240 in.lbs.)<\/li>\n<li style='margin-bottom: 5px;'>M\u00e1ximo Torque de Bloqueo: 50 N\u00b7m (440 in.lbs.)<\/li>\n<li style='margin-bottom: 5px;'>Voltaje de Bater\u00eda: 18 Vcc.<\/li>\n<\/ul><\/div>\n<\/p><\/div>\n<p> <!-- Secci\u00f3n de caracter\u00edsticas f\u00edsicas --> <\/p>\n<div style='display: flex; flex-wrap: wrap; gap: 30px; margin-bottom: 30px;'>\n<div style='flex: 1 1 300px; min-width: 280px;'>\n<h3 style='font-size: 22px; border-bottom: 2px solid currentColor; padding-bottom: 5px; margin-top: 0; color: inherit; opacity: 0.8;'>Caracter\u00edsticas F\u00edsicas<\/h3>\n<ul style='padding-left: 20px; font-size: 15px; color: inherit;'>\n<li style='margin-bottom: 5px;'><strong>Dimensiones:<\/strong> 182 x 79 x 255mm<\/li>\n<li style='margin-bottom: 5px;'><strong>Peso neto:<\/strong> 1.5-1.8 kg<\/li>\n<\/ul><\/div>\n<\/p><\/div>\n<p> <!-- Secci\u00f3n de contenido incluido --> <\/p>\n<div style='display: flex; flex-wrap: wrap; gap: 30px; margin-bottom: 30px;'>\n<div style='flex: 1 1 300px; min-width: 280px;'>\n<h3 style='font-size: 22px; border-bottom: 2px solid currentColor; padding-bottom: 5px; margin-top: 0; color: inherit; opacity: 0.8;'>Incluye<\/h3>\n<ul style='padding-left: 20px; font-size: 15px; color: inherit;'>\n<li style='margin-bottom: 5px;'>1- Taladro<\/li>\n<li style='margin-bottom: 5px;'>1- Cargador (DC18SD).<\/li>\n<li style='margin-bottom: 5px;'>2- Bater\u00edas (BL1815N ) de 1.5 Ah 18 Vcc.<\/li>\n<li style='margin-bottom: 5px;'>1- Punta Phillips\/Plana<\/li>\n<li style='margin-bottom: 5px;'>1- Clip para cintur\u00f3n.<\/li>\n<li style='margin-bottom: 5px;'>1- Malet\u00edn.<\/li>\n<\/ul><\/div>\n<\/p><\/div>\n<p> <!-- Separador --> <\/p>\n<hr style='border: 0; border-top: 1px solid rgba(150&comma; 150&comma; 150&comma; 0.3); margin: 30px 0;'> <\/div>\n","protected":false},"excerpt":{"rendered":"<p>Rotomartillo\/Taladro Inal\u00e1mbrico (1\/2&#8243;) de 1,900 RPM, 18Vcc, Torque 50 N.m. Incluye 2 Bat. (1.5Ah) y Cargardor. SIN CARBONES.<\/p>\n","protected":false},"featured_media":106960,"comment_status":"open","ping_status":"closed","template":"","meta":[],"product_brand":[],"product_cat":[130],"product_tag":[25,131,252],"class_list":{"0":"post-106961","1":"product","2":"type-product","3":"status-publish","4":"has-post-thumbnail","6":"product_cat-herramientas-electricas","7":"product_tag-herramientas","8":"product_tag-herramientas-electricas","9":"product_tag-makita","11":"first","12":"outofstock","13":"sale","14":"shipping-taxable","15":"purchasable","16":"product-type-simple"},"_links":{"self":[{"href":"https:\/\/soydeaqui.ddns.net\/pachuca\/index.php\/wp-json\/wp\/v2\/product\/106961","targetHints":{"allow":["GET"]}}],"collection":[{"href":"https:\/\/soydeaqui.ddns.net\/pachuca\/index.php\/wp-json\/wp\/v2\/product"}],"about":[{"href":"https:\/\/soydeaqui.ddns.net\/pachuca\/index.php\/wp-json\/wp\/v2\/types\/product"}],"replies":[{"embeddable":true,"href":"https:\/\/soydeaqui.ddns.net\/pachuca\/index.php\/wp-json\/wp\/v2\/comments?post=106961"}],"wp:featuredmedia":[{"embeddable":true,"href":"https:\/\/soydeaqui.ddns.net\/pachuca\/index.php\/wp-json\/wp\/v2\/media\/106960"}],"wp:attachment":[{"href":"https:\/\/soydeaqui.ddns.net\/pachuca\/index.php\/wp-json\/wp\/v2\/media?parent=106961"}],"wp:term":[{"taxonomy":"product_brand","embeddable":true,"href":"https:\/\/soydeaqui.ddns.net\/pachuca\/index.php\/wp-json\/wp\/v2\/product_brand?post=106961"},{"taxonomy":"product_cat","embeddable":true,"href":"https:\/\/soydeaqui.ddns.net\/pachuca\/index.php\/wp-json\/wp\/v2\/product_cat?post=106961"},{"taxonomy":"product_tag","embeddable":true,"href":"https:\/\/soydeaqui.ddns.net\/pachuca\/index.php\/wp-json\/wp\/v2\/product_tag?post=106961"}],"curies":[{"name":"wp","href":"https:\/\/api.w.org\/{rel}","templated":true}]}}