{"id":106942,"date":"2026-03-20T16:42:32","date_gmt":"2026-03-20T16:42:32","guid":{"rendered":"https:\/\/soydeaqui.ddns.net\/pachuca\/index.php\/producto\/b2l-camara-termografica-portatil-resolucion-256-x-192-lente-3-6-mm-wifi-ip54-hasta-8-horas-de-funcionamiento-continuo\/"},"modified":"2026-03-20T16:42:48","modified_gmt":"2026-03-20T16:42:48","slug":"b2l-camara-termografica-portatil-resolucion-256-x-192-lente-3-6-mm-wifi-ip54-hasta-8-horas-de-funcionamiento-continuo","status":"publish","type":"product","link":"https:\/\/soydeaqui.ddns.net\/pachuca\/index.php\/producto\/b2l-camara-termografica-portatil-resolucion-256-x-192-lente-3-6-mm-wifi-ip54-hasta-8-horas-de-funcionamiento-continuo\/","title":{"rendered":"B2L &#8211; C\u00e1mara Termogr\u00e1fica Port\u00e1til \/ Resoluci\u00f3n 256 \u00d7 192 \/ Lente 3.6 mm \/ WiFi \/ IP54 \/ Hasta 8 Horas de Funcionamiento Continuo"},"content":{"rendered":"<div style='width: 100%; max-width: 1200px; margin: 0 auto; font-family: sans-serif; line-height: 1.6; color: inherit; background-color: transparent;'>\n<p style='text-align: center; margin: 0;'><img style='width: 45%; height: auto; border: 1px solid rgba(150&comma;150&comma;150&comma;0.3); border-radius: 8px;' src='https:\/\/ftp3.syscom.mx\/usuarios\/fotos\/HMTP2310VF\/WM30\/200759-logo-hikmicro.png' alt='Logo HIKMICRO'><\/p>\n<p style='text-align: center; margin: 30px 0;'><img style='width: 100%; height: auto; border: 1px solid rgba(150&comma;150&comma;150&comma;0.3); border-radius: 8px;' src='https:\/\/ftp3.syscom.mx\/usuarios\/fotos\/HMTP513AXFWB1L\/205734-terb.png' alt='Vista frontal de la c\u00e1mara t\u00e9rmica'><\/p>\n<p style='text-align: center; margin: 30px 0;'><img style='width: 100%; height: auto; border: 1px solid rgba(150&comma;150&comma;150&comma;0.3); border-radius: 8px;' src='https:\/\/ftp3.syscom.mx\/usuarios\/fotos\/HMTP513AXFWB1L\/205734-ter.png' alt='Vista lateral de la c\u00e1mara t\u00e9rmica'><\/p>\n<div style='display: flex; flex-wrap: wrap; gap: 30px; margin: 40px 0;'>\n<div style='flex: 1 1 48%; min-width: 300px;'>\n<h3 style='font-size: 22px; border-bottom: 2px solid currentColor; padding-bottom: 5px; margin-top: 0; color: inherit; opacity: 0.8;'>Descripci\u00f3n de C\u00e1mara T\u00e9rmica Serie B<\/h3>\n<div style='position: relative; padding-bottom: 56.25%; height: 0; overflow: hidden; margin-bottom: 30px;'> <video style='position: absolute; top: 0; left: 0; width: 100%; height: 100%; border: none;' src='https:\/\/ftp3.syscom.mx\/usuarios\/fcarrillo\/Hikvision\/videos\/B1L-How%20To%20Video%20%28DESCRIPCION%29.mp4' loop muted controls><\/video> <\/div>\n<\/p><\/div>\n<div style='flex: 1 1 48%; min-width: 300px;'>\n<h3 style='font-size: 22px; border-bottom: 2px solid currentColor; padding-bottom: 5px; margin-top: 0; color: inherit; opacity: 0.8;'>Unboxing de C\u00e1mara T\u00e9rmica Serie B<\/h3>\n<div style='position: relative; padding-bottom: 56.25%; height: 0; overflow: hidden; margin-bottom: 30px;'> <video style='position: absolute; top: 0; left: 0; width: 100%; height: 100%; border: none;' src='https:\/\/ftp3.syscom.mx\/usuarios\/fcarrillo\/Hikvision\/videos\/B%20series-Welcome%20Guide%20Video%20%28UNBOXING%29.mp4' loop muted controls><\/video> <\/div>\n<\/p><\/div>\n<\/p><\/div>\n<div style='display: flex; flex-wrap: wrap; gap: 30px; margin: 40px 0;'>\n<div style='flex: 1 1 48%; min-width: 300px;'>\n<div style='border: 1px solid rgba(150&comma; 150&comma; 150&comma; 0.4); border-left: 5px solid #ff0000; border-radius: 8px; padding: 15px; background-color: rgba(255&comma; 255&comma; 255&comma; 0.03);'> <strong style='font-size: 18px; color: inherit; margin-bottom: 15px; display: block;'>Caracter\u00edsticas principales:<\/strong> <\/p>\n<ul style='padding-left: 20px; margin: 0; font-size: 14px; color: inherit;'>\n<li style='margin-bottom: 8px;'><strong>Resoluci\u00f3n M\u00e1xima:<\/strong> 256 \u00d7 192<\/li>\n<li style='margin-bottom: 8px;'><strong>Lente fijo:<\/strong> 3.6mm<\/li>\n<li style='margin-bottom: 8px;'><strong>Memoria interna:<\/strong> EMMC 4 Gb<\/li>\n<li style='margin-bottom: 8px;'><strong>Almacenamiento de Im\u00e1genes:<\/strong> hasta 30&comma;000 im\u00e1genes (JPEG)<\/li>\n<li style='margin-bottom: 8px;'><strong>Rango de Lectura de Temperatura:<\/strong> -20 \u00b0C a 550 \u00b0C<\/li>\n<li style='margin-bottom: 8px;'><strong>Soporta Wi-Fi:<\/strong> 802.11 b\/g\/n (2.4 Ghz)<\/li>\n<\/ul><\/div>\n<\/p><\/div>\n<div style='flex: 1 1 48%; min-width: 300px;'>\n<div style='border: 1px solid rgba(150&comma; 150&comma; 150&comma; 0.4); border-left: 5px solid #ff0000; border-radius: 8px; padding: 15px; background-color: rgba(255&comma; 255&comma; 255&comma; 0.03);'> <strong style='font-size: 18px; color: inherit; margin-bottom: 15px; display: block;'>Caracter\u00edsticas F\u00edsicas y El\u00e9ctricas:<\/strong> <\/p>\n<ul style='padding-left: 20px; margin: 0; font-size: 14px; color: inherit;'>\n<li style='margin-bottom: 8px;'><strong>Temperatura de Operaci\u00f3n:<\/strong> -10 \u00b0C a 50 \u00b0C<\/li>\n<li style='margin-bottom: 8px;'><strong>Alimentaci\u00f3n:<\/strong> 3.7 Vcc \/ 1.5 Watts<\/li>\n<li style='margin-bottom: 8px;'><strong>Hasta 8 horas continuas de uso.<\/strong><\/li>\n<li style='margin-bottom: 8px;'><strong>Display:<\/strong> 3.2&#8242;<\/li>\n<li style='margin-bottom: 8px;'><strong>Bater\u00eda:<\/strong> integrada de Li-ion<\/li>\n<li style='margin-bottom: 8px;'><strong>Protecci\u00f3n:<\/strong> IP54<\/li>\n<li style='margin-bottom: 8px;'><strong>Dimensiones:<\/strong> 221.7 mm \u00d7 73.5 mm \u00d7 80.6 mm<\/li>\n<li style='margin-bottom: 8px;'><strong>Peso:<\/strong> 360 gramos<\/li>\n<\/ul><\/div>\n<\/p><\/div>\n<\/p><\/div>\n<p style='text-align: center; margin: 30px 0;'><img style='width: 100%; height: auto; border: 1px solid rgba(150&comma;150&comma;150&comma;0.3); border-radius: 8px;' src='https:\/\/ftp3.syscom.mx\/usuarios\/fotos\/HMTP513AXFWB1L\/205734-4.png' alt='Imagen adicional 1'><\/p>\n<p style='text-align: center; margin: 30px 0;'><img style='width: 100%; height: auto; border: 1px solid rgba(150&comma;150&comma;150&comma;0.3); border-radius: 8px;' src='https:\/\/ftp3.syscom.mx\/usuarios\/fotos\/HMTP513AXFWB1L\/205734-3.png' alt='Imagen adicional 2'><\/p>\n<div style='display: flex; flex-wrap: wrap; gap: 30px; margin: 40px 0;'>\n<div style='flex: 1 1 30%; min-width: 280px;'> <img style='width: 100%; height: auto; border: 1px solid rgba(150&comma;150&comma;150&comma;0.3); border-radius: 8px;' src='http:\/\/ftp3.syscom.mx\/usuarios\/ftp\/single_page\/hiktermica\/Sep-15-2021 16-55-01.gif' alt='GIF Medici\u00f3n de Temperatura'> <\/p>\n<h3 style='font-size: 20px; margin-top: 15px; margin-bottom: 10px; color: inherit; text-align: center;'>Medici\u00f3n R\u00e1pida de la Temperatura<\/h3>\n<p style='font-size: 14px; color: inherit; text-align: center;'>En pantalla completa puede seleccionar diferentes ajustes para hacer la medici\u00f3n los cuales pueden ser: Center Spot&comma; Hot Spot&comma; Cold Spot&comma; Custom Point&comma; Line&comma; Box.<\/p>\n<\/p><\/div>\n<div style='flex: 1 1 30%; min-width: 280px;'> <img style='width: 100%; height: auto; border: 1px solid rgba(150&comma;150&comma;150&comma;0.3); border-radius: 8px;' src='http:\/\/ftp3.syscom.mx\/usuarios\/ftp\/single_page\/hiktermica\/Sep-15-2021 17-46-24-2.gif' alt='GIF Conectividad Wi-Fi'> <\/p>\n<h3 style='font-size: 20px; margin-top: 15px; margin-bottom: 10px; color: inherit; text-align: center;'>Conectividad Wi-Fi<\/h3>\n<p style='font-size: 14px; color: inherit; text-align: center;'>Se conecta mediante la App HIKMICRO Viewer a trav\u00e9s del Wi-Fi y puede compartir la imagen de manera f\u00e1cil y r\u00e1pida.<\/p>\n<\/p><\/div>\n<div style='flex: 1 1 30%; min-width: 280px;'> <img style='width: 100%; height: auto; border: 1px solid rgba(150&comma;150&comma;150&comma;0.3); border-radius: 8px;' src='http:\/\/ftp3.syscom.mx\/usuarios\/ftp\/single_page\/hiktermica\/Sep-15-2021 17-49-50-3.gif' alt='GIF Enfoque Manual'> <\/p>\n<h3 style='font-size: 20px; margin-top: 15px; margin-bottom: 10px; color: inherit; text-align: center;'>Enfoque Manual<\/h3>\n<p style='font-size: 14px; color: inherit; text-align: center;'>El ajuste del anillo de enfoque manual permite ver con claridad los objetos a corta o larga distancia.<\/p>\n<\/p><\/div>\n<\/p><\/div>\n<p style='text-align: center; margin: 30px 0;'><img style='width: 100%; height: auto; border: 1px solid rgba(150&comma;150&comma;150&comma;0.3); border-radius: 8px;' src='https:\/\/ftp3.syscom.mx\/usuarios\/jsosa\/banners\/solucion-termica.jpg' alt='Banner soluci\u00f3n t\u00e9rmica'><\/p>\n<\/p><\/div>\n","protected":false},"excerpt":{"rendered":"<p>B2L &#8211; C\u00e1mara Termogr\u00e1fica Port\u00e1til \/ Resoluci\u00f3n 256 \u00d7 192 \/ Lente 3.6 mm \/ WiFi \/ IP54 \/ Hasta 8 Horas de Funcionamiento Continuo<\/p>\n","protected":false},"featured_media":106941,"comment_status":"open","ping_status":"closed","template":"","meta":[],"product_brand":[],"product_cat":[1049],"product_tag":[122,158,1050],"class_list":{"0":"post-106942","1":"product","2":"type-product","3":"status-publish","4":"has-post-thumbnail","6":"product_cat-termicas","7":"product_tag-camaras-ip-y-nvrs","8":"product_tag-hikmicro","9":"product_tag-termicas","11":"first","12":"outofstock","13":"sale","14":"shipping-taxable","15":"purchasable","16":"product-type-simple"},"_links":{"self":[{"href":"https:\/\/soydeaqui.ddns.net\/pachuca\/index.php\/wp-json\/wp\/v2\/product\/106942","targetHints":{"allow":["GET"]}}],"collection":[{"href":"https:\/\/soydeaqui.ddns.net\/pachuca\/index.php\/wp-json\/wp\/v2\/product"}],"about":[{"href":"https:\/\/soydeaqui.ddns.net\/pachuca\/index.php\/wp-json\/wp\/v2\/types\/product"}],"replies":[{"embeddable":true,"href":"https:\/\/soydeaqui.ddns.net\/pachuca\/index.php\/wp-json\/wp\/v2\/comments?post=106942"}],"wp:featuredmedia":[{"embeddable":true,"href":"https:\/\/soydeaqui.ddns.net\/pachuca\/index.php\/wp-json\/wp\/v2\/media\/106941"}],"wp:attachment":[{"href":"https:\/\/soydeaqui.ddns.net\/pachuca\/index.php\/wp-json\/wp\/v2\/media?parent=106942"}],"wp:term":[{"taxonomy":"product_brand","embeddable":true,"href":"https:\/\/soydeaqui.ddns.net\/pachuca\/index.php\/wp-json\/wp\/v2\/product_brand?post=106942"},{"taxonomy":"product_cat","embeddable":true,"href":"https:\/\/soydeaqui.ddns.net\/pachuca\/index.php\/wp-json\/wp\/v2\/product_cat?post=106942"},{"taxonomy":"product_tag","embeddable":true,"href":"https:\/\/soydeaqui.ddns.net\/pachuca\/index.php\/wp-json\/wp\/v2\/product_tag?post=106942"}],"curies":[{"name":"wp","href":"https:\/\/api.w.org\/{rel}","templated":true}]}}