{"id":106892,"date":"2026-03-20T16:39:55","date_gmt":"2026-03-20T16:39:55","guid":{"rendered":"https:\/\/soydeaqui.ddns.net\/pachuca\/index.php\/producto\/domo-ptz-ip-2-megapixel-h-265-32x-zoom-dia-noche-icr-real-wdr-120-db-poe-exterior-ip66-ik10-60-ips-darkfighter-micro-sd\/"},"modified":"2026-03-20T16:40:11","modified_gmt":"2026-03-20T16:40:11","slug":"domo-ptz-ip-2-megapixel-h-265-32x-zoom-dia-noche-icr-real-wdr-120-db-poe-exterior-ip66-ik10-60-ips-darkfighter-micro-sd","status":"publish","type":"product","link":"https:\/\/soydeaqui.ddns.net\/pachuca\/index.php\/producto\/domo-ptz-ip-2-megapixel-h-265-32x-zoom-dia-noche-icr-real-wdr-120-db-poe-exterior-ip66-ik10-60-ips-darkfighter-micro-sd\/","title":{"rendered":"Domo PTZ IP 2 Megapixel \/ H.265+ \/ 32X Zoom \/ D\u00eda-Noche ICR Real \/ WDR 120 dB \/ PoE+ \/Exterior IP66 \/ IK10 \/ 60 IPS \/ DARKFIGHTER  \/ Micro SD"},"content":{"rendered":"<div style='width: 100%; max-width: 1200px; margin: 0 auto; font-family: sans-serif; line-height: 1.6; color: inherit; background-color: transparent;'> <!-- Banner inicial --> <\/p>\n<p style='text-align: center; margin: 0 0 30px 0;'> <span style='display: flex; justify-content: center;'> <img style='width: 45%; height: auto; border: 1px solid rgba(150&comma;150&comma;150&comma;0.3); border-radius: 8px;' src='https:\/\/ftp3.syscom.mx\/usuarios\/jsosa\/HIKVISION\/imagenes\/logo\/hikvision%20see%20far.png' alt='Banner Inicial'> <\/span> <\/p>\n<h1 style='text-align: center; font-size: 24px; color: inherit; margin: 0 0 30px 0; border-bottom: 2px solid currentColor; padding-bottom: 8px;'> <span style='font-family: sans-serif;'>Especif\u00edcaciones<\/span> <\/h1>\n<p> <!-- Secci\u00f3n de cards de caracter\u00edsticas --> <\/p>\n<div style='display: flex; flex-wrap: wrap; gap: 30px; margin-bottom: 40px;'> <!-- Caracter\u00edsticas Principales --> <\/p>\n<div style='flex: 1 1 400px; min-width: 300px;'>\n<div style='border: 1px solid rgba(150&comma;150&comma;150&comma;0.4); border-radius: 8px; overflow: hidden; display: flex; flex-direction: column;'>\n<div style='padding: 15px; background-color: #df001e; color: white; font-weight: bold; font-size: 16px; border-bottom: 1px solid rgba(150&comma;150&comma;150&comma;0.2);'> Caracter\u00edsticas Principales <\/div>\n<div style='padding: 15px; color: inherit;'>\n<ul style='padding-left: 20px; margin: 0; font-size: 14px; list-style-type: disc;'>\n<li style='margin-bottom: 8px;'><strong>Resoluci\u00f3n m\u00e1xima:<\/strong> 2 Megapixel (1920 x 1080)<\/li>\n<li style='margin-bottom: 8px;'><strong>Iluminaci\u00f3n m\u00ednima (color):<\/strong> 0.005 Lux @ (F1.6&comma; AGC ON)<\/li>\n<li style='margin-bottom: 8px;'><strong>Iluminaci\u00f3n m\u00ednima (B\/N):<\/strong> 0.001 Lux @ (F1.6&comma; AGC ON)<\/li>\n<li style='margin-bottom: 8px;'><strong>D\u00eda \/ Noche:<\/strong> Real (filtro ICR)<\/li>\n<li style='margin-bottom: 8px;'><strong>Distancia focal:<\/strong> 4.8 a 153 mm (32X zoom \u00f3ptico \/ 16X zoom digital)<\/li>\n<li style='margin-bottom: 8px;'><strong>Distancia de infrarrojo:<\/strong> N\/A<\/li>\n<li style='margin-bottom: 8px;'><strong>Funciones normales:<\/strong> ROI \/ WDR Real 120 dB \/ HLC \/ BLC \/ Defog \/ 3D DNR \/ EIS<\/li>\n<li style='margin-bottom: 8px;'><strong>Funciones especiales:<\/strong> Intrusi\u00f3n de \u00e1rea \/ Cruce de l\u00ednea \/ Detecci\u00f3n facial \/ Entrada y Salida de Regi\u00f3n \/ Objeto removido \/ Objeto olvidado<\/li>\n<li style='margin-bottom: 8px;'><strong>Compresi\u00f3n:<\/strong> H.265+ \/ H.265 \/ H.264+ \/ H.264<\/li>\n<li style='margin-bottom: 8px;'><strong>Plataforma compatible:<\/strong> Hik-Connect <a style='color: #005cb9; text-decoration: none;' href='https:\/\/appstore.hikvision.com\/' target='_blank' rel='noopener'>(https:\/\/appstore.hikvision.com\/)<\/a><\/li>\n<\/ul><\/div>\n<\/p><\/div>\n<\/p><\/div>\n<p> <!-- Caracter\u00edsticas F\u00edsicas y El\u00e9ctricas --> <\/p>\n<div style='flex: 1 1 400px; min-width: 300px;'>\n<div style='border: 1px solid rgba(150&comma;150&comma;150&comma;0.4); border-radius: 8px; overflow: hidden; display: flex; flex-direction: column;'>\n<div style='padding: 15px; background-color: #df001e; color: white; font-weight: bold; font-size: 16px; border-bottom: 1px solid rgba(150&comma;150&comma;150&comma;0.2);'> Caracter\u00edsticas F\u00edsicas y El\u00e9ctricas <\/div>\n<div style='padding: 15px; color: inherit;'>\n<ul style='padding-left: 20px; margin: 0; font-size: 14px; list-style-type: disc;'>\n<li style='margin-bottom: 8px;'><strong>Alimentaci\u00f3n:<\/strong> 24 VCA \/ Hi-PoE \/ 42 W<\/li>\n<li style='margin-bottom: 8px;'><strong>Temperatura de operaci\u00f3n:<\/strong> -30\u00b0C a 65\u00b0C \/ Humedad al 90% m\u00e1ximo<\/li>\n<li style='margin-bottom: 8px;'><strong>Uso:<\/strong> Exterior IP66<\/li>\n<li style='margin-bottom: 8px;'><strong>Antivand\u00e1lico:<\/strong> IK10<\/li>\n<li style='margin-bottom: 8px;'><strong>Accesorio incluido:<\/strong> Brazo de pared (DS-1602ZJ)<\/li>\n<li style='margin-bottom: 8px;'><strong>Protecci\u00f3n:<\/strong> Contra sobretensiones y voltajes transistorios<\/li>\n<li style='margin-bottom: 8px;'><strong>Dimensiones:<\/strong> 220 x 280 mm<\/li>\n<li style='margin-bottom: 8px;'><strong>Peso:<\/strong> 3 Kgs<\/li>\n<li style='margin-bottom: 8px;'><strong>Recomendaci\u00f3n de cable PoE:<\/strong> LAS30-57CN-RJ45 <a style='color: #005cb9; text-decoration: none;' href='https:\/\/www.syscom.mx\/products\/86045' target='_blank' rel='noopener'>(Ver producto)<\/a><\/li>\n<li style='margin-bottom: 8px;'><strong>Recomendaci\u00f3n de fuente de alimentaci\u00f3n:<\/strong> RT2470LS <a style='color: #005cb9; text-decoration: none;' href='https:\/\/www.syscom.mx\/products\/229336' target='_blank' rel='noopener'>(Ver producto)<\/a><\/li>\n<li style='margin-top: 15px;'><strong>Accesorios compatibles:<\/strong> <a style='color: #005cb9; text-decoration: none;' href='https:\/\/ftp3.syscom.mx\/usuarios\/emendoza\/elesbanmch\/HIKVISON\/SPECS\/Especificaciones%20tecnicas%20DS-2DE5232W-AET5.pdf' target='_blank' rel='noopener'>Ver ficha t\u00e9cnica<\/a><\/li>\n<\/ul><\/div>\n<\/p><\/div>\n<\/p><\/div>\n<\/p><\/div>\n<p> <!-- Secci\u00f3n de interfaces y caracter\u00edsticas generales --> <\/p>\n<div style='display: flex; flex-wrap: wrap; gap: 30px; margin-bottom: 40px;'> <!-- Interfaces Entradas y Salidas --> <\/p>\n<div style='flex: 1 1 400px; min-width: 300px;'>\n<div style='border: 1px solid rgba(150&comma;150&comma;150&comma;0.4); border-radius: 8px; overflow: hidden; display: flex; flex-direction: column;'>\n<div style='padding: 15px; background-color: #df001e; color: white; font-weight: bold; font-size: 16px; border-bottom: 1px solid rgba(150&comma;150&comma;150&comma;0.2);'> Interfaces Entradas y Salidas <\/div>\n<div style='padding: 15px; color: inherit;'>\n<ul style='padding-left: 20px; margin: 0; font-size: 14px; list-style-type: disc;'>\n<li style='margin-bottom: 8px;'><strong>Entradas de alarma:<\/strong> 2<\/li>\n<li style='margin-bottom: 8px;'><strong>Salidas de alarma:<\/strong> 1<\/li>\n<li style='margin-bottom: 8px;'><strong>Entradas de audio:<\/strong> 1<\/li>\n<li style='margin-bottom: 8px;'><strong>Salidas de audio:<\/strong> 1<\/li>\n<li style='margin-bottom: 8px;'><strong>Puerto de red:<\/strong> 1 (10\/100 Mbps)<\/li>\n<li style='margin-bottom: 8px;'><strong>Almacenamiento:<\/strong> Micro SD hasta 256 GB \/ ANR (Automatic Network Recovery)<\/li>\n<li style='margin-bottom: 8px;'><strong>Compatibilidad:<\/strong> ONVIF (Profile S&comma; Profile G&comma; Profile T) \/ ISUP<\/li>\n<\/ul><\/div>\n<\/p><\/div>\n<\/p><\/div>\n<p> <!-- Caracter\u00edsticas Generales --> <\/p>\n<div style='flex: 1 1 400px; min-width: 300px;'>\n<div style='border: 1px solid rgba(150&comma;150&comma;150&comma;0.4); border-radius: 8px; overflow: hidden; display: flex; flex-direction: column;'>\n<div style='padding: 15px; background-color: #df001e; color: white; font-weight: bold; font-size: 16px; border-bottom: 1px solid rgba(150&comma;150&comma;150&comma;0.2);'> Caracter\u00edsticas Generales <\/div>\n<div style='padding: 15px; color: inherit;'>\n<ul style='padding-left: 20px; margin: 0; font-size: 14px; list-style-type: disc;'>\n<li style='margin-bottom: 8px;'><strong>Panor\u00e1mica (Pano):<\/strong> 360\u00b0<\/li>\n<li style='margin-bottom: 8px;'><strong>Inclinaci\u00f3n (Tilt):<\/strong> -15\u00b0 a 90\u00ba (auto flip)<\/li>\n<li style='margin-bottom: 8px;'><strong>Presets:<\/strong> 300 \/ 8 \/ 4 (Preset \/ Patrol \/ Pattern)<\/li>\n<li style='margin-bottom: 8px;'><strong>Reducci\u00f3n de falsas alarmas:<\/strong> ACUSENSE<\/li>\n<li style='margin-bottom: 8px;'><strong>Funci\u00f3n:<\/strong> PARK ACTION (Acci\u00f3n de Estacionamiento)<\/li>\n<li style='margin-bottom: 8px;'><strong>Programaci\u00f3n:<\/strong> Tareas calendarizadas<\/li>\n<li style='margin-bottom: 8px;'><strong>Usuarios simult\u00e1neos:<\/strong> Hasta 20<\/li>\n<\/ul><\/div>\n<\/p><\/div>\n<\/p><\/div>\n<\/p><\/div>\n<p> <!-- Caracter\u00edsticas destacadas --> <\/p>\n<div style='margin-bottom: 40px;'>\n<div style='border: 1px solid rgba(150&comma;150&comma;150&comma;0.4); border-radius: 8px; overflow: hidden;'>\n<div style='padding: 15px; background-color: #df001e; color: white; font-weight: bold; font-size: 16px; border-bottom: 1px solid rgba(150&comma;150&comma;150&comma;0.2);'> Caracter\u00edsticas destacadas <\/div>\n<div style='padding: 15px; color: inherit;'>\n<div style='margin-bottom: 20px;'>\n<h4 style='margin: 0 0 10px 0; font-size: 16px; color: inherit; font-weight: bold;'> Tecnolog\u00eda DarkFighter y Bajo Rendimiento de Luz <\/h4>\n<ul style='padding-left: 20px; margin: 0; font-size: 14px; list-style-type: disc;'>\n<li>Ofrece una excelente calidad de imagen en condiciones de poca luz&comma; con una iluminaci\u00f3n m\u00ednima de color 0.005 Lux<\/li>\n<\/ul><\/div>\n<div>\n<h4 style='margin: 0 0 10px 0; font-size: 16px; color: inherit; font-weight: bold;'> Acusense con Clasificaci\u00f3n de Objetos mediante Deep Learning <\/h4>\n<ul style='padding-left: 20px; margin: 0; font-size: 14px; list-style-type: disc;'>\n<li>Utiliza algoritmos de aprendizaje profundo para clasificar personas y veh\u00edculos&comma; reduciendo falsas alarmas y mejorando la eficacia en la detecci\u00f3n<\/li>\n<\/ul><\/div>\n<\/p><\/div>\n<\/p><\/div>\n<\/p><\/div>\n<p> <!-- Banner final --> <\/p>\n<div style='margin-top: 40px;'> <img style='width: 100%; height: auto; border: 1px solid rgba(150&comma;150&comma;150&comma;0.3); border-radius: 8px;' src='https:\/\/ftp3.syscom.mx\/usuarios\/jsosa\/HIKVISION\/imagenes\/banners\/solution%20complete.png' alt='Banner Final'> <\/div>\n<\/p><\/div>\n","protected":false},"excerpt":{"rendered":"<p>Domo PTZ IP 2 Megapixel \/ H.265+ \/ 32X Zoom \/ D\u00eda-Noche ICR Real \/ WDR 120 dB \/ PoE+ \/Exterior IP66 \/ IK10 \/ 60 IPS \/ DARKFIGHTER  \/ Micro SD<\/p>\n","protected":false},"featured_media":106891,"comment_status":"open","ping_status":"closed","template":"","meta":[],"product_brand":[],"product_cat":[1224],"product_tag":[122,54,1225],"class_list":{"0":"post-106892","1":"product","2":"type-product","3":"status-publish","4":"has-post-thumbnail","6":"product_cat-ptz","7":"product_tag-camaras-ip-y-nvrs","8":"product_tag-hikvision","9":"product_tag-ptz","11":"first","12":"instock","13":"sale","14":"shipping-taxable","15":"purchasable","16":"product-type-simple"},"_links":{"self":[{"href":"https:\/\/soydeaqui.ddns.net\/pachuca\/index.php\/wp-json\/wp\/v2\/product\/106892","targetHints":{"allow":["GET"]}}],"collection":[{"href":"https:\/\/soydeaqui.ddns.net\/pachuca\/index.php\/wp-json\/wp\/v2\/product"}],"about":[{"href":"https:\/\/soydeaqui.ddns.net\/pachuca\/index.php\/wp-json\/wp\/v2\/types\/product"}],"replies":[{"embeddable":true,"href":"https:\/\/soydeaqui.ddns.net\/pachuca\/index.php\/wp-json\/wp\/v2\/comments?post=106892"}],"wp:featuredmedia":[{"embeddable":true,"href":"https:\/\/soydeaqui.ddns.net\/pachuca\/index.php\/wp-json\/wp\/v2\/media\/106891"}],"wp:attachment":[{"href":"https:\/\/soydeaqui.ddns.net\/pachuca\/index.php\/wp-json\/wp\/v2\/media?parent=106892"}],"wp:term":[{"taxonomy":"product_brand","embeddable":true,"href":"https:\/\/soydeaqui.ddns.net\/pachuca\/index.php\/wp-json\/wp\/v2\/product_brand?post=106892"},{"taxonomy":"product_cat","embeddable":true,"href":"https:\/\/soydeaqui.ddns.net\/pachuca\/index.php\/wp-json\/wp\/v2\/product_cat?post=106892"},{"taxonomy":"product_tag","embeddable":true,"href":"https:\/\/soydeaqui.ddns.net\/pachuca\/index.php\/wp-json\/wp\/v2\/product_tag?post=106892"}],"curies":[{"name":"wp","href":"https:\/\/api.w.org\/{rel}","templated":true}]}}