{"id":106865,"date":"2026-03-20T16:38:37","date_gmt":"2026-03-20T16:38:37","guid":{"rendered":"https:\/\/soydeaqui.ddns.net\/pachuca\/index.php\/producto\/servidor-de-analiticos-de-video\/"},"modified":"2026-03-20T16:38:38","modified_gmt":"2026-03-20T16:38:38","slug":"servidor-de-analiticos-de-video","status":"publish","type":"product","link":"https:\/\/soydeaqui.ddns.net\/pachuca\/index.php\/producto\/servidor-de-analiticos-de-video\/","title":{"rendered":"Servidor de anal\u00edticos de video"},"content":{"rendered":"<div style='width: 100%; max-width: 1200px; margin: 0 auto; font-family: sans-serif; line-height: 1.6; color: inherit; background-color: transparent;'> <!-- Logo HIKVISION --> <\/p>\n<div style='width: 100%; display: flex; justify-content: center; margin: 20px 0;'> <img style='width: 45%; height: auto; border: 1px solid rgba(150&comma;150&comma;150&comma;0.3); border-radius: 8px;' src='https:\/\/ftp3.syscom.mx\/usuarios\/jsosa\/HIKVISION\/imagenes\/logo\/hikvision%20see%20far.png' alt='Logo HIKVISION'> <\/div>\n<p> <!-- Secci\u00f3n de especificaciones --> <\/p>\n<div style='display: flex; flex-wrap: wrap; gap: 30px; margin-top: 40px;'> <!-- Especificaci\u00f3n de Hardware --> <\/p>\n<div style='flex: 1 1 300px; min-width: 280px;'>\n<div style='border-left: 5px solid #ff0000; border-radius: 8px; padding: 15px; box-shadow: 2px 2px 10px rgba(216&comma; 216&comma; 216&comma; 0.3);'>\n<h3 style='font-size: 18px; margin-top: 0; margin-bottom: 15px; color: inherit;'><strong>Especificaci\u00f3n de Hardware<\/strong><\/h3>\n<ul style='padding-left: 20px; font-size: 14px; color: inherit; list-style-type: disc;'>\n<li style='margin-bottom: 8px;'><strong>CPU:<\/strong> Intel Xeon Gold 6230 \u00d7 2.<\/li>\n<li style='margin-bottom: 8px;'><strong>Memoria:<\/strong> 256 GB.<\/li>\n<li style='margin-bottom: 8px;'><strong>Interfaz De Red:<\/strong> Gigabit Ethernet self-adaptive interface \u00d7 4 Max.<\/li>\n<li style='margin-bottom: 8px;'><strong>El Consumo De Energ\u00eda:<\/strong> 750 W.<\/li>\n<li style='margin-bottom: 8px;'><strong>Especificaci\u00f3n De HDD:<\/strong> 240 GB M.2 \u00d7 1 + 480 GB SSD \u00d7 3 + 8 TB SATA \u00d7 4.<\/li>\n<li style='margin-bottom: 8px;'><strong>Tarjeta GPU:<\/strong> Tesla T4 \u00d7 2.<\/li>\n<li style='margin-bottom: 8px;'><strong>PSU:<\/strong> Hot-plugged efficient 1+1 redundant power module.<\/li>\n<li style='margin-bottom: 8px;'><strong>Dimensiones Del Dispositivo:<\/strong> 715.5 mm \u00d7 482 mm \u00d7 86.8 mm.<\/li>\n<\/ul><\/div>\n<\/p><\/div>\n<p> <!-- Rendimiento Del Producto --> <\/p>\n<div style='flex: 1 1 300px; min-width: 280px;'>\n<div style='border-left: 5px solid #ff0000; border-radius: 8px; padding: 15px; box-shadow: 2px 2px 10px rgba(216&comma; 216&comma; 216&comma; 0.3);'>\n<h3 style='font-size: 18px; margin-top: 0; margin-bottom: 15px; color: inherit;'><strong>Rendimiento Del Producto<\/strong><\/h3>\n<ul style='padding-left: 20px; font-size: 14px; color: inherit; list-style-type: disc;'>\n<li style='margin-bottom: 8px;'><strong>Tipo De Autorizaci\u00f3n:<\/strong> Soft Encryption.<\/li>\n<li style='margin-bottom: 8px;'><strong>Capacidad De Aceleraci\u00f3n De Video:<\/strong> 40.<\/li>\n<\/ul><\/div>\n<\/p><\/div>\n<p> <!-- Par\u00e1metro F\u00edsico Y Ambiental --> <\/p>\n<div style='flex: 1 1 300px; min-width: 280px;'>\n<div style='border-left: 5px solid #ff0000; border-radius: 8px; padding: 15px; box-shadow: 2px 2px 10px rgba(216&comma; 216&comma; 216&comma; 0.3);'>\n<h3 style='font-size: 18px; margin-top: 0; margin-bottom: 15px; color: inherit;'><strong>Par\u00e1metro F\u00edsico Y Ambiental<\/strong><\/h3>\n<ul style='padding-left: 20px; font-size: 14px; color: inherit; list-style-type: disc;'>\n<li style='margin-bottom: 8px;'><strong>Temperatura De Trabajo:<\/strong> 5 \u00b0C to 35 \u00b0C (41 \u00b0F to 95 \u00b0F).<\/li>\n<li style='margin-bottom: 8px;'><strong>Condiciones De Humedad:<\/strong> 8% a 90% (sin condensaci\u00f3n).<\/li>\n<\/ul><\/div>\n<\/p><\/div>\n<\/p><\/div>\n<\/p><\/div>\n","protected":false},"excerpt":{"rendered":"<p>Servidor de anal\u00edticos de video<\/p>\n","protected":false},"featured_media":106864,"comment_status":"open","ping_status":"closed","template":"","meta":[],"product_brand":[],"product_cat":[2236],"product_tag":[54,2065,2237],"class_list":{"0":"post-106865","1":"product","2":"type-product","3":"status-publish","4":"has-post-thumbnail","6":"product_cat-servidores-de-aplicacion","7":"product_tag-hikvision","8":"product_tag-servidores-almacenamiento","9":"product_tag-servidores-de-aplicacion","11":"first","12":"instock","13":"sale","14":"shipping-taxable","15":"purchasable","16":"product-type-simple"},"_links":{"self":[{"href":"https:\/\/soydeaqui.ddns.net\/pachuca\/index.php\/wp-json\/wp\/v2\/product\/106865","targetHints":{"allow":["GET"]}}],"collection":[{"href":"https:\/\/soydeaqui.ddns.net\/pachuca\/index.php\/wp-json\/wp\/v2\/product"}],"about":[{"href":"https:\/\/soydeaqui.ddns.net\/pachuca\/index.php\/wp-json\/wp\/v2\/types\/product"}],"replies":[{"embeddable":true,"href":"https:\/\/soydeaqui.ddns.net\/pachuca\/index.php\/wp-json\/wp\/v2\/comments?post=106865"}],"wp:featuredmedia":[{"embeddable":true,"href":"https:\/\/soydeaqui.ddns.net\/pachuca\/index.php\/wp-json\/wp\/v2\/media\/106864"}],"wp:attachment":[{"href":"https:\/\/soydeaqui.ddns.net\/pachuca\/index.php\/wp-json\/wp\/v2\/media?parent=106865"}],"wp:term":[{"taxonomy":"product_brand","embeddable":true,"href":"https:\/\/soydeaqui.ddns.net\/pachuca\/index.php\/wp-json\/wp\/v2\/product_brand?post=106865"},{"taxonomy":"product_cat","embeddable":true,"href":"https:\/\/soydeaqui.ddns.net\/pachuca\/index.php\/wp-json\/wp\/v2\/product_cat?post=106865"},{"taxonomy":"product_tag","embeddable":true,"href":"https:\/\/soydeaqui.ddns.net\/pachuca\/index.php\/wp-json\/wp\/v2\/product_tag?post=106865"}],"curies":[{"name":"wp","href":"https:\/\/api.w.org\/{rel}","templated":true}]}}