{"id":106846,"date":"2026-03-20T16:37:42","date_gmt":"2026-03-20T16:37:42","guid":{"rendered":"https:\/\/soydeaqui.ddns.net\/pachuca\/index.php\/producto\/carrete-de-4-kilmetros-de-fibra-ptica-area-mini-adss-asu-g-652d-monomodo-de-24-hilos-exterior-span-120-loose-tube\/"},"modified":"2026-03-20T16:37:46","modified_gmt":"2026-03-20T16:37:46","slug":"carrete-de-4-kilmetros-de-fibra-ptica-area-mini-adss-asu-g-652d-monomodo-de-24-hilos-exterior-span-120-loose-tube","status":"publish","type":"product","link":"https:\/\/soydeaqui.ddns.net\/pachuca\/index.php\/producto\/carrete-de-4-kilmetros-de-fibra-ptica-area-mini-adss-asu-g-652d-monomodo-de-24-hilos-exterior-span-120-loose-tube\/","title":{"rendered":"Carrete de 4 Kil?metros de Fibra ?ptica A?rea Mini ADSS (ASU) G.652D, Monomodo de 24 Hilos, Exterior, Span 120, Loose Tube"},"content":{"rendered":"<div style='width: 100%; max-width: 1200px; margin: 0 auto; font-family: sans-serif; line-height: 1.6; color: inherit; background-color: transparent;'>\n<div style='display: flex; flex-wrap: wrap; gap: 30px; margin-bottom: 30px;'>\n<div style='flex: 1 1 300px; min-width: 280px;'>\n<h3 style='font-size: 22px; border-bottom: 2px solid currentColor; padding-bottom: 5px; margin-top: 0; color: inherit; opacity: 0.8;'>Descripci\u00f3n General<\/h3>\n<p style='margin-bottom: 15px; color: inherit;'>El cable de fibra \u00f3ptica Mini ADSS (All Dielectric Self Supported&comma; completamente diel\u00e9ctrico y autosoportado) est\u00e1 dise\u00f1ado para instalaciones a\u00e9reas entre postes.<\/p>\n<p style='margin-bottom: 15px; color: inherit;'>Los cables Mini ADSS resisten la tracci\u00f3n necesaria gracias a sus elementos de refuerzo&comma; no contiene elementos met\u00e1licos.<\/p>\n<div style='margin: 20px 0;'> <img style='width: 100%; height: auto; border: 1px solid rgba(150&comma;150&comma;150&comma;0.3); border-radius: 8px;' src='https:\/\/ftp3.syscom.mx\/usuarios\/orobles\/FiberHome\/linkedpro_by_fiberhome_logo2.png' alt='Logo de LINKEDPRO BY FIBERHOME'> <\/div>\n<\/p><\/div>\n<\/p><\/div>\n<div style='display: flex; flex-wrap: wrap; gap: 20px; margin-bottom: 30px;'>\n<div style='flex: 1 1 250px; border: 1px solid rgba(150&comma; 150&comma; 150&comma; 0.4); border-radius: 8px; overflow: hidden; display: flex; flex-direction: column;'>\n<div style='padding: 15px; border-bottom: 1px solid rgba(150&comma; 150&comma; 150&comma; 0.2); font-weight: bold; font-size: 18px; color: inherit;'>Especificaciones T\u00e9cnicas<\/div>\n<div style='padding: 15px; color: inherit;'>\n<ul style='padding-left: 20px; margin: 0; font-size: 14px; list-style-type: disc;'>\n<li style='margin-bottom: 5px;'><strong>Fibra \u00d3ptica:<\/strong> Mini ADSS G.652D Monomodo Loose Tube<\/li>\n<li style='margin-bottom: 5px;'><strong>Cubierta Exterior:<\/strong> MDPE (Polietileno de Media Densidad)<\/li>\n<li style='margin-bottom: 5px;'><strong>M\u00e1xima Tensi\u00f3n:<\/strong> 1200N (Operaci\u00f3n)&comma; 2000N (Instalaci\u00f3n)<\/li>\n<li style='margin-bottom: 5px;'><strong>Temperatura de Operaci\u00f3n:<\/strong> -20\u00baC ~ +65\u00baC<\/li>\n<li style='margin-bottom: 5px;'><strong>Span:<\/strong> 120 metros<\/li>\n<li style='margin-bottom: 5px;'><strong>Protecci\u00f3n:<\/strong> Contra rayos UV y humedad<\/li>\n<li style='margin-bottom: 5px;'><strong>Di\u00e1metro Nominal:<\/strong> 7.8 mm<\/li>\n<li style='margin-bottom: 5px;'><strong>Radio M\u00ednimo de Curvatura:<\/strong> Instalaci\u00f3n 25D&comma; Operaci\u00f3n 12.5D<\/li>\n<li style='margin-bottom: 5px;'><strong>Resistencia al Aplastamiento:<\/strong> 1000N\/10cm<\/li>\n<li style='margin-bottom: 5px;'><strong>Peso Nominal:<\/strong> 58 kg\/km<\/li>\n<li style='margin-bottom: 5px;'><strong>Hilos:<\/strong> 24<\/li>\n<li style='margin-bottom: 5px;'><strong>Forro:<\/strong> Negro<\/li>\n<li style='margin-bottom: 5px;'><strong>Carrete:<\/strong> 4 km<\/li>\n<li style='margin-bottom: 5px;'><strong>Dimensiones:<\/strong> 1000 x 1000 x 650 mm<\/li>\n<li style='margin-bottom: 5px;'><strong>Peso Bruto del Carrete:<\/strong> 260 kg<\/li>\n<\/ul><\/div>\n<\/p><\/div>\n<div style='flex: 1 1 250px; border: 1px solid rgba(150&comma; 150&comma; 150&comma; 0.4); border-radius: 8px; overflow: hidden; display: flex; flex-direction: column;'>\n<div style='padding: 15px; border-bottom: 1px solid rgba(150&comma; 150&comma; 150&comma; 0.2); font-weight: bold; font-size: 18px; color: inherit;'>Preformado Compatible<\/div>\n<div style='padding: 15px; color: inherit;'>\n<ul style='padding-left: 20px; margin: 0; font-size: 14px; list-style-type: disc;'>\n<li style='margin-bottom: 5px;'><a style='color: inherit; text-decoration: underline;' href='https:\/\/www.syscom.mx\/principal\/searchcont?route=OPDE-1027-LINKEDPRO-BY-EPCOM-209199&#038;autodetect=OPDE-1027' target='_blank' rel='noopener'>OPDE-1027<\/a><\/li>\n<li style='margin-bottom: 5px;'><a style='color: inherit; text-decoration: underline;' href='https:\/\/www.syscom.mx\/producto\/LP-RP7508-LINKEDPRO-BY-EPCOM-238592.html' target='_blank' rel='noopener'>LP-RP7508<\/a><\/li>\n<\/ul><\/div>\n<\/p><\/div>\n<div style='flex: 1 1 250px; border: 1px solid rgba(150&comma; 150&comma; 150&comma; 0.4); border-radius: 8px; overflow: hidden; display: flex; flex-direction: column;'>\n<div style='padding: 15px; border-bottom: 1px solid rgba(150&comma; 150&comma; 150&comma; 0.2); font-weight: bold; font-size: 18px; color: inherit;'>Gr\u00e1fico de Instalaci\u00f3n<\/div>\n<div style='padding: 15px; color: inherit;'>\n<div style='margin: 20px 0;'> <img style='width: 100%; height: auto; border: 1px solid rgba(150&comma;150&comma;150&comma;0.3); border-radius: 8px;' src='https:\/\/ftp3.syscom.mx\/usuarios\/fotos\/MINIADSS24CS120\/4KM\/209390-cable_performance_miniadss_span_120_24_cores.png' alt='Gr\u00e1fico de rendimiento del cable MiniADSS'> <\/div>\n<\/p><\/div>\n<\/p><\/div>\n<\/p><\/div>\n<\/p><\/div>\n","protected":false},"excerpt":{"rendered":"<p>Carrete de 4 Kil?metros de Fibra ?ptica A?rea Mini ADSS (ASU) G.652D, Monomodo de 24 Hilos, Exterior, Span 120, Loose Tube<\/p>\n","protected":false},"featured_media":106845,"comment_status":"open","ping_status":"closed","template":"","meta":[],"product_brand":[],"product_cat":[625],"product_tag":[488,611,673],"class_list":{"0":"post-106846","1":"product","2":"type-product","3":"status-publish","4":"has-post-thumbnail","6":"product_cat-fibra-optica-cables-y-conectores","7":"product_tag-cables-y-conectores","8":"product_tag-fibra-optica","9":"product_tag-linkedpro-by-fiberhome","11":"first","12":"instock","13":"sale","14":"shipping-taxable","15":"purchasable","16":"product-type-simple"},"_links":{"self":[{"href":"https:\/\/soydeaqui.ddns.net\/pachuca\/index.php\/wp-json\/wp\/v2\/product\/106846","targetHints":{"allow":["GET"]}}],"collection":[{"href":"https:\/\/soydeaqui.ddns.net\/pachuca\/index.php\/wp-json\/wp\/v2\/product"}],"about":[{"href":"https:\/\/soydeaqui.ddns.net\/pachuca\/index.php\/wp-json\/wp\/v2\/types\/product"}],"replies":[{"embeddable":true,"href":"https:\/\/soydeaqui.ddns.net\/pachuca\/index.php\/wp-json\/wp\/v2\/comments?post=106846"}],"wp:featuredmedia":[{"embeddable":true,"href":"https:\/\/soydeaqui.ddns.net\/pachuca\/index.php\/wp-json\/wp\/v2\/media\/106845"}],"wp:attachment":[{"href":"https:\/\/soydeaqui.ddns.net\/pachuca\/index.php\/wp-json\/wp\/v2\/media?parent=106846"}],"wp:term":[{"taxonomy":"product_brand","embeddable":true,"href":"https:\/\/soydeaqui.ddns.net\/pachuca\/index.php\/wp-json\/wp\/v2\/product_brand?post=106846"},{"taxonomy":"product_cat","embeddable":true,"href":"https:\/\/soydeaqui.ddns.net\/pachuca\/index.php\/wp-json\/wp\/v2\/product_cat?post=106846"},{"taxonomy":"product_tag","embeddable":true,"href":"https:\/\/soydeaqui.ddns.net\/pachuca\/index.php\/wp-json\/wp\/v2\/product_tag?post=106846"}],"curies":[{"name":"wp","href":"https:\/\/api.w.org\/{rel}","templated":true}]}}