{"id":106837,"date":"2026-03-20T16:37:15","date_gmt":"2026-03-20T16:37:15","guid":{"rendered":"https:\/\/soydeaqui.ddns.net\/pachuca\/index.php\/producto\/camara-marina-ip-cam-1-resolucion-1920x1080-lente-gran-angular-1-8-mm-ir-leds-10-mts-carcasa-acero-inoxidable-316-poe-o-12v-compatible-con-simrad-nssevo3-3s-y-nsoevo3\/"},"modified":"2026-03-20T16:37:23","modified_gmt":"2026-03-20T16:37:23","slug":"camara-marina-ip-cam-1-resolucion-1920x1080-lente-gran-angular-1-8-mm-ir-leds-10-mts-carcasa-acero-inoxidable-316-poe-o-12v-compatible-con-simrad-nssevo3-3s-y-nsoevo3","status":"publish","type":"product","link":"https:\/\/soydeaqui.ddns.net\/pachuca\/index.php\/producto\/camara-marina-ip-cam-1-resolucion-1920x1080-lente-gran-angular-1-8-mm-ir-leds-10-mts-carcasa-acero-inoxidable-316-poe-o-12v-compatible-con-simrad-nssevo3-3s-y-nsoevo3\/","title":{"rendered":"C\u00e1mara Marina IP CAM-1 \/ Resoluci\u00f3n 1920&#215;1080 \/ Lente Gran Angular 1.8 mm \/ IR LEDs 10 mts \/ Carcasa Acero Inoxidable 316 \/ POE o 12V \/ Compatible con Simrad NSSevo3\u2122\/3S\u2122 y NSOevo3\u2122\/3S\u2122"},"content":{"rendered":"<div style='width: 100%; max-width: 1200px; margin: 0 auto; font-family: sans-serif; line-height: 1.6; color: inherit; background-color: transparent;'>\n<div style='margin-bottom: 30px;'>\n<p style='font-size: 18px; line-height: 1.6; color: inherit; margin: 0;'> La c\u00e1mara marina IP CAM-1 ofrece una mayor conciencia de la embarcaci\u00f3n y la tranquilidad que brinda el monitoreo de ubicaciones en su barco&comma; tanto de d\u00eda como de noche. Instale la c\u00e1mara como una c\u00e1mara de reversa&comma; monitoree anclas&comma; posiciones de velas o personas en cubierta&comma; y visual\u00edcela en una pantalla compatible NSSevo3\u2122\/3S\u2122 o NSOevo3\u2122\/3S\u2122. <\/p>\n<\/p><\/div>\n<div style='margin-bottom: 30px;'>\n<h2 style='font-size: 24px; font-weight: 600; margin: 0 0 15px 0; color: inherit; opacity: 0.85;'>Caracter\u00edsticas Principales<\/h2>\n<div style='display: flex; flex-wrap: wrap; gap: 20px;'>\n<div style='flex: 1 1 280px; min-width: 280px;'>\n<ul style='padding-left: 20px; font-size: 15px; color: inherit; list-style-type: disc;'>\n<li style='margin-bottom: 8px;'>Construcci\u00f3n robusta en acero inoxidable 316 dise\u00f1ada para resistir ambientes marinos salinos<\/li>\n<li style='margin-bottom: 8px;'>Resoluci\u00f3n Full HD de 1920 x 1080 para im\u00e1genes claras y detalladas<\/li>\n<li style='margin-bottom: 8px;'>Funcionamiento nocturno y en \u00e1reas oscuras con LEDs IR de alto rendimiento (alcance de 10 m)<\/li>\n<li style='margin-bottom: 8px;'>Lente gran angular de 1.8 mm para una amplia cobertura visual<\/li>\n<li style='margin-bottom: 8px;'>Opciones de alimentaci\u00f3n mediante Power Over Ethernet (POE) o fuente de 12V<\/li>\n<li style='margin-bottom: 8px;'>Configuraci\u00f3n simple con pantallas multifunci\u00f3n Simrad\u00ae NSSevo3\u2122\/3S\u2122 y NSOevo3\u2122\/3S\u2122<\/li>\n<\/ul><\/div>\n<\/p><\/div>\n<\/p><\/div>\n<div style='margin-bottom: 30px;'>\n<h2 style='font-size: 24px; font-weight: 600; margin: 0 0 15px 0; color: inherit; opacity: 0.85;'>Detalles T\u00e9cnicos<\/h2>\n<div style='display: flex; flex-wrap: wrap; gap: 20px;'>\n<div style='flex: 1 1 250px; min-width: 250px;'>\n<div style='border: 1px solid rgba(150&comma; 150&comma; 150&comma; 0.4); border-radius: 8px; overflow: hidden; display: flex; flex-direction: column;'>\n<div style='padding: 15px; border-bottom: 1px solid rgba(150&comma; 150&comma; 150&comma; 0.2); font-weight: bold; font-size: 18px; color: inherit;'>Especificaciones<\/div>\n<div style='padding: 15px; color: inherit;'>\n<ul style='padding-left: 20px; margin: 0; font-size: 14px; list-style-type: disc;'>\n<li style='margin-bottom: 5px;'><strong>Resoluci\u00f3n:<\/strong> 1920 x 1080 (Full HD)<\/li>\n<li style='margin-bottom: 5px;'><strong>Lente:<\/strong> Gran angular de 1.8 mm<\/li>\n<li style='margin-bottom: 5px;'><strong>IR LEDs:<\/strong> Alcance de 10 metros<\/li>\n<li style='margin-bottom: 5px;'><strong>Material de la carcasa:<\/strong> Acero inoxidable 316<\/li>\n<\/ul><\/div>\n<\/p><\/div>\n<\/p><\/div>\n<div style='flex: 1 1 250px; min-width: 250px;'>\n<div style='border: 1px solid rgba(150&comma; 150&comma; 150&comma; 0.4); border-radius: 8px; overflow: hidden; display: flex; flex-direction: column;'>\n<div style='padding: 15px; border-bottom: 1px solid rgba(150&comma; 150&comma; 150&comma; 0.2); font-weight: bold; font-size: 18px; color: inherit;'>Interfaces y Conectividad<\/div>\n<div style='padding: 15px; color: inherit;'>\n<ul style='padding-left: 20px; margin: 0; font-size: 14px; list-style-type: disc;'>\n<li style='margin-bottom: 5px;'><strong>Alimentaci\u00f3n:<\/strong> Power Over Ethernet (POE) o 12V<\/li>\n<li style='margin-bottom: 5px;'><strong>Compatibilidad:<\/strong> Simrad\u00ae NSSevo3\u2122\/3S\u2122 y NSOevo3\u2122\/3S\u2122<\/li>\n<\/ul><\/div>\n<\/p><\/div>\n<\/p><\/div>\n<\/p><\/div>\n<\/p><\/div>\n<div style='margin-bottom: 30px;'>\n<h2 style='font-size: 24px; font-weight: 600; margin: 0 0 15px 0; color: inherit; opacity: 0.85;'>Aplicaciones y Casos de Uso<\/h2>\n<div style='display: flex; flex-wrap: wrap; gap: 20px;'>\n<div style='flex: 1 1 250px; min-width: 250px;'>\n<div style='border: 1px solid rgba(150&comma; 150&comma; 150&comma; 0.4); border-radius: 8px; overflow: hidden; display: flex; flex-direction: column;'>\n<div style='padding: 15px; border-bottom: 1px solid rgba(150&comma; 150&comma; 150&comma; 0.2); font-weight: bold; font-size: 18px; color: inherit;'>C\u00e1mara de Reversa<\/div>\n<div style='padding: 15px; color: inherit;'>\n<p style='margin: 0; font-size: 14px; color: inherit;'>Instalaci\u00f3n en posici\u00f3n trasera para mejorar la visibilidad al maniobrar.<\/p>\n<\/p><\/div>\n<\/p><\/div>\n<\/p><\/div>\n<div style='flex: 1 1 250px; min-width: 250px;'>\n<div style='border: 1px solid rgba(150&comma; 150&comma; 150&comma; 0.4); border-radius: 8px; overflow: hidden; display: flex; flex-direction: column;'>\n<div style='padding: 15px; border-bottom: 1px solid rgba(150&comma; 150&comma; 150&comma; 0.2); font-weight: bold; font-size: 18px; color: inherit;'>Monitoreo de Anclas<\/div>\n<div style='padding: 15px; color: inherit;'>\n<p style='margin: 0; font-size: 14px; color: inherit;'>Vigilancia constante de la posici\u00f3n y estado del ancla.<\/p>\n<\/p><\/div>\n<\/p><\/div>\n<\/p><\/div>\n<div style='flex: 1 1 250px; min-width: 250px;'>\n<div style='border: 1px solid rgba(150&comma; 150&comma; 150&comma; 0.4); border-radius: 8px; overflow: hidden; display: flex; flex-direction: column;'>\n<div style='padding: 15px; border-bottom: 1px solid rgba(150&comma; 150&comma; 150&comma; 0.2); font-weight: bold; font-size: 18px; color: inherit;'>Seguridad en Cubierta<\/div>\n<div style='padding: 15px; color: inherit;'>\n<p style='margin: 0; font-size: 14px; color: inherit;'>Supervisi\u00f3n de personas y actividades en la cubierta del barco.<\/p>\n<\/p><\/div>\n<\/p><\/div>\n<\/p><\/div>\n<\/p><\/div>\n<\/p><\/div>\n<hr style='border: 0; border-top: 1px solid rgba(150&comma; 150&comma; 150&comma; 0.3); margin: 30px 0;'> <\/div>\n","protected":false},"excerpt":{"rendered":"<p>C\u00e1mara Marina IP CAM-1 \/ Resoluci\u00f3n 1920&#215;1080 \/ Lente Gran Angular 1.8 mm \/ IR LEDs 10 mts \/ Carcasa Acero Inoxidable 316 \/ POE o 12V \/ Compatible con Simrad NSSevo3\u2122\/3S\u2122 y NSOevo3\u2122\/3S\u2122<\/p>\n","protected":false},"featured_media":106836,"comment_status":"open","ping_status":"closed","template":"","meta":[],"product_brand":[],"product_cat":[2289],"product_tag":[2290,122,1505],"class_list":{"0":"post-106837","1":"product","2":"type-product","3":"status-publish","4":"has-post-thumbnail","6":"product_cat-ambientes-salinos-anticorrosion","7":"product_tag-ambientes-salinos-anticorrosion","8":"product_tag-camaras-ip-y-nvrs","9":"product_tag-simrad","11":"first","12":"instock","13":"sale","14":"shipping-taxable","15":"purchasable","16":"product-type-simple"},"_links":{"self":[{"href":"https:\/\/soydeaqui.ddns.net\/pachuca\/index.php\/wp-json\/wp\/v2\/product\/106837","targetHints":{"allow":["GET"]}}],"collection":[{"href":"https:\/\/soydeaqui.ddns.net\/pachuca\/index.php\/wp-json\/wp\/v2\/product"}],"about":[{"href":"https:\/\/soydeaqui.ddns.net\/pachuca\/index.php\/wp-json\/wp\/v2\/types\/product"}],"replies":[{"embeddable":true,"href":"https:\/\/soydeaqui.ddns.net\/pachuca\/index.php\/wp-json\/wp\/v2\/comments?post=106837"}],"wp:featuredmedia":[{"embeddable":true,"href":"https:\/\/soydeaqui.ddns.net\/pachuca\/index.php\/wp-json\/wp\/v2\/media\/106836"}],"wp:attachment":[{"href":"https:\/\/soydeaqui.ddns.net\/pachuca\/index.php\/wp-json\/wp\/v2\/media?parent=106837"}],"wp:term":[{"taxonomy":"product_brand","embeddable":true,"href":"https:\/\/soydeaqui.ddns.net\/pachuca\/index.php\/wp-json\/wp\/v2\/product_brand?post=106837"},{"taxonomy":"product_cat","embeddable":true,"href":"https:\/\/soydeaqui.ddns.net\/pachuca\/index.php\/wp-json\/wp\/v2\/product_cat?post=106837"},{"taxonomy":"product_tag","embeddable":true,"href":"https:\/\/soydeaqui.ddns.net\/pachuca\/index.php\/wp-json\/wp\/v2\/product_tag?post=106837"}],"curies":[{"name":"wp","href":"https:\/\/api.w.org\/{rel}","templated":true}]}}