{"id":106813,"date":"2026-03-20T16:36:03","date_gmt":"2026-03-20T16:36:03","guid":{"rendered":"https:\/\/soydeaqui.ddns.net\/pachuca\/index.php\/producto\/switch-industrial-no-administrable-gigabit-3-puertos-gigabit-poe-30-w-1-puerto-gigabit-poe-60-w-2-puertos-sfp-65-w-total-48-a-57-vcd-ideal-para-proyectos-300-metros-de-distancia\/"},"modified":"2026-03-20T16:36:20","modified_gmt":"2026-03-20T16:36:20","slug":"switch-industrial-no-administrable-gigabit-3-puertos-gigabit-poe-30-w-1-puerto-gigabit-poe-60-w-2-puertos-sfp-65-w-total-48-a-57-vcd-ideal-para-proyectos-300-metros-de-distancia","status":"publish","type":"product","link":"https:\/\/soydeaqui.ddns.net\/pachuca\/index.php\/producto\/switch-industrial-no-administrable-gigabit-3-puertos-gigabit-poe-30-w-1-puerto-gigabit-poe-60-w-2-puertos-sfp-65-w-total-48-a-57-vcd-ideal-para-proyectos-300-metros-de-distancia\/","title":{"rendered":"Switch Industrial No Administrable Gigabit \/ 3 Puertos Gigabit PoE+ (30 W) + 1 Puerto Gigabit PoE++ (60 W) \/ 2 Puertos SFP \/ 65 W Total \/ 48 a 57 VCD \/ Ideal para Proyectos \/ 300 Metros de Distancia"},"content":{"rendered":"<div style='width: 100%; max-width: 1200px; margin: 0 auto; font-family: sans-serif; line-height: 1.6; color: inherit; background-color: transparent;'>\n<p style='text-align: center; margin: 0;'><img style='width: 100%; max-width: 450px; height: auto; border: 1px solid rgba(150&comma;150&comma;150&comma;0.3); border-radius: 8px;' src='https:\/\/ftp3.syscom.mx\/usuarios\/jsosa\/HIKVISION\/imagenes\/logo\/hikvision%20see%20far.png' alt='Logo Hikvision'><\/p>\n<div style='position: relative; padding-bottom: 56.25%; height: 0; overflow: hidden; margin: 30px 0;'>   <\/div>\n<div style='display: grid; grid-template-columns: repeat(auto-fill&comma; minmax(280px&comma; 1fr)); gap: 30px; margin: 30px 0;'>\n<div style='text-align: center;'>\n<h4 style='font-size: 18px; margin-top: 0; margin-bottom: 15px; color: inherit; opacity: 0.8; font-weight: bold;'>\u00bfQu\u00e9 es Hik-Partner Pro?<\/h4>\n<div style='position: relative; padding-bottom: 56.25%; height: 0; overflow: hidden;'>   <\/div>\n<\/p><\/div>\n<div style='text-align: center;'>\n<h4 style='font-size: 18px; margin-top: 0; margin-bottom: 15px; color: inherit; opacity: 0.8; font-weight: bold;'>Activa tus Equipos en 3 Pasos<\/h4>\n<div style='position: relative; padding-bottom: 56.25%; height: 0; overflow: hidden;'>   <\/div>\n<\/p><\/div>\n<div style='text-align: center;'>\n<h4 style='font-size: 18px; margin-top: 0; margin-bottom: 15px; color: inherit; opacity: 0.8; font-weight: bold;'>\u00a1Vincula tus dispositivos!<\/h4>\n<div style='position: relative; padding-bottom: 56.25%; height: 0; overflow: hidden;'>   <\/div>\n<\/p><\/div>\n<\/p><\/div>\n<h2 style='font-size: 24px; margin-top: 30px; margin-bottom: 20px; color: inherit; border-bottom: 2px solid currentColor; padding-bottom: 8px; text-align: center;'>Especificaciones<\/h2>\n<div style='display: flex; flex-wrap: wrap; gap: 20px; margin: 30px 0;'>\n<div style='flex: 1 1 300px; min-width: 280px; border: 1px solid rgba(150&comma;150&comma;150&comma;0.4); border-radius: 8px; overflow: hidden; background-color: rgba(223&comma;0&comma;30&comma;0.05);'>\n<div style='padding: 15px; border-bottom: 1px solid rgba(150&comma;150&comma;150&comma;0.2); font-weight: bold; font-size: 18px; background-color: #df001e; color: white;'>Caracter\u00edsticas Principales:<\/div>\n<div style='padding: 15px; color: inherit;'>\n<ul style='padding-left: 20px; margin: 0; font-size: 14px; list-style-type: disc;'>\n<li style='margin-bottom: 10px;'><strong>1 puerto PoE 802.3af\/at\/bt<\/strong> RJ45 de 10\/100\/1000 Mbps<\/li>\n<li style='margin-bottom: 10px;'><strong>3 puertos PoE 802.3af\/at<\/strong> RJ45 de 10\/100\/1000 Mbps<\/li>\n<li style='margin-bottom: 10px;'><strong>2 puertos SFP<\/strong> de 10\/100\/1000 Mbps para Uplink<\/li>\n<li style='margin-bottom: 10px;'><strong>Puerto 1 soporta hasta 60W<\/strong> y los puertos 3 y 4 soportan PoE extended (300 m)<\/li>\n<li style='margin-bottom: 10px;'>Modo de trabajo: Standart mode (default)&comma; Extended mode&comma; Isolation mode&comma; PoE watchdog mode<\/li>\n<li style='margin-bottom: 10px;'><strong>PoE Watchdog<\/strong> para detectar inactividad y reiniciar autom\u00e1ticamente las c\u00e1maras que no responden<\/li>\n<li style='margin-bottom: 10px;'><strong>Soporta Port Isolation<\/strong> para separar virtualmente cada uno de los puertos para prevenir fuga de datos<\/li>\n<\/ul><\/div>\n<\/p><\/div>\n<div style='flex: 1 1 300px; min-width: 280px; border: 1px solid rgba(150&comma;150&comma;150&comma;0.4); border-radius: 8px; overflow: hidden; background-color: rgba(223&comma;0&comma;30&comma;0.05);'>\n<div style='padding: 15px; border-bottom: 1px solid rgba(150&comma;150&comma;150&comma;0.2); font-weight: bold; font-size: 18px; background-color: #df001e; color: white;'>Caracter\u00edsticas F\u00edsicas y El\u00e9ctricas:<\/div>\n<div style='padding: 15px; color: inherit;'>\n<ul style='padding-left: 20px; margin: 0; font-size: 14px; list-style-type: disc;'>\n<li style='margin-bottom: 10px;'>Presupuesto de energ\u00eda PoE <strong>65 W<\/strong><\/li>\n<li style='margin-bottom: 10px;'><strong>Capacidad de conmutaci\u00f3n<\/strong> 12 Gbps<\/li>\n<li style='margin-bottom: 10px;'>Tasa de reenv\u00edo de paquetes 8.928 Mpps<\/li>\n<li style='margin-bottom: 10px;'><strong>Consumo m\u00e1ximo de energ\u00eda<\/strong> 60 W<\/li>\n<li style='margin-bottom: 10px;'><strong>Dimensiones:<\/strong> 158 \u00d7 101.2 \u00d7 31.6 mm<\/li>\n<li style='margin-bottom: 10px;'><strong>Temperatura de funcionamiento:<\/strong> -30\u201365\u00b0C<\/li>\n<li style='margin-bottom: 10px;'><strong>Temperatura de almacenamiento:<\/strong> -40\u201385\u00b0C<\/li>\n<li style='margin-bottom: 10px;'><strong>Fuente de Alimentaci\u00f3n:<\/strong> 48 a 57 VDC&comma; 1.35 A Max (Modelo recomendado KPL-065S-II)<\/li>\n<\/ul><\/div>\n<\/p><\/div>\n<\/p><\/div>\n<div style='border: 1px solid rgba(150&comma;150&comma;150&comma;0.4); border-radius: 8px; overflow: hidden; margin: 30px 0; background-color: rgba(223&comma;0&comma;30&comma;0.05);'>\n<div style='padding: 15px; border-bottom: 1px solid rgba(150&comma;150&comma;150&comma;0.2); font-weight: bold; font-size: 18px; background-color: #df001e; color: white;'>Caracter\u00edsticas Avanzadas<\/div>\n<div style='padding: 15px; color: inherit;'>\n<ul style='padding-left: 20px; margin: 0; font-size: 14px; list-style-type: disc;'>\n<li style='margin-bottom: 10px;'>Puertos VIP<\/li>\n<li style='margin-bottom: 10px;'>Aislado de puertos<\/li>\n<li style='margin-bottom: 10px;'>PoE Watchdog<\/li>\n<li style='margin-bottom: 10px;'>Link Aggregation<\/li>\n<li style='margin-bottom: 10px;'>Prevenci\u00f3n de loop<\/li>\n<li style='margin-bottom: 10px;'>VLANs<\/li>\n<\/ul><\/div>\n<\/p><\/div>\n<div style='border: 1px solid rgba(150&comma;150&comma;150&comma;0.4); border-radius: 8px; overflow: hidden; margin: 30px 0; background-color: rgba(223&comma;0&comma;30&comma;0.05);'>\n<div style='padding: 15px; border-bottom: 1px solid rgba(150&comma;150&comma;150&comma;0.2); font-weight: bold; font-size: 18px; background-color: #df001e; color: white;'>Consideraciones<\/div>\n<div style='padding: 15px; color: inherit;'>\n<ul style='padding-left: 20px; margin: 0; font-size: 14px; list-style-type: disc;'>\n<li style='margin-bottom: 10px;'>Las distancias del modo extendido pueden variar seg\u00fan las condiciones de instalaci\u00f3n y los dispositivos utilizados&comma; es necesario usar cable UTP CAT 6 100% COBRE<\/li>\n<li style='margin-bottom: 10px;'>El modo extendido y el extensor PoE solo soportan equipos que trabajen con el est\u00e1ndar PoE (IEEE 802.3af\/at)<\/li>\n<li style='margin-bottom: 10px;'>El switch suministra PoE estandarizado (PoE Activo) no puede alimentar equipos que manejen PoE Pasivo<\/li>\n<li style='margin-bottom: 10px;'>El switch cuenta con un <strong>bot\u00f3n<\/strong> para regresar a valores de f\u00e1brica (es necesario dejar presionado por 10 seg)<\/li>\n<li style='margin-bottom: 10px; color: #e74c3c;'><strong>NO montable en rack<\/strong><\/li>\n<li style='color: #e74c3c;'><strong>NO incluye Fuente de Alimentaci\u00f3n<\/strong><\/li>\n<\/ul><\/div>\n<\/p><\/div>\n<h3 style='font-size: 20px; margin-top: 30px; margin-bottom: 15px; color: inherit; border-bottom: 2px solid currentColor; padding-bottom: 8px; text-align: center;'>Distancias Modo Extendido<\/h3>\n<p style='text-align: center; margin: 20px 0 0 0;'><img style='width: 100%; max-width: 1200px; height: auto; border: 1px solid rgba(150&comma;150&comma;150&comma;0.3); border-radius: 8px;' src='https:\/\/ftp3.syscom.mx\/usuarios\/jsosa\/HIKVISION\/redes\/poeextended.PNG' alt='Distancias Modo Extendido'><\/p>\n<h3 style='font-size: 20px; margin-top: 30px; margin-bottom: 15px; color: inherit; border-bottom: 2px solid currentColor; padding-bottom: 8px; text-align: center;'>Funcionamiento PoE Extended<\/h3>\n<p style='margin: 20px 0;'>Los Switches PoE de Hikvision permiten al momento de utilizar un extensor PoE Hikvision modelo <a style='color: #df001e; text-decoration: underline;' href='https:\/\/www.syscom.mx\/producto\/DS-3E0103DP-E-R-HIKVISION-230170.html'>DS-3E0103DP-E\/R<\/a> o <a style='color: #df001e; text-decoration: underline;' href='https:\/\/www.syscom.mx\/producto\/DS-3E0503DP-E-R-HIKVISION-230171.html'>DS-3E0503DP-E\/R<\/a> alcanzar distancias de hasta <strong style='color: #df001e;'>200 metros<\/strong>.<\/p>\n<p style='text-align: center; margin: 20px 0 0 0;'><img style='width: 100%; max-width: 983px; height: auto; border: 1px solid rgba(150&comma;150&comma;150&comma;0.3); border-radius: 8px;' src='https:\/\/ftp3.syscom.mx\/usuarios\/alexh\/Hikvision\/imagen\/Distancias.PNG' alt='Distancias de funcionamiento PoE Extended'><\/p>\n<\/p><\/div>\n","protected":false},"excerpt":{"rendered":"<p>Switch Industrial No Administrable Gigabit \/ 3 Puertos Gigabit PoE+ (30 W) + 1 Puerto Gigabit PoE++ (60 W) \/ 2 Puertos SFP \/ 65 W Total \/ 48 a 57 VCD \/ Ideal para Proyectos \/ 300 Metros de Distancia<\/p>\n","protected":false},"featured_media":106812,"comment_status":"open","ping_status":"closed","template":"","meta":[],"product_brand":[],"product_cat":[1986],"product_tag":[54,664,1987],"class_list":{"0":"post-106813","1":"product","2":"type-product","3":"status-publish","4":"has-post-thumbnail","6":"product_cat-switches-poe","7":"product_tag-hikvision","8":"product_tag-networking","9":"product_tag-switches-poe","11":"first","12":"instock","13":"sale","14":"shipping-taxable","15":"purchasable","16":"product-type-simple"},"_links":{"self":[{"href":"https:\/\/soydeaqui.ddns.net\/pachuca\/index.php\/wp-json\/wp\/v2\/product\/106813","targetHints":{"allow":["GET"]}}],"collection":[{"href":"https:\/\/soydeaqui.ddns.net\/pachuca\/index.php\/wp-json\/wp\/v2\/product"}],"about":[{"href":"https:\/\/soydeaqui.ddns.net\/pachuca\/index.php\/wp-json\/wp\/v2\/types\/product"}],"replies":[{"embeddable":true,"href":"https:\/\/soydeaqui.ddns.net\/pachuca\/index.php\/wp-json\/wp\/v2\/comments?post=106813"}],"wp:featuredmedia":[{"embeddable":true,"href":"https:\/\/soydeaqui.ddns.net\/pachuca\/index.php\/wp-json\/wp\/v2\/media\/106812"}],"wp:attachment":[{"href":"https:\/\/soydeaqui.ddns.net\/pachuca\/index.php\/wp-json\/wp\/v2\/media?parent=106813"}],"wp:term":[{"taxonomy":"product_brand","embeddable":true,"href":"https:\/\/soydeaqui.ddns.net\/pachuca\/index.php\/wp-json\/wp\/v2\/product_brand?post=106813"},{"taxonomy":"product_cat","embeddable":true,"href":"https:\/\/soydeaqui.ddns.net\/pachuca\/index.php\/wp-json\/wp\/v2\/product_cat?post=106813"},{"taxonomy":"product_tag","embeddable":true,"href":"https:\/\/soydeaqui.ddns.net\/pachuca\/index.php\/wp-json\/wp\/v2\/product_tag?post=106813"}],"curies":[{"name":"wp","href":"https:\/\/api.w.org\/{rel}","templated":true}]}}