{"id":106797,"date":"2026-03-20T16:35:13","date_gmt":"2026-03-20T16:35:13","guid":{"rendered":"https:\/\/soydeaqui.ddns.net\/pachuca\/index.php\/producto\/switch-industrial-no-administrable-gigabit-6-puertos-gigabit-poe-30-w-2-puertos-gigabit-poe-60-w-2-puertos-sfp-120-w-total-48-a-57-vcd-ideal-para-proyectos-300-metros-de-distancia\/"},"modified":"2026-03-20T16:35:15","modified_gmt":"2026-03-20T16:35:15","slug":"switch-industrial-no-administrable-gigabit-6-puertos-gigabit-poe-30-w-2-puertos-gigabit-poe-60-w-2-puertos-sfp-120-w-total-48-a-57-vcd-ideal-para-proyectos-300-metros-de-distancia","status":"publish","type":"product","link":"https:\/\/soydeaqui.ddns.net\/pachuca\/index.php\/producto\/switch-industrial-no-administrable-gigabit-6-puertos-gigabit-poe-30-w-2-puertos-gigabit-poe-60-w-2-puertos-sfp-120-w-total-48-a-57-vcd-ideal-para-proyectos-300-metros-de-distancia\/","title":{"rendered":"Switch Industrial No Administrable Gigabit \/ 6 Puertos Gigabit PoE+ (30 W) + 2 Puertos Gigabit PoE++ (60 W) \/ 2 Puertos SFP \/ 120 W Total \/ 48 a 57 VCD \/ Ideal para Proyectos \/ 300 Metros de Distancia"},"content":{"rendered":"<div style='width: 100%; max-width: 1200px; margin: 0 auto; font-family: sans-serif; line-height: 1.6; color: inherit; background-color: transparent;'> <!-- Imagen logo --> <\/p>\n<p style='text-align: center; margin: 20px 0;'> <img style='width: 45%; height: auto; border: 1px solid rgba(150&comma;150&comma;150&comma;0.3); border-radius: 8px;' src='https:\/\/ftp3.syscom.mx\/usuarios\/jsosa\/HIKVISION\/imagenes\/logo\/hikvision%20see%20far.png' alt='Logo Hikvision'> <\/p>\n<p> <!-- Caracter\u00edsticas principales y f\u00edsicas --> <\/p>\n<div style='display: flex; flex-wrap: wrap; gap: 30px; margin-bottom: 30px;'>\n<div style='flex: 1 1 300px; min-width: 280px;'>\n<h3 style='font-size: 22px; border-bottom: 2px solid currentColor; padding-bottom: 5px; margin-top: 0; color: inherit; opacity: 0.8;'>Caracter\u00edsticas principales<\/h3>\n<ul style='padding-left: 20px; font-size: 15px; color: inherit;'>\n<li style='margin-bottom: 5px;'><strong>2 puertos PoE 802.3af\/at\/bt<\/strong> RJ45 de 10\/100\/1000 Mbps<\/li>\n<li style='margin-bottom: 5px;'><strong>6 puertos PoE 802.3af\/at<\/strong> RJ45 de 10\/100\/1000 Mbps<\/li>\n<li style='margin-bottom: 5px;'><strong>2 puertos SFP<\/strong> de 10\/100\/1000 Mbps para Uplink<\/li>\n<li style='margin-bottom: 5px;'><strong>El puerto 1 y 2 soporta hasta 60W<\/strong> y <strong>los puertos 7 y 8 soportan PoE extended<\/strong> (300 mts.)<\/li>\n<li style='margin-bottom: 5px;'>Modo de trabajo: Standart mode (default)&comma; Extended mode&comma; Isolation mode&comma; PoE watchdog mode<\/li>\n<li style='margin-bottom: 5px;'><strong>PoE Watchdog<\/strong> para detectar inactividad y reiniciar autom\u00e1ticamente las c\u00e1maras que no responden<\/li>\n<li style='margin-bottom: 5px;'><strong>Soporta Port Isolation<\/strong> para separar virtualmente cada uno de los puertos para prevenir fuga de datos<\/li>\n<\/ul><\/div>\n<div style='flex: 1 1 300px; min-width: 280px;'>\n<h3 style='font-size: 22px; border-bottom: 2px solid currentColor; padding-bottom: 5px; margin-top: 0; color: inherit; opacity: 0.8;'>Caracter\u00edsticas F\u00edsicas y El\u00e9ctricas<\/h3>\n<ul style='padding-left: 20px; font-size: 15px; color: inherit;'>\n<li style='margin-bottom: 5px;'>Presupuesto de energ\u00eda PoE <strong>110 W<\/strong><\/li>\n<li style='margin-bottom: 5px;'>Capacidad de conmutaci\u00f3n <strong>20 Gbps<\/strong><\/li>\n<li style='margin-bottom: 5px;'>Tasa de reenv\u00edo de paquetes <strong>14.88 Mpps<\/strong><\/li>\n<li style='margin-bottom: 5px;'>M\u00e1ximo consumo de energ\u00eda <strong>120 W<\/strong><\/li>\n<li style='margin-bottom: 5px;'>Dimensiones (An x Al x Pr) <strong>197 mm \u00d7 114.2 mm \u00d7 42.2 mm<\/strong><\/li>\n<li style='margin-bottom: 5px;'>Temperatura de funcionamiento: <strong>-30 \u00b0C a 65 \u00b0C<\/strong><\/li>\n<li style='margin-bottom: 5px;'>Temperatura de almacenamiento: <strong>-40 \u00b0C a 55 \u00b0C<\/strong><\/li>\n<li style='margin-bottom: 5px;'>Fuente de Alimentaci\u00f3n <strong>48 a 57 VDC&comma; 2.5 A Max<\/strong> (Modelo recomendado <a title='KPL-065S-II' href='https:\/\/www.syscom.mx\/producto\/NDR-120-48-MEANWELL-176136.html' style='color: inherit; text-decoration: underline;'>NDR-120-48<\/a>)<\/li>\n<li style='margin-bottom: 5px;'><strong>No montable en rack<\/strong><\/li>\n<\/ul><\/div>\n<\/p><\/div>\n<p> <!-- Consideraciones --> <\/p>\n<div style='margin-bottom: 30px;'>\n<h3 style='font-size: 22px; border-bottom: 2px solid currentColor; padding-bottom: 5px; margin-top: 0; color: inherit; opacity: 0.8;'>Consideraciones<\/h3>\n<ul style='padding-left: 20px; font-size: 15px; color: inherit;'>\n<li style='margin-bottom: 5px;'><strong>Nota:<\/strong> Las distancias del modo extendido pueden variar seg\u00fan las condiciones de instalaci\u00f3n y los dispositivos utilizados&comma; es necesario usar cable UTP CAT 6 100% COBRE<\/li>\n<li style='margin-bottom: 5px;'>El modo extendido y el extensor PoE solo soportan equipos que trabajen con el est\u00e1ndar PoE (IEEE 802.3af\/at)<\/li>\n<li style='margin-bottom: 5px;'>El switch suministra PoE Estandarizado (PoE Activo) no puede alimentar equipos que manejen PoE Pasivo<\/li>\n<\/ul><\/div>\n<p> <!-- Separador --> <\/p>\n<hr style='border: 0; border-top: 1px solid rgba(150&comma; 150&comma; 150&comma; 0.3); margin: 30px 0;'> <!-- Distancias Modo Extendido --> <\/p>\n<div style='margin-bottom: 30px;'>\n<h3 style='font-size: 22px; border-bottom: 2px solid currentColor; padding-bottom: 5px; margin-top: 0; color: inherit; opacity: 0.8; text-align: center;'>Distancias Modo Extendido<\/h3>\n<p style='text-align: center; margin: 20px 0;'> <img style='width: 100%; height: auto; border: 1px solid rgba(150&comma;150&comma;150&comma;0.3); border-radius: 8px;' src='https:\/\/ftp3.syscom.mx\/usuarios\/jsosa\/HIKVISION\/redes\/poeextended.PNG' alt='Distancias Modo Extendido'> <\/p>\n<\/p><\/div>\n<p> <!-- Funcionamiento PoE Extended --> <\/p>\n<div style='margin-bottom: 30px;'>\n<h3 style='font-size: 22px; border-bottom: 2px solid currentColor; padding-bottom: 5px; margin-top: 0; color: inherit; opacity: 0.8; text-align: center;'>Funcionamiento PoE Extended<\/h3>\n<p style='text-align: center; margin: 20px 0; font-size: 15px; color: inherit;'> Los Switches PoE de Hikvision permiten al momento de utilizar un extensor PoE Hikvision modelo <a href='https:\/\/www.syscom.mx\/producto\/DS-3E0103DP-E-R-HIKVISION-230170.html' style='color: inherit; text-decoration: underline;'>DS-3E0103DP-E\/R<\/a> o <a href='https:\/\/www.syscom.mx\/producto\/DS-3E0503DP-E-R-HIKVISION-230171.html' style='color: inherit; text-decoration: underline;'>DS-3E0503DP-E\/R<\/a> alcanzar distancias de hasta <strong style='font-size: 18px;'>200 metros<\/strong> <\/p>\n<p style='text-align: center; margin: 20px 0;'> <img style='width: 100%; height: auto; border: 1px solid rgba(150&comma;150&comma;150&comma;0.3); border-radius: 8px;' src='https:\/\/ftp3.syscom.mx\/usuarios\/alexh\/Hikvision\/imagen\/Distancias.PNG' alt='Funcionamiento PoE Extended'> <\/p>\n<\/p><\/div>\n<\/p><\/div>\n","protected":false},"excerpt":{"rendered":"<p>Switch Industrial No Administrable Gigabit \/ 6 Puertos Gigabit PoE+ (30 W) + 2 Puertos Gigabit PoE++ (60 W) \/ 2 Puertos SFP \/ 120 W Total \/ 48 a 57 VCD \/ Ideal para Proyectos \/ 300 Metros de Distancia<\/p>\n","protected":false},"featured_media":106796,"comment_status":"open","ping_status":"closed","template":"","meta":[],"product_brand":[],"product_cat":[1986],"product_tag":[54,664,1987],"class_list":{"0":"post-106797","1":"product","2":"type-product","3":"status-publish","4":"has-post-thumbnail","6":"product_cat-switches-poe","7":"product_tag-hikvision","8":"product_tag-networking","9":"product_tag-switches-poe","11":"first","12":"instock","13":"sale","14":"shipping-taxable","15":"purchasable","16":"product-type-simple"},"_links":{"self":[{"href":"https:\/\/soydeaqui.ddns.net\/pachuca\/index.php\/wp-json\/wp\/v2\/product\/106797","targetHints":{"allow":["GET"]}}],"collection":[{"href":"https:\/\/soydeaqui.ddns.net\/pachuca\/index.php\/wp-json\/wp\/v2\/product"}],"about":[{"href":"https:\/\/soydeaqui.ddns.net\/pachuca\/index.php\/wp-json\/wp\/v2\/types\/product"}],"replies":[{"embeddable":true,"href":"https:\/\/soydeaqui.ddns.net\/pachuca\/index.php\/wp-json\/wp\/v2\/comments?post=106797"}],"wp:featuredmedia":[{"embeddable":true,"href":"https:\/\/soydeaqui.ddns.net\/pachuca\/index.php\/wp-json\/wp\/v2\/media\/106796"}],"wp:attachment":[{"href":"https:\/\/soydeaqui.ddns.net\/pachuca\/index.php\/wp-json\/wp\/v2\/media?parent=106797"}],"wp:term":[{"taxonomy":"product_brand","embeddable":true,"href":"https:\/\/soydeaqui.ddns.net\/pachuca\/index.php\/wp-json\/wp\/v2\/product_brand?post=106797"},{"taxonomy":"product_cat","embeddable":true,"href":"https:\/\/soydeaqui.ddns.net\/pachuca\/index.php\/wp-json\/wp\/v2\/product_cat?post=106797"},{"taxonomy":"product_tag","embeddable":true,"href":"https:\/\/soydeaqui.ddns.net\/pachuca\/index.php\/wp-json\/wp\/v2\/product_tag?post=106797"}],"curies":[{"name":"wp","href":"https:\/\/api.w.org\/{rel}","templated":true}]}}