{"id":106795,"date":"2026-03-20T16:35:07","date_gmt":"2026-03-20T16:35:07","guid":{"rendered":"https:\/\/soydeaqui.ddns.net\/pachuca\/index.php\/producto\/bala-ip-2-megapixel-lente-mot-2-8-12-mm-30-mts-ir-exir-ik10-reconocimiento-facial-wdr-140-db-deepinview-busqueda-por-atributos-heat-map-acusense-micro-sd\/"},"modified":"2026-03-20T16:35:10","modified_gmt":"2026-03-20T16:35:10","slug":"bala-ip-2-megapixel-lente-mot-2-8-12-mm-30-mts-ir-exir-ik10-reconocimiento-facial-wdr-140-db-deepinview-busqueda-por-atributos-heat-map-acusense-micro-sd","status":"publish","type":"product","link":"https:\/\/soydeaqui.ddns.net\/pachuca\/index.php\/producto\/bala-ip-2-megapixel-lente-mot-2-8-12-mm-30-mts-ir-exir-ik10-reconocimiento-facial-wdr-140-db-deepinview-busqueda-por-atributos-heat-map-acusense-micro-sd\/","title":{"rendered":"Bala IP 2 Megapixel \/ Lente Mot. 2.8 &#8211; 12 mm \/ 30 mts IR EXIR \/ IK10 \/ Reconocimiento Facial \/ WDR 140 dB \/ DeepinView \/ B\u00fasqueda por Atributos \/ Heat Map \/ ACUSENSE \/ Micro SD"},"content":{"rendered":"<div style='width: 100%; max-width: 1200px; margin: 0 auto; font-family: sans-serif; line-height: 1.6; color: inherit; background-color: transparent;'> <!-- Logo --> <\/p>\n<div style='text-align: center; margin: 30px 0;'> <img style='width: 100%; max-width: 300px; height: auto; border: 1px solid rgba(150&comma;150&comma;150&comma;0.3); border-radius: 8px;' src='https:\/\/ftp3.syscom.mx\/usuarios\/jsosa\/HIKVISION\/imagenes\/logo\/hikvision%20see%20far.png' alt='Logo Hikvision'> <\/div>\n<p> <!-- Secci\u00f3n de caracter\u00edsticas con grid --> <\/p>\n<div style='display: grid; grid-template-columns: repeat(auto-fit&comma; minmax(280px&comma; 1fr)); gap: 30px; margin-bottom: 30px;'> <!-- Caracter\u00edsticas principales --> <\/p>\n<div>\n<h3 style='font-size: 22px; border-bottom: 2px solid currentColor; padding-bottom: 5px; margin-top: 0; color: inherit; opacity: 0.8;'>Caracter\u00edsticas principales<\/h3>\n<ul style='padding-left: 20px; font-size: 15px; color: inherit;'>\n<li style='margin-bottom: 5px;'><strong>Compresi\u00f3n de video:<\/strong> H.265+ \/ H.265 \/ H.264+ \/ H.264<\/li>\n<li style='margin-bottom: 5px;'><strong>Lente Motorizado:<\/strong> 2.8 a 12 mm (114.5\u00b0 a 41.8\u00b0)<\/li>\n<li style='margin-bottom: 5px;'><strong>Velocidad del shutter:<\/strong> 1 s a 100.000 s&comma; soporta Slow Shutter<\/li>\n<li style='margin-bottom: 5px;'><strong>Iluminaci\u00f3n m\u00ednima DARKFIGHTER:<\/strong> 0.001 Lux @(F1.2&comma;AGC ON)<\/li>\n<li style='margin-bottom: 5px;'><strong>Distancia de IR:<\/strong> 50 mts IR EXIR<\/li>\n<li style='margin-bottom: 5px;'><strong>Puerto de red:<\/strong> 10 \/ 100 \/ 1000 Mbps<\/li>\n<li style='margin-bottom: 5px;'><strong>Memoria micro SD:<\/strong> Hasta 256 GB (no incluida)<\/li>\n<li style='margin-bottom: 5px;'><strong>Resoluci\u00f3n m\u00e1xima:<\/strong> 60Hz: 30fps (2560 \u00d7 1440&comma; 1920 \u00d7 1080&comma; 1280 \u00d7 720)<\/li>\n<li style='margin-bottom: 5px;'><strong>Funciones:<\/strong> WDR real 140 dB \/ BLC \/ HLC \/ 3D DNR \/ Defog \/ EIS<\/li>\n<li style='margin-bottom: 5px;'><strong>Protocolos:<\/strong> ONVIF (PROFILE S&comma; PROFILE G&comma; PROFILE T) \/ ISAPI \/ SDK \/ ISUP<\/li>\n<\/ul><\/div>\n<p> <!-- Caracter\u00edsticas F\u00edsicas y El\u00e9ctricas --> <\/p>\n<div>\n<h3 style='font-size: 22px; border-bottom: 2px solid currentColor; padding-bottom: 5px; margin-top: 0; color: inherit; opacity: 0.8;'>Caracter\u00edsticas F\u00edsicas y El\u00e9ctricas<\/h3>\n<ul style='padding-left: 20px; font-size: 15px; color: inherit;'>\n<li style='margin-bottom: 5px;'><strong>Dimensiones:<\/strong> 144 \u00d7 347 mm<\/li>\n<li style='margin-bottom: 5px;'><strong>Consumo \/ alimentaci\u00f3n:<\/strong> 12 Vcc \/ PoE (802.3 at) \/ 18 Watts<\/li>\n<li style='margin-bottom: 5px;'><strong>Protecci\u00f3n:<\/strong> IP67 (Interior \/ Exterior)<\/li>\n<li style='margin-bottom: 5px;'><strong>Antivand\u00e1lico:<\/strong> IK10<\/li>\n<li style='margin-bottom: 5px;'><strong>Peso:<\/strong> 1920 gramos<\/li>\n<\/ul>\n<h4 style='font-size: 18px; margin-top: 20px; margin-bottom: 10px; color: inherit; opacity: 0.8;'>Accesorios<\/h4>\n<ul style='padding-left: 20px; font-size: 14px; color: inherit;'>\n<li style='margin-bottom: 5px;'><a href='https:\/\/www.syscom.mx\/producto\/DS-1475ZJ-SUS-HIKVISION-156174.html' target='_blank' rel='noopener' style='color: inherit; text-decoration: underline;'>Montaje de poste vertical&comma; modelo: DS-1475ZJ-SUS<\/a><\/li>\n<li style='margin-bottom: 5px;'><a href='https:\/\/www.syscom.mx\/producto\/DS-1476ZJ-SUS-HIKVISION-156175.html' target='_blank' rel='noopener' style='color: inherit; text-decoration: underline;'>Montaje de esquina&comma; modelo: DS-1476ZJ-SUS<\/a><\/li>\n<li style='margin-bottom: 5px;'><a href='https:\/\/www.syscom.mx\/producto\/DS-1475ZJ-Y-HIKVISION-167603.html' target='_blank' rel='noopener' style='color: inherit; text-decoration: underline;'>Montaje de poste vertical&comma; modelo: DS-1475ZJ-Y<\/a><\/li>\n<li style='margin-bottom: 5px;'><a href='https:\/\/www.syscom.mx\/producto\/DS-1476ZJ-Y-HIKVISION-167604.html' target='_blank' rel='noopener' style='color: inherit; text-decoration: underline;'>Montaje de esquina&comma; modelo: DS-1476ZJ-Y<\/a><\/li>\n<\/ul><\/div>\n<p> <!-- Caracter\u00edsticas Destacadas --> <\/p>\n<div>\n<h3 style='font-size: 22px; border-bottom: 2px solid currentColor; padding-bottom: 5px; margin-top: 0; color: inherit; opacity: 0.8;'>Caracter\u00edsticas Destacadas<\/h3>\n<ul style='padding-left: 20px; font-size: 15px; color: inherit;'>\n<li style='margin-bottom: 15px;'><strong>Reconocimiento facial:<\/strong> Con algoritmos integrados basados en aprendizaje profundo&comma; la c\u00e1mara puede dar la mejor toma de la cara de un objetivo a trav\u00e9s de la detecci\u00f3n&comma; seguimiento&comma; captura&comma; calificaci\u00f3n y selecci\u00f3n. La c\u00e1mara captura la cara y emite las caracter\u00edsticas&comma; como el sexo&comma; la edad y expresi\u00f3n.<\/li>\n<li style='margin-bottom: 15px;'><strong>Protecci\u00f3n perimetral:<\/strong> Con algoritmos integrados de detecci\u00f3n y clasificaci\u00f3n de objetivos basados en aprendizaje profundo&comma; la c\u00e1mara lleva a cabo el deber de protecci\u00f3n del per\u00edmetro&comma; control de las acciones de cruce de l\u00ednea&comma; intrusi\u00f3n&comma; entrada y salida de la regi\u00f3n. Los algoritmos filtran en gran medida la alarma err\u00f3nea causada por la interferencia de hojas&comma; luces&comma; animales&comma; banderas&comma; etc.<\/li>\n<li style='margin-bottom: 15px;'><strong>Detecci\u00f3n de atributos:<\/strong> Con los algoritmos de aprendizaje profundo incorporados&comma; la c\u00e1mara detecta y captura la cara&comma; el cuerpo humano&comma; el veh\u00edculo en la regi\u00f3n especificada y genera las caracter\u00edsticas&comma; como g\u00e9nero&comma; edad&comma; color superior y tipo de veh\u00edculo.<\/li>\n<\/ul><\/div>\n<\/p><\/div>\n<p> <!-- Separador --> <\/p>\n<hr style='border: 0; border-top: 1px solid rgba(150&comma; 150&comma; 150&comma; 0.3); margin: 30px 0;'> <!-- Secci\u00f3n de contenido con video y texto --> <\/p>\n<div style='display: grid; grid-template-columns: repeat(auto-fit&comma; minmax(300px&comma; 1fr)); gap: 30px; margin-bottom: 30px;'> <!-- DeepinView --> <\/p>\n<div>\n<h2 style='font-size: 20px; text-align: center; margin-top: 0; color: inherit; opacity: 0.9;'>\u00bfQU\u00c9 ES DEEPINVIEW?<\/h2>\n<p> <img style='width: 100%; height: auto; border: 1px solid rgba(150&comma;150&comma;150&comma;0.3); border-radius: 8px; margin: 20px 0;' src='https:\/\/ftp3.syscom.mx\/usuarios\/jsosa\/HIKVISION\/videos\/ids\/facial%20recognition.gif' alt='DeepinView'> <\/div>\n<p> <!-- Reconocimiento de rostros --> <\/p>\n<div>\n<h2 style='font-size: 20px; margin-top: 0; color: inherit; opacity: 0.9;'>RECONOCIMIENTO DE ROSTROS<\/h2>\n<ul style='padding-left: 20px; font-size: 15px; color: inherit;'>\n<li style='margin-bottom: 5px;'>Las c\u00e1maras de reconocimiento facial Hikvision admiten la detecci\u00f3n&comma; captura&comma; reconocimiento y an\u00e1lisis de caracter\u00edsticas de rostros humanos al mismo tiempo<\/li>\n<li style='margin-bottom: 5px;'>Lista de alarmas en funci\u00f3n del resultado de la comparaci\u00f3n<\/li>\n<li style='margin-bottom: 5px;'>3 bibliotecas de caras con 90&comma;000 caras en total<\/li>\n<\/ul>\n<h3 style='font-size: 18px; margin-top: 20px; margin-bottom: 10px; color: inherit; opacity: 0.8;'>Aplicaciones:<\/h3>\n<ul style='padding-left: 20px; font-size: 15px; color: inherit;'>\n<li style='margin-bottom: 5px;'>Hoteles&comma; tiendas&comma; etc.<\/li>\n<li style='margin-bottom: 5px;'>Mejorar la calidad del servicio a trav\u00e9s del reconocimiento VIP del cliente<\/li>\n<li style='margin-bottom: 5px;'>Bancos&comma; parques industriales&comma; escuelas&comma; ciudad segura&comma; etc.<\/li>\n<li style='margin-bottom: 5px;'>Mejora la seguridad de las \u00e1reas p\u00fablicas a trav\u00e9s de la lista de alarmas<\/li>\n<\/ul><\/div>\n<\/p><\/div>\n<p> <!-- Secci\u00f3n de conteo por rostro y an\u00e1lisis vehicular --> <\/p>\n<div style='display: grid; grid-template-columns: repeat(auto-fit&comma; minmax(300px&comma; 1fr)); gap: 30px; margin-bottom: 30px;'> <!-- Conteo por rostro --> <\/p>\n<div>\n<h2 style='font-size: 20px; margin-top: 0; color: inherit; opacity: 0.9;'>CONTEO POR ROSTRO<\/h2>\n<ul style='padding-left: 20px; font-size: 15px; color: inherit;'>\n<li style='margin-bottom: 5px;'>Contando el n\u00famero de personas que entran y salen<\/li>\n<li style='margin-bottom: 5px;'>La repetici\u00f3n se agregar\u00e1 si la persona que ingresa es un empleado o un cliente habitual (las bibliotecas de im\u00e1genes de la cara del empleado y el tiempo de duplicaci\u00f3n deben establecerse)<\/li>\n<li style='margin-bottom: 5px;'>El tiempo m\u00e1ximo de duplicaci\u00f3n de conteo de personas se puede establecer de 0s a 23h59min59s (Para clientes habituales)<\/li>\n<\/ul><\/div>\n<p> <!-- An\u00e1lisis vehicular --> <\/p>\n<div> <img style='width: 100%; height: auto; border: 1px solid rgba(150&comma;150&comma;150&comma;0.3); border-radius: 8px; margin: 20px 0;' src='https:\/\/ftp3.syscom.mx\/usuarios\/jsosa\/HIKVISION\/imagenes\/ids2cd\/camara%20ids%205.png' alt='An\u00e1lisis vehicular'> <\/p>\n<h2 style='font-size: 20px; margin-top: 0; color: inherit; opacity: 0.9;'>AN\u00c1LISIS VEHICULAR<\/h2>\n<ul style='padding-left: 20px; font-size: 15px; color: inherit;'>\n<li style='margin-bottom: 5px;'>Modo Dual: Para capturar y reconocer matr\u00edculas con precisi\u00f3n en diferentes escenas<\/li>\n<li style='margin-bottom: 5px;'>Alto rendimiento: Para reducir la tasa de falta efectivamente<\/li>\n<li style='margin-bottom: 5px;'>An\u00e1lisis de atributos del veh\u00edculo: Para apoyar el an\u00e1lisis de veh\u00edculos en el punto de control de calles de la ciudad<\/li>\n<\/ul><\/div>\n<\/p><\/div>\n<p> <!-- Secci\u00f3n DarkFighter y LightFighter --> <\/p>\n<div style='display: grid; grid-template-columns: repeat(auto-fit&comma; minmax(300px&comma; 1fr)); gap: 30px; margin-bottom: 30px;'> <!-- DarkFighter --> <\/p>\n<div>\n<h2 style='font-size: 20px; margin-top: 0; color: inherit; opacity: 0.9;'>DARKFIGHTER<\/h2>\n<ul style='padding-left: 20px; font-size: 15px; color: inherit;'>\n<li style='margin-bottom: 5px;'>Imagen a color con muy poca iluminaci\u00f3n<\/li>\n<li style='margin-bottom: 5px;'>Con la iluminaci\u00f3n natural o con el poco almbrado p\u00fablico logra mostrar mayor detalle en la imagen<\/li>\n<\/ul>\n<p> <img style='width: 100%; height: auto; border: 1px solid rgba(150&comma;150&comma;150&comma;0.3); border-radius: 8px; margin-top: 20px;' src='https:\/\/ftp3.syscom.mx\/usuarios\/jsosa\/HIKVISION\/videos\/ids\/4%20MP%20DarkFighter%20Performance%20Test.gif' alt='DarkFighter'> <\/div>\n<p> <!-- LightFighter --> <\/p>\n<div> <img style='width: 100%; height: auto; border: 1px solid rgba(150&comma;150&comma;150&comma;0.3); border-radius: 8px; margin-bottom: 20px;' src='https:\/\/ftp3.syscom.mx\/usuarios\/jsosa\/HIKVISION\/videos\/ids\/2MP%20LightFighter.gif' alt='LightFighter'> <\/p>\n<h2 style='font-size: 20px; margin-top: 0; color: inherit; opacity: 0.9;'>LIGHTFIGHTER<\/h2>\n<ul style='padding-left: 20px; font-size: 15px; color: inherit;'>\n<li style='margin-bottom: 5px;'>Evita la saturaci\u00f3n de la luz que no permite la visualizaci\u00f3n de detalles<\/li>\n<li style='margin-bottom: 5px;'>Permite visualizar correctamente el primer y segundo plano de la imagen<\/li>\n<\/ul><\/div>\n<\/p><\/div>\n<p> <!-- Imagen final --> <\/p>\n<div style='margin: 30px 0;'> <img style='width: 100%; height: auto; border: 1px solid rgba(150&comma;150&comma;150&comma;0.3); border-radius: 8px;' src='https:\/\/ftp3.syscom.mx\/usuarios\/jsosa\/HIKVISION\/imagenes\/banners\/solution%20complete.png' alt='Soluci\u00f3n completa'> <\/div>\n<\/p><\/div>\n","protected":false},"excerpt":{"rendered":"<p>Bala IP 2 Megapixel \/ Lente Mot. 2.8 &#8211; 12 mm \/ 30 mts IR EXIR \/ IK10 \/ Reconocimiento Facial \/ WDR 140 dB \/ DeepinView \/ B\u00fasqueda por Atributos \/ Heat Map \/ ACUSENSE \/ Micro SD<\/p>\n","protected":false},"featured_media":106794,"comment_status":"open","ping_status":"closed","template":"","meta":[],"product_brand":[],"product_cat":[438],"product_tag":[439,122,54],"class_list":{"0":"post-106795","1":"product","2":"type-product","3":"status-publish","4":"has-post-thumbnail","6":"product_cat-bala","7":"product_tag-bala","8":"product_tag-camaras-ip-y-nvrs","9":"product_tag-hikvision","11":"first","12":"outofstock","13":"sale","14":"shipping-taxable","15":"purchasable","16":"product-type-simple"},"_links":{"self":[{"href":"https:\/\/soydeaqui.ddns.net\/pachuca\/index.php\/wp-json\/wp\/v2\/product\/106795","targetHints":{"allow":["GET"]}}],"collection":[{"href":"https:\/\/soydeaqui.ddns.net\/pachuca\/index.php\/wp-json\/wp\/v2\/product"}],"about":[{"href":"https:\/\/soydeaqui.ddns.net\/pachuca\/index.php\/wp-json\/wp\/v2\/types\/product"}],"replies":[{"embeddable":true,"href":"https:\/\/soydeaqui.ddns.net\/pachuca\/index.php\/wp-json\/wp\/v2\/comments?post=106795"}],"wp:featuredmedia":[{"embeddable":true,"href":"https:\/\/soydeaqui.ddns.net\/pachuca\/index.php\/wp-json\/wp\/v2\/media\/106794"}],"wp:attachment":[{"href":"https:\/\/soydeaqui.ddns.net\/pachuca\/index.php\/wp-json\/wp\/v2\/media?parent=106795"}],"wp:term":[{"taxonomy":"product_brand","embeddable":true,"href":"https:\/\/soydeaqui.ddns.net\/pachuca\/index.php\/wp-json\/wp\/v2\/product_brand?post=106795"},{"taxonomy":"product_cat","embeddable":true,"href":"https:\/\/soydeaqui.ddns.net\/pachuca\/index.php\/wp-json\/wp\/v2\/product_cat?post=106795"},{"taxonomy":"product_tag","embeddable":true,"href":"https:\/\/soydeaqui.ddns.net\/pachuca\/index.php\/wp-json\/wp\/v2\/product_tag?post=106795"}],"curies":[{"name":"wp","href":"https:\/\/api.w.org\/{rel}","templated":true}]}}