{"id":106786,"date":"2026-03-20T16:34:41","date_gmt":"2026-03-20T16:34:41","guid":{"rendered":"https:\/\/soydeaqui.ddns.net\/pachuca\/index.php\/producto\/videoportero-ip-2-megapixel-poe-estandar-ip65-apertura-desde-hik-connect-soporta-1-departamento-y-hasta-6-monitores-soporta-tarjetas-mifare-1-salida-relay-2\/"},"modified":"2026-03-20T16:34:59","modified_gmt":"2026-03-20T16:34:59","slug":"videoportero-ip-2-megapixel-poe-estandar-ip65-apertura-desde-hik-connect-soporta-1-departamento-y-hasta-6-monitores-soporta-tarjetas-mifare-1-salida-relay-2","status":"publish","type":"product","link":"https:\/\/soydeaqui.ddns.net\/pachuca\/index.php\/producto\/videoportero-ip-2-megapixel-poe-estandar-ip65-apertura-desde-hik-connect-soporta-1-departamento-y-hasta-6-monitores-soporta-tarjetas-mifare-1-salida-relay-2\/","title":{"rendered":"Videoportero IP 2 Megapixel \/ PoE Estandar \/ IP65  \/ Apertura desde Hik-connect \/ Soporta 1 Departamento y Hasta 6 Monitores \/ Soporta Tarjetas Mifare \/ 1 Salida Relay"},"content":{"rendered":"<div style='width: 100%; max-width: 1200px; margin: 0 auto; font-family: sans-serif; line-height: 1.6; color: inherit; background-color: transparent;'> <!-- Imagen principal --> <a href='http:\/\/soporte.syscom.mx\/control-de-acceso#hikvision' target='_blank' rel='noopener'> <img style='width: 100%; height: auto; border: 1px solid rgba(150&comma;150&comma;150&comma;0.3); border-radius: 8px;' src='https:\/\/ftp3.syscom.mx\/usuarios\/nicolas.jimenez\/NUEVOS-VIDEOPORTEROS-2%20%282%29.jpg' alt='Videoportero IP Hikvision'> <\/a> <!-- Videos de YouTube --> <\/p>\n<div style='display: flex; flex-wrap: wrap; gap: 20px; margin: 30px 0;'>\n<div style='position: relative; padding-bottom: 56.25%; height: 0; overflow: hidden; flex: 1 1 300px;'>   <\/div>\n<div style='position: relative; padding-bottom: 56.25%; height: 0; overflow: hidden; flex: 1 1 300px;'>   <\/div>\n<div style='position: relative; padding-bottom: 56.25%; height: 0; overflow: hidden; flex: 1 1 300px;'>   <\/div>\n<\/p><\/div>\n<p> <!-- Secci\u00f3n de caracter\u00edsticas --> <\/p>\n<div style='display: flex; flex-wrap: wrap; gap: 30px; margin-bottom: 30px;'>\n<div style='flex: 1 1 300px; min-width: 280px;'>\n<h3 style='font-size: 22px; border-bottom: 2px solid currentColor; padding-bottom: 5px; margin-top: 0; color: inherit; opacity: 0.8;'>Caracter\u00edsticas<\/h3>\n<ul style='padding-left: 20px; font-size: 15px; color: inherit;'>\n<li style='margin-bottom: 5px;'>Videoportero IP para 1 Departamento<\/li>\n<li style='margin-bottom: 5px;'>Apertura remota desde Hik-Connect (P2P)<\/li>\n<li style='margin-bottom: 5px;'>C\u00e1mara de 1080p con IR 3m&comma; H.264&comma; \u00c1ngulo 129\u00b0<\/li>\n<li style='margin-bottom: 5px;'>Micr\u00f3fono y Altavoz integrados para comunicaci\u00f3n bidireccional<\/li>\n<li style='margin-bottom: 5px;'>WDR para im\u00e1genes de alta calidad en diferentes condiciones de iluminaci\u00f3n<\/li>\n<li style='margin-bottom: 5px;'>Soporta 128 Tarjetas MiFare (13.56MHz)<\/li>\n<li style='margin-bottom: 5px;'>Tarjetas recomendadas:\n<ul style='padding-left: 20px; margin: 5px 0;'>\n<li style='margin-bottom: 5px;'>ACCESSCARM1K<\/li>\n<li style='margin-bottom: 5px;'>ACCESSCARDM4K<\/li>\n<li style='margin-bottom: 5px;'>ACCESKFBM1K<\/li>\n<li style='margin-bottom: 5px;'>ACCESSWB65M1K<\/li>\n<li style='margin-bottom: 5px;'>ACCESSWB74M1K<\/li>\n<\/ul>\n<\/li>\n<li style='margin-bottom: 5px;'>Salida Relay x1<\/li>\n<li style='margin-bottom: 5px;'>Entrada de alarma: 4in<\/li>\n<li>No es WiFi<\/li>\n<\/ul><\/div>\n<div style='flex: 1 1 300px; min-width: 280px;'>\n<h3 style='font-size: 22px; border-bottom: 2px solid currentColor; padding-bottom: 5px; margin-top: 0; color: inherit; opacity: 0.8;'>Caracter\u00edsticas F\u00edsicas y El\u00e9ctricas<\/h3>\n<ul style='padding-left: 20px; font-size: 15px; color: inherit;'>\n<li style='margin-bottom: 5px;'>Voltaje de operaci\u00f3n: 12 Vcc&comma; PoE Estandar IEEE802.3af &#8211; (Fuente no incluida)<\/li>\n<li style='margin-bottom: 5px;'>Consumo: 10W<\/li>\n<li style='margin-bottom: 5px;'>Nivel de protecci\u00f3n: IP65 (Exterior Protegido)<\/li>\n<li>Temperatura de operaci\u00f3n: -40 \u00b0C a +53 \u00b0C (-40 \u00b0F a 127.4 \u00b0F)<\/li>\n<\/ul><\/div>\n<div style='flex: 1 1 300px; min-width: 280px;'>\n<h3 style='font-size: 22px; border-bottom: 2px solid currentColor; padding-bottom: 5px; margin-top: 0; color: inherit; opacity: 0.8;'>Caracter\u00edsticas Destacadas y Accesorios Opcionales<\/h3>\n<ul style='padding-left: 20px; font-size: 15px; color: inherit;'>\n<li style='margin-bottom: 5px;'>Puede funcionar sin monitores&comma; en caso de requerir monitores existen varios modelos compatibles:\n<ul style='margin: 5px 0;'>\n<li style='margin-bottom: 5px;'>Monitores compatibles (No combinables en caso de necesitar m\u00e1s de uno)\n<ul style='margin: 5px 0;'>\n<li style='margin-bottom: 5px;'><a style='color: inherit; text-decoration: none; font-weight: bold;' href='https:\/\/www.syscom.mx\/producto\/DS-KH6320-LE1(B)-HIKVISION-211368.html' target='_blank' rel='noopener'>DS-KH6320-LE1(B)<\/a><\/li>\n<li style='margin-bottom: 5px;'><a style='color: inherit; text-decoration: none; font-weight: bold;' href='https:\/\/www.syscom.mx\/principal\/searchcont?route=DS-KH6320-WTE1-HIKVISION-170761&#038;autodetect=DSKH6310' target='_blank' rel='noopener'>DS-KH6320-WTE1<\/a><\/li>\n<li style='margin-bottom: 5px;'><a style='color: inherit; text-decoration: none; font-weight: bold;' href='https:\/\/www.syscom.mx\/principal\/searchcont?route=DS-KH8520-WTE1-HIKVISION-170927&#038;autodetect=DSKH' target='_blank' rel='noopener'>DS-KH8520-WTE1<\/a><\/li>\n<li style='margin-bottom: 5px;'><a style='color: inherit; text-decoration: none; font-weight: bold;' href='https:\/\/www.syscom.mx\/principal\/searchcont?route=DS-KH9510-WTE1-HIKVISION-194544&#038;autodetect=dskh9' target='_blank' rel='noopener'>DS-KH9510-WTE1<\/a><\/li>\n<li style='margin-bottom: 5px;'><a style='color: inherit; text-decoration: none; font-weight: bold;' href='https:\/\/www.syscom.mx\/principal\/searchcont?route=DS-KH9310-WTE1-HIKVISION-194536&#038;autodetect=dskh9' target='_blank' rel='noopener'>DS-KH9310-WTE1<\/a><\/li>\n<\/ul>\n<\/li>\n<\/ul>\n<\/li>\n<li style='margin-bottom: 5px;'>Carcasa protectora para protecci\u00f3n Adicional\n<ul style='margin: 5px 0;'>\n<li><a style='color: inherit; text-decoration: none; font-weight: bold;' href='https:\/\/www.syscom.mx\/producto\/DS-KABV6113-RS-HIKVISION-185572.html'>DS-KABV6113-RS<\/a><\/li>\n<\/ul>\n<\/li>\n<li style='margin-bottom: 5px;'>Switch PoE (Cualquier Switch PoE 802.af Algunas recomendaciones)\n<ul style='margin: 5px 0;'>\n<li style='margin-bottom: 5px;'><a style='color: inherit; text-decoration: none; font-weight: bold;' href='https:\/\/www.syscom.mx\/producto\/DS-3E0505P-E-M-HIKVISION-200815.html'>DS-3E0505P-E\/M<\/a><\/li>\n<li style='margin-bottom: 5px;'><a style='color: inherit; text-decoration: none; font-weight: bold;' href='https:\/\/www.syscom.mx\/producto\/DS-3E0106HP-E-HIKVISION-169785.html'>DS-3E0106HP-E<\/a><\/li>\n<li style='margin-bottom: 5px;'><a style='color: inherit; text-decoration: none; font-weight: bold;' href='https:\/\/www.syscom.mx\/producto\/DS-3E0109P-E-M(B)-HIKVISION-183738.html'>DS-3E0109P-E\/M(B)<\/a><\/li>\n<\/ul>\n<\/li>\n<li style='margin-bottom: 5px;'>Soporta hasta 6 monitores en total (1 principal y 5 extensiones) todos timbran al mismo tiempo<\/li>\n<li style='margin-bottom: 5px;'>Soporta 9 frentes de calle en total (1 principal y 8 esclavos)<\/li>\n<li>Soporta interfaz web<\/li>\n<\/ul><\/div>\n<\/p><\/div>\n<p> <!-- Secci\u00f3n de consideraciones --> <\/p>\n<div style='display: flex; flex-wrap: wrap; gap: 30px;'>\n<div style='flex: 1 1 300px; min-width: 280px;'>\n<h3 style='font-size: 22px; border-bottom: 2px solid currentColor; padding-bottom: 5px; margin-top: 0; color: inherit; opacity: 0.8;'>Consideraciones<\/h3>\n<ul style='padding-left: 20px; font-size: 15px; color: inherit;'>\n<li style='margin-bottom: 5px;'>\u00bfNecesita apoyo para configurar su nuevo videoportero IP?&comma; \u00a1No hay problema! le compartimos las configuraciones b\u00e1sicas d\u00e9 clic <a style='color: inherit; text-decoration: none; font-weight: bold;' href='https:\/\/soporte.syscom.mx\/es\/articles\/4882829-hikvision-configuracion-completa-de-un-frente-de-calle-dskv8113wme1-dskv6113wpe1-y-un-monitor-dskh6320wte1' target='_blank' rel='noopener'>aqu\u00ed.<\/a><\/li>\n<li style='margin-bottom: 5px;'>Pero si quiere realizar funciones m\u00e1s pros como configurar multiples frente de calle&comma; monitores y aprender m\u00e1s de esta soluci\u00f3n d\u00e9 clic <a style='color: inherit; text-decoration: none; font-weight: bold;' href='https:\/\/soporte.syscom.mx\/es\/articles\/4296720-hikvision-videoporteros-configuraciones-de-videoporteros-3ra-generacion-con-interfaz-web' target='_blank' rel='noopener'>aqu\u00ed.<\/a><\/li>\n<li>El firmware de este modelo NO es compatible con el firmware de los modelos que NO tienen la letra (C)<\/li>\n<\/ul><\/div>\n<\/p><\/div>\n<p> <!-- Separador --> <\/p>\n<hr style='border: 0; border-top: 1px solid rgba(150&comma; 150&comma; 150&comma; 0.3); margin: 30px 0;'> <\/div>\n","protected":false},"excerpt":{"rendered":"<p>Videoportero IP 2 Megapixel \/ PoE Estandar \/ IP65  \/ Apertura desde Hik-connect \/ Soporta 1 Departamento y Hasta 6 Monitores \/ Soporta Tarjetas Mifare \/ 1 Salida Relay<\/p>\n","protected":false},"featured_media":106785,"comment_status":"open","ping_status":"closed","template":"","meta":[],"product_brand":[],"product_cat":[856],"product_tag":[54,557,857],"class_list":{"0":"post-106786","1":"product","2":"type-product","3":"status-publish","4":"has-post-thumbnail","6":"product_cat-videoporteros-ip","7":"product_tag-hikvision","8":"product_tag-videoporteros-e-interfonos","9":"product_tag-videoporteros-ip","11":"first","12":"outofstock","13":"sale","14":"shipping-taxable","15":"purchasable","16":"product-type-simple"},"_links":{"self":[{"href":"https:\/\/soydeaqui.ddns.net\/pachuca\/index.php\/wp-json\/wp\/v2\/product\/106786","targetHints":{"allow":["GET"]}}],"collection":[{"href":"https:\/\/soydeaqui.ddns.net\/pachuca\/index.php\/wp-json\/wp\/v2\/product"}],"about":[{"href":"https:\/\/soydeaqui.ddns.net\/pachuca\/index.php\/wp-json\/wp\/v2\/types\/product"}],"replies":[{"embeddable":true,"href":"https:\/\/soydeaqui.ddns.net\/pachuca\/index.php\/wp-json\/wp\/v2\/comments?post=106786"}],"wp:featuredmedia":[{"embeddable":true,"href":"https:\/\/soydeaqui.ddns.net\/pachuca\/index.php\/wp-json\/wp\/v2\/media\/106785"}],"wp:attachment":[{"href":"https:\/\/soydeaqui.ddns.net\/pachuca\/index.php\/wp-json\/wp\/v2\/media?parent=106786"}],"wp:term":[{"taxonomy":"product_brand","embeddable":true,"href":"https:\/\/soydeaqui.ddns.net\/pachuca\/index.php\/wp-json\/wp\/v2\/product_brand?post=106786"},{"taxonomy":"product_cat","embeddable":true,"href":"https:\/\/soydeaqui.ddns.net\/pachuca\/index.php\/wp-json\/wp\/v2\/product_cat?post=106786"},{"taxonomy":"product_tag","embeddable":true,"href":"https:\/\/soydeaqui.ddns.net\/pachuca\/index.php\/wp-json\/wp\/v2\/product_tag?post=106786"}],"curies":[{"name":"wp","href":"https:\/\/api.w.org\/{rel}","templated":true}]}}