{"id":106784,"date":"2026-03-20T16:34:35","date_gmt":"2026-03-20T16:34:35","guid":{"rendered":"https:\/\/soydeaqui.ddns.net\/pachuca\/index.php\/producto\/bala-ip-2-megapixel-lente-mot-2-8-a-12-mm-antiexplosion-80-mts-ir-exir-h-265-ip68-wiper-316l-atex-iecex\/"},"modified":"2026-03-20T16:34:37","modified_gmt":"2026-03-20T16:34:37","slug":"bala-ip-2-megapixel-lente-mot-2-8-a-12-mm-antiexplosion-80-mts-ir-exir-h-265-ip68-wiper-316l-atex-iecex","status":"publish","type":"product","link":"https:\/\/soydeaqui.ddns.net\/pachuca\/index.php\/producto\/bala-ip-2-megapixel-lente-mot-2-8-a-12-mm-antiexplosion-80-mts-ir-exir-h-265-ip68-wiper-316l-atex-iecex\/","title":{"rendered":"Bala IP 2 Megapixel \/ Lente Mot. 2.8 a 12 mm \/ Antiexplosion \/ 80 mts IR EXIR \/ H.265+ \/ IP68 \/ Wiper \/ 316L \/ ATEX \/ IECEx"},"content":{"rendered":"<div style='width: 100%; max-width: 1200px; margin: 0 auto; font-family: sans-serif; line-height: 1.6; color: inherit; background-color: transparent;'>\n<div style='text-align: center; margin-bottom: 30px;'> <img style='width: 45%; height: auto; border: 1px solid rgba(150&comma;150&comma;150&comma;0.3); border-radius: 8px;' src='https:\/\/ftp3.syscom.mx\/usuarios\/jsosa\/HIKVISION\/imagenes\/logo\/hikvision%20see%20far.png' alt='Logo Hikvision'> <\/div>\n<div style='text-align: center; width: 100%; margin-bottom: 30px;'>\n<h3 style='font-size: 22px; border-bottom: 2px solid currentColor; padding-bottom: 5px; margin-top: 0; color: inherit; opacity: 0.8;'> <strong>Instalaci\u00f3n de C\u00e1mara<\/strong> <\/h3>\n<div style='position: relative; padding-bottom: 56.25%; height: 0; overflow: hidden; margin-top: 15px;'>   <\/div>\n<\/p><\/div>\n<div style='display: flex; flex-wrap: wrap; gap: 30px; margin-bottom: 30px;'>\n<div style='flex: 1 1 300px; min-width: 280px;'>\n<h3 style='font-size: 22px; border-bottom: 2px solid currentColor; padding-bottom: 5px; margin-top: 0; color: inherit; opacity: 0.8;'> Caracter\u00edsticas principales <\/h3>\n<ul style='padding-left: 20px; font-size: 15px; color: inherit;'>\n<li style='margin-bottom: 5px;'>Sensor de imagen: 1\/1.8&#8242; CMOS Scan Progresivo.<\/li>\n<li style='margin-bottom: 5px;'>Iluminaci\u00f3n m\u00ednima: 0.0005 Lux @ (F1.2&comma;AGC ON)&comma; 0 Lux con IR.<\/li>\n<li style='margin-bottom: 5px;'>Velocidad de Shutter: 1\/3s a 1\/100&comma;000s.<\/li>\n<li style='margin-bottom: 5px;'>Lente varifocal: 2.8mm &#8211; 12mm&comma; \u00e1ngulo de visi\u00f3n 94\u00b0-38\u00b0.<\/li>\n<li style='margin-bottom: 5px;'>dWDR&comma; 3D-DNR.<\/li>\n<li style='margin-bottom: 5px;'><strong>Soporta H.265+ \/ H.265 \/ H.264+ \/ H.264.<\/strong><\/li>\n<li style='margin-bottom: 5px;'>1 Puerto RJ45 (10 \/ 100 \/ 1000 Mbps).<\/li>\n<li style='margin-bottom: 5px;'>2 entradas de alarma.<\/li>\n<li style='margin-bottom: 5px;'>2 salidas de alarma.<\/li>\n<\/ul><\/div>\n<div style='flex: 1 1 300px; min-width: 280px;'>\n<h3 style='font-size: 22px; border-bottom: 2px solid currentColor; padding-bottom: 5px; margin-top: 0; color: inherit; opacity: 0.8;'> Caracter\u00edsticas F\u00edsicas y El\u00e9ctricas <\/h3>\n<ul style='padding-left: 20px; font-size: 15px; color: inherit;'>\n<li style='margin-bottom: 5px;'>Temperatura de operaci\u00f3n: -40\u00b0C a 60\u00b0C&comma; Humedad 95%.<\/li>\n<li style='margin-bottom: 5px;'>Alimentaci\u00f3n: 100 a 240 Vca \/ PoE (802.3at).<\/li>\n<li style='margin-bottom: 5px;'>Consumo m\u00e1ximo: 23.6W.<\/li>\n<li style='margin-bottom: 5px;'>Distancia de IR: 80 metros<\/li>\n<li style='margin-bottom: 5px;'>Carcasa de acero inoxidable 316L<\/li>\n<li style='margin-bottom: 5px;'>Protecci\u00f3n IP68.<\/li>\n<li style='margin-bottom: 5px;'>Gabinete anti &#8211; explosi\u00f3n.<\/li>\n<li style='margin-bottom: 5px;'>Dimensiones: 513 x 169 x 308 mm.<\/li>\n<li style='margin-bottom: 5px;'>Peso: 17.8 kg.<\/li>\n<\/ul><\/div>\n<div style='flex: 1 1 300px; min-width: 280px;'>\n<h3 style='font-size: 22px; border-bottom: 2px solid currentColor; padding-bottom: 5px; margin-top: 0; color: inherit; opacity: 0.8;'> Caracter\u00edsticas Destacadas <\/h3>\n<ul style='padding-left: 20px; font-size: 15px; color: inherit;'>\n<li style='margin-bottom: 5px;'>Soporta los siguientes video anal\u00edticos\n<ul style='padding-left: 20px; margin-top: 5px; margin-bottom: 5px;'>\n<li style='margin-bottom: 5px;'>Detecci\u00f3n de rostros.<\/li>\n<li style='margin-bottom: 5px;'>Cruce de lineas<\/li>\n<li style='margin-bottom: 5px;'>Intrusi\u00f3n de area.<\/li>\n<li style='margin-bottom: 5px;'>Objeto removido.<\/li>\n<li style='margin-bottom: 5px;'>Objeto olvidado.<\/li>\n<li style='margin-bottom: 5px;'>Cambio de escena.<\/li>\n<\/ul>\n<\/li>\n<\/ul><\/div>\n<\/p><\/div>\n<hr style='border: 0; border-top: 1px solid rgba(150&comma; 150&comma; 150&comma; 0.3); margin: 30px 0;'>\n<h3 style='text-align: center; font-size: 22px; margin-bottom: 30px; color: inherit; opacity: 0.8;'> <strong>Recursos<\/strong> <\/h3>\n<div style='display: flex; flex-wrap: wrap; gap: 20px; justify-content: center; margin-bottom: 30px;'>\n<div style='flex: 1 1 250px; max-width: 300px;'> <a href='https:\/\/www.hikvision.com\/es-la\/support\/download\/software\/ivms4200-series\/?q=serie%20ivms4200&#038;position=1' target='_blank' rel='noopener' style='text-decoration: none;'> <img style='width: 100%; height: auto; border: 1px solid rgba(150&comma;150&comma;150&comma;0.3); border-radius: 8px;' src='https:\/\/ftp3.syscom.mx\/usuarios\/gmagos\/HIK\/IP\/IPC\/Imagenes%20pagina\/Descargas%20IVMS4200.jpg' alt='Descargas IVMS4200'> <\/a> <\/div>\n<div style='flex: 1 1 250px; max-width: 300px;'> <a href='https:\/\/appstore.hikvision.com\/' target='_blank' rel='noopener' style='text-decoration: none;'> <img style='width: 100%; height: auto; border: 1px solid rgba(150&comma;150&comma;150&comma;0.3); border-radius: 8px;' src='https:\/\/ftp3.syscom.mx\/usuarios\/gmagos\/HIK\/IP\/IPC\/Imagenes%20pagina\/Descargas%20de%20app.jpg' alt='Descargas de app'> <\/a> <\/div>\n<div style='flex: 1 1 250px; max-width: 300px;'> <a href='https:\/\/ftp3.syscom.mx\/usuarios\/fcarrillo\/Hikvision\/Specs\/Especificaciones%20Tecnicas%20DS-2XE6422FWD-IZHRS-B_V5.5.153_20210730.pdf' target='_blank' rel='noopener' style='text-decoration: none;'> <img style='width: 100%; height: auto; border: 1px solid rgba(150&comma;150&comma;150&comma;0.3); border-radius: 8px;' src='https:\/\/ftp3.syscom.mx\/usuarios\/gmagos\/HIK\/IP\/IPC\/Imagenes%20pagina\/Descarga%20de%20PDF.jpg' alt='Descarga de PDF'> <\/a> <\/div>\n<\/p><\/div>\n<hr style='border: 0; border-top: 1px solid rgba(150&comma; 150&comma; 150&comma; 0.3); margin: 30px 0;'>\n<div style='text-align: center; margin-top: 30px;'> <img style='width: 100%; height: auto; border: 1px solid rgba(150&comma;150&comma;150&comma;0.3); border-radius: 8px;' src='https:\/\/ftp3.syscom.mx\/usuarios\/jsosa\/HIKVISION\/imagenes\/banners\/solution%20complete.png' alt='Soluci\u00f3n completa'> <\/div>\n<\/p><\/div>\n","protected":false},"excerpt":{"rendered":"<p>Bala IP 2 Megapixel \/ Lente Mot. 2.8 a 12 mm \/ Antiexplosion \/ 80 mts IR EXIR \/ H.265+ \/ IP68 \/ Wiper \/ 316L \/ ATEX \/ IECEx<\/p>\n","protected":false},"featured_media":106783,"comment_status":"open","ping_status":"closed","template":"","meta":[],"product_brand":[],"product_cat":[2258],"product_tag":[2259,122,54],"class_list":{"0":"post-106784","1":"product","2":"type-product","3":"status-publish","4":"has-post-thumbnail","6":"product_cat-antiexplosion","7":"product_tag-antiexplosion","8":"product_tag-camaras-ip-y-nvrs","9":"product_tag-hikvision","11":"first","12":"outofstock","13":"sale","14":"shipping-taxable","15":"purchasable","16":"product-type-simple"},"_links":{"self":[{"href":"https:\/\/soydeaqui.ddns.net\/pachuca\/index.php\/wp-json\/wp\/v2\/product\/106784","targetHints":{"allow":["GET"]}}],"collection":[{"href":"https:\/\/soydeaqui.ddns.net\/pachuca\/index.php\/wp-json\/wp\/v2\/product"}],"about":[{"href":"https:\/\/soydeaqui.ddns.net\/pachuca\/index.php\/wp-json\/wp\/v2\/types\/product"}],"replies":[{"embeddable":true,"href":"https:\/\/soydeaqui.ddns.net\/pachuca\/index.php\/wp-json\/wp\/v2\/comments?post=106784"}],"wp:featuredmedia":[{"embeddable":true,"href":"https:\/\/soydeaqui.ddns.net\/pachuca\/index.php\/wp-json\/wp\/v2\/media\/106783"}],"wp:attachment":[{"href":"https:\/\/soydeaqui.ddns.net\/pachuca\/index.php\/wp-json\/wp\/v2\/media?parent=106784"}],"wp:term":[{"taxonomy":"product_brand","embeddable":true,"href":"https:\/\/soydeaqui.ddns.net\/pachuca\/index.php\/wp-json\/wp\/v2\/product_brand?post=106784"},{"taxonomy":"product_cat","embeddable":true,"href":"https:\/\/soydeaqui.ddns.net\/pachuca\/index.php\/wp-json\/wp\/v2\/product_cat?post=106784"},{"taxonomy":"product_tag","embeddable":true,"href":"https:\/\/soydeaqui.ddns.net\/pachuca\/index.php\/wp-json\/wp\/v2\/product_tag?post=106784"}],"curies":[{"name":"wp","href":"https:\/\/api.w.org\/{rel}","templated":true}]}}