{"id":106782,"date":"2026-03-20T16:34:29","date_gmt":"2026-03-20T16:34:29","guid":{"rendered":"https:\/\/soydeaqui.ddns.net\/pachuca\/index.php\/producto\/turret-ip-dual-termica-3-1-mm-160-x-120-optico-4-mm-4-megapixel-termometrica-deteccion-de-temperatura-poe-exterior-ip66-sirena-y-luz-intermitente-integrada-microsd\/"},"modified":"2026-03-20T16:34:31","modified_gmt":"2026-03-20T16:34:31","slug":"turret-ip-dual-termica-3-1-mm-160-x-120-optico-4-mm-4-megapixel-termometrica-deteccion-de-temperatura-poe-exterior-ip66-sirena-y-luz-intermitente-integrada-microsd","status":"publish","type":"product","link":"https:\/\/soydeaqui.ddns.net\/pachuca\/index.php\/producto\/turret-ip-dual-termica-3-1-mm-160-x-120-optico-4-mm-4-megapixel-termometrica-deteccion-de-temperatura-poe-exterior-ip66-sirena-y-luz-intermitente-integrada-microsd\/","title":{"rendered":"Turret IP Dual \/ T\u00e9rmica 3.1 mm (160 x 120) \/ \u00d3ptico 4 mm (4 Megapixel) \/ Termom\u00e9trica \/ Detecci\u00f3n de Temperatura \/ PoE \/Exterior IP66 \/ Sirena y Luz Intermitente Integrada \/ MicroSD"},"content":{"rendered":"<div style='width: 100%; max-width: 1200px; margin: 0 auto; font-family: sans-serif; line-height: 1.6; color: inherit; background-color: transparent;'> <!-- Logo Hikvision --> <\/p>\n<div style='text-align: center; margin: 20px 0;'> <img style='width: 45%; height: auto; border: 1px solid rgba(150&comma;150&comma;150&comma;0.3); border-radius: 8px;' src='https:\/\/ftp3.syscom.mx\/usuarios\/jsosa\/HIKVISION\/imagenes\/logo\/hikvision%20see%20far.png' alt='Logo Hikvision'> <\/div>\n<p> <!-- Imagen principal --> <\/p>\n<div style='text-align: center; margin: 20px 0;'> <img style='width: 100%; max-width: 800px; height: auto; border: 1px solid rgba(150&comma;150&comma;150&comma;0.3); border-radius: 8px;' src='https:\/\/ftp3.syscom.mx\/usuarios\/roberto.espino\/FOTOSTERMICAS\/DS2TD12173QA.png' alt='DS2TD12173\/QA'> <\/div>\n<p> <!-- Video principal --> <\/p>\n<div style='position: relative; padding-bottom: 56.25%; height: 0; overflow: hidden; margin: 30px 0;'>   <\/div>\n<p> <!-- Videos adicionales --> <\/p>\n<div style='display: flex; flex-wrap: wrap; gap: 30px; margin: 30px 0;'>\n<div style='flex: 1 1 300px; min-width: 280px;'>\n<div style='position: relative; padding-bottom: 56.25%; height: 0; overflow: hidden;'>   <\/div>\n<\/p><\/div>\n<div style='flex: 1 1 300px; min-width: 280px;'>\n<div style='position: relative; padding-bottom: 56.25%; height: 0; overflow: hidden;'>   <\/div>\n<\/p><\/div>\n<\/p><\/div>\n<p> <!-- Secci\u00f3n de especificaciones --> <\/p>\n<div style='display: flex; flex-wrap: wrap; gap: 30px; margin: 30px 0;'> <!-- Caracter\u00edsticas t\u00e9rmicas y \u00f3pticas --> <\/p>\n<div style='flex: 1 1 300px; min-width: 280px;'>\n<div style='border: 1px solid rgba(150&comma; 150&comma; 150&comma; 0.4); border-radius: 8px; overflow: hidden; display: flex; flex-direction: column;'>\n<div style='padding: 15px; border-bottom: 1px solid rgba(150&comma; 150&comma; 150&comma; 0.2); font-weight: bold; font-size: 18px; color: inherit; background-color: rgba(255&comma; 0&comma; 0&comma; 0.05);'>Caracter\u00edsticas de la c\u00e1mara t\u00e9rmica<\/div>\n<div style='padding: 15px; color: inherit;'>\n<ul style='padding-left: 20px; margin: 0; font-size: 14px; list-style-type: disc;'>\n<li style='margin-bottom: 5px;'>Lente fijo: 3.1 mm<\/li>\n<li style='margin-bottom: 5px;'>Resoluci\u00f3n: 160 x 120<\/li>\n<li style='margin-bottom: 5px;'>Sensor de imagen: \u00f3xido de vanadio&comma; detector de plano focal no refrigerado<\/li>\n<li style='margin-bottom: 5px;'>Identificaci\u00f3n de personas: 11 mts aproximado<\/li>\n<li style='margin-bottom: 5px;'>Identificaci\u00f3n de veh\u00edculos: 35 mts aproximado<\/li>\n<\/ul><\/div>\n<div style='padding: 15px; border-top: 1px solid rgba(150&comma; 150&comma; 150&comma; 0.2); border-bottom: 1px solid rgba(150&comma; 150&comma; 150&comma; 0.2); font-weight: bold; font-size: 18px; color: inherit; background-color: rgba(255&comma; 0&comma; 0&comma; 0.05);'>Caracter\u00edsticas de la c\u00e1mara \u00f3ptica<\/div>\n<div style='padding: 15px; color: inherit;'>\n<ul style='padding-left: 20px; margin: 0; font-size: 14px; list-style-type: disc;'>\n<li style='margin-bottom: 5px;'>Lente fijo: 4 mm (84.0\u00b0 de apertura)<\/li>\n<li style='margin-bottom: 5px;'>Resoluci\u00f3n: 4 Megapixel (2688 \u00d7 1520)<\/li>\n<li style='margin-bottom: 5px;'>Sensor de imagen: 1\/2.7 CMOS Scan Progresivo<\/li>\n<li style='margin-bottom: 5px;'>Iluminaci\u00f3n m\u00ednima: Color: 0.0176 Lux @ (F2.25&comma; AGC ON)&comma; B\/W: 0.0035 Lux @ (F2.25&comma; AGC ON)<\/li>\n<li style='margin-bottom: 5px;'>15 mts IR (visi\u00f3n nocturna)<\/li>\n<li style='margin-bottom: 5px;'>WDR 120dB<\/li>\n<\/ul><\/div>\n<\/p><\/div>\n<\/p><\/div>\n<p> <!-- Caracter\u00edsticas f\u00edsicas y el\u00e9ctricas --> <\/p>\n<div style='flex: 1 1 300px; min-width: 280px;'>\n<div style='border: 1px solid rgba(150&comma; 150&comma; 150&comma; 0.4); border-radius: 8px; overflow: hidden; display: flex; flex-direction: column;'>\n<div style='padding: 15px; border-bottom: 1px solid rgba(150&comma; 150&comma; 150&comma; 0.2); font-weight: bold; font-size: 18px; color: inherit; background-color: rgba(255&comma; 0&comma; 0&comma; 0.05);'>Caracter\u00edsticas F\u00edsicas y El\u00e9ctricas<\/div>\n<div style='padding: 15px; color: inherit;'>\n<ul style='padding-left: 20px; margin: 0; font-size: 14px; list-style-type: disc;'>\n<li style='margin-bottom: 5px;'>Alimentaci\u00f3n: 12 Vcc \/ PoE (802.3 af) \/ 6.5 watts<\/li>\n<li style='margin-bottom: 5px;'>Temperatura de operaci\u00f3n: -40\u00baC a 65\u00baC<\/li>\n<li style='margin-bottom: 5px;'>Protecci\u00f3n: IP66<\/li>\n<li style='margin-bottom: 5px;'>Dimensiones: 138.3 mm \u00d7 138.3 mm \u00d7 123.1 mm<\/li>\n<li style='margin-bottom: 5px;'>Peso: 940 gramos<\/li>\n<\/ul><\/div>\n<\/p><\/div>\n<\/p><\/div>\n<p> <!-- Funciones avanzadas --> <\/p>\n<div style='flex: 1 1 300px; min-width: 280px;'>\n<div style='border: 1px solid rgba(150&comma; 150&comma; 150&comma; 0.4); border-radius: 8px; overflow: hidden; display: flex; flex-direction: column;'>\n<div style='padding: 15px; border-bottom: 1px solid rgba(150&comma; 150&comma; 150&comma; 0.2); font-weight: bold; font-size: 18px; color: inherit; background-color: rgba(255&comma; 0&comma; 0&comma; 0.05);'>Funciones avanzadas<\/div>\n<div style='padding: 15px; color: inherit;'>\n<ul style='padding-left: 20px; margin: 0; font-size: 14px; list-style-type: disc;'>\n<li style='margin-bottom: 5px;'>4 videoanal\u00edticos integrados (Cruce de l\u00ednea&comma; Intrusi\u00f3n de \u00e1rea&comma; Regi\u00f3n de entrada \/ Regi\u00f3n de salida)<\/li>\n<li style='margin-bottom: 5px;'>Rango de temperatura: -20\u00baC a 150\u00baC (-4\u00baF a 302\u00baF)<\/li>\n<li style='margin-bottom: 5px;'>Tolerancia de rango: 8\u00baC<\/li>\n<li style='margin-bottom: 5px;'>Muestra la temperatura del escenario a visualizar<\/li>\n<li style='margin-bottom: 5px;'>Ranura para memoria MicroSD de hasta 256Gb<\/li>\n<li style='margin-bottom: 5px; font-weight: bold;'>Luz intermitente y alerta de audio pregrabado \/ personalizable (ligado a evento por medio de altavoz integrado)<\/li>\n<\/ul><\/div>\n<div style='padding: 15px; border-top: 1px solid rgba(150&comma; 150&comma; 150&comma; 0.2); border-bottom: 1px solid rgba(150&comma; 150&comma; 150&comma; 0.2); font-weight: bold; font-size: 18px; color: inherit; background-color: rgba(255&comma; 0&comma; 0&comma; 0.05);'>Imagen y compresi\u00f3n<\/div>\n<div style='padding: 15px; color: inherit;'>\n<ul style='padding-left: 20px; margin: 0; font-size: 14px; list-style-type: disc;'>\n<li style='margin-bottom: 5px;'>Imagen \u00f3ptica: 60Hz: 30 fps (2688 \u00d7 1520&comma; 1920 \u00d7 1080&comma; 1280 \u00d7 720)<\/li>\n<li style='margin-bottom: 5px;'>Imagen t\u00e9rmica: 25 fps (1280 \u00d7 720&comma; 704 \u00d7 576&comma; 640 \u00d7 480&comma; 352 \u00d7 288&comma; 320 \u00d7 240)<\/li>\n<li style='margin-bottom: 5px;'>Compresi\u00f3n: H.265 \/ H.264 \/ MJPEG<\/li>\n<li style='margin-bottom: 5px;'>Soporta hasta 20 usuarios simult\u00e1neos<\/li>\n<\/ul><\/div>\n<\/p><\/div>\n<\/p><\/div>\n<\/p><\/div>\n<p> <!-- Imagenes adicionales --> <\/p>\n<div style='display: flex; flex-wrap: wrap; gap: 20px; margin: 30px 0;'>\n<div style='flex: 1 1 100%;'> <img style='width: 100%; height: auto; border: 1px solid rgba(150&comma;150&comma;150&comma;0.3); border-radius: 8px;' src='https:\/\/ftp3.syscom.mx\/usuarios\/fotos\/DS2TD26176\/PA\/188756-captura_de_pantalla_2021-05-15_a_la(s)_12.09.10.png' alt='Captura de pantalla'> <\/div>\n<div style='flex: 1 1 100%;'> <img style='width: 100%; height: auto; border: 1px solid rgba(150&comma;150&comma;150&comma;0.3); border-radius: 8px;' src='https:\/\/ftp3.syscom.mx\/usuarios\/jsosa\/HIKVISION\/imagenes\/banners\/solution%20complete.png' alt='Soluci\u00f3n completa'> <\/div>\n<\/p><\/div>\n<\/p><\/div>\n","protected":false},"excerpt":{"rendered":"<p>Turret IP Dual \/ T\u00e9rmica 3.1 mm (160 x 120) \/ \u00d3ptico 4 mm (4 Megapixel) \/ Termom\u00e9trica \/ Detecci\u00f3n de Temperatura \/ PoE \/Exterior IP66 \/ Sirena y Luz Intermitente Integrada \/ MicroSD<\/p>\n","protected":false},"featured_media":106781,"comment_status":"open","ping_status":"closed","template":"","meta":[],"product_brand":[],"product_cat":[1049],"product_tag":[122,54,1050],"class_list":{"0":"post-106782","1":"product","2":"type-product","3":"status-publish","4":"has-post-thumbnail","6":"product_cat-termicas","7":"product_tag-camaras-ip-y-nvrs","8":"product_tag-hikvision","9":"product_tag-termicas","11":"first","12":"outofstock","13":"sale","14":"shipping-taxable","15":"purchasable","16":"product-type-simple"},"_links":{"self":[{"href":"https:\/\/soydeaqui.ddns.net\/pachuca\/index.php\/wp-json\/wp\/v2\/product\/106782","targetHints":{"allow":["GET"]}}],"collection":[{"href":"https:\/\/soydeaqui.ddns.net\/pachuca\/index.php\/wp-json\/wp\/v2\/product"}],"about":[{"href":"https:\/\/soydeaqui.ddns.net\/pachuca\/index.php\/wp-json\/wp\/v2\/types\/product"}],"replies":[{"embeddable":true,"href":"https:\/\/soydeaqui.ddns.net\/pachuca\/index.php\/wp-json\/wp\/v2\/comments?post=106782"}],"wp:featuredmedia":[{"embeddable":true,"href":"https:\/\/soydeaqui.ddns.net\/pachuca\/index.php\/wp-json\/wp\/v2\/media\/106781"}],"wp:attachment":[{"href":"https:\/\/soydeaqui.ddns.net\/pachuca\/index.php\/wp-json\/wp\/v2\/media?parent=106782"}],"wp:term":[{"taxonomy":"product_brand","embeddable":true,"href":"https:\/\/soydeaqui.ddns.net\/pachuca\/index.php\/wp-json\/wp\/v2\/product_brand?post=106782"},{"taxonomy":"product_cat","embeddable":true,"href":"https:\/\/soydeaqui.ddns.net\/pachuca\/index.php\/wp-json\/wp\/v2\/product_cat?post=106782"},{"taxonomy":"product_tag","embeddable":true,"href":"https:\/\/soydeaqui.ddns.net\/pachuca\/index.php\/wp-json\/wp\/v2\/product_tag?post=106782"}],"curies":[{"name":"wp","href":"https:\/\/api.w.org\/{rel}","templated":true}]}}