{"id":106776,"date":"2026-03-20T16:34:09","date_gmt":"2026-03-20T16:34:09","guid":{"rendered":"https:\/\/soydeaqui.ddns.net\/pachuca\/index.php\/producto\/domo-pt-ip-4-megapixel-lente-4-mm-luz-blanca-30-mts-dwdr-poe-ip66-microfono-y-bocina-interconstruido-micro-sd-incluye-montaje-de-pared-y-techo\/"},"modified":"2026-03-20T16:34:24","modified_gmt":"2026-03-20T16:34:24","slug":"domo-pt-ip-4-megapixel-lente-4-mm-luz-blanca-30-mts-dwdr-poe-ip66-microfono-y-bocina-interconstruido-micro-sd-incluye-montaje-de-pared-y-techo","status":"publish","type":"product","link":"https:\/\/soydeaqui.ddns.net\/pachuca\/index.php\/producto\/domo-pt-ip-4-megapixel-lente-4-mm-luz-blanca-30-mts-dwdr-poe-ip66-microfono-y-bocina-interconstruido-micro-sd-incluye-montaje-de-pared-y-techo\/","title":{"rendered":"Domo PT IP 4 Megapixel \/ Lente 4 mm  \/ Luz Blanca 30 mts \/ dWDR  \/ PoE \/ IP66 \/ Micr\u00f3fono y Bocina Interconstruido \/ Micro SD \/ Incluye Montaje de Pared y Techo"},"content":{"rendered":"<div style='width: 100%; max-width: 1200px; margin: 0 auto; font-family: sans-serif; line-height: 1.6; color: inherit; background-color: transparent;'>\n<p style='text-align: center; margin: 20px 0;'><span style='display: flex; justify-content: center;'><img style='width: 45%; height: auto; border: 1px solid rgba(150&comma;150&comma;150&comma;0.3); border-radius: 8px;' src='https:\/\/ftp3.syscom.mx\/usuarios\/jsosa\/HIKVISION\/imagenes\/logo\/hikvision%20see%20far.png' alt='Logo Hikvision' \/><\/span><\/p>\n<h1 style='text-align: center; font-size: 24px; color: inherit; margin: 30px 0; border-bottom: 2px solid currentColor; padding-bottom: 10px;'>Especif\u00edcaciones<\/h1>\n<div style='display: flex; flex-wrap: wrap; gap: 30px; margin-bottom: 30px;'>\n<div style='flex: 1 1 300px; min-width: 280px;'>\n<h3 style='font-size: 20px; border-bottom: 2px solid currentColor; padding-bottom: 5px; margin-top: 0; color: inherit; opacity: 0.8;'>Caracter\u00edsticas Principales<\/h3>\n<ul style='padding-left: 20px; font-size: 15px; color: inherit;'>\n<li style='margin-bottom: 5px;'>Resoluci\u00f3n m\u00e1xima: <strong>4 Megapixel (2560 \u00d7 1440)<\/strong><\/li>\n<li style='margin-bottom: 5px;'>Iluminaci\u00f3n m\u00ednima: <strong>color 0.001 Lux @ (F1.0&comma; AGC ON)<\/strong><\/li>\n<li style='margin-bottom: 5px;'>Distancia focal: <strong>4 mm<\/strong><\/li>\n<li style='margin-bottom: 5px;'>Distancia de luz blanca: <strong>30 mts<\/strong><\/li>\n<li style='margin-bottom: 5px;'>Funciones: <strong>dWDR \/ BLC \/ HLC \/ 3DNR<\/strong><\/li>\n<li style='margin-bottom: 5px;'>Compresi\u00f3n: <strong>H.265+ \/ H.265 \/ H.264+ \/ H.264<\/strong><\/li>\n<li style='margin-bottom: 5px;'>Compatible con plataforma: <strong><a style='color: inherit; text-decoration: underline;' href='https:\/\/appstore.hikvision.com\/' target='_blank' rel='noopener'>Hik-Connect<\/a><\/strong><\/li>\n<li style='margin-bottom: 5px;'>Soporta: <strong>Audio bidireccional<\/strong><\/li>\n<li style='margin-bottom: 5px;'>Incluye: <strong>Montaje para pared y techo<\/strong><\/li>\n<\/ul><\/div>\n<div style='flex: 1 1 300px; min-width: 280px;'>\n<h3 style='font-size: 20px; border-bottom: 2px solid currentColor; padding-bottom: 5px; margin-top: 0; color: inherit; opacity: 0.8;'>Caracter\u00edsticas F\u00edsicas y El\u00e9ctricas<\/h3>\n<ul style='padding-left: 20px; font-size: 15px; color: inherit;'>\n<li style='margin-bottom: 5px;'>Alimentaci\u00f3n: <strong>12 Vcc (No incluida)\/ 9 W \/ PoE 802.3 af 10 W<\/strong><\/li>\n<li style='margin-bottom: 5px;'>Temperatura operaci\u00f3n: <strong>-30\u00b0C a 50\u00b0C \/ Humedad al 95% m\u00e1ximo<\/strong><\/li>\n<li style='margin-bottom: 5px;'>Uso: <strong>Exterior \/ IP66<\/strong><\/li>\n<li style='margin-bottom: 5px;'>Protecci\u00f3n: <strong>Contra sobretensiones y voltajes transitorios<\/strong><\/li>\n<li style='margin-bottom: 5px;'>Dimensiones: <strong>162 mm \u00d7 120 mm \u00d7 234.2 mm<\/strong><\/li>\n<li style='margin-bottom: 5px;'>Peso: <strong>780 g<\/strong><\/li>\n<li style='margin-bottom: 5px;'>Recomendaci\u00f3n PoE: <strong><a style='color: inherit; text-decoration: underline;' href='https:\/\/www.syscom.mx\/products\/205955' target='_blank' rel='noopener'>RG-E-130(GE)<\/a><\/strong><\/li>\n<li style='margin-bottom: 5px;'>No incluye fuente: <strong><a style='color: inherit; text-decoration: underline;' href='https:\/\/www.syscom.mx\/products\/189843' target='_blank' rel='noopener'>PSD1202DT<\/a><\/strong><\/li>\n<li><a style='color: inherit; text-decoration: underline;' href='https:\/\/ftp3.syscom.mx\/usuarios\/roberto.espino\/Specs\/Ptz\/Especificaciones%20Tecnicas%20DS-2DE2C400SCG-E_Datasheet_V5.7.4_20220513.pdf' target='_blank' rel='noopener'>Ficha t\u00e9cnica<\/a> para accesorios compatibles<\/li>\n<\/ul><\/div>\n<div style='flex: 1 1 300px; min-width: 280px;'>\n<h3 style='font-size: 20px; border-bottom: 2px solid currentColor; padding-bottom: 5px; margin-top: 0; color: inherit; opacity: 0.8;'>Interfaces Entradas y Salidas<\/h3>\n<ul style='padding-left: 20px; font-size: 15px; color: inherit;'>\n<li style='margin-bottom: 5px;'>Entradas de alarma: <strong>N\/A<\/strong><\/li>\n<li style='margin-bottom: 5px;'>Salidas de alarma: <strong>N\/A<\/strong><\/li>\n<li style='margin-bottom: 5px;'>Entradas de audio: <strong>N\/A<\/strong><\/li>\n<li style='margin-bottom: 5px;'>Salidas de audio: <strong>N\/A<\/strong><\/li>\n<li style='margin-bottom: 5px;'>Puerto de red: <strong>1 (10 \/ 100 Mbps)<\/strong><\/li>\n<li style='margin-bottom: 5px;'>Almacenamiento: <strong>micro SD de hasta 256 GB<\/strong><\/li>\n<li>Soporta: <strong>ONVIF (Profile S&comma; Profile G&comma; Profile T)<\/strong><\/li>\n<\/ul><\/div>\n<div style='flex: 1 1 300px; min-width: 280px;'>\n<h3 style='font-size: 20px; border-bottom: 2px solid currentColor; padding-bottom: 5px; margin-top: 0; color: inherit; opacity: 0.8;'>Caracter\u00edsticas Generales<\/h3>\n<ul style='padding-left: 20px; font-size: 15px; color: inherit;'>\n<li style='margin-bottom: 5px;'>Paneo: <strong>0\u00b0 a 340\u00b0<\/strong><\/li>\n<li style='margin-bottom: 5px;'>Tildeo: <strong>-5\u00b0 a 105\u00b0<\/strong><\/li>\n<li><strong>No soporta:<\/strong> Recorridos (Preset\/Pattern \/Patrol \/Park Act)<\/li>\n<\/ul><\/div>\n<\/p><\/div>\n<hr style='border: 0; border-top: 1px solid rgba(150&comma; 150&comma; 150&comma; 0.3); margin: 30px 0;'>\n<div style='display: flex; flex-direction: column; gap: 30px;'>\n<div>\n<h3 style='font-size: 20px; border-bottom: 2px solid currentColor; padding-bottom: 5px; margin-top: 0; color: inherit; opacity: 0.8;'>Tecnolog\u00eda ColorVu con Lente F1.0<\/h3>\n<ul style='padding-left: 20px; font-size: 15px; color: inherit;'>\n<li style='margin-bottom: 5px;'>Lente con apertura F1.0 extremadamente grande (captura 2.5 veces m\u00e1s luz que un F1.6)<\/li>\n<li style='margin-bottom: 5px;'>Iluminaci\u00f3n m\u00ednima: 0.001 Lux en color (pr\u00e1cticamente oscuridad total)<\/li>\n<li>Vigilancia perpetua a color sin necesidad de luz IR&comma; manteniendo los detalles crom\u00e1ticos cr\u00edticos para identificaci\u00f3n<\/li>\n<\/ul><\/div>\n<div>\n<h3 style='font-size: 20px; border-bottom: 2px solid currentColor; padding-bottom: 5px; margin-top: 0; color: inherit; opacity: 0.8;'>Luz Blanca Integrada de 30 Metros<\/h3>\n<ul style='padding-left: 20px; font-size: 15px; color: inherit;'>\n<li style='margin-bottom: 5px;'>Iluminador de luz blanca que alcanza hasta 30 metros<\/li>\n<li style='margin-bottom: 5px;'>Funci\u00f3n Smart Supplement Light&comma; se activa autom\u00e1ticamente en condiciones de baja luz<\/li>\n<li>Proporciona iluminaci\u00f3n de escena real (no distorsiona como el IR) y act\u00faa como elemento disuasorio<\/li>\n<\/ul><\/div>\n<div>\n<h3 style='font-size: 20px; border-bottom: 2px solid currentColor; padding-bottom: 5px; margin-top: 0; color: inherit; opacity: 0.8;'>Audio Bidireccional Integrado<\/h3>\n<ul style='padding-left: 20px; font-size: 15px; color: inherit;'>\n<li>Aplica directo en la c\u00e1mara IP o con NVRs serie NHI-K&comma; NI-K2&comma; NI-I&comma; NI-M&comma; NXI-I&comma; NXI-M (No aplica en DS-7604NI-K1\/4P(C))<\/li>\n<\/ul><\/div>\n<\/p><\/div>\n<p> <img style='width: 100%; height: auto; border: 1px solid rgba(150&comma;150&comma;150&comma;0.3); border-radius: 8px; margin-top: 30px;' src='https:\/\/ftp3.syscom.mx\/usuarios\/jsosa\/HIKVISION\/imagenes\/banners\/solution%20complete.png' alt='Banner soluci\u00f3n completa' \/> <\/div>\n","protected":false},"excerpt":{"rendered":"<p>Domo PT IP 4 Megapixel \/ Lente 4 mm  \/ Luz Blanca 30 mts \/ dWDR  \/ PoE \/ IP66 \/ Micr\u00f3fono y Bocina Interconstruido \/ Micro SD \/ Incluye Montaje de Pared y Techo<\/p>\n","protected":false},"featured_media":106775,"comment_status":"open","ping_status":"closed","template":"","meta":[],"product_brand":[],"product_cat":[1224],"product_tag":[122,54,1225],"class_list":{"0":"post-106776","1":"product","2":"type-product","3":"status-publish","4":"has-post-thumbnail","6":"product_cat-ptz","7":"product_tag-camaras-ip-y-nvrs","8":"product_tag-hikvision","9":"product_tag-ptz","11":"first","12":"instock","13":"sale","14":"shipping-taxable","15":"purchasable","16":"product-type-simple"},"_links":{"self":[{"href":"https:\/\/soydeaqui.ddns.net\/pachuca\/index.php\/wp-json\/wp\/v2\/product\/106776","targetHints":{"allow":["GET"]}}],"collection":[{"href":"https:\/\/soydeaqui.ddns.net\/pachuca\/index.php\/wp-json\/wp\/v2\/product"}],"about":[{"href":"https:\/\/soydeaqui.ddns.net\/pachuca\/index.php\/wp-json\/wp\/v2\/types\/product"}],"replies":[{"embeddable":true,"href":"https:\/\/soydeaqui.ddns.net\/pachuca\/index.php\/wp-json\/wp\/v2\/comments?post=106776"}],"wp:featuredmedia":[{"embeddable":true,"href":"https:\/\/soydeaqui.ddns.net\/pachuca\/index.php\/wp-json\/wp\/v2\/media\/106775"}],"wp:attachment":[{"href":"https:\/\/soydeaqui.ddns.net\/pachuca\/index.php\/wp-json\/wp\/v2\/media?parent=106776"}],"wp:term":[{"taxonomy":"product_brand","embeddable":true,"href":"https:\/\/soydeaqui.ddns.net\/pachuca\/index.php\/wp-json\/wp\/v2\/product_brand?post=106776"},{"taxonomy":"product_cat","embeddable":true,"href":"https:\/\/soydeaqui.ddns.net\/pachuca\/index.php\/wp-json\/wp\/v2\/product_cat?post=106776"},{"taxonomy":"product_tag","embeddable":true,"href":"https:\/\/soydeaqui.ddns.net\/pachuca\/index.php\/wp-json\/wp\/v2\/product_tag?post=106776"}],"curies":[{"name":"wp","href":"https:\/\/api.w.org\/{rel}","templated":true}]}}