{"id":106768,"date":"2026-03-20T16:33:43","date_gmt":"2026-03-20T16:33:43","guid":{"rendered":"https:\/\/soydeaqui.ddns.net\/pachuca\/index.php\/producto\/kit-extensor-usb-2-0-de-4-puertos-para-distancias-de-hasta-150-m-soporta-usb-2-0-usb-1-1-y-usb-1-0-utp-cat-5e-6-6a-7-soporta-switch-gigabit-ideal-para-camaras-web-impresoras-escaner-memor\/"},"modified":"2026-03-20T16:33:54","modified_gmt":"2026-03-20T16:33:54","slug":"kit-extensor-usb-2-0-de-4-puertos-para-distancias-de-hasta-150-m-soporta-usb-2-0-usb-1-1-y-usb-1-0-utp-cat-5e-6-6a-7-soporta-switch-gigabit-ideal-para-camaras-web-impresoras-escaner-memor","status":"publish","type":"product","link":"https:\/\/soydeaqui.ddns.net\/pachuca\/index.php\/producto\/kit-extensor-usb-2-0-de-4-puertos-para-distancias-de-hasta-150-m-soporta-usb-2-0-usb-1-1-y-usb-1-0-utp-cat-5e-6-6a-7-soporta-switch-gigabit-ideal-para-camaras-web-impresoras-escaner-memor\/","title":{"rendered":"Kit EXTENSOR USB 2.0 de 4 Puertos para Distancias de Hasta  150 m \/ Soporta USB 2.0, USB 1.1 y USB 1.0 \/ UTP Cat 5e\/6\/6a\/7 \/ Soporta Switch Gigabit \/ Ideal para C\u00e1maras WEB, Impresoras, Esc\u00e1ner, Memorias, Mouse, etc."},"content":{"rendered":"<div style='width: 100%; max-width: 1200px; margin: 0 auto; font-family: sans-serif; line-height: 1.6; color: inherit; background-color: transparent;'> <!-- Secci\u00f3n de contenido con flex --> <\/p>\n<div style='display: flex; flex-wrap: wrap; gap: 30px; margin-bottom: 30px;'>\n<div style='flex: 1 1 300px; min-width: 280px;'> <img style='width: 100%; height: auto; border: 1px solid rgba(150&comma;150&comma;150&comma;0.3); border-radius: 8px;' src='http:\/\/ftp3.syscom.mx\/usuarios\/hallende\/EPCOM%20Titanium\/TT-150-USB\/TT150USB-4.jpg' alt=''> <\/div>\n<div style='flex: 1 1 300px; min-width: 280px;'>\n<h2 style='font-size: 24px; margin-top: 0; color: inherit;'>Extensor USB de 150 metros&comma; soporta USB 2.0&comma; USB 1.1 y USB 1.0<\/h2>\n<p style='font-size: 15px; color: inherit; margin-bottom: 15px;'>Epcom TITANIUM ha desarrollado este extensor de 4 puertos USB 2.0 que puede realizar la conexi\u00f3n mediante cables de red Cat 5e\/6\/6a\/7 a una distancia de transmisi\u00f3n de 100 m con cable CAT5e y 150 m con CAT6 o superior; Admite 4 canales de entrada de dispositivo USB 2.0&comma; como impresoras&comma; c\u00e1maras&comma; esc\u00e1ner&comma; unidad flash USB&comma; teclado&comma; mouse&comma; pantalla t\u00e1ctil&comma; etc. Admite conexi\u00f3n en cascada mediante el uso de switch gigabit&comma; al pasar por este las distancias de los cables de entrada y salida pueden alcanzar los 100 m respectivamente (de cada lado).<\/p>\n<p style='font-size: 15px; color: inherit; margin-bottom: 15px;'>Puede usarse en oficinas&comma; videoconferencias&comma; sistemas de ense\u00f1anza&comma; monitoreo de seguridad&comma; juegos&comma; control industrial&comma; profesionales audiovisuales&comma; m\u00e9dicos inteligentes y un sin fin de aplicaciones.<\/p>\n<\/p><\/div>\n<\/p><\/div>\n<p> <!-- Secci\u00f3n de cards con caracter\u00edsticas --> <\/p>\n<div style='display: flex; flex-wrap: wrap; gap: 20px; margin-bottom: 30px;'>\n<div style='flex: 1 1 250px; border: 1px solid rgba(150&comma; 150&comma; 150&comma; 0.4); border-radius: 8px; overflow: hidden; display: flex; flex-direction: column;'>\n<div style='padding: 15px; border-bottom: 1px solid rgba(150&comma; 150&comma; 150&comma; 0.2); font-weight: bold; font-size: 18px; color: inherit;'>Caracter\u00edsticas principales:<\/div>\n<div style='padding: 15px; color: inherit;'> <img style='width: 100%; height: auto; border: 1px solid rgba(150&comma;150&comma;150&comma;0.3); border-radius: 8px; margin-bottom: 15px;' src='http:\/\/ftp3.syscom.mx\/usuarios\/hallende\/EPCOM%20Titanium\/TT-150-USB\/TT150USB-1.jpg' alt=''> <\/p>\n<ul style='padding-left: 20px; margin: 0; font-size: 14px; list-style-type: disc; color: inherit;'>\n<li style='margin-bottom: 5px;'>Extienda la se\u00f1al USB hasta 150 metros.<\/li>\n<li style='margin-bottom: 5px;'>4 entradas USB 2.0 y 1 salida USB 2.0<\/li>\n<li style='margin-bottom: 5px;'>Tecnolog\u00eda de alta velocidad&comma; el ancho de banda alcanza hasta 480Mbps.<\/li>\n<li style='margin-bottom: 5px;'>Distancia m\u00e1xima de transmisi\u00f3n Ethernet hasta 150 metros<\/li>\n<li style='margin-bottom: 5px;'>Compatible con cable Cat5e 100m y Cat6\/6a\/7 hasta 150 metros<\/li>\n<li style='margin-bottom: 5px;'>Compatible con USB2.0&comma; USB 1.1 y USB 1.0<\/li>\n<li style='margin-bottom: 5px;'>Soporta modo en cascada mediante Switch Gigabit<\/li>\n<li style='margin-bottom: 5px;'>Cero latencia<\/li>\n<\/ul><\/div>\n<\/p><\/div>\n<div style='flex: 1 1 250px; border: 1px solid rgba(150&comma; 150&comma; 150&comma; 0.4); border-radius: 8px; overflow: hidden; display: flex; flex-direction: column;'>\n<div style='padding: 15px; border-bottom: 1px solid rgba(150&comma; 150&comma; 150&comma; 0.2); font-weight: bold; font-size: 18px; color: inherit;'>Caracter\u00edsticas F\u00edsicas y El\u00e9ctricas:<\/div>\n<div style='padding: 15px; color: inherit;'> <img style='width: 100%; height: auto; border: 1px solid rgba(150&comma;150&comma;150&comma;0.3); border-radius: 8px; margin-bottom: 15px;' src='http:\/\/ftp3.syscom.mx\/usuarios\/hallende\/EPCOM%20Titanium\/TT-150-USB\/TT150USB-2.jpg' alt=''> <\/p>\n<ul style='padding-left: 20px; margin: 0; font-size: 14px; list-style-type: disc; color: inherit;'>\n<li style='margin-bottom: 5px;'>Incluye alimentaci\u00f3n 5V 1A (Fuente de alimentaci\u00f3n incluida)<\/li>\n<li style='margin-bottom: 5px;'>Dimensiones TX;RX 77 mm (largo) \u00d7 60 mm (ancho) \u00d7 21 mm (alto)<\/li>\n<li style='margin-bottom: 5px;'>Peso TX: 123 g; RX: 128 g<\/li>\n<li style='margin-bottom: 5px;'>Temperatura de Operaci\u00f3n: -20 a 60\u00b0C<\/li>\n<li style='margin-bottom: 5px;'>Humedad: 0 ~ 90% (sin condensaci\u00f3n)<\/li>\n<li style='margin-bottom: 5px;'>Color negro<\/li>\n<li style='margin-bottom: 5px;'>Material Acero<\/li>\n<li style='margin-bottom: 5px;'>1 A\u00f1o de Garant\u00eda por defectos de f\u00e1brica<\/li>\n<\/ul><\/div>\n<\/p><\/div>\n<div style='flex: 1 1 250px; border: 1px solid rgba(150&comma; 150&comma; 150&comma; 0.4); border-radius: 8px; overflow: hidden; display: flex; flex-direction: column;'>\n<div style='padding: 15px; border-bottom: 1px solid rgba(150&comma; 150&comma; 150&comma; 0.2); font-weight: bold; font-size: 18px; color: inherit;'>Caracter\u00edsticas Destacadas:<\/div>\n<div style='padding: 15px; color: inherit;'> <img style='width: 100%; height: auto; border: 1px solid rgba(150&comma;150&comma;150&comma;0.3); border-radius: 8px; margin-bottom: 15px;' src='http:\/\/ftp3.syscom.mx\/usuarios\/hallende\/EPCOM%20Titanium\/TT-150-USB\/TT150USB-3.jpg' alt=''> <\/p>\n<ul style='padding-left: 20px; margin: 0; font-size: 14px; list-style-type: disc; color: inherit;'>\n<li style='margin-bottom: 5px;'>Solo requiere alimentar el receptor<\/li>\n<li style='margin-bottom: 5px;'>Identifica autom\u00e1ticamente USB de alta velocidad&comma; velocidad completa y baja velocidad<\/li>\n<li style='margin-bottom: 5px;'>USB2.0 (480 Mbps)&comma; USB 1.1 (12 Mbps) y USB 1.0 (1&comma;5 Mbps)<\/li>\n<li style='margin-bottom: 5px;'>Dise\u00f1o de protecci\u00f3n contra rayos&comma; sobretensiones y ESD.<\/li>\n<li style='margin-bottom: 5px;'>F\u00e1cil de instalar&comma; modo plug &#038; play&comma; conexi\u00f3n de red r\u00e1pida<\/li>\n<\/ul><\/div>\n<\/p><\/div>\n<\/p><\/div>\n<p> <!-- Imagen final --> <\/p>\n<div style='margin: 30px 0;'> <img style='width: 100%; height: auto; border: 1px solid rgba(150&comma;150&comma;150&comma;0.3); border-radius: 8px;' src='http:\/\/ftp3.syscom.mx\/usuarios\/hallende\/EPCOM%20Titanium\/TT-150-USB\/Poster%20TT150USB%20Esp..jpg' alt=''> <\/div>\n<\/p><\/div>\n","protected":false},"excerpt":{"rendered":"<p>Kit EXTENSOR USB 2.0 de 4 Puertos para Distancias de Hasta  150 m \/ Soporta USB 2.0, USB 1.1 y USB 1.0 \/ UTP Cat 5e\/6\/6a\/7 \/ Soporta Switch Gigabit \/ Ideal para C\u00e1maras WEB, Impresoras, Esc\u00e1ner, Memorias, Mouse, etc.<\/p>\n","protected":false},"featured_media":106767,"comment_status":"open","ping_status":"closed","template":"","meta":[],"product_brand":[],"product_cat":[2073,2074,2077,2075,2072,2076],"product_tag":[417,2079,2080,2083,507,2081,2078,2082],"class_list":{"0":"post-106768","1":"product","2":"type-product","3":"status-publish","4":"has-post-thumbnail","6":"product_cat-convertidores","7":"product_cat-divisores","8":"product_cat-dvi","9":"product_cat-hdmi","10":"product_cat-kits-extensores","11":"product_cat-vga","12":"product_tag-accesorios-generales","13":"product_tag-convertidores","14":"product_tag-divisores","15":"product_tag-dvi","16":"product_tag-epcom-titanium","17":"product_tag-hdmi","18":"product_tag-kits-extensores","19":"product_tag-vga","21":"first","22":"instock","23":"sale","24":"shipping-taxable","25":"purchasable","26":"product-type-simple"},"_links":{"self":[{"href":"https:\/\/soydeaqui.ddns.net\/pachuca\/index.php\/wp-json\/wp\/v2\/product\/106768","targetHints":{"allow":["GET"]}}],"collection":[{"href":"https:\/\/soydeaqui.ddns.net\/pachuca\/index.php\/wp-json\/wp\/v2\/product"}],"about":[{"href":"https:\/\/soydeaqui.ddns.net\/pachuca\/index.php\/wp-json\/wp\/v2\/types\/product"}],"replies":[{"embeddable":true,"href":"https:\/\/soydeaqui.ddns.net\/pachuca\/index.php\/wp-json\/wp\/v2\/comments?post=106768"}],"wp:featuredmedia":[{"embeddable":true,"href":"https:\/\/soydeaqui.ddns.net\/pachuca\/index.php\/wp-json\/wp\/v2\/media\/106767"}],"wp:attachment":[{"href":"https:\/\/soydeaqui.ddns.net\/pachuca\/index.php\/wp-json\/wp\/v2\/media?parent=106768"}],"wp:term":[{"taxonomy":"product_brand","embeddable":true,"href":"https:\/\/soydeaqui.ddns.net\/pachuca\/index.php\/wp-json\/wp\/v2\/product_brand?post=106768"},{"taxonomy":"product_cat","embeddable":true,"href":"https:\/\/soydeaqui.ddns.net\/pachuca\/index.php\/wp-json\/wp\/v2\/product_cat?post=106768"},{"taxonomy":"product_tag","embeddable":true,"href":"https:\/\/soydeaqui.ddns.net\/pachuca\/index.php\/wp-json\/wp\/v2\/product_tag?post=106768"}],"curies":[{"name":"wp","href":"https:\/\/api.w.org\/{rel}","templated":true}]}}