{"id":10675,"date":"2026-03-18T07:39:34","date_gmt":"2026-03-18T07:39:34","guid":{"rendered":"https:\/\/soydeaqui.ddns.net\/pachuca\/index.php\/producto\/canaleta-ld10-de-pvc-rigido-con-cinta-adhesiva-para-instalacion-sin-herramientas-de-38-4-x-24-x-1828-8-mm-color-blanco-mate\/"},"modified":"2026-03-18T07:39:37","modified_gmt":"2026-03-18T07:39:37","slug":"canaleta-ld10-de-pvc-rigido-con-cinta-adhesiva-para-instalacion-sin-herramientas-de-38-4-x-24-x-1828-8-mm-color-blanco-mate","status":"publish","type":"product","link":"https:\/\/soydeaqui.ddns.net\/pachuca\/index.php\/producto\/canaleta-ld10-de-pvc-rigido-con-cinta-adhesiva-para-instalacion-sin-herramientas-de-38-4-x-24-x-1828-8-mm-color-blanco-mate\/","title":{"rendered":"Canaleta LD10 de PVC r\u00edgido, con cinta adhesiva para instalaci\u00f3n sin herramientas, de 38.4 x 24 x 1828.8 mm, Color Blanco Mate"},"content":{"rendered":"<div style='width: 100%; max-width: 1200px; margin: 0 auto; font-family: sans-serif; line-height: 1.6; color: inherit; background-color: transparent;'> <!-- Secci\u00f3n de descripci\u00f3n --> <\/p>\n<div style='margin-bottom: 30px;'>\n<p style='margin-top: 0; color: inherit; font-size: 15px;'>La canaletas no met\u00e1licas de la serie LD&comma; cuentan con un dise\u00f1o tipo bisagra en una sola pieza con cinta adhesiva para instalaci\u00f3n sin herramienta. Resistente a impactos y con acabados lisos que no sufrir\u00e1n alg\u00fan da\u00f1o o alteraci\u00f3n.<\/p>\n<\/p><\/div>\n<p> <!-- Secci\u00f3n de caracter\u00edsticas --> <\/p>\n<div style='display: flex; flex-wrap: wrap; gap: 30px; margin-bottom: 30px;'>\n<div style='flex: 1 1 300px; min-width: 280px;'>\n<h3 style='font-size: 22px; border-bottom: 2px solid currentColor; padding-bottom: 5px; margin-top: 0; color: inherit; opacity: 0.8;'>Caracter\u00edsticas<\/h3>\n<ul style='padding-left: 20px; font-size: 15px; color: inherit; list-style-type: disc;'>\n<li style='margin-bottom: 5px;'>Material: PVC r\u00edgido<\/li>\n<li style='margin-bottom: 5px;'>Flamabilidad: UL94V-0; FT4<\/li>\n<li style='margin-bottom: 5px;'>Radio de curvatura m\u00ednimo de 1in&comma; cumple con los est\u00e1ndares TIA\/EIA<\/li>\n<li style='margin-bottom: 5px;'>Temperatura de operaci\u00f3n: 0 a 50\u00baC<\/li>\n<li style='margin-bottom: 5px;'>Dimensiones: 38.4 x 24 x 1828.8 mm (Ancho x Alto x Largo)<\/li>\n<\/ul><\/div>\n<\/p><\/div>\n<p> <!-- Secci\u00f3n de aplicaciones --> <\/p>\n<div style='display: flex; flex-wrap: wrap; gap: 30px; margin-bottom: 30px;'>\n<div style='flex: 1 1 300px; min-width: 280px;'>\n<h3 style='font-size: 22px; border-bottom: 2px solid currentColor; padding-bottom: 5px; margin-top: 0; color: inherit; opacity: 0.8;'>Aplicaciones<\/h3>\n<ul style='padding-left: 20px; font-size: 15px; color: inherit; list-style-type: disc;'>\n<li style='margin-bottom: 5px;'>Soluci\u00f3n sencilla y econ\u00f3mica para enrutar cualquier cable de bajo voltaje sobre pared&comma; techo o piso<\/li>\n<li style='margin-bottom: 5px;'>Instalaciones de telecomunicaciones (V\u00eddeo&comma; voz&comma; datos)<\/li>\n<li style='margin-bottom: 5px;'>Instalaciones de seguridad y control (Automatizaci\u00f3n&comma; alarmas&comma; control de acceso)<\/li>\n<\/ul><\/div>\n<\/p><\/div>\n<p> <!-- Secci\u00f3n de im\u00e1genes --> <\/p>\n<div style='display: flex; flex-wrap: wrap; gap: 30px; margin-bottom: 30px;'>\n<div style='flex: 1 1 300px; min-width: 280px;'>\n<h3 style='font-size: 22px; border-bottom: 2px solid currentColor; padding-bottom: 5px; margin-top: 0; color: inherit; opacity: 0.8;'>Tabla de Capacidades<\/h3>\n<div style='margin-top: 15px;'> <img style='width: 100%; height: auto; border: 1px solid rgba(150&comma;150&comma;150&comma;0.3); border-radius: 8px;' src='https:\/\/ftp3.syscom.mx\/usuarios\/fotos\/LD3IW6A\/141454-sin_t%C3%ADtulo2.jpeg' alt='Tabla de Capacidades'> <\/div>\n<\/p><\/div>\n<\/p><\/div>\n<p> <!-- Separador --> <\/p>\n<hr style='border: 0; border-top: 1px solid rgba(150&comma; 150&comma; 150&comma; 0.3); margin: 30px 0;'> <\/div>\n","protected":false},"excerpt":{"rendered":"<p>Canaleta LD10 de PVC r\u00edgido, con cinta adhesiva para instalaci\u00f3n sin herramientas, de 38.4 x 24 x 1828.8 mm, Color Blanco Mate<\/p>\n","protected":false},"featured_media":10674,"comment_status":"open","ping_status":"closed","template":"","meta":[],"product_brand":[],"product_cat":[581],"product_tag":[582,572,445],"class_list":{"0":"post-10675","1":"product","2":"type-product","3":"status-publish","4":"has-post-thumbnail","6":"product_cat-canaletas","7":"product_tag-canaletas","8":"product_tag-canalizacion","9":"product_tag-panduit","11":"first","12":"instock","13":"sale","14":"shipping-taxable","15":"purchasable","16":"product-type-simple"},"_links":{"self":[{"href":"https:\/\/soydeaqui.ddns.net\/pachuca\/index.php\/wp-json\/wp\/v2\/product\/10675","targetHints":{"allow":["GET"]}}],"collection":[{"href":"https:\/\/soydeaqui.ddns.net\/pachuca\/index.php\/wp-json\/wp\/v2\/product"}],"about":[{"href":"https:\/\/soydeaqui.ddns.net\/pachuca\/index.php\/wp-json\/wp\/v2\/types\/product"}],"replies":[{"embeddable":true,"href":"https:\/\/soydeaqui.ddns.net\/pachuca\/index.php\/wp-json\/wp\/v2\/comments?post=10675"}],"wp:featuredmedia":[{"embeddable":true,"href":"https:\/\/soydeaqui.ddns.net\/pachuca\/index.php\/wp-json\/wp\/v2\/media\/10674"}],"wp:attachment":[{"href":"https:\/\/soydeaqui.ddns.net\/pachuca\/index.php\/wp-json\/wp\/v2\/media?parent=10675"}],"wp:term":[{"taxonomy":"product_brand","embeddable":true,"href":"https:\/\/soydeaqui.ddns.net\/pachuca\/index.php\/wp-json\/wp\/v2\/product_brand?post=10675"},{"taxonomy":"product_cat","embeddable":true,"href":"https:\/\/soydeaqui.ddns.net\/pachuca\/index.php\/wp-json\/wp\/v2\/product_cat?post=10675"},{"taxonomy":"product_tag","embeddable":true,"href":"https:\/\/soydeaqui.ddns.net\/pachuca\/index.php\/wp-json\/wp\/v2\/product_tag?post=10675"}],"curies":[{"name":"wp","href":"https:\/\/api.w.org\/{rel}","templated":true}]}}