{"id":106737,"date":"2026-03-20T16:32:07","date_gmt":"2026-03-20T16:32:07","guid":{"rendered":"https:\/\/soydeaqui.ddns.net\/pachuca\/index.php\/producto\/arnes-de-cuerpo-completo-para-parar-caidas-y-posicionamiento-unitalla\/"},"modified":"2026-03-20T16:32:12","modified_gmt":"2026-03-20T16:32:12","slug":"arnes-de-cuerpo-completo-para-parar-caidas-y-posicionamiento-unitalla","status":"publish","type":"product","link":"https:\/\/soydeaqui.ddns.net\/pachuca\/index.php\/producto\/arnes-de-cuerpo-completo-para-parar-caidas-y-posicionamiento-unitalla\/","title":{"rendered":"Arn\u00e9s de Cuerpo Completo para Parar Ca\u00eddas y Posicionamiento (Unitalla)."},"content":{"rendered":"<div style='width: 100%; max-width: 1200px; margin: 0 auto; font-family: sans-serif; line-height: 1.6; color: inherit; background-color: transparent;'>\n<div style='display: flex; flex-wrap: wrap; gap: 30px; margin-bottom: 30px;'>\n<div style='flex: 1 1 300px; min-width: 280px;'>\n<h3 style='font-size: 22px; border-bottom: 2px solid currentColor; padding-bottom: 5px; margin-top: 0; color: inherit; opacity: 0.8;'>Caracter\u00edsticas<\/h3>\n<ul style='padding-left: 20px; font-size: 15px; color: inherit;'>\n<li style='margin-bottom: 5px;'>Elementos de sujeci\u00f3n Anillo Tipo \u201cO\u201d con aislamiento de PVC para evitar arcos el\u00e9ctricos con ubicaci\u00f3n en la espalda para parar ca\u00eddas.<\/li>\n<li style='margin-bottom: 5px;'>Elemento de sujeci\u00f3n en el pecho&comma; Anillo Tipo \u201cA\u201d con aislamiento de PVC para evitar arcos el\u00e9ctricos&comma; cuyo objetivo es el de posicionamiento o rescate con cable de seguridad<\/li>\n<li style='margin-bottom: 5px;'>2 elementos de sujeci\u00f3n a la cadera&comma; anillos \u201cD\u201d con aislamiento de PVC para evitar arcos el\u00e9ctricos; destinados para posicionamiento con bandola de seguridad<\/li>\n<li style='margin-bottom: 5px;'>Hebillas de ensamble r\u00e1pido en pecho&comma; cintura y piernas<\/li>\n<li style='margin-bottom: 5px;'>Hebillas de fricci\u00f3n en el abdomen para mantener el ajuste del arn\u00e9s<\/li>\n<li style='margin-bottom: 5px;'>El conjunto de las hebillas de fricci\u00f3n en el abdomen y el uso de las hebillas de ensamble r\u00e1pido garantizan que el quitarse y ponerse el arn\u00e9s sea en una forma f\u00e1cil&comma; c\u00f3moda y r\u00e1pida<\/li>\n<li style='margin-bottom: 5px;'>Todas las hebillas est\u00e1n cubiertas por un capuchos aislante de PVC para evitar arcos el\u00e9ctricos<\/li>\n<li style='margin-bottom: 5px;'>Cintas reflejantes plateadas al frente y en la espalda<\/li>\n<li style='margin-bottom: 5px;'>Acojinamiento en hombros&comma; espalda&comma; cintura&comma; y piernas<\/li>\n<li style='margin-bottom: 5px;'>Cinta Subp\u00e9lvica<\/li>\n<li style='margin-bottom: 5px;'>Fabricados con cinta de poli\u00e9ster color naranja de 45 mm de ancho resistencia a la tracci\u00f3n de la cinta sobrepasa los 2500 kg.<\/li>\n<li style='margin-bottom: 5px;'>Las costuras se realizan con hilo de nylon alta resistencia con anillos tipo \u201co\u201d de acero forjado.<\/li>\n<\/ul><\/div>\n<\/p><\/div>\n<\/p><\/div>\n","protected":false},"excerpt":{"rendered":"<p>Arn\u00e9s de Cuerpo Completo para Parar Ca\u00eddas y Posicionamiento (Unitalla).<\/p>\n","protected":false},"featured_media":106736,"comment_status":"open","ping_status":"closed","template":"","meta":[],"product_brand":[],"product_cat":[245],"product_tag":[247,246,674],"class_list":{"0":"post-106737","1":"product","2":"type-product","3":"status-publish","4":"has-post-thumbnail","6":"product_cat-herramientas-de-instalacion","7":"product_tag-herramientas-de-instalacion","8":"product_tag-torres-y-mastiles","9":"product_tag-tulmex","11":"first","12":"instock","13":"sale","14":"shipping-taxable","15":"purchasable","16":"product-type-simple"},"_links":{"self":[{"href":"https:\/\/soydeaqui.ddns.net\/pachuca\/index.php\/wp-json\/wp\/v2\/product\/106737","targetHints":{"allow":["GET"]}}],"collection":[{"href":"https:\/\/soydeaqui.ddns.net\/pachuca\/index.php\/wp-json\/wp\/v2\/product"}],"about":[{"href":"https:\/\/soydeaqui.ddns.net\/pachuca\/index.php\/wp-json\/wp\/v2\/types\/product"}],"replies":[{"embeddable":true,"href":"https:\/\/soydeaqui.ddns.net\/pachuca\/index.php\/wp-json\/wp\/v2\/comments?post=106737"}],"wp:featuredmedia":[{"embeddable":true,"href":"https:\/\/soydeaqui.ddns.net\/pachuca\/index.php\/wp-json\/wp\/v2\/media\/106736"}],"wp:attachment":[{"href":"https:\/\/soydeaqui.ddns.net\/pachuca\/index.php\/wp-json\/wp\/v2\/media?parent=106737"}],"wp:term":[{"taxonomy":"product_brand","embeddable":true,"href":"https:\/\/soydeaqui.ddns.net\/pachuca\/index.php\/wp-json\/wp\/v2\/product_brand?post=106737"},{"taxonomy":"product_cat","embeddable":true,"href":"https:\/\/soydeaqui.ddns.net\/pachuca\/index.php\/wp-json\/wp\/v2\/product_cat?post=106737"},{"taxonomy":"product_tag","embeddable":true,"href":"https:\/\/soydeaqui.ddns.net\/pachuca\/index.php\/wp-json\/wp\/v2\/product_tag?post=106737"}],"curies":[{"name":"wp","href":"https:\/\/api.w.org\/{rel}","templated":true}]}}