{"id":106702,"date":"2026-03-20T16:29:56","date_gmt":"2026-03-20T16:29:56","guid":{"rendered":"https:\/\/soydeaqui.ddns.net\/pachuca\/index.php\/producto\/camara-ip-antivandalica-5mp-para-esquina-lente-2-3-mm-131-h-265-wisestream-ii-ip66-ip6k9k-ik10\/"},"modified":"2026-03-20T16:30:09","modified_gmt":"2026-03-20T16:30:09","slug":"camara-ip-antivandalica-5mp-para-esquina-lente-2-3-mm-131-h-265-wisestream-ii-ip66-ip6k9k-ik10","status":"publish","type":"product","link":"https:\/\/soydeaqui.ddns.net\/pachuca\/index.php\/producto\/camara-ip-antivandalica-5mp-para-esquina-lente-2-3-mm-131-h-265-wisestream-ii-ip66-ip6k9k-ik10\/","title":{"rendered":"C\u00e1mara IP Antivand\u00e1lica 5MP para Esquina \/ Lente 2.3 mm 131\u00b0 \/ H.265 &#038; WiseStream II \/ IP66 IP6K9K IK10"},"content":{"rendered":"<div style='width: 100%; max-width: 1200px; margin: 0 auto; font-family: sans-serif; line-height: 1.6; color: inherit; background-color: transparent;'>\n<div style='width: 100%; text-align: center; margin: 20px 0;'> <a href='https:\/\/www.syscom.mx\/principal\/consultarproductosazul?global_search=htast&#038;ordenar=Relevancia&#038;pag=1' target='_blank' rel='noopener'> <img style='width: 100%; max-width: 483px; height: auto; border: 1px solid rgba(150&comma;150&comma;150&comma;0.3); border-radius: 8px;' src='https:\/\/ftp3.syscom.mx\/usuarios\/fcarrillo\/Imagenes\/wisenet-T.png' alt=''> <\/a> <\/div>\n<div style='width: 100%; text-align: center; margin: 20px 0;'> <span style='font-size: 18px; color: #f37934;'> C\u00e1mara IP <strong>Antivand\u00e1lica<\/strong> de <strong>3 Megap\u00edxel<\/strong> con un \u00e1ngulo de visi\u00f3n de <strong><span style='color: #f37934;'>100\u00b0.<\/span><\/strong> <\/span> <\/div>\n<div style='display: flex; flex-wrap: wrap; gap: 30px; margin: 30px 0;'>\n<div style='flex: 1 1 300px; min-width: 280px;'>\n<div style='width: 100%; text-align: center;'> <img style='width: 100%; max-width: 100%; height: auto; border: 1px solid rgba(150&comma;150&comma;150&comma;0.3); border-radius: 8px;' src='https:\/\/ftp3.syscom.mx\/usuarios\/imendez\/Hanwha\/Serie%20X\/GIF\/WiseStream.gif' alt=''> <\/div>\n<\/p><\/div>\n<div style='flex: 1 1 300px; min-width: 280px;'>\n<h3 style='font-size: 22px; border-bottom: 2px solid currentColor; padding-bottom: 5px; margin-top: 0; color: inherit; opacity: 0.8;'>H.265 + WiseStream II<\/h3>\n<p style='text-align: justify; font-size: 15px; color: inherit;'> Mediante WiseStream II&comma; la tecnolog\u00eda de compresi\u00f3n de v\u00eddeo de Hanwha Techwin&comma; la serie Wisenet X reduce el almacenamiento de datos hasta un 99% en comparaci\u00f3n con la actual tecnolog\u00eda H.264&comma; cuando se combina con la compresi\u00f3n H.265. Los costes del sistema se reducen enormemente sin comprometer la calidad de las im\u00e1genes. <\/p>\n<\/p><\/div>\n<\/p><\/div>\n<h3 style='width: 100%; text-align: center; font-size: 22px; margin: 30px 0 15px; color: inherit; opacity: 0.8; border-bottom: 2px solid currentColor; padding-bottom: 5px; display: inline-block;'> Caracter\u00edsticas t\u00e9cnicas <\/h3>\n<div style='display: flex; flex-wrap: wrap; gap: 20px; margin: 30px 0;'>\n<div style='flex: 1 1 250px; border: 1px solid rgba(150&comma; 150&comma; 150&comma; 0.4); border-radius: 8px; overflow: hidden; display: flex; flex-direction: column;'>\n<div style='padding: 15px; border-bottom: 1px solid rgba(150&comma; 150&comma; 150&comma; 0.2); font-weight: bold; font-size: 18px; color: inherit;'>Video<\/div>\n<div style='padding: 15px; color: inherit;'>\n<ul style='padding-left: 20px; margin: 0; font-size: 14px; list-style-type: disc;'>\n<li style='margin-bottom: 5px;'><span style='font-family: Arial&comma;Helvetica&comma;sans-serif;'>Compresi\u00f3n: <strong>H.265 &#038; WiseStream II hasta 99% de compresi\u00f3n<\/strong> \/ H.264 \/ High Profile \/ MJPEG.<\/span><\/li>\n<li style='margin-bottom: 5px;'><span style='font-family: Arial&comma;Helvetica&comma;sans-serif;'>Resoluci\u00f3n m\u00e1xima: <strong>5MP@3<\/strong><strong>0IPS<\/strong>.<\/span><\/li>\n<li style='margin-bottom: 5px;'><span style='font-family: Arial&comma;Helvetica&comma;sans-serif;'>Dual Stream \/ Dual Codec Simult\u00e1neos con configuraciones diferentes.<\/span><\/li>\n<li style='margin-bottom: 5px;'><span style='font-family: Arial&comma;Helvetica&comma;sans-serif;'><strong>Lente fijo 2.8 mm 100\u00ba de visi\u00f3n.<\/strong><\/span><\/li>\n<li style='margin-bottom: 5px;'><span style='font-family: Arial&comma;Helvetica&comma;sans-serif;'>Compensaci\u00f3n de luz: <strong>WDR 120dB<\/strong>&comma; BLC&comma; HLC.<\/span><\/li>\n<li style='margin-bottom: 5px;'><span style='font-family: Arial&comma;Helvetica&comma;sans-serif;'>Dise\u00f1o para <strong>montarse en esquina.<\/strong><\/span><\/li>\n<li style='margin-bottom: 5px;'><span style='font-family: Arial&comma;Helvetica&comma;sans-serif;'><strong>Auto seguimiento digital.<\/strong><\/span><\/li>\n<\/ul><\/div>\n<\/p><\/div>\n<div style='flex: 1 1 250px; border: 1px solid rgba(150&comma; 150&comma; 150&comma; 0.4); border-radius: 8px; overflow: hidden; display: flex; flex-direction: column;'>\n<div style='padding: 15px; border-bottom: 1px solid rgba(150&comma; 150&comma; 150&comma; 0.2); font-weight: bold; font-size: 18px; color: inherit;'>Interfaces<\/div>\n<div style='padding: 15px; color: inherit;'>\n<ul style='padding-left: 20px; margin: 0; font-size: 14px; list-style-type: disc;'>\n<li style='margin-bottom: 5px;'><span style='font-family: Arial&comma;Helvetica&comma;sans-serif;'>1 Puerto Ethernet RJ45 10\/100 Base-T.<\/span><\/li>\n<li style='margin-bottom: 5px;'><span style='font-family: Arial&comma;Helvetica&comma;sans-serif;'>1 Entrada \/ Salida Audio.<\/span><\/li>\n<li style='margin-bottom: 5px;'><span style='font-family: Arial&comma;Helvetica&comma;sans-serif;'>1 Entrada \/ Salida Alarma.<\/span><\/li>\n<li style='margin-bottom: 5px;'><span style='font-family: Arial&comma;Helvetica&comma;sans-serif;'>Ranura para tarjeta SD de hastas <strong>128GB<\/strong>.<\/span><\/li>\n<\/ul><\/div>\n<\/p><\/div>\n<div style='flex: 1 1 250px; border: 1px solid rgba(150&comma; 150&comma; 150&comma; 0.4); border-radius: 8px; overflow: hidden; display: flex; flex-direction: column;'>\n<div style='padding: 15px; border-bottom: 1px solid rgba(150&comma; 150&comma; 150&comma; 0.2); font-weight: bold; font-size: 18px; color: inherit;'>Caracter\u00edsticas F\u00edsicas y El\u00e9ctricas<\/div>\n<div style='padding: 15px; color: inherit;'>\n<ul style='padding-left: 20px; margin: 0; font-size: 14px; list-style-type: disc;'>\n<li style='margin-bottom: 5px;'><span style='font-family: Arial&comma;Helvetica&comma;sans-serif;'>Protecci\u00f3n: Interior\/Exterior&comma; IP66&comma; IP6K9K&comma; IK10<\/span><\/li>\n<li style='margin-bottom: 5px;'><span style='font-family: Arial&comma;Helvetica&comma;sans-serif;'>Temperatura de Operaci\u00f3n: -10 a 55\u00b0C.<\/span><\/li>\n<li style='margin-bottom: 5px;'><span style='font-family: Arial&comma;Helvetica&comma;sans-serif;'>Alimentaci\u00f3n: PoE (802.3af)<\/span><\/li>\n<li style='margin-bottom: 5px;'><span style='font-family: Arial&comma;Helvetica&comma;sans-serif;'>Consumo: Max. 6.49W.<\/span><\/li>\n<li style='margin-bottom: 5px;'><span style='font-family: Arial&comma;Helvetica&comma;sans-serif;'>Dimensiones: 170 x 165 x 78.8 mm.<\/span><\/li>\n<li style='margin-bottom: 5px;'><span style='font-family: Arial&comma;Helvetica&comma;sans-serif;'>Peso: 830 gr.<\/span><\/li>\n<\/ul><\/div>\n<\/p><\/div>\n<div style='flex: 1 1 250px; border: 1px solid rgba(150&comma; 150&comma; 150&comma; 0.4); border-radius: 8px; overflow: hidden; display: flex; flex-direction: column;'>\n<div style='padding: 15px; border-bottom: 1px solid rgba(150&comma; 150&comma; 150&comma; 0.2); font-weight: bold; font-size: 18px; color: inherit;'>Video Anal\u00edticos Avanzados<\/div>\n<div style='padding: 15px; color: inherit;'>\n<ul style='padding-left: 20px; margin: 0; font-size: 14px; list-style-type: disc;'>\n<li style='margin-bottom: 5px;'>Manipulaci\u00f3n.<\/li>\n<li style='margin-bottom: 5px;'>Merodeo.<\/li>\n<li style='margin-bottom: 5px;'>Detecci\u00f3n de direcci\u00f3n.<\/li>\n<li style='margin-bottom: 5px;'><strong>Auto seguimiento digital.<\/strong><\/li>\n<li style='margin-bottom: 5px;'>Detecci\u00f3n de niebla.<\/li>\n<li style='margin-bottom: 5px;'><strong>Cruce de l\u00ednea.<\/strong><\/li>\n<li style='margin-bottom: 5px;'>Entrada \/ Salida.<\/li>\n<li style='margin-bottom: 5px;'>Aparici\u00f3n \/ Desaparici\u00f3n.<\/li>\n<li style='margin-bottom: 5px;'>Detecci\u00f3n de Audio.<\/li>\n<li style='margin-bottom: 5px;'><strong>Detecci\u00f3n de Rostros.<\/strong><\/li>\n<li style='margin-bottom: 5px;'>Detecci\u00f3n de Movimiento.<\/li>\n<li style='margin-bottom: 5px;'><strong>Clasificaci\u00f3n de Sonido.<\/strong><\/li>\n<li style='margin-bottom: 5px;'><strong>Detecci\u00f3n de choque (golpe).<\/strong><\/li>\n<\/ul>\n<p style='margin-top: 15px; font-weight: bold; font-size: 14px; text-align: center;'> <a href='https:\/\/ftp3.syscom.mx\/usuarios\/ftp\/2019\/02\/26\/ab70d\/Hoja%20de%20Especificaciones%20TNV-7010RC.pdf' target='_blank' rel='noopener noreferrer'>Para m\u00e1s informaci\u00f3n sobre caracter\u00edsticas t\u00e9cnicas&comma; ingrese aqu\u00ed<\/a> <\/p>\n<\/p><\/div>\n<\/p><\/div>\n<\/p><\/div>\n<div style='display: flex; flex-wrap: wrap; gap: 20px; margin: 30px 0;'>\n<div style='flex: 1 1 250px; min-width: 200px; border-left: 5px solid #F37934; border-radius: 5px; padding: 5px; box-shadow: 2px 2px 10px #d8d8d8; -webkit-box-shadow: 2px 2px 10px #d8d8d8;'> <strong>H.265 &#038; WiseStream II:<\/strong> <\/div>\n<div style='flex: 1 1 250px; min-width: 200px; border-left: 5px solid #F37934; border-radius: 5px; padding: 5px; box-shadow: 2px 2px 10px #d8d8d8; -webkit-box-shadow: 2px 2px 10px #d8d8d8;'> <strong>Anal\u00edticos de Audio:<\/strong> <\/div>\n<div style='flex: 1 1 250px; min-width: 200px; border-left: 5px solid #F37934; border-radius: 5px; padding: 5px; box-shadow: 2px 2px 10px #d8d8d8; -webkit-box-shadow: 2px 2px 10px #d8d8d8;'> <strong>Auto-Seguimiento Digital:<\/strong> <\/div>\n<\/p><\/div>\n<div style='display: flex; flex-wrap: wrap; gap: 20px; margin: 30px 0;'>\n<div style='flex: 1 1 300px; min-width: 280px;'>\n<div style='position: relative; padding-bottom: 56.25%; height: 0; overflow: hidden; margin-bottom: 30px;'>   <\/div>\n<\/p><\/div>\n<div style='flex: 1 1 300px; min-width: 280px;'>\n<div style='position: relative; padding-bottom: 56.25%; height: 0; overflow: hidden; margin-bottom: 30px;'>   <\/div>\n<\/p><\/div>\n<div style='flex: 1 1 300px; min-width: 280px;'>\n<div style='position: relative; padding-bottom: 56.25%; height: 0; overflow: hidden; margin-bottom: 30px;'>   <\/div>\n<\/p><\/div>\n<\/p><\/div>\n<div style='display: flex; flex-wrap: wrap; gap: 20px; margin: 30px 0;'>\n<div style='flex: 1 1 250px; min-width: 200px; border-left: 5px solid #F37934; border-radius: 5px; padding: 5px; box-shadow: 2px 2px 10px #d8d8d8; -webkit-box-shadow: 2px 2px 10px #d8d8d8;'> <strong>Detecci\u00f3n de Direcci\u00f3n:<\/strong> <\/div>\n<div style='flex: 1 1 250px; min-width: 200px; border-left: 5px solid #F37934; border-radius: 5px; padding: 5px; box-shadow: 2px 2px 10px #d8d8d8; -webkit-box-shadow: 2px 2px 10px #d8d8d8;'> <strong>Detecci\u00f3n de Rostros:<\/strong> <\/div>\n<div style='flex: 1 1 250px; min-width: 200px; border-left: 5px solid #F37934; border-radius: 5px; padding: 5px; box-shadow: 2px 2px 10px #d8d8d8; -webkit-box-shadow: 2px 2px 10px #d8d8d8;'> <strong>Merodeo:<\/strong> <\/div>\n<\/p><\/div>\n<div style='display: flex; flex-wrap: wrap; gap: 20px; margin: 30px 0;'>\n<div style='flex: 1 1 300px; min-width: 280px;'>\n<div style='position: relative; padding-bottom: 56.25%; height: 0; overflow: hidden; margin-bottom: 30px;'>   <\/div>\n<\/p><\/div>\n<div style='flex: 1 1 300px; min-width: 280px;'>\n<div style='position: relative; padding-bottom: 56.25%; height: 0; overflow: hidden; margin-bottom: 30px;'>   <\/div>\n<\/p><\/div>\n<div style='flex: 1 1 300px; min-width: 280px;'>\n<div style='position: relative; padding-bottom: 56.25%; height: 0; overflow: hidden; margin-bottom: 30px;'>   <\/div>\n<\/p><\/div>\n<\/p><\/div>\n<div style='width: 100%; text-align: center; margin: 30px 0;'> <a href='http:\/\/soporte.syscom.mx\/videovigilancia\/hanwha-lista-de-tips-tecnicos' target='_blank' rel='noopener'> <img style='width: 100%; max-width: 432px; height: auto; border: 1px solid rgba(150&comma;150&comma;150&comma;0.3); border-radius: 8px;' src='https:\/\/ftp3.syscom.mx\/usuarios\/gmagos\/Hanwha\/fotos\/basede1.png' alt=''> <\/a> <\/div>\n<hr style='border: 0; border-top: 1px solid rgba(150&comma; 150&comma; 150&comma; 0.3); margin: 30px 0;'> <\/div>\n","protected":false},"excerpt":{"rendered":"<p>C\u00e1mara IP Antivand\u00e1lica 5MP para Esquina \/ Lente 2.3 mm 131\u00b0 \/ H.265 &#038; WiseStream II \/ IP66 IP6K9K IK10<\/p>\n","protected":false},"featured_media":106701,"comment_status":"open","ping_status":"closed","template":"","meta":[],"product_brand":[],"product_cat":[2248],"product_tag":[122,2249,1055],"class_list":{"0":"post-106702","1":"product","2":"type-product","3":"status-publish","4":"has-post-thumbnail","6":"product_cat-fisheye-y-hemisfericas","7":"product_tag-camaras-ip-y-nvrs","8":"product_tag-fisheye-y-hemisfericas","9":"product_tag-hanwha-vision","11":"first","12":"outofstock","13":"sale","14":"shipping-taxable","15":"purchasable","16":"product-type-simple"},"_links":{"self":[{"href":"https:\/\/soydeaqui.ddns.net\/pachuca\/index.php\/wp-json\/wp\/v2\/product\/106702","targetHints":{"allow":["GET"]}}],"collection":[{"href":"https:\/\/soydeaqui.ddns.net\/pachuca\/index.php\/wp-json\/wp\/v2\/product"}],"about":[{"href":"https:\/\/soydeaqui.ddns.net\/pachuca\/index.php\/wp-json\/wp\/v2\/types\/product"}],"replies":[{"embeddable":true,"href":"https:\/\/soydeaqui.ddns.net\/pachuca\/index.php\/wp-json\/wp\/v2\/comments?post=106702"}],"wp:featuredmedia":[{"embeddable":true,"href":"https:\/\/soydeaqui.ddns.net\/pachuca\/index.php\/wp-json\/wp\/v2\/media\/106701"}],"wp:attachment":[{"href":"https:\/\/soydeaqui.ddns.net\/pachuca\/index.php\/wp-json\/wp\/v2\/media?parent=106702"}],"wp:term":[{"taxonomy":"product_brand","embeddable":true,"href":"https:\/\/soydeaqui.ddns.net\/pachuca\/index.php\/wp-json\/wp\/v2\/product_brand?post=106702"},{"taxonomy":"product_cat","embeddable":true,"href":"https:\/\/soydeaqui.ddns.net\/pachuca\/index.php\/wp-json\/wp\/v2\/product_cat?post=106702"},{"taxonomy":"product_tag","embeddable":true,"href":"https:\/\/soydeaqui.ddns.net\/pachuca\/index.php\/wp-json\/wp\/v2\/product_tag?post=106702"}],"curies":[{"name":"wp","href":"https:\/\/api.w.org\/{rel}","templated":true}]}}