{"id":106696,"date":"2026-03-20T16:29:31","date_gmt":"2026-03-20T16:29:31","guid":{"rendered":"https:\/\/soydeaqui.ddns.net\/pachuca\/index.php\/producto\/convertidor-de-camaras-analogas-hd-a-ip-4-canales-hasta-5-mp-4-tecnologias-tvi-ahd-cvi-y-cvbs\/"},"modified":"2026-03-20T16:29:50","modified_gmt":"2026-03-20T16:29:50","slug":"convertidor-de-camaras-analogas-hd-a-ip-4-canales-hasta-5-mp-4-tecnologias-tvi-ahd-cvi-y-cvbs","status":"publish","type":"product","link":"https:\/\/soydeaqui.ddns.net\/pachuca\/index.php\/producto\/convertidor-de-camaras-analogas-hd-a-ip-4-canales-hasta-5-mp-4-tecnologias-tvi-ahd-cvi-y-cvbs\/","title":{"rendered":"Convertidor de c\u00e1maras an\u00e1logas HD a IP \/ 4 canales \/ Hasta 5 MP \/ 4 Tecnolog\u00edas (TVI, AHD, CVI y CVBS)"},"content":{"rendered":"<div style='width: 100%; max-width: 1200px; margin: 0 auto; font-family: sans-serif; line-height: 1.6; color: inherit; background-color: transparent;'>\n<div style='display: flex; flex-wrap: wrap; gap: 30px; margin-bottom: 30px;'>\n<div style='flex: 1 1 300px; min-width: 280px;'>\n<h3 style='font-size: 22px; border-bottom: 2px solid currentColor; padding-bottom: 5px; margin-top: 0; color: inherit; opacity: 0.8;'><span style='color: #f37934;'>Codificador de video.<\/span><span> Convierta sus c\u00e1maras an\u00e1logas HD en tecnolog\u00eda IP.<\/span><\/h3>\n<p> <img style='width: 100%; height: auto; border: 1px solid rgba(150&comma;150&comma;150&comma;0.3); border-radius: 8px;' src='https:\/\/ftp3.syscom.mx\/usuarios\/fcarrillo\/photo\/Hanwha\/imagen3.jpg' alt=''> <\/div>\n<\/p><\/div>\n<div style='display: flex; flex-wrap: wrap; gap: 20px; margin-bottom: 30px;'>\n<div style='flex: 1 1 250px; border: 1px solid rgba(150&comma; 150&comma; 150&comma; 0.4); border-radius: 8px; overflow: hidden; display: flex; flex-direction: column;'>\n<div style='padding: 15px; border-bottom: 1px solid rgba(150&comma; 150&comma; 150&comma; 0.2); font-weight: bold; font-size: 18px; color: inherit;'>Caracter\u00edsticas principales<\/div>\n<div style='padding: 15px; color: inherit;'>\n<ul style='padding-left: 20px; margin: 0; font-size: 14px; list-style-type: disc;'>\n<li style='margin-bottom: 5px;'>4 Entradas de video en BNC<\/li>\n<li style='margin-bottom: 5px;'>RS485 Half duplex<\/li>\n<li style='margin-bottom: 5px;'>Audio: 4 Entradas \/ 1 Salida<\/li>\n<li style='margin-bottom: 5px;'>Compresi\u00f3n H.264&comma; MPEG-4&comma; MJPEG<\/li>\n<li style='margin-bottom: 5px;'>Resoluci\u00f3n m\u00e1xima: 5MP@12IPS y 2MP@30IPS<\/li>\n<li style='margin-bottom: 5px;'>Conexi\u00f3n Ethernet por RJ45 (10\/100\/1000 BASE-T)<\/li>\n<li style='margin-bottom: 5px;'>Soporta 10 usuarios remotos<\/li>\n<li style='margin-bottom: 5px;'>Consumo: 5 W<\/li>\n<li style='margin-bottom: 5px;'>Temperatura de operaci\u00f3n: -10 a 50\u00b0C<\/li>\n<li style='margin-bottom: 5px;'>Alimentaci\u00f3n: POE(802.3af) \/ 12Vcc (No Incluida)<\/li>\n<li style='margin-bottom: 5px;'>Dimensiones: 178 x 34 x 127.8 mm<\/li>\n<li style='margin-bottom: 5px;'>Peso: 520 g<\/li>\n<\/ul><\/div>\n<\/p><\/div>\n<\/p><\/div>\n<hr style='border: 0; border-top: 1px solid rgba(150&comma; 150&comma; 150&comma; 0.3); margin: 30px 0;'> <\/div>\n","protected":false},"excerpt":{"rendered":"<p>Convertidor de c\u00e1maras an\u00e1logas HD a IP \/ 4 canales \/ Hasta 5 MP \/ 4 Tecnolog\u00edas (TVI, AHD, CVI y CVBS)<\/p>\n","protected":false},"featured_media":106695,"comment_status":"open","ping_status":"closed","template":"","meta":[],"product_brand":[],"product_cat":[2264],"product_tag":[122,2265,1055],"class_list":{"0":"post-106696","1":"product","2":"type-product","3":"status-publish","4":"has-post-thumbnail","6":"product_cat-codificadores-y-decodificadores-de-video","7":"product_tag-camaras-ip-y-nvrs","8":"product_tag-codificadores-y-decodificadores-de-video","9":"product_tag-hanwha-vision","11":"first","12":"outofstock","13":"sale","14":"shipping-taxable","15":"purchasable","16":"product-type-simple"},"_links":{"self":[{"href":"https:\/\/soydeaqui.ddns.net\/pachuca\/index.php\/wp-json\/wp\/v2\/product\/106696","targetHints":{"allow":["GET"]}}],"collection":[{"href":"https:\/\/soydeaqui.ddns.net\/pachuca\/index.php\/wp-json\/wp\/v2\/product"}],"about":[{"href":"https:\/\/soydeaqui.ddns.net\/pachuca\/index.php\/wp-json\/wp\/v2\/types\/product"}],"replies":[{"embeddable":true,"href":"https:\/\/soydeaqui.ddns.net\/pachuca\/index.php\/wp-json\/wp\/v2\/comments?post=106696"}],"wp:featuredmedia":[{"embeddable":true,"href":"https:\/\/soydeaqui.ddns.net\/pachuca\/index.php\/wp-json\/wp\/v2\/media\/106695"}],"wp:attachment":[{"href":"https:\/\/soydeaqui.ddns.net\/pachuca\/index.php\/wp-json\/wp\/v2\/media?parent=106696"}],"wp:term":[{"taxonomy":"product_brand","embeddable":true,"href":"https:\/\/soydeaqui.ddns.net\/pachuca\/index.php\/wp-json\/wp\/v2\/product_brand?post=106696"},{"taxonomy":"product_cat","embeddable":true,"href":"https:\/\/soydeaqui.ddns.net\/pachuca\/index.php\/wp-json\/wp\/v2\/product_cat?post=106696"},{"taxonomy":"product_tag","embeddable":true,"href":"https:\/\/soydeaqui.ddns.net\/pachuca\/index.php\/wp-json\/wp\/v2\/product_tag?post=106696"}],"curies":[{"name":"wp","href":"https:\/\/api.w.org\/{rel}","templated":true}]}}