{"id":10665,"date":"2026-03-18T07:39:22","date_gmt":"2026-03-18T07:39:22","guid":{"rendered":"https:\/\/soydeaqui.ddns.net\/pachuca\/index.php\/producto\/multicontactos-usb-empotrable-color-blanco-no-incluye-cable-de-poder\/"},"modified":"2026-03-18T07:39:23","modified_gmt":"2026-03-18T07:39:23","slug":"multicontactos-usb-empotrable-color-blanco-no-incluye-cable-de-poder","status":"publish","type":"product","link":"https:\/\/soydeaqui.ddns.net\/pachuca\/index.php\/producto\/multicontactos-usb-empotrable-color-blanco-no-incluye-cable-de-poder\/","title":{"rendered":"Multicontactos \/ USB empotrable color blanco, no incluye cable de poder"},"content":{"rendered":"<div style='width: 100%; max-width: 1200px; margin: 0 auto; font-family: sans-serif; line-height: 1.6; color: inherit; background-color: transparent;'> <!-- Imagen de logo --> <\/p>\n<div style='display: flex; justify-content: center; margin-bottom: 30px;'> <img style='width: 100%; max-width: 350px; height: auto; border: 1px solid rgba(150&comma;150&comma;150&comma;0.3); border-radius: 8px;' src='https:\/\/ftp3.syscom.mx\/usuarios\/acordova\/Thorsman\/LOGO%20FINAL%20THORSMAN%20AGOSTO%202016.jpg' alt=''> <\/div>\n<p> <!-- Caracter\u00edsticas Generales --> <\/p>\n<div style='display: flex; flex-wrap: wrap; gap: 30px; margin-bottom: 30px;'>\n<div style='flex: 1 1 300px; min-width: 280px;'>\n<h3 style='font-size: 22px; border-bottom: 2px solid currentColor; padding-bottom: 5px; margin-top: 0; color: inherit; opacity: 0.8;'>Caracter\u00edsticas Generales:<\/h3>\n<ul style='padding-left: 20px; font-size: 15px; color: inherit;'>\n<li style='margin-bottom: 5px;'>Color blanco<\/li>\n<li style='margin-bottom: 5px;'>Corriente m\u00e1xima: 15 A 1875 W Carga de USB: DC=5.1 V 2.1 A<\/li>\n<li style='margin-bottom: 5px;'>Tensi\u00f3n nominal: 125 V~ Frecuencia nominal: 50-60Hz<\/li>\n<li style='margin-bottom: 5px;'>Grado de protecci\u00f3n autoextinguible: V2<\/li>\n<li style='margin-bottom: 5px;'>Temperatura m\u00e1xima de operaci\u00f3n: 80\u00b0C<\/li>\n<li style='margin-bottom: 5px;'>Perforaci\u00f3n para montaje \u00d8 4 \u00bd<\/li>\n<li style='margin-bottom: 5px;'>Peso de producto: 0.181<\/li>\n<li style='margin-bottom: 5px;'>Cuenta con 2 contactos el\u00e9ctricos y 1 puerto d\u00faplex de carga USB<\/li>\n<\/ul><\/div>\n<\/p><\/div>\n<p> <!-- Materiales y Certificaciones --> <\/p>\n<div style='display: flex; flex-wrap: wrap; gap: 30px; margin-bottom: 30px;'>\n<div style='flex: 1 1 300px; min-width: 280px;'>\n<h3 style='font-size: 22px; border-bottom: 2px solid currentColor; padding-bottom: 5px; margin-top: 0; color: inherit; opacity: 0.8;'>Materiales y Certificaciones:<\/h3>\n<ul style='padding-left: 20px; font-size: 15px; color: inherit;'>\n<li style='margin-bottom: 5px;'>ABS \/ 1008 Acero bajo carbono<\/li>\n<li style='margin-bottom: 5px;'>Certificado y avalado por: NOM-003-SCFI-2014<\/li>\n<\/ul><\/div>\n<\/p><\/div>\n<p> <!-- Acotaciones en mm --> <\/p>\n<div style='display: flex; flex-wrap: wrap; gap: 30px; margin-bottom: 30px;'>\n<div style='flex: 1 1 300px; min-width: 280px;'>\n<h3 style='font-size: 22px; border-bottom: 2px solid currentColor; padding-bottom: 5px; margin-top: 0; color: inherit; opacity: 0.8;'>Acotaciones en mm:<\/h3>\n<div style='display: flex; justify-content: center; margin: 15px 0;'> <img style='width: 100%; max-width: 350px; height: auto; border: 1px solid rgba(150&comma;150&comma;150&comma;0.3); border-radius: 8px;' src='http:\/\/thorsmex.mx\/wp-content\/uploads\/2017\/07\/dimensiones-outlet-escritorio-Thorsmex.png' alt=''> <\/div>\n<\/p><\/div>\n<\/p><\/div>\n<p> <!-- Im\u00e1genes del producto --> <\/p>\n<div style='display: flex; flex-wrap: wrap; gap: 15px; margin-bottom: 30px; justify-content: center;'>\n<div style='flex: 1 1 300px; min-width: 280px;'>\n<div style='display: flex; justify-content: center; margin: 15px 0;'> <img style='width: 100%; max-width: 300px; height: auto; border: 1px solid rgba(150&comma;150&comma;150&comma;0.3); border-radius: 8px;' src='http:\/\/thorsmex.mx\/wp-content\/uploads\/2017\/07\/outlet-empotrable-300x300.jpg' alt=''> <\/div>\n<\/p><\/div>\n<div style='flex: 1 1 300px; min-width: 280px;'>\n<div style='display: flex; justify-content: center; margin: 15px 0;'> <img style='width: 100%; max-width: 300px; height: auto; border: 1px solid rgba(150&comma;150&comma;150&comma;0.3); border-radius: 8px;' src='http:\/\/thorsmex.mx\/wp-content\/uploads\/2017\/07\/Multicontactos-USB-empotrable.jpg' alt=''> <\/div>\n<\/p><\/div>\n<\/p><\/div>\n<p> <!-- Im\u00e1genes adicionales --> <\/p>\n<div style='display: flex; flex-wrap: wrap; gap: 15px; margin-bottom: 30px; justify-content: center;'>\n<div style='flex: 1 1 300px; min-width: 280px;'>\n<div style='display: flex; justify-content: center; margin: 15px 0;'> <img style='width: 100%; max-width: 300px; height: auto; border: 1px solid rgba(150&comma;150&comma;150&comma;0.3); border-radius: 8px;' src='https:\/\/ftp3.syscom.mx\/usuarios\/ftp\/single_page\/thorsman\/Thorsman1-02.jpg' alt=''> <\/div>\n<\/p><\/div>\n<div style='flex: 1 1 300px; min-width: 280px;'>\n<div style='display: flex; justify-content: center; margin: 15px 0;'> <img style='width: 100%; max-width: 300px; height: auto; border: 1px solid rgba(150&comma;150&comma;150&comma;0.3); border-radius: 8px;' src='https:\/\/ftp3.syscom.mx\/usuarios\/ftp\/single_page\/thorsman\/Thorsman1-01.jpg' alt=''> <\/div>\n<\/p><\/div>\n<\/p><\/div>\n<p> <!-- Sobre la marca --> <\/p>\n<div style='background-image: linear-gradient(90deg&comma; #2a397a 50%&comma; #0080ff 100%); color: white; padding: 20px; border-radius: 8px; margin-bottom: 30px;'>\n<div style='text-align: center; margin-bottom: 20px;'>\n<h2 style='font-size: 22px; font-family: roboto; font-weight: 300; margin: 0; color: inherit;'>Thorsman es la Marca L\u00edder en M\u00e9xico Reconocida por Productos de Canalizaci\u00f3n y Fijaci\u00f3n<\/h2>\n<\/p><\/div>\n<div style='display: flex; flex-wrap: wrap; gap: 20px;'>\n<div style='flex: 1 1 200px; min-width: 280px; display: flex; justify-content: center;'> <img style='width: 100%; max-width: 200px; height: auto; border: 1px solid rgba(150&comma;150&comma;150&comma;0.3); border-radius: 8px;' src='https:\/\/ftp3.syscom.mx\/usuarios\/ftp\/single_page\/thorsman\/thorsman1-04.png' alt=''> <\/div>\n<div style='flex: 1 1 300px; min-width: 280px; color: inherit;'>\n<p style='font-size: 15px; line-height: 140%; font-family: roboto; font-weight: 300; color: inherit;'> Cuenta con amplia gama de soluciones para instalaciones el\u00e9ctricas y de cableado estructurado&comma; brindan funcionalidad&comma; distribuci\u00f3n&comma; protecci\u00f3n y est\u00e9tica. Cubre necesidades en sistemas de voz y datos&comma; electrocalhas&comma; capacidad de carga de canaletas aparentes. <\/p>\n<\/p><\/div>\n<\/p><\/div>\n<\/p><\/div>\n<p> <!-- Sistemas que cubren todas las necesidades --> <\/p>\n<div style='background-color: #2a397a; color: white; padding: 20px; border-radius: 8px; margin-bottom: 30px;'>\n<h3 style='text-align: center; margin-top: 0; margin-bottom: 20px; color: inherit;'>Sistemas que cubren todas las necesidades<\/h3>\n<div style='display: flex; flex-wrap: wrap; gap: 15px; justify-content: center;'>\n<div style='flex: 1 1 150px; min-width: 150px; text-align: center;'>\n<div style='display: flex; justify-content: center; margin: 10px 0;'> <img style='width: 100%; max-width: 80px; height: auto; border: none;' src='https:\/\/ftp3.syscom.mx\/usuarios\/ftp\/single_page\/thorsman\/thorsman1-09.png' alt=''> <\/div>\n<p style='margin: 10px 0; color: inherit;'>Hospital<\/p>\n<\/p><\/div>\n<div style='flex: 1 1 150px; min-width: 150px; text-align: center;'>\n<div style='display: flex; justify-content: center; margin: 10px 0;'> <img style='width: 100%; max-width: 80px; height: auto; border: none;' src='https:\/\/ftp3.syscom.mx\/usuarios\/ftp\/single_page\/thorsman\/thorsman1-08.png' alt=''> <\/div>\n<p style='margin: 10px 0; color: inherit;'>Hogar<\/p>\n<\/p><\/div>\n<div style='flex: 1 1 150px; min-width: 150px; text-align: center;'>\n<div style='display: flex; justify-content: center; margin: 10px 0;'> <img style='width: 100%; max-width: 80px; height: auto; border: none;' src='https:\/\/ftp3.syscom.mx\/usuarios\/ftp\/single_page\/thorsman\/thorsman1-10.png' alt=''> <\/div>\n<p style='margin: 10px 0; color: inherit;'>Industria<\/p>\n<\/p><\/div>\n<div style='flex: 1 1 150px; min-width: 150px; text-align: center;'>\n<div style='display: flex; justify-content: center; margin: 10px 0;'> <img style='width: 100%; max-width: 80px; height: auto; border: none;' src='https:\/\/ftp3.syscom.mx\/usuarios\/ftp\/single_page\/thorsman\/thorsman1-11.png' alt=''> <\/div>\n<p style='margin: 10px 0; color: inherit;'>Oficina<\/p>\n<\/p><\/div>\n<\/p><\/div>\n<\/p><\/div>\n<p> <!-- Aplicaciones --> <\/p>\n<div style='display: flex; flex-wrap: wrap; gap: 30px; margin-bottom: 30px;'>\n<div style='flex: 1 1 300px; min-width: 280px;'>\n<div style='display: flex; justify-content: center; margin: 15px 0;'> <img style='width: 100%; max-width: 200px; height: auto; border: 1px solid rgba(150&comma;150&comma;150&comma;0.3); border-radius: 8px;' src='https:\/\/ftp3.syscom.mx\/usuarios\/ftp\/single_page\/thorsman\/thorsman1-05.png' alt=''> <\/div>\n<p style='font-size: 15px; color: inherit;'> El 40% de la capacidad es la m\u00e1xima recomendada por EIA\/TIA-569-A para dise\u00f1ar sistemas de cableado estructurado. <\/p>\n<\/p><\/div>\n<div style='flex: 1 1 300px; min-width: 280px;'>\n<div style='display: flex; justify-content: center; margin: 15px 0;'> <img style='width: 100%; max-width: 200px; height: auto; border: 1px solid rgba(150&comma;150&comma;150&comma;0.3); border-radius: 8px;' src='https:\/\/ftp3.syscom.mx\/usuarios\/ftp\/single_page\/thorsman\/thorsman1-06.png' alt=''> <\/div>\n<p style='font-size: 15px; color: inherit;'> Encuentre los sistemas de fijaci\u00f3n de Thorsman&comma; como las grapas para cable&comma; fleje&comma; cinchos de nylon y acero inoxidable&comma; que son fundamentales para la seguridad en cualquier instalaci\u00f3n. <\/p>\n<\/p><\/div>\n<div style='flex: 1 1 300px; min-width: 280px;'>\n<div style='display: flex; justify-content: center; margin: 15px 0;'> <img style='width: 100%; max-width: 200px; height: auto; border: 1px solid rgba(150&comma;150&comma;150&comma;0.3); border-radius: 8px;' src='https:\/\/ftp3.syscom.mx\/usuarios\/ftp\/single_page\/thorsman\/thorsman1-07.png' alt=''> <\/div>\n<p style='font-size: 15px; color: inherit;'> Los sistemas thelecom de Thorsman&comma; como las mini cajas de piso de energ\u00eda y voz\/datos&comma; as\u00ed como las cajas de piso de 2 y 4 m\u00f3dulos configurables&comma; brindan la soluci\u00f3n completa en conectividad para centros de entretenimiento como lo son casinos&comma; ferias&comma; museos&comma; plazas comerciales&comma; entre otros. <\/p>\n<\/p><\/div>\n<\/p><\/div>\n<\/p><\/div>\n","protected":false},"excerpt":{"rendered":"<p>Multicontactos \/ USB empotrable color blanco, no incluye cable de poder<\/p>\n","protected":false},"featured_media":10664,"comment_status":"open","ping_status":"closed","template":"","meta":[],"product_brand":[],"product_cat":[585],"product_tag":[586,587,583],"class_list":{"0":"post-10665","1":"product","2":"type-product","3":"status-publish","4":"has-post-thumbnail","6":"product_cat-cajas-superficiales","7":"product_tag-cableado-de-cobre","8":"product_tag-cajas-superficiales","9":"product_tag-thorsman","11":"first","12":"outofstock","13":"sale","14":"shipping-taxable","15":"purchasable","16":"product-type-simple"},"_links":{"self":[{"href":"https:\/\/soydeaqui.ddns.net\/pachuca\/index.php\/wp-json\/wp\/v2\/product\/10665","targetHints":{"allow":["GET"]}}],"collection":[{"href":"https:\/\/soydeaqui.ddns.net\/pachuca\/index.php\/wp-json\/wp\/v2\/product"}],"about":[{"href":"https:\/\/soydeaqui.ddns.net\/pachuca\/index.php\/wp-json\/wp\/v2\/types\/product"}],"replies":[{"embeddable":true,"href":"https:\/\/soydeaqui.ddns.net\/pachuca\/index.php\/wp-json\/wp\/v2\/comments?post=10665"}],"wp:featuredmedia":[{"embeddable":true,"href":"https:\/\/soydeaqui.ddns.net\/pachuca\/index.php\/wp-json\/wp\/v2\/media\/10664"}],"wp:attachment":[{"href":"https:\/\/soydeaqui.ddns.net\/pachuca\/index.php\/wp-json\/wp\/v2\/media?parent=10665"}],"wp:term":[{"taxonomy":"product_brand","embeddable":true,"href":"https:\/\/soydeaqui.ddns.net\/pachuca\/index.php\/wp-json\/wp\/v2\/product_brand?post=10665"},{"taxonomy":"product_cat","embeddable":true,"href":"https:\/\/soydeaqui.ddns.net\/pachuca\/index.php\/wp-json\/wp\/v2\/product_cat?post=10665"},{"taxonomy":"product_tag","embeddable":true,"href":"https:\/\/soydeaqui.ddns.net\/pachuca\/index.php\/wp-json\/wp\/v2\/product_tag?post=10665"}],"curies":[{"name":"wp","href":"https:\/\/api.w.org\/{rel}","templated":true}]}}