{"id":106583,"date":"2026-03-20T16:23:26","date_gmt":"2026-03-20T16:23:26","guid":{"rendered":"https:\/\/soydeaqui.ddns.net\/pachuca\/index.php\/producto\/bala-ip-4-megapixel-lente-motorizado-2-8-12-mm-30-mts-ir-exir-poe-exterior-ip67-wdr-120-db-micro-sd-onvif\/"},"modified":"2026-03-20T16:23:46","modified_gmt":"2026-03-20T16:23:46","slug":"bala-ip-4-megapixel-lente-motorizado-2-8-12-mm-30-mts-ir-exir-poe-exterior-ip67-wdr-120-db-micro-sd-onvif","status":"publish","type":"product","link":"https:\/\/soydeaqui.ddns.net\/pachuca\/index.php\/producto\/bala-ip-4-megapixel-lente-motorizado-2-8-12-mm-30-mts-ir-exir-poe-exterior-ip67-wdr-120-db-micro-sd-onvif\/","title":{"rendered":"Bala IP 4 Megapixel \/ Lente Motorizado 2.8 &#8211; 12 mm \/ 30 mts IR EXIR \/ PoE \/ Exterior IP67 \/ WDR 120 dB \/ Micro SD \/ ONVIF"},"content":{"rendered":"<div style='width: 100%; max-width: 1200px; margin: 0 auto; font-family: sans-serif; line-height: 1.6; color: inherit; background-color: transparent;'>\n<p style='margin: 0 0 10px; text-align: center;'><img style='width: 100%; height: auto; border: 1px solid rgba(150&comma;150&comma;150&comma;0.3); border-radius: 8px;' src='https:\/\/ftp3.syscom.mx\/usuarios\/fotos\/IPCB120\/143291-hilook.png' alt=''><\/p>\n<div style='position: relative; padding-bottom: 56.25%; height: 0; overflow: hidden; margin-bottom: 30px;'>   <\/div>\n<div style='display: flex; flex-wrap: wrap; gap: 30px; margin-bottom: 30px;'>\n<div style='flex: 1 1 48%; min-width: 280px;'>\n<div style='position: relative; padding-bottom: 56.25%; height: 0; overflow: hidden; border: 2px solid rgba(38&comma;108&comma;169&comma;0.6); border-radius: 8px;'>   <\/div>\n<\/p><\/div>\n<div style='flex: 1 1 48%; min-width: 280px;'>\n<div style='position: relative; padding-bottom: 56.25%; height: 0; overflow: hidden; border: 2px solid rgba(38&comma;108&comma;169&comma;0.6); border-radius: 8px;'>   <\/div>\n<\/p><\/div>\n<\/p><\/div>\n<div style='display: flex; flex-wrap: wrap; gap: 30px; margin-bottom: 30px;'>\n<div style='flex: 1 1 48%; min-width: 280px;'>\n<div style='position: relative; padding-bottom: 56.25%; height: 0; overflow: hidden; border: 2px solid rgba(38&comma;108&comma;169&comma;0.6); border-radius: 8px;'>   <\/div>\n<\/p><\/div>\n<div style='flex: 1 1 48%; min-width: 280px;'>\n<div style='position: relative; padding-bottom: 56.25%; height: 0; overflow: hidden; border: 2px solid rgba(38&comma;108&comma;169&comma;0.6); border-radius: 8px;'>   <\/div>\n<\/p><\/div>\n<\/p><\/div>\n<div style='display: flex; flex-wrap: wrap; gap: 30px; margin-bottom: 30px;'>\n<div style='flex: 1 1 48%; min-width: 280px;'>\n<div style='border: 1px solid rgba(150&comma;150&comma;150&comma;0.4); border-radius: 8px; overflow: hidden;'>\n<div style='padding: 15px; border-bottom: 1px solid rgba(150&comma;150&comma;150&comma;0.2); font-weight: bold; font-size: 18px; background-color: rgba(38&comma;108&comma;169&comma;0.8); color: #ffffff;'>Caracter\u00edsticas Principales<\/div>\n<div style='padding: 15px;'>\n<ul style='padding-left: 20px; margin: 0; font-size: 14px; list-style-type: disc; color: inherit;'>\n<li style='margin-bottom: 5px; text-align: left;'>Resoluci\u00f3n m\u00e1xima: 4 Megapixel (2560x 1440).<\/li>\n<li style='margin-bottom: 5px; text-align: left;'>Iluminaci\u00f3n m\u00ednima: color 0.01 Lux @ (F1.2&comma; AGC ON).<\/li>\n<li style='margin-bottom: 5px; text-align: left;'>D\u00eda \/ Noche Real (filtro ICR).<\/li>\n<li style='margin-bottom: 5px; text-align: left;'>Lente motorizado: 2.8 a 12 mm (\u00e1ngulo de visi\u00f3n 98\u00b0 a 28\u00ba ).<\/li>\n<li style='margin-bottom: 5px; text-align: left;'>Distancia de infrarrojo: 30 mts Smart IR.<\/li>\n<li style='margin-bottom: 5px; text-align: left;'>Funciones normales: WDR 120dB \/ BLC \/ 3D-DNR \/ ROI.<\/li>\n<li style='margin-bottom: 5px; text-align: left;'>Compresi\u00f3n: H.265+ \/ H.265 \/ H.264.<\/li>\n<li style='margin-bottom: 5px; text-align: left;'>Compatible con la plataforma de Hilook\/ Hik-Connect.<\/li>\n<li style='margin-bottom: 5px; text-align: left;'>Soporta memoria micro SD de hasta 256 GB (no incluida).<\/li>\n<\/ul><\/div>\n<\/p><\/div>\n<\/p><\/div>\n<div style='flex: 1 1 48%; min-width: 280px;'>\n<div style='border: 1px solid rgba(150&comma;150&comma;150&comma;0.4); border-radius: 8px; overflow: hidden;'>\n<div style='padding: 15px; border-bottom: 1px solid rgba(150&comma;150&comma;150&comma;0.2); font-weight: bold; font-size: 18px; background-color: rgba(38&comma;108&comma;169&comma;0.8); color: #ffffff;'>Caracter\u00edsticas F\u00edsicas y El\u00e9ctricas<\/div>\n<div style='padding: 15px;'>\n<ul style='padding-left: 20px; margin: 0; font-size: 14px; list-style-type: disc; color: inherit;'>\n<li style='margin-bottom: 5px; text-align: left;'>Alimentaci\u00f3n: 12 Vcc \/ 11W \/ PoE (802.3 af).<\/li>\n<li style='margin-bottom: 5px; text-align: left;'>Temperatura de operaci\u00f3n: -30\u00b0C a 60\u00b0C \/ Humedad al 90% m\u00e1ximo.<\/li>\n<li style='margin-bottom: 5px; text-align: left;'>Uso en exterior IP67.<\/li>\n<li style='margin-bottom: 5px; text-align: left;'>Dimensiones: 105 x 105 x 145 mm<\/li>\n<li style='margin-bottom: 5px; text-align: left;'>Fabricado en material de metal.<\/li>\n<li style='margin-bottom: 5px; text-align: left;'>Peso: 1035 grs.<\/li>\n<\/ul><\/div>\n<\/p><\/div>\n<div style='margin-top: 20px; border: 1px solid rgba(150&comma;150&comma;150&comma;0.4); border-radius: 8px; overflow: hidden;'>\n<div style='padding: 15px; border-bottom: 1px solid rgba(150&comma;150&comma;150&comma;0.2); font-weight: bold; font-size: 18px; background-color: rgba(38&comma;108&comma;169&comma;0.8); color: #ffffff;'>Accesorios<\/div>\n<div style='padding: 15px;'>\n<ul style='padding-left: 20px; margin: 0; font-size: 14px; list-style-type: disc; color: inherit;'>\n<li style='margin-bottom: 5px; text-align: left;'>Caja de conexiones&comma; modelo: <a href='https:\/\/www.syscom.mx\/producto\/DS-1280ZJ-S-HIKVISION-84927.html' target='_blank' rel='noopener' style='color: inherit; text-decoration: underline;'>DS-1280ZJ-S<\/a><\/li>\n<li style='margin-bottom: 5px; text-align: left;'>Montaje de poste vertical&comma; modelo: <a href='https:\/\/www.syscom.mx\/producto\/DS-1275ZJ-SUS-HIKVISION-156172.html' target='_blank' rel='noopener' style='color: inherit; text-decoration: underline;'>DS-1275ZJ-SUS<\/a><\/li>\n<li style='margin-bottom: 5px; text-align: left;'>Montaje de esquina&comma; modelo: <a href='https:\/\/www.syscom.mx\/producto\/DS-1276ZJ-SUS-HIKVISION-156173.html' target='_blank' rel='noopener' style='color: inherit; text-decoration: underline;'>DS-1276ZJ-SUS<\/a><\/li>\n<li style='margin-bottom: 5px; text-align: left;'>Caja de conexiones&comma; modelo: <a href='https:\/\/www.syscom.mx\/producto\/DS-1260ZJ-HIKVISION-72308.html' target='_blank' rel='noopener' style='color: inherit; text-decoration: underline;'>DS-1260ZJ<\/a><\/li>\n<\/ul><\/div>\n<\/p><\/div>\n<\/p><\/div>\n<\/p><\/div>\n<div style='display: flex; flex-wrap: wrap; gap: 30px; margin-bottom: 30px;'>\n<div style='flex: 1 1 100%; min-width: 280px;'>\n<div style='border: 1px solid rgba(150&comma;150&comma;150&comma;0.4); border-radius: 8px; overflow: hidden;'>\n<div style='padding: 15px; border-bottom: 1px solid rgba(150&comma;150&comma;150&comma;0.2); font-weight: bold; font-size: 18px; background-color: rgba(38&comma;108&comma;169&comma;0.8); color: #ffffff;'>Caracter\u00edsticas Destacadas<\/div>\n<div style='padding: 15px;'>\n<ul style='padding-left: 20px; margin: 0; font-size: 14px; list-style-type: disc; color: inherit;'>\n<li style='margin-bottom: 5px; text-align: left;'>Main Stream: 20fps (2560 \u00d7 1440) \/ 30fps (2304 \u00d7 1296&comma; 1920 \u00d7 1080&comma; 1280 \u00d7 720).<\/li>\n<li style='margin-bottom: 5px; text-align: left;'>Sub Steam: 30fps (640 \u00d7 480&comma; 640 \u00d7 360&comma; 320 \u00d7 240).<\/li>\n<li style='margin-bottom: 5px; text-align: left;'>Soporta hasta 6 usuarios simult\u00e1neos.<\/li>\n<li style='margin-bottom: 5px; text-align: left;'>Entradas de alarma: N\/A.<\/li>\n<li style='margin-bottom: 5px; text-align: left;'>Salidas de alarma: N\/A.<\/li>\n<li style='margin-bottom: 5px; text-align: left;'>Entradas de audio: N\/A.<\/li>\n<li style='margin-bottom: 5px; text-align: left;'>Salidas de audio: N\/A.<\/li>\n<li style='margin-bottom: 5px; text-align: left;'>Puerto de red: 1 (10 \/ 100 Mbps ).<\/li>\n<li style='margin-bottom: 5px; text-align: left;'>Soporta ONVIF (PROFILE S&comma; PROFILE G) \/ ISAPI.<\/li>\n<\/ul><\/div>\n<\/p><\/div>\n<\/p><\/div>\n<\/p><\/div>\n<p style='margin: 0 0 10px; text-align: center;'><img style='width: 100%; height: auto; border: 1px solid rgba(150&comma;150&comma;150&comma;0.3); border-radius: 8px;' src='https:\/\/ftp3.syscom.mx\/usuarios\/yvalenzuela\/Hilook\/hiklook.jpg' alt=''><\/p>\n<\/p><\/div>\n","protected":false},"excerpt":{"rendered":"<p>Bala IP 4 Megapixel \/ Lente Motorizado 2.8 &#8211; 12 mm \/ 30 mts IR EXIR \/ PoE \/ Exterior IP67 \/ WDR 120 dB \/ Micro SD \/ ONVIF<\/p>\n","protected":false},"featured_media":106582,"comment_status":"open","ping_status":"closed","template":"","meta":[],"product_brand":[],"product_cat":[438],"product_tag":[439,122,715],"class_list":{"0":"post-106583","1":"product","2":"type-product","3":"status-publish","4":"has-post-thumbnail","6":"product_cat-bala","7":"product_tag-bala","8":"product_tag-camaras-ip-y-nvrs","9":"product_tag-hilook-by-hikvision","11":"first","12":"instock","13":"sale","14":"shipping-taxable","15":"purchasable","16":"product-type-simple"},"_links":{"self":[{"href":"https:\/\/soydeaqui.ddns.net\/pachuca\/index.php\/wp-json\/wp\/v2\/product\/106583","targetHints":{"allow":["GET"]}}],"collection":[{"href":"https:\/\/soydeaqui.ddns.net\/pachuca\/index.php\/wp-json\/wp\/v2\/product"}],"about":[{"href":"https:\/\/soydeaqui.ddns.net\/pachuca\/index.php\/wp-json\/wp\/v2\/types\/product"}],"replies":[{"embeddable":true,"href":"https:\/\/soydeaqui.ddns.net\/pachuca\/index.php\/wp-json\/wp\/v2\/comments?post=106583"}],"wp:featuredmedia":[{"embeddable":true,"href":"https:\/\/soydeaqui.ddns.net\/pachuca\/index.php\/wp-json\/wp\/v2\/media\/106582"}],"wp:attachment":[{"href":"https:\/\/soydeaqui.ddns.net\/pachuca\/index.php\/wp-json\/wp\/v2\/media?parent=106583"}],"wp:term":[{"taxonomy":"product_brand","embeddable":true,"href":"https:\/\/soydeaqui.ddns.net\/pachuca\/index.php\/wp-json\/wp\/v2\/product_brand?post=106583"},{"taxonomy":"product_cat","embeddable":true,"href":"https:\/\/soydeaqui.ddns.net\/pachuca\/index.php\/wp-json\/wp\/v2\/product_cat?post=106583"},{"taxonomy":"product_tag","embeddable":true,"href":"https:\/\/soydeaqui.ddns.net\/pachuca\/index.php\/wp-json\/wp\/v2\/product_tag?post=106583"}],"curies":[{"name":"wp","href":"https:\/\/api.w.org\/{rel}","templated":true}]}}