{"id":106577,"date":"2026-03-20T16:23:07","date_gmt":"2026-03-20T16:23:07","guid":{"rendered":"https:\/\/soydeaqui.ddns.net\/pachuca\/index.php\/producto\/hilook-series-domo-ip-4-megapixel-30-mts-ir-exterior-ip67-poe-wdr-120-db-lente-motorizado-2-8-12-mm-ik10-microsd\/"},"modified":"2026-03-20T16:23:22","modified_gmt":"2026-03-20T16:23:22","slug":"hilook-series-domo-ip-4-megapixel-30-mts-ir-exterior-ip67-poe-wdr-120-db-lente-motorizado-2-8-12-mm-ik10-microsd","status":"publish","type":"product","link":"https:\/\/soydeaqui.ddns.net\/pachuca\/index.php\/producto\/hilook-series-domo-ip-4-megapixel-30-mts-ir-exterior-ip67-poe-wdr-120-db-lente-motorizado-2-8-12-mm-ik10-microsd\/","title":{"rendered":"HiLook Series \/ Domo IP 4 Megapixel \/ 30 mts IR \/ Exterior IP67 \/ PoE \/ WDR 120 dB \/ Lente Motorizado 2.8-12 mm \/ IK10 \/ MicroSD"},"content":{"rendered":"<div style='width: 100%; max-width: 1200px; margin: 0 auto; font-family: sans-serif; line-height: 1.6; color: inherit; background-color: transparent;'> <!-- Imagen principal --> <\/p>\n<div style='display: flex; justify-content: center; margin-bottom: 30px;'> <img style='width: 100%; max-width: 540px; height: auto; border: 1px solid rgba(150&comma;150&comma;150&comma;0.3); border-radius: 8px;' src='https:\/\/ftp3.syscom.mx\/usuarios\/fotos\/IPCB120\/143291-hilook.png' alt=''> <\/div>\n<p> <!-- Videos --> <\/p>\n<div style='margin-bottom: 30px;'>\n<div style='position: relative; padding-bottom: 56.25%; height: 0; overflow: hidden; margin-bottom: 30px; border: 2px solid rgba(38&comma;108&comma;169&comma;0.8); border-radius: 8px;'>   <\/div>\n<div style='display: flex; flex-wrap: wrap; gap: 30px;'>\n<div style='flex: 1 1 300px; min-width: 280px; position: relative; padding-bottom: 56.25%; height: 0; overflow: hidden; border: 2px solid rgba(38&comma;108&comma;169&comma;0.8); border-radius: 8px;'>   <\/div>\n<div style='flex: 1 1 300px; min-width: 280px; position: relative; padding-bottom: 56.25%; height: 0; overflow: hidden; border: 2px solid rgba(38&comma;108&comma;169&comma;0.8); border-radius: 8px;'>   <\/div>\n<div style='flex: 1 1 300px; min-width: 280px; position: relative; padding-bottom: 56.25%; height: 0; overflow: hidden; border: 2px solid rgba(38&comma;108&comma;169&comma;0.8); border-radius: 8px;'>   <\/div>\n<div style='flex: 1 1 300px; min-width: 280px; position: relative; padding-bottom: 56.25%; height: 0; overflow: hidden; border: 2px solid rgba(38&comma;108&comma;169&comma;0.8); border-radius: 8px;'>   <\/div>\n<\/p><\/div>\n<\/p><\/div>\n<p> <!-- Tarjetas de especificaciones --> <\/p>\n<div style='display: flex; flex-wrap: wrap; gap: 20px; margin-bottom: 30px;'>\n<div style='flex: 1 1 300px; border: 1px solid rgba(150&comma; 150&comma; 150&comma; 0.4); border-radius: 8px; overflow: hidden; display: flex; flex-direction: column;'>\n<div style='padding: 15px; border-bottom: 1px solid rgba(150&comma; 150&comma; 150&comma; 0.2); font-weight: bold; font-size: 18px; color: inherit; background-color: rgba(38&comma;108&comma;169&comma;0.9); color: white;'>Caracter\u00edsticas Principales<\/div>\n<div style='padding: 15px; color: inherit; flex-grow: 1;'>\n<ul style='padding-left: 20px; margin: 0; font-size: 14px; list-style-type: disc;'>\n<li style='margin-bottom: 5px; text-align: left;'>Resoluci\u00f3n m\u00e1xima: 4 Megapixel (2560 x 1440).<\/li>\n<li style='margin-bottom: 5px; text-align: left;'>Iluminaci\u00f3n m\u00ednima: color 0.01 Lux @ (F1.2&comma; AGC ON).<\/li>\n<li style='margin-bottom: 5px; text-align: left;'>D\u00eda \/ Noche Real (filtro ICR).<\/li>\n<li style='margin-bottom: 5px; text-align: left;'>Distancia focal: 2.8-12 mm (98\u00b0 &#8211; 28\u00b0).<\/li>\n<li style='margin-bottom: 5px; text-align: left;'>Distancia de infrarrojo: 30 mts Smart IR.<\/li>\n<li style='margin-bottom: 5px; text-align: left;'>Funciones normales: WDR 120 dB \/ BLC \/ 3D-DNR.<\/li>\n<li style='margin-bottom: 5px; text-align: left;'>Compresi\u00f3n: H.265+ \/ H.265 \/ H.264+ \/ H.264.<\/li>\n<li style='margin-bottom: 5px; text-align: left;'>Compatible con la plataforma de Hik-Connect.<\/li>\n<\/ul><\/div>\n<\/p><\/div>\n<div style='flex: 1 1 300px; border: 1px solid rgba(150&comma; 150&comma; 150&comma; 0.4); border-radius: 8px; overflow: hidden; display: flex; flex-direction: column;'>\n<div style='padding: 15px; border-bottom: 1px solid rgba(150&comma; 150&comma; 150&comma; 0.2); font-weight: bold; font-size: 18px; color: inherit; background-color: rgba(38&comma;108&comma;169&comma;0.9); color: white;'>Caracter\u00edsticas F\u00edsicas y El\u00e9ctricas<\/div>\n<div style='padding: 15px; color: inherit; flex-grow: 1;'>\n<ul style='padding-left: 20px; margin: 0; font-size: 14px; list-style-type: disc;'>\n<li style='margin-bottom: 5px; text-align: left;'>Alimentaci\u00f3n: 12 Vcc \/ 12 W \/ PoE (802.3 af).<\/li>\n<li style='margin-bottom: 5px; text-align: left;'>Temperatura de operaci\u00f3n: -30\u00b0C a 50\u00b0C \/ Humedad al 95% m\u00e1ximo.<\/li>\n<li style='margin-bottom: 5px; text-align: left;'>Uso en Exterior: IP67 \/ IK10.<\/li>\n<li style='margin-bottom: 5px; text-align: left;'>Protecci\u00f3n contra sobretensiones y protecci\u00f3n contra voltajes transitorios.<\/li>\n<li style='margin-bottom: 5px; text-align: left;'>Dimensiones: 141 x 99.6 mm<\/li>\n<li style='margin-bottom: 5px; text-align: left;'>Fabricado en material de metal con base de pl\u00e1stico.<\/li>\n<li style='margin-bottom: 5px; text-align: left;'>Peso: 820 grs.<\/li>\n<\/ul><\/div>\n<div style='padding: 15px; border-bottom: 1px solid rgba(150&comma; 150&comma; 150&comma; 0.2); font-weight: bold; font-size: 18px; color: inherit; background-color: rgba(38&comma;108&comma;169&comma;0.9); color: white;'>Accesorios<\/div>\n<div style='padding: 15px; color: inherit; flex-grow: 1;'>\n<ul style='padding-left: 20px; margin: 0; font-size: 14px; list-style-type: disc;'>\n<li style='margin-bottom: 5px; text-align: left;'>Montaje de pared para domos: <a href='https:\/\/www.syscom.mx\/producto\/DS-1273ZJ-135-HIKVISION-71310.html' target='_blank' rel='noopener' style='color: inherit; text-decoration: underline;'>DS-1273ZJ-135<\/a><\/li>\n<li style='margin-bottom: 5px; text-align: left;'>Montaje de Esquina para C\u00e1maras Tipo Bala \/ Uso en Exterior: <a href='https:\/\/www.syscom.mx\/producto\/DS-1276ZJ-SUS-HIKVISION-156173.html' target='_blank' rel='noopener' style='color: inherit; text-decoration: underline;'>DS-1276J-SUS<\/a><\/li>\n<li style='margin-bottom: 5px; text-align: left;'>Montaje para Poste: <a href='https:\/\/www.syscom.mx\/producto\/DS-1275ZJ-SUS-HIKVISION-156172.html' target='_blank' rel='noopener' style='color: inherit; text-decoration: underline;'>DS-1275J-SUS<\/a><\/li>\n<li style='margin-bottom: 5px; text-align: left;'>Montaje de Techo Inclinado: <a href='https:\/\/www.syscom.mx\/producto\/DS-1281ZJ-DM23-HIKVISION-171391.html' target='_blank' rel='noopener' style='color: inherit; text-decoration: underline;'>DS-1281ZJ-DM23<\/a><\/li>\n<li style='margin-bottom: 5px; text-align: left;'>Montaje de Plaf\u00f3n para C\u00e1maras: <a href='https:\/\/www.syscom.mx\/producto\/DS-1227ZJ-HIKVISION-137423.html' target='_blank' rel='noopener' style='color: inherit; text-decoration: underline;'>DS-1227ZJ<\/a><\/li>\n<\/ul><\/div>\n<\/p><\/div>\n<div style='flex: 1 1 100%; border: 1px solid rgba(150&comma; 150&comma; 150&comma; 0.4); border-radius: 8px; overflow: hidden; display: flex; flex-direction: column;'>\n<div style='padding: 15px; border-bottom: 1px solid rgba(150&comma; 150&comma; 150&comma; 0.2); font-weight: bold; font-size: 18px; color: inherit; background-color: rgba(38&comma;108&comma;169&comma;0.9); color: white;'>Caracter\u00edsticas Destacadas<\/div>\n<div style='padding: 15px; color: inherit; flex-grow: 1;'>\n<ul style='padding-left: 20px; margin: 0; font-size: 14px; list-style-type: disc;'>\n<li style='margin-bottom: 5px; text-align: left;'>Main Stream: 20fps (2560 \u00d7 1440)&comma; 30fps (2304 \u00d7 1296&comma; 1920 \u00d7 1080&comma; 1280 \u00d7 720).<\/li>\n<li style='margin-bottom: 5px; text-align: left;'>Sub Steam: 30fps (640 \u00d7 480&comma; 640 \u00d7 360&comma; 320 \u00d7 240).<\/li>\n<li style='margin-bottom: 5px; text-align: left;'>Soporta hasta 6 usuarios simult\u00e1neos.<\/li>\n<li style='margin-bottom: 5px; text-align: left;'>Entradas de alarma: N\/A.<\/li>\n<li style='margin-bottom: 5px; text-align: left;'>Salidas de alarma: N\/A.<\/li>\n<li style='margin-bottom: 5px; text-align: left;'>Entradas de audio: N\/A.<\/li>\n<li style='margin-bottom: 5px; text-align: left;'>Salidas de audio: N\/A.<\/li>\n<li style='margin-bottom: 5px; text-align: left;'>Puerto de red: 1 (10 \/ 100 Mbps ).<\/li>\n<li style='margin-bottom: 5px; text-align: left;'>Soporta ONVIF (PROFILE S&comma; PROFILE G) \/ ISAPI.<\/li>\n<\/ul><\/div>\n<\/p><\/div>\n<\/p><\/div>\n<p> <!-- Imagen final --> <\/p>\n<div style='display: flex; justify-content: center; margin-top: 30px;'> <img style='width: 100%; max-width: 1200px; height: auto; border: 1px solid rgba(150&comma;150&comma;150&comma;0.3); border-radius: 8px;' src='https:\/\/ftp3.syscom.mx\/usuarios\/yvalenzuela\/Hilook\/hiklook.jpg' alt=''> <\/div>\n<p> <!-- Separador final --> <\/p>\n<hr style='border: 0; border-top: 1px solid rgba(150&comma; 150&comma; 150&comma; 0.3); margin: 30px 0;'> <\/div>\n","protected":false},"excerpt":{"rendered":"<p>HiLook Series \/ Domo IP 4 Megapixel \/ 30 mts IR \/ Exterior IP67 \/ PoE \/ WDR 120 dB \/ Lente Motorizado 2.8-12 mm \/ IK10 \/ MicroSD<\/p>\n","protected":false},"featured_media":106576,"comment_status":"open","ping_status":"closed","template":"","meta":[],"product_brand":[],"product_cat":[2056],"product_tag":[122,2057,715],"class_list":{"0":"post-106577","1":"product","2":"type-product","3":"status-publish","4":"has-post-thumbnail","6":"product_cat-domo-eyeball-turret","7":"product_tag-camaras-ip-y-nvrs","8":"product_tag-domo-eyeball-turret","9":"product_tag-hilook-by-hikvision","11":"first","12":"outofstock","13":"sale","14":"shipping-taxable","15":"purchasable","16":"product-type-simple"},"_links":{"self":[{"href":"https:\/\/soydeaqui.ddns.net\/pachuca\/index.php\/wp-json\/wp\/v2\/product\/106577","targetHints":{"allow":["GET"]}}],"collection":[{"href":"https:\/\/soydeaqui.ddns.net\/pachuca\/index.php\/wp-json\/wp\/v2\/product"}],"about":[{"href":"https:\/\/soydeaqui.ddns.net\/pachuca\/index.php\/wp-json\/wp\/v2\/types\/product"}],"replies":[{"embeddable":true,"href":"https:\/\/soydeaqui.ddns.net\/pachuca\/index.php\/wp-json\/wp\/v2\/comments?post=106577"}],"wp:featuredmedia":[{"embeddable":true,"href":"https:\/\/soydeaqui.ddns.net\/pachuca\/index.php\/wp-json\/wp\/v2\/media\/106576"}],"wp:attachment":[{"href":"https:\/\/soydeaqui.ddns.net\/pachuca\/index.php\/wp-json\/wp\/v2\/media?parent=106577"}],"wp:term":[{"taxonomy":"product_brand","embeddable":true,"href":"https:\/\/soydeaqui.ddns.net\/pachuca\/index.php\/wp-json\/wp\/v2\/product_brand?post=106577"},{"taxonomy":"product_cat","embeddable":true,"href":"https:\/\/soydeaqui.ddns.net\/pachuca\/index.php\/wp-json\/wp\/v2\/product_cat?post=106577"},{"taxonomy":"product_tag","embeddable":true,"href":"https:\/\/soydeaqui.ddns.net\/pachuca\/index.php\/wp-json\/wp\/v2\/product_tag?post=106577"}],"curies":[{"name":"wp","href":"https:\/\/api.w.org\/{rel}","templated":true}]}}