{"id":106575,"date":"2026-03-20T16:23:03","date_gmt":"2026-03-20T16:23:03","guid":{"rendered":"https:\/\/soydeaqui.ddns.net\/pachuca\/index.php\/producto\/bala-ip-5-mp-lente-mot-5-a-50-mm-exterior-calentador-integrado-ir-60-m-deteccion-facial-movimiento-sabotaje-merodeo-intrusion-alarmas-y-audio-i-o-onvif-ndaa-poe-h-265-ip67\/"},"modified":"2026-03-20T16:23:04","modified_gmt":"2026-03-20T16:23:04","slug":"bala-ip-5-mp-lente-mot-5-a-50-mm-exterior-calentador-integrado-ir-60-m-deteccion-facial-movimiento-sabotaje-merodeo-intrusion-alarmas-y-audio-i-o-onvif-ndaa-poe-h-265-ip67","status":"publish","type":"product","link":"https:\/\/soydeaqui.ddns.net\/pachuca\/index.php\/producto\/bala-ip-5-mp-lente-mot-5-a-50-mm-exterior-calentador-integrado-ir-60-m-deteccion-facial-movimiento-sabotaje-merodeo-intrusion-alarmas-y-audio-i-o-onvif-ndaa-poe-h-265-ip67\/","title":{"rendered":"Bala IP 5 MP \/ Lente Mot. 5 a 50 mm \/ Exterior Calentador Integrado \/ IR 60 m \/ Detecci\u00f3n Facial \/ Movimiento \/ Sabotaje \/ Merodeo \/ Intrusi\u00f3n \/ Alarmas y Audio I\/O \/ ONVIF \/ NDAA \/ PoE \/ H.265 \/ IP67 \/ IK10 \/ Serie 60 \/ Honeywell Security"},"content":{"rendered":"<div style='width: 100%; max-width: 1200px; margin: 0 auto; font-family: sans-serif; line-height: 1.6; color: inherit; background-color: transparent;'>\n<div style='width: 100%; max-width: 1200px; margin: 0 auto; font-family: sans-serif; line-height: 1.6; color: inherit; background-color: transparent;'> <img style='width: 100%; height: auto; border: 1px solid rgba(150&comma;150&comma;150&comma;0.3); border-radius: 8px;' src='https:\/\/ftp3.syscom.mx\/usuarios\/pnunez\/Honeywell\/HC30WE5R2\/Imagenes\/banner-honeywell.jpg' alt='Banner Honeywell'> <img style='width: 100%; height: auto; border: 1px solid rgba(150&comma;150&comma;150&comma;0.3); border-radius: 8px;' src='https:\/\/ftp3.syscom.mx\/usuarios\/pnunez\/Honeywell\/Banners\/syscom-stock-disponible%20%281%29.jpg' alt='Stock Disponible'> <\/p>\n<div style='display: grid; grid-template-columns: repeat(auto-fit&comma; minmax(280px&comma; 1fr)); gap: 30px; margin: 30px 0;'>\n<div>\n<h3 style='font-size: 22px; border-bottom: 2px solid currentColor; padding-bottom: 5px; margin-top: 0; color: inherit; opacity: 0.8;'>Caracter\u00edsticas de la C\u00e1mara:<\/h3>\n<ul style='padding-left: 20px; font-size: 15px; color: inherit;'>\n<li style='margin-bottom: 5px;'>Resoluci\u00f3n m\u00e1xima: 5 Megap\u00edxeles (2560 x 1920) a 30 FPS.<\/li>\n<li style='margin-bottom: 5px;'>Sensor de imagen: 1\/2.8 Scan Progresivo CMOS<\/li>\n<li style='margin-bottom: 5px;'>Iluminaci\u00f3n m\u00ednima: Color: 0.06 Lux&comma; B\/N: 0 Lux con IR encendido @F1.9<\/li>\n<li style='margin-bottom: 5px;'>D\u00eda \/ Noche Auto \/ Calendarizable<\/li>\n<li style='margin-bottom: 5px;'>Lente Varifocal Motorizado: 5 &#8211; 50 mm.<\/li>\n<li style='margin-bottom: 5px;'>Distancia de IR: 60m IR inteligente.<\/li>\n<li style='margin-bottom: 5px;'>Compresi\u00f3n: H.265&comma; H.264&comma; MJPEG<\/li>\n<li style='margin-bottom: 5px;'>Calentador Integrado<\/li>\n<\/ul><\/div>\n<div>\n<h3 style='font-size: 22px; border-bottom: 2px solid currentColor; padding-bottom: 5px; margin-top: 0; color: inherit; opacity: 0.8;'>Caracter\u00edsticas Generales:<\/h3>\n<ul style='padding-left: 20px; font-size: 15px; color: inherit;'>\n<li style='margin-bottom: 5px;'>Compensaci\u00f3n de luz: WDR 120dB&comma; BLC&comma; HLC&comma; 3 DNR.<\/li>\n<li style='margin-bottom: 5px;'>Video anal\u00edticos embebidos: Detecci\u00f3n de Rostros&comma; Movimiento&comma; Intrusi\u00f3n&comma; Merodeador&comma; Cruce de l\u00ednea&comma; Objeto abandonado\/perdido.<\/li>\n<li style='margin-bottom: 5px;'>\u00c1reas de privacidad 5<\/li>\n<li style='margin-bottom: 5px;'>Almacenamiento: Soporta microSD de hasta 256GB (no incluida).<\/li>\n<li style='margin-bottom: 5px;'>ONVIF: Profile S&comma; G<\/li>\n<li style='margin-bottom: 5px; font-weight: bold;'>Certificaci\u00f3n NDAA.<\/li>\n<li style='margin-bottom: 5px; font-weight: bold;'>Garant\u00eda 5 a\u00f1os.<\/li>\n<\/ul><\/div>\n<div>\n<h3 style='font-size: 22px; border-bottom: 2px solid currentColor; padding-bottom: 5px; margin-top: 0; color: inherit; opacity: 0.8;'>Caracter\u00edsticas F\u00edsicas y El\u00e9ctricas:<\/h3>\n<ul style='padding-left: 20px; font-size: 15px; color: inherit;'>\n<li style='margin-bottom: 5px;'>Temperatura de operaci\u00f3n: -40 a 60 \u00b0C<\/li>\n<li style='margin-bottom: 5px;'>Alimentaci\u00f3n: 12 Vcc&comma; PoE (802.3at) Clase 4 \/ 25.5 W.<\/li>\n<li style='margin-bottom: 5px;'>Protecci\u00f3n: IP67 \/ NEMA4X \/ IK10<\/li>\n<li style='margin-bottom: 5px;'>Dimensiones: 105.5 x 110.6 x 288.6 mm.<\/li>\n<li style='margin-bottom: 5px;'>Peso: 2.53 Kg.<\/li>\n<li style='margin-bottom: 5px;'>Puerto Ethernet RJ45 10\/100 Mbps<\/li>\n<li style='margin-bottom: 5px;'>Entrada\/Salida de audio de l\u00ednea dos v\u00edas<\/li>\n<li style='margin-bottom: 5px;'>2 Entradas\/1 Salida de alarma<\/li>\n<li style='margin-bottom: 5px;'>&nbsp;<\/li>\n<\/ul><\/div>\n<\/p><\/div>\n<div style='display: flex; flex-wrap: wrap; justify-content: center; gap: 30px; margin: 30px 0;'> <img style='width: 100%; max-width: 600px; height: auto; border: 1px solid rgba(150&comma;150&comma;150&comma;0.3); border-radius: 8px;' src='https:\/\/ftp3.syscom.mx\/usuarios\/pnunez\/Honeywell\/HC60WB5R5\/HC60WB5R5%20medidas.png' alt='Medidas'> <img style='width: 100%; max-width: 600px; height: auto; border: 1px solid rgba(150&comma;150&comma;150&comma;0.3); border-radius: 8px;' src='https:\/\/ftp3.syscom.mx\/usuarios\/pnunez\/Honeywell\/NDAA\/NDAA-HONEYWELL.jpg' alt='NDAA Honeywell'> <\/div>\n<div style='position: relative; padding-bottom: 56.25%; height: 0; overflow: hidden; margin: 30px 0;'>   <\/div>\n<\/p><\/div>\n","protected":false},"excerpt":{"rendered":"<p>Bala IP 5 MP \/ Lente Mot. 5 a 50 mm \/ Exterior Calentador Integrado \/ IR 60 m \/ Detecci\u00f3n Facial \/ Movimiento \/ Sabotaje \/ Merodeo \/ Intrusi\u00f3n \/ Alarmas y Audio I\/O \/ ONVIF \/ NDAA \/ PoE \/ H.265 \/ IP67 \/ IK10 \/ Serie 60 \/ Honeywell Security<\/p>\n","protected":false},"featured_media":106574,"comment_status":"open","ping_status":"closed","template":"","meta":[],"product_brand":[],"product_cat":[438],"product_tag":[439,122,209],"class_list":{"0":"post-106575","1":"product","2":"type-product","3":"status-publish","4":"has-post-thumbnail","6":"product_cat-bala","7":"product_tag-bala","8":"product_tag-camaras-ip-y-nvrs","9":"product_tag-honeywell","11":"first","12":"instock","13":"sale","14":"shipping-taxable","15":"purchasable","16":"product-type-simple"},"_links":{"self":[{"href":"https:\/\/soydeaqui.ddns.net\/pachuca\/index.php\/wp-json\/wp\/v2\/product\/106575","targetHints":{"allow":["GET"]}}],"collection":[{"href":"https:\/\/soydeaqui.ddns.net\/pachuca\/index.php\/wp-json\/wp\/v2\/product"}],"about":[{"href":"https:\/\/soydeaqui.ddns.net\/pachuca\/index.php\/wp-json\/wp\/v2\/types\/product"}],"replies":[{"embeddable":true,"href":"https:\/\/soydeaqui.ddns.net\/pachuca\/index.php\/wp-json\/wp\/v2\/comments?post=106575"}],"wp:featuredmedia":[{"embeddable":true,"href":"https:\/\/soydeaqui.ddns.net\/pachuca\/index.php\/wp-json\/wp\/v2\/media\/106574"}],"wp:attachment":[{"href":"https:\/\/soydeaqui.ddns.net\/pachuca\/index.php\/wp-json\/wp\/v2\/media?parent=106575"}],"wp:term":[{"taxonomy":"product_brand","embeddable":true,"href":"https:\/\/soydeaqui.ddns.net\/pachuca\/index.php\/wp-json\/wp\/v2\/product_brand?post=106575"},{"taxonomy":"product_cat","embeddable":true,"href":"https:\/\/soydeaqui.ddns.net\/pachuca\/index.php\/wp-json\/wp\/v2\/product_cat?post=106575"},{"taxonomy":"product_tag","embeddable":true,"href":"https:\/\/soydeaqui.ddns.net\/pachuca\/index.php\/wp-json\/wp\/v2\/product_tag?post=106575"}],"curies":[{"name":"wp","href":"https:\/\/api.w.org\/{rel}","templated":true}]}}