{"id":106573,"date":"2026-03-20T16:22:55","date_gmt":"2026-03-20T16:22:55","guid":{"rendered":"https:\/\/soydeaqui.ddns.net\/pachuca\/index.php\/producto\/domo-ip-5-mp-lente-mot-2-7-13-5-mm-exterior-50-mts-ir-h-265-ndaa-onvif-ip67-ik10-deteccion-sabotaje-movimiento-rostros-intrusion-merodeo-objeto-abandonado-alarmas-y-audi\/"},"modified":"2026-03-20T16:22:57","modified_gmt":"2026-03-20T16:22:57","slug":"domo-ip-5-mp-lente-mot-2-7-13-5-mm-exterior-50-mts-ir-h-265-ndaa-onvif-ip67-ik10-deteccion-sabotaje-movimiento-rostros-intrusion-merodeo-objeto-abandonado-alarmas-y-audi","status":"publish","type":"product","link":"https:\/\/soydeaqui.ddns.net\/pachuca\/index.php\/producto\/domo-ip-5-mp-lente-mot-2-7-13-5-mm-exterior-50-mts-ir-h-265-ndaa-onvif-ip67-ik10-deteccion-sabotaje-movimiento-rostros-intrusion-merodeo-objeto-abandonado-alarmas-y-audi\/","title":{"rendered":"Domo IP 5 MP \/ Lente Mot. 2.7-13.5 mm \/ Exterior \/ 50 mts IR \/ H.265 \/ NDAA \/ ONVIF \/ IP67 \/ IK10 \/ Detecci\u00f3n Sabotaje \/ Movimiento \/ Rostros \/ Intrusi\u00f3n \/ Merodeo \/ Objeto Abandonado \/ Alarmas y Audio I\/O \/ PoE \/ Serie 60 Honeywell Security"},"content":{"rendered":"<div style='width: 100%; max-width: 1200px; margin: 0 auto; font-family: sans-serif; line-height: 1.6; color: inherit; background-color: transparent;'> <!-- Im\u00e1genes iniciales --> <\/p>\n<div style='width: 100%; margin-bottom: 30px;'> <img style='width: 100%; height: auto; border: 1px solid rgba(150&comma;150&comma;150&comma;0.3); border-radius: 8px;' src='https:\/\/ftp3.syscom.mx\/usuarios\/pnunez\/Honeywell\/HC30WE5R2\/Imagenes\/banner-honeywell.jpg' alt='Banner Honeywell'> <img style='width: 100%; height: auto; border: 1px solid rgba(150&comma;150&comma;150&comma;0.3); border-radius: 8px; margin-top: 15px;' src='https:\/\/ftp3.syscom.mx\/usuarios\/pnunez\/Honeywell\/Banners\/syscom-stock-disponible%20%281%29.jpg' alt='Stock disponible'> <\/div>\n<p> <!-- Secci\u00f3n de caracter\u00edsticas en 3 columnas --> <\/p>\n<div style='display: flex; flex-wrap: wrap; gap: 30px; margin-bottom: 30px;'> <!-- Caracter\u00edsticas de la C\u00e1mara --> <\/p>\n<div style='flex: 1 1 300px; min-width: 280px; background-color: rgba(176&comma;26&comma;25&comma;0.05); border: 1px solid rgba(176&comma;26&comma;25&comma;0.3); border-radius: 8px; overflow: hidden;'>\n<div style='padding: 15px; border-bottom: 2px solid #b01a19; font-size: 18px; font-weight: bold; color: inherit;'>Caracter\u00edsticas de la C\u00e1mara:<\/div>\n<ul style='padding: 15px 20px; font-size: 15px; color: inherit; list-style-type: disc;'>\n<li style='margin-bottom: 5px;'>Resoluci\u00f3n m\u00e1xima: 5 Megap\u00edxel (2560 x 1920) a 30FPS.<\/li>\n<li style='margin-bottom: 5px;'>Sensor de imagen: 1\/2.8 Scan Progresivo CMOS<\/li>\n<li style='margin-bottom: 5px;'>Iluminaci\u00f3n m\u00ednima: Color: 0.04 Lux&comma; B\/N: 0 Lux con IR encendido @F1.4<\/li>\n<li style='margin-bottom: 5px;'>D\u00eda \/ Noche real con filtro ICR.<\/li>\n<li style='margin-bottom: 5px;'>Lente Varifocal Motorizado: 2.7-13.5 mm.<\/li>\n<li style='margin-bottom: 5px;'>Distancia de IR: 50m IR Inteligente<\/li>\n<li style='margin-bottom: 5px;'>Compresi\u00f3n: H.265&comma; H.264&comma; MJPEG.<\/li>\n<\/ul><\/div>\n<p> <!-- Caracter\u00edsticas Generales --> <\/p>\n<div style='flex: 1 1 300px; min-width: 280px; background-color: rgba(176&comma;26&comma;25&comma;0.05); border: 1px solid rgba(176&comma;26&comma;25&comma;0.3); border-radius: 8px; overflow: hidden;'>\n<div style='padding: 15px; border-bottom: 2px solid #b01a19; font-size: 18px; font-weight: bold; color: inherit;'>Caracter\u00edsticas Generales:<\/div>\n<ul style='padding: 15px 20px; font-size: 15px; color: inherit; list-style-type: disc;'>\n<li style='margin-bottom: 5px;'>Compensaci\u00f3n de luz: WDR 120dB&comma; BLC&comma; HLC&comma; 3 DNR.<\/li>\n<li style='margin-bottom: 5px;'>Video anal\u00edticos embebidos: Detecci\u00f3n Sabotaje (Tampering)&comma; Movimiento&comma; Intrusi\u00f3n&comma; merodeo&comma; objeto abandonado\/perdido&comma; detecci\u00f3n de rostro.<\/li>\n<li style='margin-bottom: 5px;'>Almacenamiento: Soporta microSD de hasta 256GB (no incluida).<\/li>\n<li style='margin-bottom: 5px;'>M\u00e1scara de privacidad 5 zonas.<\/li>\n<li style='margin-bottom: 5px;'>ONVIF: Profile S&comma; G<\/li>\n<li style='margin-bottom: 5px;'><strong>Certificaci\u00f3n NDAA.<\/strong><\/li>\n<li style='margin-bottom: 5px;'><strong>Garant\u00eda 5 a\u00f1os.<\/strong><\/li>\n<\/ul><\/div>\n<p> <!-- Caracter\u00edsticas F\u00edsicas y El\u00e9ctricas --> <\/p>\n<div style='flex: 1 1 300px; min-width: 280px; background-color: rgba(176&comma;26&comma;25&comma;0.05); border: 1px solid rgba(176&comma;26&comma;25&comma;0.3); border-radius: 8px; overflow: hidden;'>\n<div style='padding: 15px; border-bottom: 2px solid #b01a19; font-size: 18px; font-weight: bold; color: inherit;'>Caracter\u00edsticas F\u00edsicas y El\u00e9ctricas:<\/div>\n<ul style='padding: 15px 20px; font-size: 15px; color: inherit; list-style-type: disc;'>\n<li style='margin-bottom: 5px;'>Temperatura de operaci\u00f3n: -40 a 60 \u00b0C<\/li>\n<li style='margin-bottom: 5px;'>Alimentaci\u00f3n: 12Vcc&comma; PoE (802.3at) Clase 4 \/ 25.5 W.<\/li>\n<li style='margin-bottom: 5px;'>Protecci\u00f3n: IP67\/IK10<\/li>\n<li style='margin-bottom: 5px;'>Dimensiones: 159 x 118.3 mm.<\/li>\n<li style='margin-bottom: 5px;'>Peso: 1.08 Kg.<\/li>\n<li style='margin-bottom: 5px;'>Puerto Ethernet RJ45 10\/100 Mbps<\/li>\n<li style='margin-bottom: 5px;'>Entrada\/Salida de audio de l\u00ednea<\/li>\n<li style='margin-bottom: 5px;'>2 Entradas\/1 Salida de alarma<\/li>\n<\/ul><\/div>\n<\/p><\/div>\n<p> <!-- Separador --> <\/p>\n<hr style='border: 0; border-top: 1px solid rgba(150&comma; 150&comma; 150&comma; 0.3); margin: 30px 0;'> <!-- Secci\u00f3n de im\u00e1genes y video --> <\/p>\n<div style='width: 100%; margin-bottom: 30px;'> <!-- Imagen de medidas --> <img style='width: 100%; height: auto; border: 1px solid rgba(150&comma;150&comma;150&comma;0.3); border-radius: 8px;' src='https:\/\/ftp3.syscom.mx\/usuarios\/diego.ramirez\/Honeywell\/HC60W45R4\/HC60W45R4medidas.png' alt='Dimensiones del producto'> <!-- Imagen NDAA --> <img style='width: 100%; height: auto; border: 1px solid rgba(150&comma;150&comma;150&comma;0.3); border-radius: 8px; margin-top: 15px;' src='https:\/\/ftp3.syscom.mx\/usuarios\/pnunez\/Honeywell\/NDAA\/NDAA-HONEYWELL.jpg' alt='Certificaci\u00f3n NDAA'> <!-- Video YouTube --> <\/p>\n<div style='position: relative; padding-bottom: 56.25%; height: 0; overflow: hidden; margin-top: 15px;'>   <\/div>\n<\/p><\/div>\n<\/p><\/div>\n","protected":false},"excerpt":{"rendered":"<p>Domo IP 5 MP \/ Lente Mot. 2.7-13.5 mm \/ Exterior \/ 50 mts IR \/ H.265 \/ NDAA \/ ONVIF \/ IP67 \/ IK10 \/ Detecci\u00f3n Sabotaje \/ Movimiento \/ Rostros \/ Intrusi\u00f3n \/ Merodeo \/ Objeto Abandonado \/ Alarmas y Audio I\/O \/ PoE \/ Serie 60 Honeywell Security<\/p>\n","protected":false},"featured_media":106572,"comment_status":"open","ping_status":"closed","template":"","meta":[],"product_brand":[],"product_cat":[2056],"product_tag":[122,2057,209],"class_list":{"0":"post-106573","1":"product","2":"type-product","3":"status-publish","4":"has-post-thumbnail","6":"product_cat-domo-eyeball-turret","7":"product_tag-camaras-ip-y-nvrs","8":"product_tag-domo-eyeball-turret","9":"product_tag-honeywell","11":"first","12":"outofstock","13":"sale","14":"shipping-taxable","15":"purchasable","16":"product-type-simple"},"_links":{"self":[{"href":"https:\/\/soydeaqui.ddns.net\/pachuca\/index.php\/wp-json\/wp\/v2\/product\/106573","targetHints":{"allow":["GET"]}}],"collection":[{"href":"https:\/\/soydeaqui.ddns.net\/pachuca\/index.php\/wp-json\/wp\/v2\/product"}],"about":[{"href":"https:\/\/soydeaqui.ddns.net\/pachuca\/index.php\/wp-json\/wp\/v2\/types\/product"}],"replies":[{"embeddable":true,"href":"https:\/\/soydeaqui.ddns.net\/pachuca\/index.php\/wp-json\/wp\/v2\/comments?post=106573"}],"wp:featuredmedia":[{"embeddable":true,"href":"https:\/\/soydeaqui.ddns.net\/pachuca\/index.php\/wp-json\/wp\/v2\/media\/106572"}],"wp:attachment":[{"href":"https:\/\/soydeaqui.ddns.net\/pachuca\/index.php\/wp-json\/wp\/v2\/media?parent=106573"}],"wp:term":[{"taxonomy":"product_brand","embeddable":true,"href":"https:\/\/soydeaqui.ddns.net\/pachuca\/index.php\/wp-json\/wp\/v2\/product_brand?post=106573"},{"taxonomy":"product_cat","embeddable":true,"href":"https:\/\/soydeaqui.ddns.net\/pachuca\/index.php\/wp-json\/wp\/v2\/product_cat?post=106573"},{"taxonomy":"product_tag","embeddable":true,"href":"https:\/\/soydeaqui.ddns.net\/pachuca\/index.php\/wp-json\/wp\/v2\/product_tag?post=106573"}],"curies":[{"name":"wp","href":"https:\/\/api.w.org\/{rel}","templated":true}]}}