{"id":106567,"date":"2026-03-20T16:22:37","date_gmt":"2026-03-20T16:22:37","guid":{"rendered":"https:\/\/soydeaqui.ddns.net\/pachuca\/index.php\/producto\/kit-avanzado-de-generador-y-sonda-detector-de-tonos-intellitone-200-para-identificacin-de-seales-analgicas-y-digitales-en-cables-de-red\/"},"modified":"2026-03-20T16:22:52","modified_gmt":"2026-03-20T16:22:52","slug":"kit-avanzado-de-generador-y-sonda-detector-de-tonos-intellitone-200-para-identificacin-de-seales-analgicas-y-digitales-en-cables-de-red","status":"publish","type":"product","link":"https:\/\/soydeaqui.ddns.net\/pachuca\/index.php\/producto\/kit-avanzado-de-generador-y-sonda-detector-de-tonos-intellitone-200-para-identificacin-de-seales-analgicas-y-digitales-en-cables-de-red\/","title":{"rendered":"Kit Avanzado de Generador y Sonda (Detector) de Tonos IntelliTone 200, Para Identificaci?n de Se?ales Anal?gicas y Digitales en Cables de Red"},"content":{"rendered":"<div style='width: 100%; max-width: 1200px; margin: 0 auto; font-family: sans-serif; line-height: 1.6; color: inherit; background-color: transparent;'> <!-- Descripci\u00f3n principal --> <\/p>\n<div style='margin-bottom: 30px; font-size: 15px; color: inherit;'>\n<p>La serie de generadores de sondas y tonos IntelliTone\u2122 Pro 200 LAN de Fluke Networks le ofrece una tecnolog\u00eda avanzada de localizaci\u00f3n de cableado digital y anal\u00f3gico como los sistemas con los que usted trabaja. IntelliTone es una soluci\u00f3n potente&comma; la \u00fanica de hecho&comma; que localiza y a\u00edsla los cables de voz&comma; datos y v\u00eddeo&comma; as\u00ed como pares&comma; m\u00e1s dif\u00edciles de detectar&comma; ocultos o enmara\u00f1ados&comma; de forma r\u00e1pida y fiable&comma; incluso en redes activas.<\/p>\n<\/p><\/div>\n<p> <!-- Contenido principal --> <\/p>\n<div style='display: flex; flex-wrap: wrap; gap: 30px; margin-bottom: 30px;'> <!-- Secci\u00f3n de inclusi\u00f3n del kit --> <\/p>\n<div style='flex: 1 1 300px; min-width: 280px;'>\n<h3 style='font-size: 22px; border-bottom: 2px solid currentColor; padding-bottom: 5px; margin-top: 0; color: inherit; opacity: 0.8;'>Incluye en el kit<\/h3>\n<ul style='padding-left: 20px; font-size: 15px; color: inherit;'>\n<li style='margin-bottom: 5px;'>Sonda 200<\/li>\n<li style='margin-bottom: 5px;'>Generador de tonos IntelliTone LAN 200<\/li>\n<li style='margin-bottom: 5px;'>Adaptador de conector F coaxial<\/li>\n<li style='margin-bottom: 5px;'>2 cables de conexi\u00f3n RJ11 y 2 RJ45<\/li>\n<li style='margin-bottom: 5px;'>Cables de comprobaci\u00f3n con pinzas tipo cocodrilo<\/li>\n<li style='margin-bottom: 5px;'>2 correas para colgar de la mu\u00f1eca<\/li>\n<li style='margin-bottom: 5px;'>Gu\u00eda de inicio r\u00e1pido<\/li>\n<li style='margin-bottom: 5px;'>2 pilas de 9 volts<\/li>\n<\/ul><\/div>\n<p> <!-- Secci\u00f3n de especificaciones generales --> <\/p>\n<div style='flex: 1 1 300px; min-width: 280px;'>\n<h3 style='font-size: 22px; border-bottom: 2px solid currentColor; padding-bottom: 5px; margin-top: 0; color: inherit; opacity: 0.8;'>Especificaciones generales<\/h3>\n<ul style='padding-left: 20px; font-size: 15px; color: inherit;'>\n<li style='margin-bottom: 5px;'><strong>Temperatura de funcionamiento:<\/strong> 0 \u00b0C a 40 \u00b0C (32 \u00b0F a 104\u00b0 F)<\/li>\n<li style='margin-bottom: 5px;'><strong>Temperatura de almacenamiento:<\/strong> -20 \u00b0C a +60 \u00b0C (-4 \u00b0F a +140 \u00b0F)<\/li>\n<li style='margin-bottom: 5px;'><strong>Humedad relativa:<\/strong> 95% (50\u00b0 F a 95\u00b0 F; 10\u00b0 C a 35\u00b0 C) 75% (95\u00b0 F a 104\u00b0 F; 35\u00b0 C a 40\u00b0 C) Sin controlar < 50\u00b0 F (< 10\u00b0 C)<\/li>\n<li style='margin-bottom: 5px;'><strong>Vibraci\u00f3n:<\/strong> Aleatoria&comma; 2 g&comma; de 5 Hz a 500 Hz<\/li>\n<li style='margin-bottom: 5px;'><strong>Golpe:<\/strong> Comprobaciones de ca\u00edda desde 1 m&comma; con y sin m\u00f3dulo<\/li>\n<li style='margin-bottom: 5px;'><strong>Seguridad:<\/strong> Categor\u00eda 61010 IEC: Ninguno<\/li>\n<li style='margin-bottom: 5px;'><strong>Altitud:<\/strong> 3000 m<\/li>\n<li style='margin-bottom: 5px;'><strong>EMC:<\/strong> EN 61326-1<\/li>\n<li style='margin-bottom: 5px;'><strong>Tipo de pila:<\/strong> 9 V alcalina (NEDA 1604A o IEC 6LR61); 20 horas de duraci\u00f3n habitual<\/li>\n<li style='margin-bottom: 5px;'><strong>Aplicaciones:<\/strong> Medios de cableado de cobre&comma; incluyendo cableado blindado (STP) y UTP; cableado coaxial de 75 o 50 ohmios; control de dos conductores&comma; seguridad&comma; cableado gen\u00e9rico. Redes de datos de comunicaci\u00f3n 10 Base-T o 10\/100\/1000 Base-T.<\/li>\n<\/ul><\/div>\n<p> <!-- Secci\u00f3n de especificaciones del generador --> <\/p>\n<div style='flex: 1 1 300px; min-width: 280px;'>\n<h3 style='font-size: 22px; border-bottom: 2px solid currentColor; padding-bottom: 5px; margin-top: 0; color: inherit; opacity: 0.8;'>Generador de tonos<\/h3>\n<ul style='padding-left: 20px; font-size: 15px; color: inherit;'>\n<li style='margin-bottom: 5px;'><strong>Dimensiones:<\/strong> 14&comma;1 cm x 7&comma;5 cm x 3&comma;2 cm (5&comma;54 in x 2&comma;94 in x 1&comma;25 in)<\/li>\n<li style='margin-bottom: 5px;'><strong>Pantalla:<\/strong> LED<\/li>\n<li style='margin-bottom: 5px;'><strong>Control:<\/strong> Mando giratorio<\/li>\n<li style='margin-bottom: 5px;'><strong>Interfaz:<\/strong> Puerto Mod8 principal para la generaci\u00f3n de tonos en los 4 pares de cableado UTP\/STP&comma; conector F para cableado coaxial&comma; conectores tipo banana (2)&comma; cableado de dos conductores<\/li>\n<li style='margin-bottom: 5px;'><strong>Frecuencia:<\/strong> Se\u00f1al IntelliTone: se\u00f1al digital codificada; se\u00f1al Analog SmartTone: 500-1.200 Hz&comma; 4 tonos<\/li>\n<li style='margin-bottom: 5px;'><strong>Potencia de salida:<\/strong> 5 V p-p<\/li>\n<li style='margin-bottom: 5px;'><strong>Desconexi\u00f3n autom\u00e1tica:<\/strong> Se desconecta autom\u00e1ticamente despu\u00e9s de 2&comma;5 horas de inactividad<\/li>\n<\/ul>\n<p> <img style='width: 100%; height: auto; border: 1px solid rgba(150&comma;150&comma;150&comma;0.3); border-radius: 8px;' src='http:\/\/images.flukenetworks.com\/IntelliTone_DS\/Fn-IntelliTonePro-200_03c_table.jpg' alt='Generador de tonos'> <\/div>\n<p> <!-- Secci\u00f3n de especificaciones de la sonda --> <\/p>\n<div style='flex: 1 1 300px; min-width: 280px;'>\n<h3 style='font-size: 22px; border-bottom: 2px solid currentColor; padding-bottom: 5px; margin-top: 0; color: inherit; opacity: 0.8;'>Sonda<\/h3>\n<ul style='padding-left: 20px; font-size: 15px; color: inherit;'>\n<li style='margin-bottom: 5px;'><strong>Dimensiones:<\/strong> 22&comma;2 cm x 4&comma;8 cm x 3&comma;2 cm (8&comma;73 in x 1&comma;88 in x 1&comma;26 in)<\/li>\n<li style='margin-bottom: 5px;'><strong>Pantalla:<\/strong> (8) indicadores LED&comma; indicador LED Synch<\/li>\n<li style='margin-bottom: 5px;'><strong>Audio:<\/strong> IntelliTone: Archivos de audio controlados por microprocesador. Anal\u00f3gico: Se\u00f1al del generador de tonos detectada<\/li>\n<li style='margin-bottom: 5px;'><strong>Control:<\/strong> Mando rotatorio&comma; rueda de control de volumen<\/li>\n<li style='margin-bottom: 5px;'><strong>Detecci\u00f3n de tonos:<\/strong> Detecta se\u00f1al digital de IntelliTone para localizar&comma; aislar y CableMap detecta la se\u00f1al anal\u00f3gica de SmartTone (500 a 1200 Hz) y otros generadores de tonos anal\u00f3gicos.<\/li>\n<li style='margin-bottom: 5px;'><strong>Interfaz del generador de tonos:<\/strong> Puerto Mod8 principal para mapas de cableado en los cuatro pares de cableado UTP \/ STP<\/li>\n<li style='margin-bottom: 5px;'><strong>Desconexi\u00f3n autom\u00e1tica:<\/strong> Puerto Mod8 principal para mapas de cableado en los cuatro pares de cableado UTP \/ STP<\/li>\n<\/ul>\n<p> <img style='width: 100%; height: auto; border: 1px solid rgba(150&comma;150&comma;150&comma;0.3); border-radius: 8px;' src='http:\/\/images.flukenetworks.com\/IntelliTone_DS\/Fn-IntelliTonePro-200_02b_c.jpg' alt='Sonda'> <\/div>\n<\/p><\/div>\n<p> <!-- Separador --> <\/p>\n<hr style='border: 0; border-top: 1px solid rgba(150&comma; 150&comma; 150&comma; 0.3); margin: 30px 0;'> <\/div>\n","protected":false},"excerpt":{"rendered":"<p>Kit Avanzado de Generador y Sonda (Detector) de Tonos IntelliTone 200, Para Identificaci?n de Se?ales Anal?gicas y Digitales en Cables de Red<\/p>\n","protected":false},"featured_media":106566,"comment_status":"open","ping_status":"closed","template":"","meta":[],"product_brand":[],"product_cat":[608],"product_tag":[586,730,25],"class_list":{"0":"post-106567","1":"product","2":"type-product","3":"status-publish","4":"has-post-thumbnail","6":"product_cat-herramientas-cableado-de-cobre","7":"product_tag-cableado-de-cobre","8":"product_tag-fluke-networks","9":"product_tag-herramientas","11":"first","12":"instock","13":"sale","14":"shipping-taxable","15":"purchasable","16":"product-type-simple"},"_links":{"self":[{"href":"https:\/\/soydeaqui.ddns.net\/pachuca\/index.php\/wp-json\/wp\/v2\/product\/106567","targetHints":{"allow":["GET"]}}],"collection":[{"href":"https:\/\/soydeaqui.ddns.net\/pachuca\/index.php\/wp-json\/wp\/v2\/product"}],"about":[{"href":"https:\/\/soydeaqui.ddns.net\/pachuca\/index.php\/wp-json\/wp\/v2\/types\/product"}],"replies":[{"embeddable":true,"href":"https:\/\/soydeaqui.ddns.net\/pachuca\/index.php\/wp-json\/wp\/v2\/comments?post=106567"}],"wp:featuredmedia":[{"embeddable":true,"href":"https:\/\/soydeaqui.ddns.net\/pachuca\/index.php\/wp-json\/wp\/v2\/media\/106566"}],"wp:attachment":[{"href":"https:\/\/soydeaqui.ddns.net\/pachuca\/index.php\/wp-json\/wp\/v2\/media?parent=106567"}],"wp:term":[{"taxonomy":"product_brand","embeddable":true,"href":"https:\/\/soydeaqui.ddns.net\/pachuca\/index.php\/wp-json\/wp\/v2\/product_brand?post=106567"},{"taxonomy":"product_cat","embeddable":true,"href":"https:\/\/soydeaqui.ddns.net\/pachuca\/index.php\/wp-json\/wp\/v2\/product_cat?post=106567"},{"taxonomy":"product_tag","embeddable":true,"href":"https:\/\/soydeaqui.ddns.net\/pachuca\/index.php\/wp-json\/wp\/v2\/product_tag?post=106567"}],"curies":[{"name":"wp","href":"https:\/\/api.w.org\/{rel}","templated":true}]}}