{"id":106560,"date":"2026-03-20T16:22:14","date_gmt":"2026-03-20T16:22:14","guid":{"rendered":"https:\/\/soydeaqui.ddns.net\/pachuca\/index.php\/producto\/probador-de-mapa-de-cableado-micromapper-para-verificar-rpida-y-fcilmente-la-integridad-del-cableado-de-par-trenzado-de-ethernet\/"},"modified":"2026-03-20T16:22:31","modified_gmt":"2026-03-20T16:22:31","slug":"probador-de-mapa-de-cableado-micromapper-para-verificar-rpida-y-fcilmente-la-integridad-del-cableado-de-par-trenzado-de-ethernet","status":"publish","type":"product","link":"https:\/\/soydeaqui.ddns.net\/pachuca\/index.php\/producto\/probador-de-mapa-de-cableado-micromapper-para-verificar-rpida-y-fcilmente-la-integridad-del-cableado-de-par-trenzado-de-ethernet\/","title":{"rendered":"Probador de Mapa de Cableado MicroMapper, para Verificar R?pida y F?cilmente la Integridad del Cableado de Par Trenzado de Ethernet"},"content":{"rendered":"<div style='width: 100%; max-width: 1200px; margin: 0 auto; font-family: sans-serif; line-height: 1.6; color: inherit; background-color: transparent;'>\n<div style='display: flex; flex-wrap: wrap; gap: 30px; margin-bottom: 30px;'>\n<div style='flex: 1 1 300px; min-width: 280px;'>\n<h3 style='font-size: 22px; border-bottom: 2px solid currentColor; padding-bottom: 5px; margin-top: 0; color: inherit; opacity: 0.8;'>Descripci\u00f3n<\/h3>\n<p style='font-size: 15px; color: inherit; margin-bottom: 15px;'>El peque\u00f1o comprobador de cableado port\u00e1til MicroMapper comprueba los cableados de par trenzado de manera r\u00e1pida y sencilla permiti\u00e9ndole visualizar los pares abiertos&comma; cortocircuitados&comma; cruzados&comma; invertidos y divididos. Con solo pulsar el bot\u00f3n TEST (comprobar)&comma; el MicroMapper examinar\u00e1 autom\u00e1ticamente todos los pares de hilos en busca de cualquier defecto existente en el cable.<\/p>\n<p style='font-size: 15px; color: inherit; margin-bottom: 15px;'>El generador de tonos incorporado en el MicroMapper funciona con IntelliTone\u2122 Pro Probe o con cualquier otra sonda anal\u00f3gica&comma; permiti\u00e9ndole rastrear el cable a trav\u00e9s de paredes&comma; pisos y techos.<\/p>\n<p style='font-size: 15px; color: inherit; margin-bottom: 15px;'>El mapa de cableado de redes MicroMapper tambi\u00e9n incluye una unidad remota que permite que una persona compruebe el cableado instalado o los latiguillos.<\/p>\n<\/p><\/div>\n<\/p><\/div>\n<div style='display: flex; flex-wrap: wrap; gap: 20px; margin-bottom: 30px;'>\n<div style='flex: 1 1 250px; border: 1px solid rgba(150&comma; 150&comma; 150&comma; 0.4); border-radius: 8px; overflow: hidden; display: flex; flex-direction: column;'>\n<div style='padding: 15px; border-bottom: 1px solid rgba(150&comma; 150&comma; 150&comma; 0.2); font-weight: bold; font-size: 18px; color: inherit;'>Contenido del Kit<\/div>\n<div style='padding: 15px; color: inherit;'>\n<ul style='padding-left: 20px; margin: 0; font-size: 14px; list-style-type: disc;'>\n<li style='margin-bottom: 5px;'>MicroMapper<\/li>\n<li style='margin-bottom: 5px;'>MicroMapper Remoto<\/li>\n<li style='margin-bottom: 5px;'>Patch Cord<\/li>\n<li style='margin-bottom: 5px;'>4 Bater\u00eda alcalina AAA<\/li>\n<li style='margin-bottom: 5px;'>Gu\u00eda del usuario<\/li>\n<\/ul><\/div>\n<\/p><\/div>\n<\/p><\/div>\n<hr style='border: 0; border-top: 1px solid rgba(150&comma; 150&comma; 150&comma; 0.3); margin: 30px 0;'>\n<div style='display: flex; flex-wrap: wrap; gap: 20px; margin-bottom: 30px;'>\n<div style='flex: 1 1 250px; border: 1px solid rgba(150&comma; 150&comma; 150&comma; 0.4); border-radius: 8px; overflow: hidden; display: flex; flex-direction: column;'>\n<div style='padding: 15px; border-bottom: 1px solid rgba(150&comma; 150&comma; 150&comma; 0.2); font-weight: bold; font-size: 18px; color: inherit;'>Caracter\u00edsticas Principales<\/div>\n<div style='padding: 15px; color: inherit;'>\n<ul style='padding-left: 20px; margin: 0; font-size: 14px; list-style-type: disc;'>\n<li style='margin-bottom: 5px;'>Comprueba cableado de forma r\u00e1pida y sencilla<\/li>\n<li style='margin-bottom: 5px;'>Detecta pares abiertos&comma; cortocircuitados&comma; cruzados<\/li>\n<li style='margin-bottom: 5px;'>Generador de tonos compatible con sondas IntelliTone<\/li>\n<li style='margin-bottom: 5px;'>Unidad remota para comprobaci\u00f3n a distancia<\/li>\n<li style='margin-bottom: 5px;'>Incluye cable patch cord y bater\u00eda alcalina AAA<\/li>\n<\/ul><\/div>\n<\/p><\/div>\n<\/p><\/div>\n<\/p><\/div>\n","protected":false},"excerpt":{"rendered":"<p>Probador de Mapa de Cableado MicroMapper, para Verificar R?pida y F?cilmente la Integridad del Cableado de Par Trenzado de Ethernet<\/p>\n","protected":false},"featured_media":106559,"comment_status":"open","ping_status":"closed","template":"","meta":[],"product_brand":[],"product_cat":[608],"product_tag":[586,730,25],"class_list":{"0":"post-106560","1":"product","2":"type-product","3":"status-publish","4":"has-post-thumbnail","6":"product_cat-herramientas-cableado-de-cobre","7":"product_tag-cableado-de-cobre","8":"product_tag-fluke-networks","9":"product_tag-herramientas","11":"first","12":"instock","13":"sale","14":"shipping-taxable","15":"purchasable","16":"product-type-simple"},"_links":{"self":[{"href":"https:\/\/soydeaqui.ddns.net\/pachuca\/index.php\/wp-json\/wp\/v2\/product\/106560","targetHints":{"allow":["GET"]}}],"collection":[{"href":"https:\/\/soydeaqui.ddns.net\/pachuca\/index.php\/wp-json\/wp\/v2\/product"}],"about":[{"href":"https:\/\/soydeaqui.ddns.net\/pachuca\/index.php\/wp-json\/wp\/v2\/types\/product"}],"replies":[{"embeddable":true,"href":"https:\/\/soydeaqui.ddns.net\/pachuca\/index.php\/wp-json\/wp\/v2\/comments?post=106560"}],"wp:featuredmedia":[{"embeddable":true,"href":"https:\/\/soydeaqui.ddns.net\/pachuca\/index.php\/wp-json\/wp\/v2\/media\/106559"}],"wp:attachment":[{"href":"https:\/\/soydeaqui.ddns.net\/pachuca\/index.php\/wp-json\/wp\/v2\/media?parent=106560"}],"wp:term":[{"taxonomy":"product_brand","embeddable":true,"href":"https:\/\/soydeaqui.ddns.net\/pachuca\/index.php\/wp-json\/wp\/v2\/product_brand?post=106560"},{"taxonomy":"product_cat","embeddable":true,"href":"https:\/\/soydeaqui.ddns.net\/pachuca\/index.php\/wp-json\/wp\/v2\/product_cat?post=106560"},{"taxonomy":"product_tag","embeddable":true,"href":"https:\/\/soydeaqui.ddns.net\/pachuca\/index.php\/wp-json\/wp\/v2\/product_tag?post=106560"}],"curies":[{"name":"wp","href":"https:\/\/api.w.org\/{rel}","templated":true}]}}