{"id":106530,"date":"2026-03-20T16:20:40","date_gmt":"2026-03-20T16:20:40","guid":{"rendered":"https:\/\/soydeaqui.ddns.net\/pachuca\/index.php\/producto\/camara-con-funcion-dsm-ayuda-a-identificar-los-estados-de-conduccion-anormal-fatiga-uso-del-ceular-distraido-no-fumar-compatible-con-dvrs-xmr-epcom\/"},"modified":"2026-03-20T16:20:55","modified_gmt":"2026-03-20T16:20:55","slug":"camara-con-funcion-dsm-ayuda-a-identificar-los-estados-de-conduccion-anormal-fatiga-uso-del-ceular-distraido-no-fumar-compatible-con-dvrs-xmr-epcom","status":"publish","type":"product","link":"https:\/\/soydeaqui.ddns.net\/pachuca\/index.php\/producto\/camara-con-funcion-dsm-ayuda-a-identificar-los-estados-de-conduccion-anormal-fatiga-uso-del-ceular-distraido-no-fumar-compatible-con-dvrs-xmr-epcom\/","title":{"rendered":"C\u00e1mara con Funci\u00f3n DSM \/  Ayuda a Identificar los Estados de Conducci\u00f3n Anormal \/ Fatiga \/ Uso del Ceular \/ Distraido \/ No Fumar \/ Compatible con DVRs XMR epcom"},"content":{"rendered":"<div style='width: 100%; max-width: 1200px; margin: 0 auto; font-family: sans-serif; line-height: 1.6; color: inherit; background-color: transparent;'>\n<div style='width: 100%; margin-bottom: 30px;'> <img style='width: 100%; height: auto; border: 1px solid rgba(150&comma;150&comma;150&comma;0.3); border-radius: 8px;' src='https:\/\/ftp3.syscom.mx\/usuarios\/aberumen\/Banners\/BannerDSM.jpg' alt='Banner DSM'> <\/div>\n<div style='margin-bottom: 30px;'>\n<p style='color: inherit; opacity: 0.7; font-size: 14px;'>\n<h3 style='font-size: 22px; border-bottom: 2px solid currentColor; padding-bottom: 5px; margin-top: 0; color: inherit; opacity: 0.8;'>Seguridad Sobre Ruedas<\/h3>\n<p style='color: inherit; font-size: 15px;'>La seguridad en el transporte p\u00fablico&comma; traslado de mercanc\u00eda&comma; taxis&comma; etc.&comma; es un motivo de preocupaci\u00f3n en caso de accidentes de tr\u00e1nsito o la protecci\u00f3n contra posibles asaltos; los medios de transporte hacen necesaria la existencia de un sistema de gesti\u00f3n central que brinde protecci\u00f3n contra actividades delictivas como hurtos&comma; arrebatos&comma; entre otros.<\/p>\n<\/p><\/div>\n<div style='display: flex; flex-wrap: wrap; gap: 30px; margin-bottom: 30px;'>\n<div style='flex: 1 1 300px; min-width: 280px;'>\n<div style='border-left: 5px solid #080808; border-radius: 8px; padding: 15px; box-shadow: 2px 2px 10px rgba(216&comma;216&comma;216&comma;0.4); background-color: rgba(128&comma; 128&comma; 128&comma; 0.16);'> <strong style='font-size: 18px; color: inherit; display: block; margin-bottom: 10px;'>Caracter\u00edsticas principales:<\/strong> <\/p>\n<ul style='padding-left: 20px; font-size: 15px; color: inherit; list-style-type: disc;'>\n<li style='margin-bottom: 8px;'>C\u00e1mara con funci\u00f3n <strong>DSM para identificaci\u00f3n de estados anormales de conducci\u00f3n<\/strong><\/li>\n<li style='margin-bottom: 8px;'>Lente de 6mm<\/li>\n<li style='margin-bottom: 8px;'>Salida de video AHD&comma; con conector de aviaci\u00f3n 4 pines<\/li>\n<li style='margin-bottom: 8px;'><strong>Compatible con MDVR modelo XMR401NAHDS y XMR401NAHD<\/strong><\/li>\n<\/ul><\/div>\n<\/p><\/div>\n<div style='flex: 1 1 300px; min-width: 280px;'>\n<div style='border-left: 5px solid #080808; border-radius: 8px; padding: 15px; box-shadow: 2px 2px 10px rgba(216&comma;216&comma;216&comma;0.4); background-color: rgba(128&comma; 128&comma; 128&comma; 0.16);'> <strong style='font-size: 18px; color: inherit; display: block; margin-bottom: 10px;'>Caracter\u00edsticas F\u00edsicas y El\u00e9ctricas:<\/strong> <\/p>\n<ul style='padding-left: 20px; font-size: 15px; color: inherit; list-style-type: disc;'>\n<li style='margin-bottom: 8px;'>Voltaje de entrada 12Vcc<\/li>\n<li style='margin-bottom: 8px;'>Temperatura de operaci\u00f3n: -40~70\u00b0C<\/li>\n<\/ul><\/div>\n<\/p><\/div>\n<div style='flex: 1 1 300px; min-width: 280px;'>\n<div style='border-left: 5px solid #080808; border-radius: 8px; padding: 15px; box-shadow: 2px 2px 10px rgba(216&comma;216&comma;216&comma;0.4); background-color: rgba(128&comma; 128&comma; 128&comma; 0.16);'> <strong style='font-size: 18px; color: inherit; display: block; margin-bottom: 10px;'>Caracter\u00edsticas Destacadas:<\/strong> <\/p>\n<ul style='padding-left: 20px; font-size: 15px; color: inherit; list-style-type: disc;'>\n<li style='margin-bottom: 8px;'><strong><\/strong><\/li>\n<\/ul><\/div>\n<\/p><\/div>\n<\/p><\/div>\n<div style='display: flex; flex-wrap: wrap; gap: 30px; margin-bottom: 30px;'>\n<div style='flex: 1 1 400px; min-width: 320px;'>\n<div style='position: relative; padding-bottom: 56.25%; height: 0; overflow: hidden; margin-bottom: 30px;'>   <\/div>\n<\/p><\/div>\n<div style='flex: 1 1 400px; min-width: 320px;'>\n<div style='position: relative; padding-bottom: 56.25%; height: 0; overflow: hidden; margin-bottom: 30px;'>   <\/div>\n<\/p><\/div>\n<\/p><\/div>\n<\/p><\/div>\n","protected":false},"excerpt":{"rendered":"<p>C\u00e1mara con Funci\u00f3n DSM \/  Ayuda a Identificar los Estados de Conducci\u00f3n Anormal \/ Fatiga \/ Uso del Ceular \/ Distraido \/ No Fumar \/ Compatible con DVRs XMR epcom<\/p>\n","protected":false},"featured_media":106529,"comment_status":"open","ping_status":"closed","template":"","meta":[],"product_brand":[],"product_cat":[1408,1406],"product_tag":[93,1409,1474,1345],"class_list":{"0":"post-106530","1":"product","2":"type-product","3":"status-publish","4":"has-post-thumbnail","6":"product_cat-accesorios-dash-cams-y-body-cams","7":"product_cat-videograbadoras-moviles-videovigilancia","8":"product_tag-accesorios","9":"product_tag-dash-cams-y-body-cams","10":"product_tag-streamax","11":"product_tag-videograbadoras-moviles","13":"first","14":"instock","15":"sale","16":"shipping-taxable","17":"purchasable","18":"product-type-simple"},"_links":{"self":[{"href":"https:\/\/soydeaqui.ddns.net\/pachuca\/index.php\/wp-json\/wp\/v2\/product\/106530","targetHints":{"allow":["GET"]}}],"collection":[{"href":"https:\/\/soydeaqui.ddns.net\/pachuca\/index.php\/wp-json\/wp\/v2\/product"}],"about":[{"href":"https:\/\/soydeaqui.ddns.net\/pachuca\/index.php\/wp-json\/wp\/v2\/types\/product"}],"replies":[{"embeddable":true,"href":"https:\/\/soydeaqui.ddns.net\/pachuca\/index.php\/wp-json\/wp\/v2\/comments?post=106530"}],"wp:featuredmedia":[{"embeddable":true,"href":"https:\/\/soydeaqui.ddns.net\/pachuca\/index.php\/wp-json\/wp\/v2\/media\/106529"}],"wp:attachment":[{"href":"https:\/\/soydeaqui.ddns.net\/pachuca\/index.php\/wp-json\/wp\/v2\/media?parent=106530"}],"wp:term":[{"taxonomy":"product_brand","embeddable":true,"href":"https:\/\/soydeaqui.ddns.net\/pachuca\/index.php\/wp-json\/wp\/v2\/product_brand?post=106530"},{"taxonomy":"product_cat","embeddable":true,"href":"https:\/\/soydeaqui.ddns.net\/pachuca\/index.php\/wp-json\/wp\/v2\/product_cat?post=106530"},{"taxonomy":"product_tag","embeddable":true,"href":"https:\/\/soydeaqui.ddns.net\/pachuca\/index.php\/wp-json\/wp\/v2\/product_tag?post=106530"}],"curies":[{"name":"wp","href":"https:\/\/api.w.org\/{rel}","templated":true}]}}