{"id":106520,"date":"2026-03-20T16:20:09","date_gmt":"2026-03-20T16:20:09","guid":{"rendered":"https:\/\/soydeaqui.ddns.net\/pachuca\/index.php\/producto\/adaptador-hdmi-con-pigtail-hembra-hembra-para-vdeo-720-1080p-4k-uhd-compatible-con-faceplates-max-siemon-de-2-salidas-color-blanco\/"},"modified":"2026-03-20T16:20:20","modified_gmt":"2026-03-20T16:20:20","slug":"adaptador-hdmi-con-pigtail-hembra-hembra-para-vdeo-720-1080p-4k-uhd-compatible-con-faceplates-max-siemon-de-2-salidas-color-blanco","status":"publish","type":"product","link":"https:\/\/soydeaqui.ddns.net\/pachuca\/index.php\/producto\/adaptador-hdmi-con-pigtail-hembra-hembra-para-vdeo-720-1080p-4k-uhd-compatible-con-faceplates-max-siemon-de-2-salidas-color-blanco\/","title":{"rendered":"Adaptador HDMI con Pigtail Hembra-Hembra, Para V?deo 720, 1080p, 4K UHD Compatible con Faceplates MAX Siemon de 2 Salidas, Color Blanco"},"content":{"rendered":"<div style='width: 100%; max-width: 1200px; margin: 0 auto; font-family: sans-serif; line-height: 1.6; color: inherit; background-color: transparent;'> <!-- Descripci\u00f3n principal --> <\/p>\n<div style='margin-bottom: 30px; font-size: 15px; color: inherit;'>\n<p style='margin: 0 0 15px; color: inherit;'> Siemon ha mejorado el rendimiento de los cables extensores adaptadores MAX HDMI. Los nuevos cables extensores del adaptador HDMI V 2.0 ahora admiten 4K UHD&comma; Dolby TrueHD&comma; Blue-Ray&comma; HD DVD y DVD-Audio. <\/p>\n<p style='margin: 0 0 15px; color: inherit;'> Este adaptador es ideal para uso en salas de conferencias&comma; aulas&comma; o cualquier espacio que requiera f\u00e1cil acceso para la conexi\u00f3n a los ordenadores port\u00e1tiles&comma; grabadores&comma; u otros controladores de v\u00eddeo para techo o pantallas montadas en pared. <\/p>\n<\/p><\/div>\n<p> <!-- Secci\u00f3n de caracter\u00edsticas --> <\/p>\n<div style='display: flex; flex-wrap: wrap; gap: 30px; margin-bottom: 30px;'>\n<div style='flex: 1 1 300px; min-width: 280px;'>\n<h3 style='font-size: 22px; border-bottom: 2px solid currentColor; padding-bottom: 5px; margin-top: 0; color: inherit; opacity: 0.8;'>Caracter\u00edsticas<\/h3>\n<ul style='padding-left: 20px; font-size: 15px; color: inherit;'>\n<li style='margin-bottom: 5px;'>Ahorro de espacio: Pigtail que extiende la conexi\u00f3n HDMI exterior de la caja de salida&comma; sin preocupaciones de radio de curvatura en cables HDMI con di\u00e1metro m\u00e1s amplio.<\/li>\n<li style='margin-bottom: 5px;'>Dise\u00f1o basado en norma: Soporta aplicaci\u00f3n V 2.0 HDMI para transferir v\u00eddeo y audio sin realizar m\u00e9todos de compresi\u00f3n.<\/li>\n<li style='margin-bottom: 5px;'>Cara modular: El conector HDMI hembra ensambla directamente en un solo espacio de 2 puertos de una placa de pared de la serie MAX o el adaptador de muebles modulares.<\/li>\n<li style='margin-bottom: 5px;'>Montaje vers\u00e1til: Se monta en una posici\u00f3n plana o en angulada para f\u00e1cil acceso.<\/li>\n<li style='margin-bottom: 5px;'>Instalaci\u00f3n frontal: Se instala de manera frontal en cualquier face plate de dos salidas.<\/li>\n<li style='margin-bottom: 5px;'>Conexi\u00f3n de alta calidad: Es compatible con una se\u00f1al de baja p\u00e9rdida de 720p o 1080p de v\u00eddeo en HD&comma; 4K UHD.<\/li>\n<\/ul><\/div>\n<\/p><\/div>\n<p> <!-- Secci\u00f3n de aplicaciones --> <\/p>\n<div style='display: flex; flex-wrap: wrap; gap: 30px; margin-bottom: 30px;'>\n<div style='flex: 1 1 300px; min-width: 280px;'>\n<h3 style='font-size: 22px; border-bottom: 2px solid currentColor; padding-bottom: 5px; margin-top: 0; color: inherit; opacity: 0.8;'>Aplicaciones<\/h3>\n<ul style='padding-left: 20px; font-size: 15px; color: inherit;'>\n<li style='margin-bottom: 5px;'>HDMI V 2.0<\/li>\n<li style='margin-bottom: 5px;'>720 y 1080p&comma; 4K UHD<\/li>\n<li style='margin-bottom: 5px;'>Dolby TrueHD<\/li>\n<li style='margin-bottom: 5px;'>Blue-Ray&comma; HD DVD&comma; DVD-Audio<\/li>\n<\/ul><\/div>\n<\/p><\/div>\n<p> <!-- Secci\u00f3n de im\u00e1genes --> <\/p>\n<div style='display: flex; flex-wrap: wrap; gap: 20px; margin-bottom: 30px; justify-content: center;'>\n<div style='flex: 1 1 300px; min-width: 300px; max-width: 400px;'> <img style='width: 100%; height: auto; border: 1px solid rgba(150&comma;150&comma;150&comma;0.3); border-radius: 8px;' src='https:\/\/ftp3.syscom.mx\/usuarios\/fotos\/MXHD02\/140771-wa_max-hdmi-adapter-extender-cable_pf2_big.jpg' alt=''> <\/div>\n<div style='flex: 1 1 300px; min-width: 300px; max-width: 600px;'> <img style='width: 100%; height: auto; border: 1px solid rgba(150&comma;150&comma;150&comma;0.3); border-radius: 8px;' src='https:\/\/ftp3.syscom.mx\/usuarios\/fotos\/MXHD02\/140771-sin_t%C3%ADtulo.jpeg' alt=''> <\/div>\n<\/p><\/div>\n<p> <!-- Separador final --> <\/p>\n<hr style='border: 0; border-top: 1px solid rgba(150&comma; 150&comma; 150&comma; 0.3); margin: 30px 0;'> <\/div>\n","protected":false},"excerpt":{"rendered":"<p>Adaptador HDMI con Pigtail Hembra-Hembra, Para V?deo 720, 1080p, 4K UHD Compatible con Faceplates MAX Siemon de 2 Salidas, Color Blanco<\/p>\n","protected":false},"featured_media":106519,"comment_status":"open","ping_status":"closed","template":"","meta":[],"product_brand":[],"product_cat":[598],"product_tag":[586,599,600],"class_list":{"0":"post-106520","1":"product","2":"type-product","3":"status-publish","4":"has-post-thumbnail","6":"product_cat-patch-cords","7":"product_tag-cableado-de-cobre","8":"product_tag-patch-cords","9":"product_tag-siemon","11":"first","12":"instock","13":"sale","14":"shipping-taxable","15":"purchasable","16":"product-type-simple"},"_links":{"self":[{"href":"https:\/\/soydeaqui.ddns.net\/pachuca\/index.php\/wp-json\/wp\/v2\/product\/106520","targetHints":{"allow":["GET"]}}],"collection":[{"href":"https:\/\/soydeaqui.ddns.net\/pachuca\/index.php\/wp-json\/wp\/v2\/product"}],"about":[{"href":"https:\/\/soydeaqui.ddns.net\/pachuca\/index.php\/wp-json\/wp\/v2\/types\/product"}],"replies":[{"embeddable":true,"href":"https:\/\/soydeaqui.ddns.net\/pachuca\/index.php\/wp-json\/wp\/v2\/comments?post=106520"}],"wp:featuredmedia":[{"embeddable":true,"href":"https:\/\/soydeaqui.ddns.net\/pachuca\/index.php\/wp-json\/wp\/v2\/media\/106519"}],"wp:attachment":[{"href":"https:\/\/soydeaqui.ddns.net\/pachuca\/index.php\/wp-json\/wp\/v2\/media?parent=106520"}],"wp:term":[{"taxonomy":"product_brand","embeddable":true,"href":"https:\/\/soydeaqui.ddns.net\/pachuca\/index.php\/wp-json\/wp\/v2\/product_brand?post=106520"},{"taxonomy":"product_cat","embeddable":true,"href":"https:\/\/soydeaqui.ddns.net\/pachuca\/index.php\/wp-json\/wp\/v2\/product_cat?post=106520"},{"taxonomy":"product_tag","embeddable":true,"href":"https:\/\/soydeaqui.ddns.net\/pachuca\/index.php\/wp-json\/wp\/v2\/product_tag?post=106520"}],"curies":[{"name":"wp","href":"https:\/\/api.w.org\/{rel}","templated":true}]}}