{"id":106509,"date":"2026-03-20T16:19:36","date_gmt":"2026-03-20T16:19:36","guid":{"rendered":"https:\/\/soydeaqui.ddns.net\/pachuca\/index.php\/producto\/proteccion-activa-domo-ptz-ip-4-megapixel-32x-zoom-200-mts-ir-acusense-evita-falsas-alarmas-ip66-ik10-alerta-audible-y-luz-estroboscopica-autoseguimiento-2-0-hi-poe-darkfighter-2\/"},"modified":"2026-03-20T16:19:50","modified_gmt":"2026-03-20T16:19:50","slug":"proteccion-activa-domo-ptz-ip-4-megapixel-32x-zoom-200-mts-ir-acusense-evita-falsas-alarmas-ip66-ik10-alerta-audible-y-luz-estroboscopica-autoseguimiento-2-0-hi-poe-darkfighter-2","status":"publish","type":"product","link":"https:\/\/soydeaqui.ddns.net\/pachuca\/index.php\/producto\/proteccion-activa-domo-ptz-ip-4-megapixel-32x-zoom-200-mts-ir-acusense-evita-falsas-alarmas-ip66-ik10-alerta-audible-y-luz-estroboscopica-autoseguimiento-2-0-hi-poe-darkfighter-2\/","title":{"rendered":"[ PROTECCI\u00d3N ACTIVA ] Domo PTZ IP 4 Megapixel \/ 32X Zoom \/ 200 mts IR \/ ACUSENSE (Evita Falsas Alarmas) \/ IP66 \/ IK10 \/ Alerta Audible y Luz Estrobosc\u00f3pica \/ Autoseguimiento 2.0 \/ Hi-PoE \/ DARKFIGHTER \/ Rapid Focus \/ MicroSD"},"content":{"rendered":"<div style='width: 100%; max-width: 1200px; margin: 0 auto; font-family: sans-serif; line-height: 1.6; color: inherit; background-color: transparent;'> <!-- Banner inicial --> <\/p>\n<div style='text-align: center; margin: 20px 0;'> <img style='width: 45%; height: auto; border: 1px solid rgba(150&comma;150&comma;150&comma;0.3); border-radius: 8px;' src='https:\/\/ftp3.syscom.mx\/usuarios\/jsosa\/HIKVISION\/imagenes\/logo\/hikvision%20see%20far.png' alt='Banner Inicial'> <\/div>\n<h1 style='text-align: center; font-size: 28px; color: #232a6f; margin: 30px 0;'>Especif\u00edcaciones<\/h1>\n<p> <!-- Caracter\u00edsticas Principales y F\u00edsicas --> <\/p>\n<div style='display: flex; flex-wrap: wrap; gap: 30px; margin-bottom: 30px;'>\n<div style='flex: 1 1 300px; min-width: 280px;'>\n<div style='border: 1px solid rgba(150&comma; 150&comma; 150&comma; 0.4); border-radius: 8px; overflow: hidden;'>\n<div style='padding: 15px; background: #df001e; border-bottom: 1px solid #a80000; color: white; font-size: 18px; font-weight: bold;'>Caracter\u00edsticas Principales<\/div>\n<div style='padding: 15px;'>\n<ul style='padding-left: 20px; font-size: 14px; color: inherit; list-style-type: disc;'>\n<li style='margin-bottom: 5px;'>Resoluci\u00f3n maxima: 4 Megapixel (2560 \u00d7 1440).<\/li>\n<li style='margin-bottom: 5px;'>Iluminaci\u00f3n m\u00ednima: color 0.005 Lux @ (F1.2&comma; AGC ON).<\/li>\n<li style='margin-bottom: 5px;'>D\u00eda \/ Noche Real (filtro ICR).<\/li>\n<li style='margin-bottom: 5px;'>Distancia focal: 5.9 a 188.8 mm (32X zoom \u00f3ptico \/ 16X zoom digital).<\/li>\n<li style='margin-bottom: 5px;'>Distancia de infrarrojo: 200 mts Smart IR.<\/li>\n<li style='margin-bottom: 5px;'>Funciones normales: HLC \/ ROI \/ WDR 120 dB \/ BLC \/ Intrusi\u00f3n de \u00e1rea \/ Cruece de l\u00ednea \/ Defog \/ EIS.<\/li>\n<li style='margin-bottom: 5px;'>Compresi\u00f3n: H.265+ \/ H.265 \/ H.264+ \/ H.264.<\/li>\n<li style='margin-bottom: 5px;'>Compatible con la plataforma de Hik-Connect <a style='color: #0d6efd; text-decoration: none;' href='https:\/\/appstore.hikvision.com\/' target='_blank' rel='noopener'>https:\/\/appstore.hikvision.com\/<\/a><\/li>\n<li style='margin-bottom: 5px; font-weight: bold;'>Alerta audible (bocina integrada).<\/li>\n<li style='margin-bottom: 5px; font-weight: bold;'>Luz estrobosc\u00f3pica (luz blanca).<\/li>\n<\/ul><\/div>\n<\/p><\/div>\n<\/p><\/div>\n<div style='flex: 1 1 300px; min-width: 280px;'>\n<div style='border: 1px solid rgba(150&comma; 150&comma; 150&comma; 0.4); border-radius: 8px; overflow: hidden;'>\n<div style='padding: 15px; background: #df001e; border-bottom: 1px solid #a80000; color: white; font-size: 18px; font-weight: bold;'>Caracter\u00edsticas F\u00edsicas y El\u00e9ctricas<\/div>\n<div style='padding: 15px;'>\n<ul style='padding-left: 20px; font-size: 14px; color: inherit; list-style-type: disc;'>\n<li style='margin-bottom: 5px;'>Alimentaci\u00f3n: 24 VCA \/ Hi-PoE \/ 42 W.<\/li>\n<li style='margin-bottom: 5px;'>Temperatura de operaci\u00f3n: -30\u00b0C a 65\u00b0C \/ Humedad al 90% m\u00e1ximo.<\/li>\n<li style='margin-bottom: 5px;'>Uso en exterior IP66.<\/li>\n<li style='margin-bottom: 5px;'>Antivand\u00e1lico IK10.<\/li>\n<li style='margin-bottom: 5px;'>El PTZ incluye brazo de pared <a style='color: #0d6efd; text-decoration: none;' href='https:\/\/www.syscom.mx\/producto\/DS-1602ZJ-HIKVISION-77700.html' target='_blank' rel='noopener'>DS-1602ZJ<\/a>.<\/li>\n<li style='margin-bottom: 5px;'>Protecci\u00f3n contra sobretensiones y protecci\u00f3n contra voltajes transistorios.<\/li>\n<li style='margin-bottom: 5px;'>Dimensiones: 220 x 363.3 mm.<\/li>\n<li style='margin-bottom: 5px;'>Peso: 5 Kgs.<\/li>\n<li style='margin-bottom: 5px;'>Se recomienda usar el modelo <a style='color: #0d6efd; text-decoration: none;' href='https:\/\/www.syscom.mx\/producto\/LAS60-57CN-RJ45-HIKVISION-72655.html' target='_blank' rel='noopener'>LAS-6057-CNRJ45<\/a> en caso de que requieran alimentar el domo por medio de PoE.<\/li>\n<li style='margin-bottom: 5px; font-weight: bold;'>No incluye fuente de alimentaci\u00f3n&comma; Se recomieda usar <a style='color: #0d6efd; text-decoration: none;' href='https:\/\/www.syscom.mx\/products\/229336' target='_blank' rel='noopener'>RT2470LS<\/a><\/li>\n<li style='margin-top: 10px; font-weight: bold;'>Consulte la ficha t\u00e9cnica para validar los accesorios compatibles&comma; de clic <a style='color: #0d6efd; text-decoration: none;' href='https:\/\/ftp3.syscom.mx\/usuarios\/fcarrillo\/Hikvision\/Specs\/Especificaciones%20Tecnicas%20DS-2DE7A432IW-AEBT5_V5.7.0_20221202.pdf' target='_blank' rel='noopener'>Aqui<\/a><\/li>\n<\/ul><\/div>\n<\/p><\/div>\n<\/p><\/div>\n<\/p><\/div>\n<p> <!-- Interfaces y Caracter\u00edsticas Generales --> <\/p>\n<div style='display: flex; flex-wrap: wrap; gap: 30px; margin-bottom: 30px;'>\n<div style='flex: 1 1 300px; min-width: 280px;'>\n<div style='border: 1px solid rgba(150&comma; 150&comma; 150&comma; 0.4); border-radius: 8px; overflow: hidden;'>\n<div style='padding: 15px; background: #df001e; border-bottom: 1px solid #a80000; color: white; font-size: 18px; font-weight: bold;'>Interfaces Entradas y Salidas<\/div>\n<div style='padding: 15px;'>\n<ul style='padding-left: 20px; font-size: 14px; color: inherit; list-style-type: disc;'>\n<li style='margin-bottom: 5px;'>Entradas de alarma: 2.<\/li>\n<li style='margin-bottom: 5px;'>Salidas de alarma: 1.<\/li>\n<li style='margin-bottom: 5px;'>Entradas de audio: 1.<\/li>\n<li style='margin-bottom: 5px;'>Salidas de audio: 1.<\/li>\n<li style='margin-bottom: 5px;'>Puerto de red: 1 (10 \/ 100 Mbps \/ Hi-PoE).<\/li>\n<li style='margin-bottom: 5px;'>Almacenamiento micro SD de hasta 256 GB \/ ANR (Automatic Network Recovery).<\/li>\n<li style='margin-bottom: 5px;'>Soporta ONVIF (Profile S&comma; Profile G&comma; Profile T) \/ ISUP.<\/li>\n<\/ul><\/div>\n<\/p><\/div>\n<\/p><\/div>\n<div style='flex: 1 1 300px; min-width: 280px;'>\n<div style='border: 1px solid rgba(150&comma; 150&comma; 150&comma; 0.4); border-radius: 8px; overflow: hidden;'>\n<div style='padding: 15px; background: #df001e; border-bottom: 1px solid #a80000; color: white; font-size: 18px; font-weight: bold;'>Caracter\u00edsticas Generales<\/div>\n<div style='padding: 15px;'>\n<ul style='padding-left: 20px; font-size: 14px; color: inherit; list-style-type: disc;'>\n<li style='margin-bottom: 5px;'>Paneo: 360\u00b0.<\/li>\n<li style='margin-bottom: 5px;'>Tildeo: -15\u00b0 a 90\u00ba (auto flip).<\/li>\n<li style='margin-bottom: 5px;'>Preset \/ Patrol \/ Pattern: 300 \/ 8 \/ 4.<\/li>\n<li style='margin-bottom: 5px;'>Reducci\u00f3n de falsas alarmas (ACUSENSE).<\/li>\n<li style='margin-bottom: 5px;'>Funci\u00f3n de PARK ACTION (o Acci\u00f3n de Estacionamiento).<\/li>\n<li style='margin-bottom: 5px;'>Soporta tareas calendarizadas.<\/li>\n<li style='margin-bottom: 5px;'>Soporta hasta 20 usuarios simult\u00e1neos.<\/li>\n<\/ul><\/div>\n<\/p><\/div>\n<\/p><\/div>\n<\/p><\/div>\n<p> <!-- Caracter\u00edsticas Destacadas --> <\/p>\n<div style='margin-bottom: 30px;'>\n<div style='border: 1px solid rgba(150&comma; 150&comma; 150&comma; 0.4); border-radius: 8px; overflow: hidden;'>\n<div style='padding: 15px; background: #df001e; border-bottom: 1px solid #a80000; color: white; font-size: 18px; font-weight: bold;'>Caracter\u00edsticas Destacadas<\/div>\n<div style='padding: 15px;'>\n<ul style='padding-left: 20px; font-size: 14px; color: inherit; list-style-type: disc;'>\n<li style='margin-bottom: 15px;'> <strong style='font-family: verdana&comma; geneva&comma; sans-serif;'>Tecnolog\u00eda DarkFighter y Bajo Rendimiento de Luz:<\/strong>\n<ul style='padding-left: 20px; margin-top: 8px; list-style-type: circle;'>\n<li>Ofrece una excelente calidad de imagen en condiciones de poca luz&comma; con una iluminaci\u00f3n<\/li>\n<\/ul>\n<\/li>\n<li style='margin-bottom: 15px;'> <strong style='font-family: verdana&comma; geneva&comma; sans-serif;'>Acusense con Clasificaci\u00f3n de Objetos mediante Deep Learning:<\/strong>\n<ul style='padding-left: 20px; margin-top: 8px; list-style-type: circle;'>\n<li>Utiliza algoritmos de aprendizaje profundo para clasificar personas y veh\u00edculos&comma; reduciendo falsas alarmas y mejorando la eficacia en la detecci\u00f3n.<\/li>\n<\/ul>\n<\/li>\n<li style='margin-bottom: 15px;'> <strong style='font-family: verdana&comma; geneva&comma; sans-serif;'>Alarma Audio-Visual Integrada:<\/strong>\n<ul style='padding-left: 20px; margin-top: 8px; list-style-type: circle;'>\n<li style='margin-bottom: 5px;'>Cuando la c\u00e1mara detecta un evento configurado (por ejemplo&comma; intrusi\u00f3n&comma; cruce de l\u00ednea)&comma; puede activar un destello de luz blanca intermitente.<\/li>\n<li style='margin-bottom: 5px;'>Su objetivo principal es ahuyentar intrusos&comma; llamar la atenci\u00f3n y disuadir actividades sospechosas en tiempo real.<\/li>\n<\/ul>\n<\/li>\n<li style='margin-bottom: 5px;'>Se recomienda usar NVR\u00b4s NXI-K&comma; NI-K&comma; NI-I&comma; NI-M&comma; NXI-I&comma; NXI-M.<\/li>\n<\/ul><\/div>\n<\/p><\/div>\n<\/p><\/div>\n<p> <!-- Videos --> <\/p>\n<div style='margin-bottom: 30px;'>\n<h2 style='font-size: 22px; margin-bottom: 20px; color: inherit; border-bottom: 2px solid currentColor; padding-bottom: 5px;'>AcuSense<\/h2>\n<div style='display: grid; grid-template-columns: repeat(auto-fill&comma; minmax(280px&comma; 1fr)); gap: 20px; margin-bottom: 30px;'>\n<div style='position: relative; padding-bottom: 56.25%; height: 0; overflow: hidden;'>   <\/div>\n<div style='position: relative; padding-bottom: 56.25%; height: 0; overflow: hidden;'>   <\/div>\n<\/p><\/div>\n<h2 style='font-size: 22px; margin-bottom: 20px; color: inherit; border-bottom: 2px solid currentColor; padding-bottom: 5px;'>Zoom y DarkFighter<\/h2>\n<div style='display: grid; grid-template-columns: repeat(auto-fill&comma; minmax(280px&comma; 1fr)); gap: 20px; margin-bottom: 30px;'>\n<div style='position: relative; padding-bottom: 56.25%; height: 0; overflow: hidden;'>   <\/div>\n<div style='position: relative; padding-bottom: 56.25%; height: 0; overflow: hidden;'>   <\/div>\n<div style='position: relative; padding-bottom: 56.25%; height: 0; overflow: hidden;'>   <\/div>\n<\/p><\/div>\n<h2 style='font-size: 22px; margin-bottom: 20px; color: inherit; border-bottom: 2px solid currentColor; padding-bottom: 5px;'>Auto Seguimiento y DarkFighter<\/h2>\n<div style='display: grid; grid-template-columns: repeat(auto-fill&comma; minmax(280px&comma; 1fr)); gap: 20px; margin-bottom: 30px;'>\n<div style='position: relative; padding-bottom: 56.25%; height: 0; overflow: hidden;'>   <\/div>\n<div style='position: relative; padding-bottom: 56.25%; height: 0; overflow: hidden;'>   <\/div>\n<div style='position: relative; padding-bottom: 56.25%; height: 0; overflow: hidden;'>   <\/div>\n<\/p><\/div>\n<\/p><\/div>\n<p> <!-- Imagen DARKFIGHTER --> <\/p>\n<div style='margin-bottom: 30px;'>\n<div style='display: flex; flex-wrap: wrap; gap: 30px; align-items: center;'>\n<div style='flex: 1 1 300px; min-width: 280px;'>\n<h3 style='font-size: 22px; border-bottom: 2px solid currentColor; padding-bottom: 5px; margin-top: 0; color: inherit; opacity: 0.8;'>DARKFIGHTER<\/h3>\n<ul style='padding-left: 20px; font-size: 14px; color: inherit; list-style-type: disc;'>\n<li style='margin-bottom: 5px;'>Imagen a color con muy poca iluminaci\u00f3n.<\/li>\n<li style='margin-bottom: 5px;'>Con la iluminaci\u00f3n natural o con el poco alumbrado p\u00fablico logra mostrar mayor detalle en la imagen.<\/li>\n<\/ul><\/div>\n<div style='flex: 1 1 300px; min-width: 280px;'> <img style='width: 100%; height: auto; border: 1px solid rgba(150&comma;150&comma;150&comma;0.3); border-radius: 8px;' src='https:\/\/ftp3.syscom.mx\/usuarios\/jsosa\/HIKVISION\/videos\/ids\/4%20MP%20DarkFighter%20Performance%20Test.gif' alt='DARKFIGHTER Performance'> <\/div>\n<\/p><\/div>\n<\/p><\/div>\n<p> <!-- Banner soluci\u00f3n completa --> <\/p>\n<div style='margin-bottom: 30px;'> <img style='width: 100%; height: auto; border: 1px solid rgba(150&comma;150&comma;150&comma;0.3); border-radius: 8px;' src='https:\/\/ftp3.syscom.mx\/usuarios\/jsosa\/HIKVISION\/imagenes\/banners\/solution%20complete.png' alt='Soluci\u00f3n Completa'> <\/div>\n<\/p><\/div>\n","protected":false},"excerpt":{"rendered":"<p>[ PROTECCI\u00d3N ACTIVA ] Domo PTZ IP 4 Megapixel \/ 32X Zoom \/ 200 mts IR \/ ACUSENSE (Evita Falsas Alarmas) \/ IP66 \/ IK10 \/ Alerta Audible y Luz Estrobosc\u00f3pica \/ Autoseguimiento 2.0 \/ Hi-PoE \/ DARKFIGHTER \/ Rapid Focus \/ MicroSD<\/p>\n","protected":false},"featured_media":106508,"comment_status":"open","ping_status":"closed","template":"","meta":[],"product_brand":[],"product_cat":[1224],"product_tag":[122,54,1225],"class_list":{"0":"post-106509","1":"product","2":"type-product","3":"status-publish","4":"has-post-thumbnail","6":"product_cat-ptz","7":"product_tag-camaras-ip-y-nvrs","8":"product_tag-hikvision","9":"product_tag-ptz","11":"first","12":"instock","13":"sale","14":"shipping-taxable","15":"purchasable","16":"product-type-simple"},"_links":{"self":[{"href":"https:\/\/soydeaqui.ddns.net\/pachuca\/index.php\/wp-json\/wp\/v2\/product\/106509","targetHints":{"allow":["GET"]}}],"collection":[{"href":"https:\/\/soydeaqui.ddns.net\/pachuca\/index.php\/wp-json\/wp\/v2\/product"}],"about":[{"href":"https:\/\/soydeaqui.ddns.net\/pachuca\/index.php\/wp-json\/wp\/v2\/types\/product"}],"replies":[{"embeddable":true,"href":"https:\/\/soydeaqui.ddns.net\/pachuca\/index.php\/wp-json\/wp\/v2\/comments?post=106509"}],"wp:featuredmedia":[{"embeddable":true,"href":"https:\/\/soydeaqui.ddns.net\/pachuca\/index.php\/wp-json\/wp\/v2\/media\/106508"}],"wp:attachment":[{"href":"https:\/\/soydeaqui.ddns.net\/pachuca\/index.php\/wp-json\/wp\/v2\/media?parent=106509"}],"wp:term":[{"taxonomy":"product_brand","embeddable":true,"href":"https:\/\/soydeaqui.ddns.net\/pachuca\/index.php\/wp-json\/wp\/v2\/product_brand?post=106509"},{"taxonomy":"product_cat","embeddable":true,"href":"https:\/\/soydeaqui.ddns.net\/pachuca\/index.php\/wp-json\/wp\/v2\/product_cat?post=106509"},{"taxonomy":"product_tag","embeddable":true,"href":"https:\/\/soydeaqui.ddns.net\/pachuca\/index.php\/wp-json\/wp\/v2\/product_tag?post=106509"}],"curies":[{"name":"wp","href":"https:\/\/api.w.org\/{rel}","templated":true}]}}