{"id":106502,"date":"2026-03-20T16:19:12","date_gmt":"2026-03-20T16:19:12","guid":{"rendered":"https:\/\/soydeaqui.ddns.net\/pachuca\/index.php\/producto\/proteccion-activa-domo-ptz-ip-8-megapixel-25x-zoom-200-mts-ir-acusense-evita-falsas-alarmas-ip66-ik10-alerta-audible-y-luz-estroboscopica-autoseguimiento-2-0-hi-poe-darkfighter-2\/"},"modified":"2026-03-20T16:19:31","modified_gmt":"2026-03-20T16:19:31","slug":"proteccion-activa-domo-ptz-ip-8-megapixel-25x-zoom-200-mts-ir-acusense-evita-falsas-alarmas-ip66-ik10-alerta-audible-y-luz-estroboscopica-autoseguimiento-2-0-hi-poe-darkfighter-2","status":"publish","type":"product","link":"https:\/\/soydeaqui.ddns.net\/pachuca\/index.php\/producto\/proteccion-activa-domo-ptz-ip-8-megapixel-25x-zoom-200-mts-ir-acusense-evita-falsas-alarmas-ip66-ik10-alerta-audible-y-luz-estroboscopica-autoseguimiento-2-0-hi-poe-darkfighter-2\/","title":{"rendered":"[ PROTECCI\u00d3N ACTIVA ] Domo PTZ IP 8 Megapixel \/ 25X Zoom \/ 200 mts IR \/ ACUSENSE (Evita Falsas Alarmas) \/ IP66 \/ IK10 \/ Alerta Audible y Luz Estrobosc\u00f3pica \/ Autoseguimiento 2.0 \/ Hi-PoE \/ DARKFIGHTER \/ Rapid Focus \/ microSD"},"content":{"rendered":"<div style='width: 100%; max-width: 1200px; margin: 0 auto; font-family: sans-serif; line-height: 1.6; color: inherit; background-color: transparent;'> <!-- Logo Hikvision --> <\/p>\n<div style='text-align: center; margin: 30px 0;'> <img style='width: 45%; height: auto; border: 1px solid rgba(150&comma;150&comma;150&comma;0.3); border-radius: 8px;' src='https:\/\/ftp3.syscom.mx\/usuarios\/jsosa\/HIKVISION\/imagenes\/logo\/hikvision%20see%20far.png' alt='Logo Hikvision'> <\/div>\n<p> <!-- Especificaciones --> <\/p>\n<h1 style='text-align: center; font-size: 24px; color: #232a6f; margin-bottom: 30px;'>Especif\u00edcaciones<\/h1>\n<p> <!-- Secci\u00f3n de caracter\u00edsticas --> <\/p>\n<div style='display: flex; flex-wrap: wrap; gap: 30px; margin-bottom: 30px;'> <!-- Caracter\u00edsticas Principales --> <\/p>\n<div style='flex: 1 1 300px; min-width: 280px;'>\n<h3 style='font-size: 22px; border-bottom: 2px solid currentColor; padding-bottom: 5px; margin-top: 0; color: inherit; opacity: 0.8;'>Caracter\u00edsticas Principales<\/h3>\n<ul style='padding-left: 20px; font-size: 15px; color: inherit;'>\n<li style='margin-bottom: 5px;'>Resoluci\u00f3n m\u00e1xima: 8 Megapixel (3840 \u00d7 2160)<\/li>\n<li style='margin-bottom: 5px;'>Iluminaci\u00f3n m\u00ednima: color 0.005 Lux @ (F1.2&comma; AGC ON)<\/li>\n<li style='margin-bottom: 5px;'>D\u00eda \/ Noche Real (filtro ICR)<\/li>\n<li style='margin-bottom: 5px;'>Distancia focal: 5.9 a 147.5 mm (25X zoom \u00f3ptico \/ 16X zoom digital)<\/li>\n<li style='margin-bottom: 5px;'>Distancia de infrarrojo: 200 mts Smart IR<\/li>\n<li style='margin-bottom: 5px;'>Funciones normales: HLC \/ ROI \/ WDR 120 dB \/ BLC \/ Intrusi\u00f3n de \u00e1rea \/ Cruce de l\u00ednea \/ Defog \/ EIS<\/li>\n<li style='margin-bottom: 5px;'>Compresi\u00f3n: H.265+ \/ H.265 \/ H.264+ \/ H.264<\/li>\n<li style='margin-bottom: 5px;'>Compatible con la plataforma de Hik-Connect <a style='color: #0d6efd; text-decoration: none;' href='https:\/\/appstore.hikvision.com\/' target='_blank' rel='noopener'>https:\/\/appstore.hikvision.com\/<\/a><\/li>\n<li style='margin-bottom: 5px; font-weight: bold;'>Alerta audible (bocina integrada)<\/li>\n<li style='margin-bottom: 5px; font-weight: bold;'>Luz estrobosc\u00f3pica (luz blanca)<\/li>\n<\/ul><\/div>\n<p> <!-- Caracter\u00edsticas F\u00edsicas y El\u00e9ctricas --> <\/p>\n<div style='flex: 1 1 300px; min-width: 280px;'>\n<h3 style='font-size: 22px; border-bottom: 2px solid currentColor; padding-bottom: 5px; margin-top: 0; color: inherit; opacity: 0.8;'>Caracter\u00edsticas F\u00edsicas y El\u00e9ctricas<\/h3>\n<ul style='padding-left: 20px; font-size: 15px; color: inherit;'>\n<li style='margin-bottom: 5px;'>Alimentaci\u00f3n: 24 VCA \/ Hi-PoE \/ 42 W<\/li>\n<li style='margin-bottom: 5px;'>Temperatura de operaci\u00f3n: -30\u00b0C a 65\u00b0C \/ Humedad al 90% m\u00e1ximo<\/li>\n<li style='margin-bottom: 5px;'>Uso en exterior IP66<\/li>\n<li style='margin-bottom: 5px;'>Antivand\u00e1lico IK10<\/li>\n<li style='margin-bottom: 5px;'>El PTZ incluye brazo de pared <a style='color: #0d6efd; text-decoration: none;' href='https:\/\/www.syscom.mx\/producto\/DS-1602ZJ-HIKVISION-77700.html' target='_blank' rel='noopener'>DS-1602ZJ<\/a><\/li>\n<li style='margin-bottom: 5px;'>Protecci\u00f3n contra sobretensiones y protecci\u00f3n contra voltajes transistorios<\/li>\n<li style='margin-bottom: 5px;'>Dimensiones: 220 x 363.3 mm<\/li>\n<li style='margin-bottom: 5px;'>Peso: 5 Kgs<\/li>\n<li style='margin-bottom: 5px;'>Se recomienda usar el modelo <a style='color: #0d6efd; text-decoration: none;' href='https:\/\/www.syscom.mx\/producto\/LAS60-57CN-RJ45-HIKVISION-72655.html' target='_blank' rel='noopener'>LAS-6057-CNRJ45<\/a> en caso de alimentar el domo por medio de PoE<\/li>\n<li style='margin-bottom: 5px;'>No incluye fuente de alimentaci\u00f3n<\/li>\n<\/ul><\/div>\n<\/p><\/div>\n<p> <!-- Secci\u00f3n de interfaces y funcionalidades --> <\/p>\n<div style='display: flex; flex-wrap: wrap; gap: 30px; margin-bottom: 30px;'> <!-- Interfaces Entradas y Salidas --> <\/p>\n<div style='flex: 1 1 300px; min-width: 280px;'>\n<h3 style='font-size: 22px; border-bottom: 2px solid currentColor; padding-bottom: 5px; margin-top: 0; color: inherit; opacity: 0.8;'>Interfaces Entradas y Salidas<\/h3>\n<ul style='padding-left: 20px; font-size: 15px; color: inherit;'>\n<li style='margin-bottom: 5px;'>Paneo: 360\u00b0<\/li>\n<li style='margin-bottom: 5px;'>Tildeo: -15\u00b0 a 90\u00ba (auto flip)<\/li>\n<li style='margin-bottom: 5px;'>Preset \/ Patrol \/ Pattern: 300 \/ 8 \/ 4<\/li>\n<li style='margin-bottom: 5px;'>Reducci\u00f3n de falsas alarmas (ACUSENSE)<\/li>\n<li style='margin-bottom: 5px;'>Funci\u00f3n de PARK ACTION (funci\u00f3n de casa)<\/li>\n<li style='margin-bottom: 5px;'>Soporta tareas calendarizadas<\/li>\n<li style='margin-bottom: 5px;'>Soporta hasta 20 usuarios simult\u00e1neos<\/li>\n<li style='margin-bottom: 5px;'>Entradas de alarma: 2<\/li>\n<li style='margin-bottom: 5px;'>Salidas de alarma: 1<\/li>\n<li style='margin-bottom: 5px;'>Entradas de audio: 1<\/li>\n<li style='margin-bottom: 5px;'>Salidas de audio: 1<\/li>\n<li style='margin-bottom: 5px;'>Puerto de red: 1 (10 \/ 100 Mbps \/ Hi-PoE)<\/li>\n<li style='margin-bottom: 5px;'>Almacenamiento micro SD de hasta 256 GB \/ ANR (Automatic Network Recovery)<\/li>\n<li style='margin-bottom: 5px;'>Soporta ONVIF (Profile S&comma; Profile G&comma; Profile T) \/ ISUP<\/li>\n<\/ul><\/div>\n<p> <!-- Funci\u00f3n de Grabaci\u00f3n y Visualizaci\u00f3n --> <\/p>\n<div style='flex: 1 1 300px; min-width: 280px;'>\n<h3 style='font-size: 22px; border-bottom: 2px solid currentColor; padding-bottom: 5px; margin-top: 0; color: inherit; opacity: 0.8;'>Funci\u00f3n de Grabaci\u00f3n y Visualizaci\u00f3n<\/h3>\n<ul style='padding-left: 20px; font-size: 15px; color: inherit;'>\n<li style='margin-bottom: 5px;'>Detecci\u00f3n de movimiento multizona<\/li>\n<li style='margin-bottom: 5px;'>Zoom digital en visualizaci\u00f3n y grabaci\u00f3n<\/li>\n<li style='margin-bottom: 5px;'>Detecci\u00f3n de cruce de l\u00ednea&comma; detecci\u00f3n de intrusi\u00f3n&comma; detecci\u00f3n de entrada a la regi\u00f3n&comma; detecci\u00f3n de salida de la regi\u00f3n&comma; detecci\u00f3n de equipaje desatendido&comma; detecci\u00f3n de extracci\u00f3n de objetos<\/li>\n<li style='margin-bottom: 5px;'>AutoSeguimiento 2.0<\/li>\n<\/ul><\/div>\n<\/p><\/div>\n<p> <!-- Capacidad de Procesamiento y Funciones de red --> <\/p>\n<div style='margin-bottom: 30px;'>\n<h3 style='font-size: 22px; border-bottom: 2px solid currentColor; padding-bottom: 5px; margin-top: 0; color: inherit; opacity: 0.8;'>Capacidad de Procesamiento y Funciones de red<\/h3>\n<ul style='padding-left: 20px; font-size: 15px; color: inherit;'>\n<li style='margin-bottom: 5px;'>Consulte la ficha t\u00e9cnica para validar los accesorios compatibles&comma; de clic <a style='color: #0d6efd; text-decoration: none;' href='https:\/\/ftp3.syscom.mx\/usuarios\/fcarrillo\/Hikvision\/Specs\/Especificaciones%20Tecnicas%20DS-2DE7A825IW-AEBT5_V5.7.0_20220714.pdf' target='_blank' rel='noopener'>Aqu\u00ed<\/a><\/li>\n<\/ul><\/div>\n<p> <!-- Caracter\u00edsticas destacadas --> <\/p>\n<div style='margin-bottom: 30px;'>\n<h3 style='font-size: 22px; border-bottom: 2px solid currentColor; padding-bottom: 5px; margin-top: 0; color: inherit; opacity: 0.8;'>Caracter\u00edsticas destacadas<\/h3>\n<ul style='padding-left: 20px; font-size: 15px; color: inherit;'>\n<li style='margin-bottom: 5px;'><strong>ACUSENSE:<\/strong> Con la tecnolog\u00eda Deep Learning podremos evitar las falsas alarmas ocasionadas por los movimientos de pixeles como son el movimiento de las ramas de un \u00e1rbol&comma; movimiento de cortinas&comma; lluvias&comma; animales&comma; etc. Con la tecnolog\u00eda ACUSENSE tendremos una detecci\u00f3n efectiva ya que solo se activar\u00e1 el evento o grabaci\u00f3n cuando detecte cuerpos humanos o veh\u00edculos para as\u00ed poder evitar falsas alarmas.<\/li>\n<li style='margin-bottom: 5px;'>Al momento de detectar un humano o veh\u00edculo&comma; podemos activar de manera autom\u00e1tica la alerta audible y tambi\u00e9n encender la luz estrobosc\u00f3pica.<\/li>\n<li style='margin-bottom: 5px;'>Se recomienda usar NVR&#8217;s NI-K \/ NI-I \/ NX-I<\/li>\n<\/ul><\/div>\n<p> <!-- Secci\u00f3n de videos --> <\/p>\n<div style='margin-bottom: 30px;'>\n<div style='margin-bottom: 30px;'>\n<div style='display: flex; flex-wrap: wrap; gap: 30px; justify-content: center;'>\n<div style='flex: 1 1 560px; min-width: 300px;'>\n<h3 style='text-align: center; font-size: 18px; margin-bottom: 15px; color: inherit;'><strong>AcuSense \u00c1reas Restringidas<\/strong><\/h3>\n<div style='position: relative; padding-bottom: 56.25%; height: 0; overflow: hidden; margin-bottom: 30px;'>   <\/div>\n<\/p><\/div>\n<div style='flex: 1 1 560px; min-width: 300px;'>\n<h3 style='text-align: center; font-size: 18px; margin-bottom: 15px; color: inherit;'><strong>AcuSense Almacenes<\/strong><\/h3>\n<div style='position: relative; padding-bottom: 56.25%; height: 0; overflow: hidden; margin-bottom: 30px;'>   <\/div>\n<\/p><\/div>\n<\/p><\/div>\n<\/p><\/div>\n<div style='margin-bottom: 30px;'>\n<div style='display: flex; flex-wrap: wrap; gap: 30px; justify-content: center;'>\n<div style='flex: 1 1 560px; min-width: 300px;'>\n<h4 style='text-align: center; font-size: 16px; margin-bottom: 15px; color: inherit;'><strong>Zoom \u00d3ptico<\/strong><\/h4>\n<div style='position: relative; padding-bottom: 56.25%; height: 0; overflow: hidden; margin-bottom: 30px;'>   <\/div>\n<\/p><\/div>\n<div style='flex: 1 1 560px; min-width: 300px;'>\n<h4 style='text-align: center; font-size: 16px; margin-bottom: 15px; color: inherit;'><strong>DARK FIGHTER Evidencia a Color<\/strong><\/h4>\n<div style='position: relative; padding-bottom: 56.25%; height: 0; overflow: hidden; margin-bottom: 30px;'>   <\/div>\n<\/p><\/div>\n<div style='flex: 1 1 560px; min-width: 300px;'>\n<h4 style='text-align: center; font-size: 16px; margin-bottom: 15px; color: inherit;'><strong>Hikvision DARK FIGHTER<\/strong><\/h4>\n<div style='position: relative; padding-bottom: 56.25%; height: 0; overflow: hidden; margin-bottom: 30px;'>   <\/div>\n<\/p><\/div>\n<\/p><\/div>\n<\/p><\/div>\n<div style='margin-bottom: 30px;'>\n<div style='display: flex; flex-wrap: wrap; gap: 30px; justify-content: center;'>\n<div style='flex: 1 1 560px; min-width: 300px;'>\n<h4 style='text-align: center; font-size: 16px; margin-bottom: 15px; color: inherit;'><strong>Auto Seguimiento de Noche<\/strong><\/h4>\n<div style='position: relative; padding-bottom: 56.25%; height: 0; overflow: hidden; margin-bottom: 30px;'>   <\/div>\n<\/p><\/div>\n<div style='flex: 1 1 560px; min-width: 300px;'>\n<h4 style='text-align: center; font-size: 16px; margin-bottom: 15px; color: inherit;'><strong>DARK FIGHTER 8MP<\/strong><\/h4>\n<div style='position: relative; padding-bottom: 56.25%; height: 0; overflow: hidden; margin-bottom: 30px;'>   <\/div>\n<\/p><\/div>\n<div style='flex: 1 1 560px; min-width: 300px;'>\n<h4 style='text-align: center; font-size: 16px; margin-bottom: 15px; color: inherit;'><strong>DARK FIGHTER 2MP<\/strong><\/h4>\n<div style='position: relative; padding-bottom: 56.25%; height: 0; overflow: hidden; margin-bottom: 30px;'>   <\/div>\n<\/p><\/div>\n<\/p><\/div>\n<\/p><\/div>\n<\/p><\/div>\n<p> <!-- Secci\u00f3n DARKFIGHTER --> <\/p>\n<div style='margin-bottom: 30px;'>\n<h3 style='font-size: 22px; border-bottom: 2px solid currentColor; padding-bottom: 5px; margin-top: 0; color: inherit; opacity: 0.8;'>DARKFIGHTER<\/h3>\n<ul style='padding-left: 20px; font-size: 15px; color: inherit;'>\n<li style='margin-bottom: 5px;'>Imagen a color con muy poca iluminaci\u00f3n<\/li>\n<li style='margin-bottom: 5px;'>Con la iluminaci\u00f3n natural o con el poco alumbrado p\u00fablico logra mostrar mayor detalle en la imagen<\/li>\n<\/ul><\/div>\n<p> <!-- Imagen DARKFIGHTER --> <\/p>\n<div style='margin-bottom: 30px;'> <img style='width: 100%; height: auto; border: 1px solid rgba(150&comma;150&comma;150&comma;0.3); border-radius: 8px;' src='https:\/\/ftp3.syscom.mx\/usuarios\/jsosa\/HIKVISION\/videos\/ids\/4%20MP%20DarkFighter%20Performance%20Test.gif' alt='DARKFIGHTER Performance Test'> <\/div>\n<p> <!-- Banner soluci\u00f3n completa --> <\/p>\n<div style='margin-bottom: 30px;'> <img style='width: 100%; height: auto; border: 1px solid rgba(150&comma;150&comma;150&comma;0.3); border-radius: 8px;' src='https:\/\/ftp3.syscom.mx\/usuarios\/jsosa\/HIKVISION\/imagenes\/banners\/solution%20complete.png' alt='Soluci\u00f3n completa Hikvision'> <\/div>\n<\/p><\/div>\n","protected":false},"excerpt":{"rendered":"<p>[ PROTECCI\u00d3N ACTIVA ] Domo PTZ IP 8 Megapixel \/ 25X Zoom \/ 200 mts IR \/ ACUSENSE (Evita Falsas Alarmas) \/ IP66 \/ IK10 \/ Alerta Audible y Luz Estrobosc\u00f3pica \/ Autoseguimiento 2.0 \/ Hi-PoE \/ DARKFIGHTER \/ Rapid Focus \/ microSD<\/p>\n","protected":false},"featured_media":106501,"comment_status":"open","ping_status":"closed","template":"","meta":[],"product_brand":[],"product_cat":[1224],"product_tag":[122,54,1225],"class_list":{"0":"post-106502","1":"product","2":"type-product","3":"status-publish","4":"has-post-thumbnail","6":"product_cat-ptz","7":"product_tag-camaras-ip-y-nvrs","8":"product_tag-hikvision","9":"product_tag-ptz","11":"first","12":"instock","13":"sale","14":"shipping-taxable","15":"purchasable","16":"product-type-simple"},"_links":{"self":[{"href":"https:\/\/soydeaqui.ddns.net\/pachuca\/index.php\/wp-json\/wp\/v2\/product\/106502","targetHints":{"allow":["GET"]}}],"collection":[{"href":"https:\/\/soydeaqui.ddns.net\/pachuca\/index.php\/wp-json\/wp\/v2\/product"}],"about":[{"href":"https:\/\/soydeaqui.ddns.net\/pachuca\/index.php\/wp-json\/wp\/v2\/types\/product"}],"replies":[{"embeddable":true,"href":"https:\/\/soydeaqui.ddns.net\/pachuca\/index.php\/wp-json\/wp\/v2\/comments?post=106502"}],"wp:featuredmedia":[{"embeddable":true,"href":"https:\/\/soydeaqui.ddns.net\/pachuca\/index.php\/wp-json\/wp\/v2\/media\/106501"}],"wp:attachment":[{"href":"https:\/\/soydeaqui.ddns.net\/pachuca\/index.php\/wp-json\/wp\/v2\/media?parent=106502"}],"wp:term":[{"taxonomy":"product_brand","embeddable":true,"href":"https:\/\/soydeaqui.ddns.net\/pachuca\/index.php\/wp-json\/wp\/v2\/product_brand?post=106502"},{"taxonomy":"product_cat","embeddable":true,"href":"https:\/\/soydeaqui.ddns.net\/pachuca\/index.php\/wp-json\/wp\/v2\/product_cat?post=106502"},{"taxonomy":"product_tag","embeddable":true,"href":"https:\/\/soydeaqui.ddns.net\/pachuca\/index.php\/wp-json\/wp\/v2\/product_tag?post=106502"}],"curies":[{"name":"wp","href":"https:\/\/api.w.org\/{rel}","templated":true}]}}