{"id":106478,"date":"2026-03-20T16:17:49","date_gmt":"2026-03-20T16:17:49","guid":{"rendered":"https:\/\/soydeaqui.ddns.net\/pachuca\/index.php\/producto\/kit-de-herramientas-de-28-piezas\/"},"modified":"2026-03-20T16:18:22","modified_gmt":"2026-03-20T16:18:22","slug":"kit-de-herramientas-de-28-piezas","status":"publish","type":"product","link":"https:\/\/soydeaqui.ddns.net\/pachuca\/index.php\/producto\/kit-de-herramientas-de-28-piezas\/","title":{"rendered":"Kit de Herramientas de 28  Piezas."},"content":{"rendered":"<div style='width: 100%; max-width: 1200px; margin: 0 auto; font-family: sans-serif; line-height: 1.6; color: inherit; background-color: transparent;'> <!-- Secci\u00f3n de caracter\u00edsticas --> <\/p>\n<div style='display: flex; flex-wrap: wrap; gap: 30px; margin-bottom: 30px;'>\n<div style='flex: 1 1 300px; min-width: 280px;'>\n<h3 style='font-size: 22px; border-bottom: 2px solid currentColor; padding-bottom: 5px; margin-top: 0; color: inherit; opacity: 0.8;'>Caracter\u00edsticas<\/h3>\n<ul style='padding-left: 20px; font-size: 15px; color: inherit;'>\n<li style='margin-bottom: 5px;'>Kit de herramientas de 28&nbsp;piezas con herramientas manuales de alta calidad com\u00fanmente utilizadas por profesionales o aprendices<\/li>\n<li style='margin-bottom: 5px;'>El Kit de herramientas incluye: 4&nbsp;tipos de pinzas&comma; 6&nbsp;desarmadores&comma; 7&nbsp;desarmadores de caja&comma; juego de llaves hexagonales&comma; nivel torpedo&comma; herramienta para ponchar\/cortar y pelacables\/cortacables<\/li>\n<li style='margin-bottom: 5px;'>El kit tambi\u00e9n incluye: NCVT con linterna&comma; probador GFCI&comma; navaja multiusos&comma; cinta de medici\u00f3n&comma; bolso de lona con cierre rel\u00e1mpago&comma; mochila para herramientas y gafas protectoras<\/li>\n<li style='margin-bottom: 5px;'>Mochila para herramientas Tradesman Pro\u2122 con 39&nbsp;bolsillos (Cat. n.o&nbsp;55421BP-14) cuenta con un bolsillo frontal r\u00edgido moldeado para gafas de seguridad y el bolso de lona con cierre rel\u00e1mpago (Cat. n.\u00ba&nbsp;5139) fabricado en lona n.\u00ba&nbsp;10<\/li>\n<li style='margin-bottom: 5px;'>4&nbsp;pinzas: pinzas de punta de corte lateral de alta resistencia de 8&#8221;&comma; pinzas de 9&#8221; con extractor de gu\u00eda jalacables&comma; pinzas de corte diagonal de 8&#8221; con cabeza en \u00e1ngulo y pinzas de 10&#8221; para bombas (Cat. n.\u00ba&nbsp;D203-8&comma; D213-9NETP&comma; D248-8 y D502-10)<\/li>\n<li style='margin-bottom: 5px;'>Pelacables\/cortacables&comma; cable s\u00f3lido de 10-18&nbsp;AWG&comma; herramienta para ponchar\/cortar&comma; 10-22&nbsp;AWG y navaja multiusos plegable con un mango de aluminio resistente con alojamiento para cuchilla plegable (Cat. n.\u00ba&nbsp;11045&comma; 105 y 44131)<\/li>\n<li style='margin-bottom: 5px;'>Desarmadores de punta ranurada de 3\/16&#8221; y 1\/4&#8221;&comma; punta plana de 5\/16&#8221;&comma; punta Phillips n.\u00ba&nbsp;2 y punta cuadrada n.\u00ba&nbsp;2&comma; desarmador para escariar e instalar tubos conduit (Cat. n.\u00ba&nbsp;601-6&comma; 605- 4&comma; 602-6&comma; 603-4&comma; 662 y 85191)<\/li>\n<li style='margin-bottom: 5px;'>7&nbsp;desarmadores de caja: Desarmador de caja de 3\/16&#8221;&comma; 1\/4&#8221;&comma; 5\/16&#8221;&comma; 11\/32&#8221;&comma; 3\/8&#8221;&comma; 7\/16&#8221; y 1\/2&#8221;&comma; barra hueca de 3&#8221; (Cat. n.\u00ba&nbsp;630-3\/16&comma; 630-1\/4&comma; 630-5\/16&comma; 630-11\/32&comma; 630-3\/8&comma; 630-7\/16 y 630-1\/2)<\/li>\n<li style='margin-bottom: 5px;'>Juego de llaves hexagonales plegables Pro (Cat. n.\u00ba 70550)&comma; probador de voltaje sin contacto de doble rango con linterna (Cat. n.\u00ba&nbsp;NCVT-3P)&comma; probador de recept\u00e1culo GFCI (Cat. n.\u00ba&nbsp;RT210)<\/li>\n<li style='margin-bottom: 5px;'>Cinta de medici\u00f3n de 25&#8242; con gancho sencillo (Cat. n.\u00ba&nbsp;9125) nivel torpedo de aluminio de 9&#8221; (Cat. n.o&nbsp;935R) y gafas de seguridad transparentes est\u00e1ndares con cristales de perfil bajo y estrecho (Cat. n.\u00ba&nbsp;60159)<\/li>\n<\/ul><\/div>\n<\/p><\/div>\n<p> <!-- Secci\u00f3n de \u00edconos --> <\/p>\n<div style='display: flex; flex-wrap: wrap; gap: 20px; margin-bottom: 30px;'>\n<div style='flex: 1 1 150px; min-width: 150px;'> <img style='width: 100%; height: auto; border: 1px solid rgba(150&comma;150&comma;150&comma;0.3); border-radius: 8px;' src='https:\/\/www.kleintools.com.mx\/sites\/all\/product_assets\/icons\/klein\/wp_journeyman.jpg' alt=''> <\/div>\n<div style='flex: 1 1 150px; min-width: 150px;'> <img style='width: 100%; height: auto; border: 1px solid rgba(150&comma;150&comma;150&comma;0.3); border-radius: 8px;' src='https:\/\/www.kleintools.com.mx\/sites\/all\/product_assets\/icons\/klein\/wp_made-usa-global-en.jpg' alt=''> <\/div>\n<\/p><\/div>\n<p> <!-- Separador --> <\/p>\n<hr style='border: 0; border-top: 1px solid rgba(150&comma; 150&comma; 150&comma; 0.3); margin: 30px 0;'> <\/div>\n","protected":false},"excerpt":{"rendered":"<p>Kit de Herramientas de 28  Piezas.<\/p>\n","protected":false},"featured_media":106477,"comment_status":"open","ping_status":"closed","template":"","meta":[],"product_brand":[],"product_cat":[1138],"product_tag":[1058,1139,432],"class_list":{"0":"post-106478","1":"product","2":"type-product","3":"status-publish","4":"has-post-thumbnail","6":"product_cat-herramientas-mecanicas","7":"product_tag-ferreteria","8":"product_tag-herramientas-mecanicas","9":"product_tag-klein-tools","11":"first","12":"outofstock","13":"sale","14":"shipping-taxable","15":"purchasable","16":"product-type-simple"},"_links":{"self":[{"href":"https:\/\/soydeaqui.ddns.net\/pachuca\/index.php\/wp-json\/wp\/v2\/product\/106478","targetHints":{"allow":["GET"]}}],"collection":[{"href":"https:\/\/soydeaqui.ddns.net\/pachuca\/index.php\/wp-json\/wp\/v2\/product"}],"about":[{"href":"https:\/\/soydeaqui.ddns.net\/pachuca\/index.php\/wp-json\/wp\/v2\/types\/product"}],"replies":[{"embeddable":true,"href":"https:\/\/soydeaqui.ddns.net\/pachuca\/index.php\/wp-json\/wp\/v2\/comments?post=106478"}],"wp:featuredmedia":[{"embeddable":true,"href":"https:\/\/soydeaqui.ddns.net\/pachuca\/index.php\/wp-json\/wp\/v2\/media\/106477"}],"wp:attachment":[{"href":"https:\/\/soydeaqui.ddns.net\/pachuca\/index.php\/wp-json\/wp\/v2\/media?parent=106478"}],"wp:term":[{"taxonomy":"product_brand","embeddable":true,"href":"https:\/\/soydeaqui.ddns.net\/pachuca\/index.php\/wp-json\/wp\/v2\/product_brand?post=106478"},{"taxonomy":"product_cat","embeddable":true,"href":"https:\/\/soydeaqui.ddns.net\/pachuca\/index.php\/wp-json\/wp\/v2\/product_cat?post=106478"},{"taxonomy":"product_tag","embeddable":true,"href":"https:\/\/soydeaqui.ddns.net\/pachuca\/index.php\/wp-json\/wp\/v2\/product_tag?post=106478"}],"curies":[{"name":"wp","href":"https:\/\/api.w.org\/{rel}","templated":true}]}}