{"id":10646,"date":"2026-03-18T07:39:08","date_gmt":"2026-03-18T07:39:08","guid":{"rendered":"https:\/\/soydeaqui.ddns.net\/pachuca\/index.php\/producto\/cable-de-fibra-ptica-de-6-hilos-interior-tight-buffer-no-conductiva-dielctrica-plenum-multimodo-om3-50-125-optimizada-1-metro-3-28-pies\/"},"modified":"2026-03-18T07:39:09","modified_gmt":"2026-03-18T07:39:09","slug":"cable-de-fibra-ptica-de-6-hilos-interior-tight-buffer-no-conductiva-dielctrica-plenum-multimodo-om3-50-125-optimizada-1-metro-3-28-pies","status":"publish","type":"product","link":"https:\/\/soydeaqui.ddns.net\/pachuca\/index.php\/producto\/cable-de-fibra-ptica-de-6-hilos-interior-tight-buffer-no-conductiva-dielctrica-plenum-multimodo-om3-50-125-optimizada-1-metro-3-28-pies\/","title":{"rendered":"Cable de Fibra ?ptica de 6 Hilos, Interior, Tight Buffer, No Conductiva (Diel?ctrica), Plenum, Multimodo OM3 50\/125 Optimizada, 1 Metro (3.28 Pies)"},"content":{"rendered":"<div style='width: 100%; max-width: 1200px; margin: 0 auto; font-family: sans-serif; line-height: 1.6; color: inherit; background-color: transparent;'> <!-- Secci\u00f3n de introducci\u00f3n --> <\/p>\n<div style='margin-bottom: 30px; font-size: 15px;'>\n<p>Los cables de fibra \u00f3ptica de tubo apretado interior de Siemon son ideales para centros de datos&comma; campus y cableado vertical de edificios. Los cables de fibra \u00f3ptica de Siemon est\u00e1n disponibles en configuraciones XGLO y LightSystem que soportan aplicaciones de alta velocidad&comma; tales como Gigabit Ethernet&comma; 10 Gigabit Ethernet&comma; Gigabit ATM y Fiber Channel.<\/p>\n<\/p><\/div>\n<p> <!-- Secci\u00f3n de caracter\u00edsticas principales --> <\/p>\n<div style='display: flex; flex-wrap: wrap; gap: 30px; margin-bottom: 30px;'>\n<div style='flex: 1 1 300px; min-width: 280px;'>\n<h3 style='font-size: 22px; border-bottom: 2px solid currentColor; padding-bottom: 5px; margin-top: 0; color: inherit; opacity: 0.8;'>Caracter\u00edsticas T\u00e9cnicas<\/h3>\n<ul style='padding-left: 20px; font-size: 15px; color: inherit;'>\n<li style='margin-bottom: 5px;'><strong>Tipo:<\/strong> Fibra \u00f3ptica interior tight buffer<\/li>\n<li style='margin-bottom: 5px;'><strong>Cantidad de hilos:<\/strong> 6 hilos<\/li>\n<li style='margin-bottom: 5px;'><strong>Tipo de fibra:<\/strong> Multimodo OM3 50\/125\u03bcm optimizada para l\u00e1ser<\/li>\n<li style='margin-bottom: 5px;'><strong>Tipo de construcci\u00f3n:<\/strong> 1 tubo de 6 fibras<\/li>\n<li style='margin-bottom: 5px;'><strong>Tipo de revestimiento:<\/strong> Tight Buffer 900\u03bcm<\/li>\n<li style='margin-bottom: 5px;'><strong>Revestimiento de fibra \u00f3ptica:<\/strong> 125\u03bcm<\/li>\n<li style='margin-bottom: 5px;'><strong>Material diel\u00e9ctrico:<\/strong> Fibra \u00f3ptica no conductiva (diel\u00e9ctrica)<\/li>\n<li style='margin-bottom: 5px;'><strong>Clasificaci\u00f3n de fuego:<\/strong> Tipo Plenum (OFNP)<\/li>\n<li style='margin-bottom: 5px;'><strong>Identificaci\u00f3n:<\/strong> C\u00f3digo de colores TIA-598-C<\/li>\n<li style='margin-bottom: 5px;'><strong>Marcas de longitud:<\/strong> Cada 2 pies (0.61m)<\/li>\n<\/ul><\/div>\n<p> <!-- Secci\u00f3n de cumplimiento de est\u00e1ndares --> <\/p>\n<div style='flex: 1 1 300px; min-width: 280px;'>\n<h3 style='font-size: 22px; border-bottom: 2px solid currentColor; padding-bottom: 5px; margin-top: 0; color: inherit; opacity: 0.8;'>Cumplimiento de Est\u00e1ndares<\/h3>\n<ul style='padding-left: 20px; font-size: 15px; color: inherit;'>\n<li style='margin-bottom: 5px;'>ISO\/IEC 11801:2002 OM3<\/li>\n<li style='margin-bottom: 5px;'>ANSI\/TIA\/EIA-568-C.3<\/li>\n<li style='margin-bottom: 5px;'>ANSI\/TIA-598-C<\/li>\n<li style='margin-bottom: 5px;'>ANSI\/TIA-492 AAAC<\/li>\n<li style='margin-bottom: 5px;'>Telcordia GR-409-CORE<\/li>\n<li style='margin-bottom: 5px;'>IEC 60793-2-10 Fibra tipo A1a.3<\/li>\n<li style='margin-bottom: 5px;'>Cumple con RoHS<\/li>\n<\/ul><\/div>\n<\/p><\/div>\n<p> <!-- Secci\u00f3n de especificaciones f\u00edsicas --> <\/p>\n<div style='display: flex; flex-wrap: wrap; gap: 20px; margin-bottom: 30px;'>\n<div style='flex: 1 1 250px; border: 1px solid rgba(150&comma; 150&comma; 150&comma; 0.4); border-radius: 8px; overflow: hidden; display: flex; flex-direction: column;'>\n<div style='padding: 15px; border-bottom: 1px solid rgba(150&comma; 150&comma; 150&comma; 0.2); font-weight: bold; font-size: 18px; color: inherit;'>Especificaciones F\u00edsicas<\/div>\n<div style='padding: 15px; color: inherit;'>\n<ul style='padding-left: 20px; margin: 0; font-size: 14px; list-style-type: disc;'>\n<li style='margin-bottom: 5px;'><strong>Di\u00e1metro del cable:<\/strong> 4.8 mm (0.19&#8242;)<\/li>\n<li style='margin-bottom: 5px;'><strong>Tensi\u00f3n m\u00e1xima de instalaci\u00f3n:<\/strong> 660 N (148 lbs)<\/li>\n<li style='margin-bottom: 5px;'><strong>Tensi\u00f3n m\u00e1xima a largo plazo:<\/strong> 440 N (99 lbs)<\/li>\n<li style='margin-bottom: 5px;'><strong>Resistencia a la compresi\u00f3n:<\/strong> 22 N\/mm<\/li>\n<li style='margin-bottom: 5px;'><strong>Resistencia a la flexi\u00f3n:<\/strong> 25\/100 ciclos<\/li>\n<li style='margin-bottom: 5px;'><strong>Peso neto:<\/strong> 25 kg\/km (16.5 lbs\/1000 ft)<\/li>\n<li style='margin-bottom: 5px;'><strong>Temperatura de operaci\u00f3n:<\/strong> -20\u00b0C a 50\u00b0C<\/li>\n<li style='margin-bottom: 5px;'><strong>Temperatura de instalaci\u00f3n:<\/strong> 0\u00b0C a 60\u00b0C<\/li>\n<li style='margin-bottom: 5px;'><strong>Temperatura de almacenamiento:<\/strong> -40\u00b0C a 60\u00b0C<\/li>\n<li style='margin-bottom: 5px;'><strong>Radio m\u00ednimo de curvatura:<\/strong> 15 x Di\u00e1metro del cable<\/li>\n<\/ul><\/div>\n<\/p><\/div>\n<p> <!-- Secci\u00f3n de aplicaciones --> <\/p>\n<div style='flex: 1 1 250px; border: 1px solid rgba(150&comma; 150&comma; 150&comma; 0.4); border-radius: 8px; overflow: hidden; display: flex; flex-direction: column;'>\n<div style='padding: 15px; border-bottom: 1px solid rgba(150&comma; 150&comma; 150&comma; 0.2); font-weight: bold; font-size: 18px; color: inherit;'>Aplicaciones Soportadas<\/div>\n<div style='padding: 15px; color: inherit;'>\n<ul style='padding-left: 20px; margin: 0; font-size: 14px; list-style-type: disc;'>\n<li style='margin-bottom: 5px;'>10GBASE-L (1310 nm): 8&comma;000m<\/li>\n<li style='margin-bottom: 5px;'>10GBASE-E (1550 nm): 30&comma;000m<\/li>\n<li style='margin-bottom: 5px;'>10G Fibre Channel (Serial-1310 nm): 10&comma;000m<\/li>\n<li style='margin-bottom: 5px;'>10G Fibre Channel (WDM-1310 nm): 10&comma;000m<\/li>\n<li style='margin-bottom: 5px;'>1000BASE-LX (1300 nm): 600m<\/li>\n<li style='margin-bottom: 5px;'>Fibre Channel 266 (1300 nm): 1&comma;500m<\/li>\n<li style='margin-bottom: 5px;'>ATM 622 (1300 nm): 500m<\/li>\n<li style='margin-bottom: 5px;'>ATM 155 (1300 nm): 2&comma;000m<\/li>\n<li style='margin-bottom: 5px;'>FDDI (Original-1300 nm): 2&comma;000m<\/li>\n<li style='margin-bottom: 5px;'>100BASE-FX (1300 nm): 2&comma;000m<\/li>\n<\/ul><\/div>\n<\/p><\/div>\n<p> <!-- Secci\u00f3n de especificaciones de transmisi\u00f3n --> <\/p>\n<div style='flex: 1 1 250px; border: 1px solid rgba(150&comma; 150&comma; 150&comma; 0.4); border-radius: 8px; overflow: hidden; display: flex; flex-direction: column;'>\n<div style='padding: 15px; border-bottom: 1px solid rgba(150&comma; 150&comma; 150&comma; 0.2); font-weight: bold; font-size: 18px; color: inherit;'>Especificaciones de Transmisi\u00f3n<\/div>\n<div style='padding: 15px; color: inherit;'>\n<ul style='padding-left: 20px; margin: 0; font-size: 14px; list-style-type: disc;'>\n<li style='margin-bottom: 5px;'><strong>Ancho de banda (850 nm):<\/strong> 2000 MHz\u00b7km<\/li>\n<li style='margin-bottom: 5px;'><strong>Ancho de banda (1300 nm):<\/strong> 500 MHz\u00b7km<\/li>\n<li style='margin-bottom: 5px;'><strong>Atenuaci\u00f3n m\u00e1xima (850 nm):<\/strong> 3.5 dB\/km<\/li>\n<li style='margin-bottom: 5px;'><strong>Atenuaci\u00f3n m\u00e1xima (1300 nm):<\/strong> 1.0 dB\/km<\/li>\n<li style='margin-bottom: 5px;'><strong>\u00cdndice de refracci\u00f3n (850 nm):<\/strong> 1.483<\/li>\n<li style='margin-bottom: 5px;'><strong>\u00cdndice de refracci\u00f3n (1300 nm):<\/strong> 1.479<\/li>\n<\/ul><\/div>\n<\/p><\/div>\n<\/p><\/div>\n<p> <!-- Secci\u00f3n de materiales y construcci\u00f3n --> <\/p>\n<div style='margin-bottom: 30px;'>\n<h3 style='font-size: 22px; border-bottom: 2px solid currentColor; padding-bottom: 5px; margin-top: 0; color: inherit; opacity: 0.8;'>Materiales y Construcci\u00f3n<\/h3>\n<ul style='padding-left: 20px; font-size: 15px; color: inherit;'>\n<li style='margin-bottom: 5px;'><strong>Material del revestimiento:<\/strong> PVC para OFNR&comma; FRPVC para OFNP<\/li>\n<li style='margin-bottom: 5px;'><strong>Cuerda de desgarre (Rip Cord):<\/strong> Aplicada longitudinalmente bajo la chaqueta del cable<\/li>\n<li style='margin-bottom: 5px;'><strong>Miembro central de refuerzo:<\/strong> Material diel\u00e9ctrico ligero s\u00f3lido<\/li>\n<li style='margin-bottom: 5px;'><strong>Yarns de aramida:<\/strong> Identificaci\u00f3n codificada por colores<\/li>\n<\/ul><\/div>\n<p> <!-- Separador --> <\/p>\n<hr style='border: 0; border-top: 1px solid rgba(150&comma; 150&comma; 150&comma; 0.3); margin: 30px 0;'> <\/div>\n","protected":false},"excerpt":{"rendered":"<p>Cable de Fibra ?ptica de 6 Hilos, Interior, Tight Buffer, No Conductiva (Diel?ctrica), Plenum, Multimodo OM3 50\/125 Optimizada, 1 Metro (3.28 Pies)<\/p>\n","protected":false},"featured_media":10645,"comment_status":"open","ping_status":"closed","template":"","meta":[],"product_brand":[],"product_cat":[610],"product_tag":[612,611,600],"class_list":{"0":"post-10646","1":"product","2":"type-product","3":"status-publish","4":"has-post-thumbnail","6":"product_cat-cable","7":"product_tag-cable","8":"product_tag-fibra-optica","9":"product_tag-siemon","11":"first","12":"outofstock","13":"sale","14":"shipping-taxable","15":"purchasable","16":"product-type-simple"},"_links":{"self":[{"href":"https:\/\/soydeaqui.ddns.net\/pachuca\/index.php\/wp-json\/wp\/v2\/product\/10646","targetHints":{"allow":["GET"]}}],"collection":[{"href":"https:\/\/soydeaqui.ddns.net\/pachuca\/index.php\/wp-json\/wp\/v2\/product"}],"about":[{"href":"https:\/\/soydeaqui.ddns.net\/pachuca\/index.php\/wp-json\/wp\/v2\/types\/product"}],"replies":[{"embeddable":true,"href":"https:\/\/soydeaqui.ddns.net\/pachuca\/index.php\/wp-json\/wp\/v2\/comments?post=10646"}],"wp:featuredmedia":[{"embeddable":true,"href":"https:\/\/soydeaqui.ddns.net\/pachuca\/index.php\/wp-json\/wp\/v2\/media\/10645"}],"wp:attachment":[{"href":"https:\/\/soydeaqui.ddns.net\/pachuca\/index.php\/wp-json\/wp\/v2\/media?parent=10646"}],"wp:term":[{"taxonomy":"product_brand","embeddable":true,"href":"https:\/\/soydeaqui.ddns.net\/pachuca\/index.php\/wp-json\/wp\/v2\/product_brand?post=10646"},{"taxonomy":"product_cat","embeddable":true,"href":"https:\/\/soydeaqui.ddns.net\/pachuca\/index.php\/wp-json\/wp\/v2\/product_cat?post=10646"},{"taxonomy":"product_tag","embeddable":true,"href":"https:\/\/soydeaqui.ddns.net\/pachuca\/index.php\/wp-json\/wp\/v2\/product_tag?post=10646"}],"curies":[{"name":"wp","href":"https:\/\/api.w.org\/{rel}","templated":true}]}}