{"id":106458,"date":"2026-03-20T16:16:45","date_gmt":"2026-03-20T16:16:45","guid":{"rendered":"https:\/\/soydeaqui.ddns.net\/pachuca\/index.php\/producto\/domo-ptz-ip-4-megapixel-25x-zoom-100-mts-ir-exterior-ip66-darkfighter-acusense-evita-falsas-alarmas-deteccion-facial-wdr-120-db-entrada-y-salida-de-audio-y-alarmas-hlc-eis-poe-2\/"},"modified":"2026-03-20T16:16:52","modified_gmt":"2026-03-20T16:16:52","slug":"domo-ptz-ip-4-megapixel-25x-zoom-100-mts-ir-exterior-ip66-darkfighter-acusense-evita-falsas-alarmas-deteccion-facial-wdr-120-db-entrada-y-salida-de-audio-y-alarmas-hlc-eis-poe-2","status":"publish","type":"product","link":"https:\/\/soydeaqui.ddns.net\/pachuca\/index.php\/producto\/domo-ptz-ip-4-megapixel-25x-zoom-100-mts-ir-exterior-ip66-darkfighter-acusense-evita-falsas-alarmas-deteccion-facial-wdr-120-db-entrada-y-salida-de-audio-y-alarmas-hlc-eis-poe-2\/","title":{"rendered":"Domo PTZ IP 4 Megapixel \/ 25X Zoom \/ 100 mts IR \/ Exterior IP66 \/ DARKFIGHTER \/ ACUSENSE (Evita Falsas Alarmas) \/ Detecci\u00f3n Facial \/ WDR 120 dB \/ Entrada y Salida de Audio y Alarmas \/ HLC \/ EIS \/ PoE+ \/ Micro SD"},"content":{"rendered":"<div style='width: 100%; max-width: 1200px; margin: 0 auto; font-family: sans-serif; line-height: 1.6; color: inherit; background-color: transparent;'>\n<p style='text-align: center; margin: 0; padding: 0;'> <img style='width: 100%; max-width: 400px; height: auto; border: 1px solid rgba(150&comma;150&comma;150&comma;0.3); border-radius: 8px;' src='https:\/\/ftp3.syscom.mx\/usuarios\/jsosa\/HIKVISION\/imagenes\/logo\/hikvision%20see%20far.png' alt='Logo Hikvision'> <\/p>\n<div style='display: flex; flex-wrap: wrap; gap: 30px; margin: 30px 0;'>\n<div style='flex: 1 1 300px; min-width: 280px;'>\n<div style='border: 1px solid rgba(150&comma;150&comma;150&comma;0.4); border-radius: 8px; padding: 15px; background-color: rgba(255&comma;0&comma;0&comma;0.05);'>\n<h3 style='font-size: 20px; border-bottom: 2px solid currentColor; padding-bottom: 5px; margin-top: 0; margin-bottom: 15px; color: inherit; opacity: 0.8;'>Caracter\u00edsticas principales<\/h3>\n<ul style='padding-left: 20px; font-size: 15px; color: inherit; margin: 0;'>\n<li style='margin-bottom: 8px;'>Resoluci\u00f3n m\u00e1xima: 4 Megapixel (2560 x 1440)<\/li>\n<li style='margin-bottom: 8px;'>Sensor CMOS 1\/2.8\u201d scan progresivo (High performance)<\/li>\n<li style='margin-bottom: 8px;'>Iluminaci\u00f3n m\u00ednima: color 0.005 Lux @ (F1.6&comma; AGC ON)<\/li>\n<li style='margin-bottom: 8px;'>D\u00eda \/ Noche Real (filtro ICR)<\/li>\n<li style='margin-bottom: 8px;'>Distancia focal: 4.8 a 120 mm (25X zoom \u00f3ptico \/ 16X zoom digital)<\/li>\n<li style='margin-bottom: 8px;'>Distancia de infrarrojo: 100 mts Smart IR<\/li>\n<li style='margin-bottom: 8px;'>Funciones normales: WDR 120 dB \/ HLC \/ BLC \/ 3D DNR \/ Defog \/ EIS<\/li>\n<li style='margin-bottom: 8px;'>Funciones avanzadas: Detecci\u00f3n de rostro \/ Detecci\u00f3n de intrusi\u00f3n \/ Cruce de l\u00ednea \/ Entrada y Salida de regi\u00f3n \/ Objeto olvidado \/ Objeto removido<\/li>\n<li style='margin-bottom: 8px;'>Compresi\u00f3n: H.265+ \/ H.265 \/ H.264+ \/ H.264<\/li>\n<li style='margin-bottom: 8px;'>Compatible con la plataforma de Hik-Connect <a style='color: inherit; text-decoration: underline;' href='https:\/\/appstore.hikvision.com\/' target='_blank' rel='noopener'>https:\/\/appstore.hikvision.com\/<\/a><\/li>\n<\/ul><\/div>\n<\/p><\/div>\n<div style='flex: 1 1 300px; min-width: 280px;'>\n<div style='border: 1px solid rgba(150&comma;150&comma;150&comma;0.4); border-radius: 8px; padding: 15px; background-color: rgba(255&comma;0&comma;0&comma;0.05);'>\n<h3 style='font-size: 20px; border-bottom: 2px solid currentColor; padding-bottom: 5px; margin-top: 0; margin-bottom: 15px; color: inherit; opacity: 0.8;'>Caracter\u00edsticas F\u00edsicas y El\u00e9ctricas<\/h3>\n<ul style='padding-left: 20px; font-size: 15px; color: inherit; margin: 0;'>\n<li style='margin-bottom: 8px;'>Alimentaci\u00f3n: 12 Vcc \/ PoE 802.3 at \/ 18 W<\/li>\n<li style='margin-bottom: 8px;'>Temperatura de operaci\u00f3n: -30\u00b0C a 65\u00b0C \/ Humedad al 90% m\u00e1ximo<\/li>\n<li style='margin-bottom: 8px;'>Uso en exterior IP66<\/li>\n<li style='margin-bottom: 8px;'>El PTZ incluye brazo de pared <a style='color: inherit; text-decoration: underline;' href='https:\/\/www.syscom.mx\/producto\/DS-1618ZJ-HIKVISION-69383.html' target='_blank' rel='noopener'>DS-1618ZJ<\/a><\/li>\n<li style='margin-bottom: 8px;'>Protecci\u00f3n contra sobretensiones y protecci\u00f3n contra voltajes transistorios<\/li>\n<li style='margin-bottom: 8px;'>Dimensiones: 164.5 x 290 mm<\/li>\n<li style='margin-bottom: 8px;'>Peso: 2 Kgs<\/li>\n<li style='margin-bottom: 8px;'>No incluye fuente de alimentaci\u00f3n<\/li>\n<\/ul><\/div>\n<\/p><\/div>\n<div style='flex: 1 1 300px; min-width: 280px;'>\n<div style='border: 1px solid rgba(150&comma;150&comma;150&comma;0.4); border-radius: 8px; padding: 15px; background-color: rgba(255&comma;0&comma;0&comma;0.05);'>\n<h3 style='font-size: 20px; border-bottom: 2px solid currentColor; padding-bottom: 5px; margin-top: 0; margin-bottom: 15px; color: inherit; opacity: 0.8;'>Funciones Generales<\/h3>\n<ul style='padding-left: 20px; font-size: 15px; color: inherit; margin: 0;'>\n<li style='margin-bottom: 8px;'>Paneo: 360\u00b0<\/li>\n<li style='margin-bottom: 8px;'>Tilt: -15\u00b0 a 90\u00ba (auto flip)<\/li>\n<li style='margin-bottom: 8px;'>Preset \/ Patrol \/ Pattern: 300 \/ 8 \/ 4<\/li>\n<li style='margin-bottom: 8px;'>Funci\u00f3n de PARK ACTION (funci\u00f3n de casa)<\/li>\n<li style='margin-bottom: 8px;'>Funci\u00f3n de PARK ACTION (funci\u00f3n de casa)<\/li>\n<li style='margin-bottom: 8px;'>Soporta tareas calendarizadas<\/li>\n<li style='margin-bottom: 8px;'>Soporta hasta 20 usuarios simult\u00e1neos<\/li>\n<li style='margin-bottom: 8px;'>Entradas de alarma: 1<\/li>\n<li style='margin-bottom: 8px;'>Salidas de alarma: 1<\/li>\n<li style='margin-bottom: 8px;'>Entradas de audio: 1<\/li>\n<li style='margin-bottom: 8px;'>Salidas de audio: 1<\/li>\n<li style='margin-bottom: 8px;'>Puerto de red: 1 (10 \/ 100 Mbps \/ PoE 802.3at)<\/li>\n<li style='margin-bottom: 8px;'>Almacenamiento micro SD de hasta 256 GB \/ ANR (Automatic Network Recovery)<\/li>\n<li style='margin-bottom: 8px;'>Soporta ONVIF (Profile S&comma; Profile G&comma; Profile T) \/ ISUP<\/li>\n<\/ul><\/div>\n<\/p><\/div>\n<\/p><\/div>\n<div style='display: flex; flex-wrap: wrap; gap: 30px; margin: 30px 0;'>\n<div style='flex: 1 1 300px; min-width: 280px;'>\n<div style='border: 1px solid rgba(150&comma;150&comma;150&comma;0.4); border-radius: 8px; padding: 15px; background-color: rgba(255&comma;0&comma;0&comma;0.05);'>\n<h3 style='font-size: 20px; border-bottom: 2px solid currentColor; padding-bottom: 5px; margin-top: 0; margin-bottom: 15px; color: inherit; opacity: 0.8;'>Accesorios<\/h3>\n<ul style='padding-left: 20px; font-size: 15px; color: inherit; margin: 0;'>\n<li style='margin-bottom: 8px;'>Montaje de techo tipo tubo&comma; modelo: <a style='color: inherit; text-decoration: underline;' href='https:\/\/www.syscom.mx\/producto\/DS-1661ZJ-HIKVISION-69425.html' target='_blank' rel='noopener'>DS-1661ZJ<\/a><\/li>\n<li style='margin-bottom: 8px;'>Montaje de poste&comma; modelo: <a style='color: inherit; text-decoration: underline;' href='https:\/\/www.syscom.mx\/producto\/DS-1604ZJ-POLE-HIKVISION-175737.html' target='_blank' rel='noopener'>DS-1604ZJ-POLE<\/a><\/li>\n<li style='margin-bottom: 8px;'>Montaje de pared con caja de conexi\u00f3n&comma; modelo: <a style='color: inherit; text-decoration: underline;' href='https:\/\/www.syscom.mx\/producto\/DS-1604ZJ-BOX-POLE-HIKVISION-158618.html' target='_blank' rel='noopener'>DS-1604ZJ-BOX-POLE<\/a><\/li>\n<li style='margin-bottom: 8px;'>Montaje de techo sin tubo de extensi\u00f3n&comma; modelo: <a style='color: inherit; text-decoration: underline;' href='https:\/\/www.syscom.mx\/producto\/DS-1663ZJ-HIKVISION-75318.html' target='_blank' rel='noopener'>DS-1663ZJ<\/a><\/li>\n<li style='margin-bottom: 8px;'>Montaje tipo ganzo&comma; modelo: <a style='color: inherit; text-decoration: underline;' href='https:\/\/www.syscom.mx\/producto\/DS-1619ZJ-HIKVISION-84690.html' target='_blank' rel='noopener'>DS-1619ZJ<\/a><\/li>\n<li style='margin-bottom: 8px;'>Montaje parapeto sobre pared&comma; modelo: <a style='color: inherit; text-decoration: underline;' href='https:\/\/www.syscom.mx\/producto\/DS-1660ZJ-HIKVISION-82609.html' target='_blank' rel='noopener'>DS-1660ZJ<\/a><\/li>\n<li style='margin-bottom: 8px;'>Montaje de pared para exterior&comma; modelo: <a style='color: inherit; text-decoration: underline;' href='https:\/\/www.syscom.mx\/producto\/DS-1604ZJ-BOX-HIKVISION-190298.html' target='_blank' rel='noopener'>DS-1604ZJ-BOX<\/a><\/li>\n<li style='margin-bottom: 8px;'>Montaje de techo tipo tubo&comma; modelo: <a style='color: inherit; text-decoration: underline;' href='https:\/\/www.syscom.mx\/producto\/DS-1662ZJ-HIKVISION-69426.html' target='_blank' rel='noopener'>DS-1662ZJ<\/a><\/li>\n<li style='margin-bottom: 8px;'>Joystick USB&comma; modelo: <a style='color: inherit; text-decoration: underline;' href='https:\/\/www.syscom.mx\/producto\/DS-1005KI-HIKVISION-74492.html' target='_blank' rel='noopener'>DS-1005KI<\/a><\/li>\n<li style='margin-bottom: 8px;'>Montaje de esquina con caja de conexi\u00f3n&comma; modelo: <a style='color: inherit; text-decoration: underline;' href='https:\/\/www.syscom.mx\/producto\/DS-1604ZJ-BOX-CORNER-HIKVISION-201010.html' target='_blank' rel='noopener'>DS-1604ZJ-BOX-CORNER<\/a><\/li>\n<li style='margin-bottom: 8px;'>Montaje de pared para exterior&comma; modelo: <a style='color: inherit; text-decoration: underline;' href='https:\/\/www.syscom.mx\/producto\/DS-1604ZJ-HIKVISION-157288.html' target='_blank' rel='noopener'>DS-1604ZJ<\/a><\/li>\n<li style='margin-bottom: 8px;'>Montaje de domo&comma; modelo: <a style='color: inherit; text-decoration: underline;' href='https:\/\/www.syscom.mx\/producto\/DS-1681ZJ-HIKVISION-205961.html' target='_blank' rel='noopener'>DS-1681ZJ<\/a><\/li>\n<li style='margin-bottom: 8px;'>Montaje de plaf\u00f3n&comma; modelo: <a style='color: inherit; text-decoration: underline;' href='https:\/\/www.syscom.mx\/producto\/DS-1671ZJ-SDM9-HIKVISION-162945.html' target='_blank' rel='noopener'>DS-1671ZJ-SDM9<\/a><\/li>\n<li style='margin-bottom: 8px;'>Montaje de pared para interior o exterior&comma; modelo: <a style='color: inherit; text-decoration: underline;' href='https:\/\/www.syscom.mx\/producto\/DS-1602ZJ-HIKVISION-77700.html' target='_blank' rel='noopener'>DS-1602ZJ<\/a><\/li>\n<\/ul><\/div>\n<\/p><\/div>\n<\/p><\/div>\n<div style='display: flex; flex-wrap: wrap; gap: 30px; margin: 30px 0;'>\n<div style='flex: 1 1 300px; min-width: 280px;'>\n<div style='border: 1px solid rgba(150&comma;150&comma;150&comma;0.4); border-radius: 8px; padding: 15px; background-color: rgba(255&comma;0&comma;0&comma;0.05);'>\n<h3 style='font-size: 20px; border-bottom: 2px solid currentColor; padding-bottom: 5px; margin-top: 0; margin-bottom: 15px; color: inherit; opacity: 0.8;'>Zoom \u00d3ptico<\/h3>\n<div style='position: relative; padding-bottom: 56.25%; height: 0; overflow: hidden; margin-bottom: 30px;'>   <\/div>\n<\/p><\/div>\n<\/p><\/div>\n<div style='flex: 1 1 300px; min-width: 280px;'>\n<div style='border: 1px solid rgba(150&comma;150&comma;150&comma;0.4); border-radius: 8px; padding: 15px; background-color: rgba(255&comma;0&comma;0&comma;0.05);'>\n<h3 style='font-size: 20px; border-bottom: 2px solid currentColor; padding-bottom: 5px; margin-top: 0; margin-bottom: 15px; color: inherit; opacity: 0.8;'>DARK FIGHTER Evidencia a Color<\/h3>\n<div style='position: relative; padding-bottom: 56.25%; height: 0; overflow: hidden; margin-bottom: 30px;'>   <\/div>\n<\/p><\/div>\n<\/p><\/div>\n<div style='flex: 1 1 300px; min-width: 280px;'>\n<div style='border: 1px solid rgba(150&comma;150&comma;150&comma;0.4); border-radius: 8px; padding: 15px; background-color: rgba(255&comma;0&comma;0&comma;0.05);'>\n<h3 style='font-size: 20px; border-bottom: 2px solid currentColor; padding-bottom: 5px; margin-top: 0; margin-bottom: 15px; color: inherit; opacity: 0.8;'>Hikvision DARK FIGHTER<\/h3>\n<div style='position: relative; padding-bottom: 56.25%; height: 0; overflow: hidden; margin-bottom: 30px;'>   <\/div>\n<\/p><\/div>\n<\/p><\/div>\n<\/p><\/div>\n<div style='display: flex; flex-wrap: wrap; gap: 30px; margin: 30px 0;'>\n<div style='flex: 1 1 300px; min-width: 280px;'>\n<div style='border: 1px solid rgba(150&comma;150&comma;150&comma;0.4); border-radius: 8px; padding: 15px; background-color: rgba(255&comma;0&comma;0&comma;0.05);'>\n<h3 style='font-size: 20px; border-bottom: 2px solid currentColor; padding-bottom: 5px; margin-top: 0; margin-bottom: 15px; color: inherit; opacity: 0.8;'>Auto Seguimiento de Noche<\/h3>\n<div style='position: relative; padding-bottom: 56.25%; height: 0; overflow: hidden; margin-bottom: 30px;'>   <\/div>\n<\/p><\/div>\n<\/p><\/div>\n<div style='flex: 1 1 300px; min-width: 280px;'>\n<div style='border: 1px solid rgba(150&comma;150&comma;150&comma;0.4); border-radius: 8px; padding: 15px; background-color: rgba(255&comma;0&comma;0&comma;0.05);'>\n<h3 style='font-size: 20px; border-bottom: 2px solid currentColor; padding-bottom: 5px; margin-top: 0; margin-bottom: 15px; color: inherit; opacity: 0.8;'>DARK FIGHTER 8MP<\/h3>\n<div style='position: relative; padding-bottom: 56.25%; height: 0; overflow: hidden; margin-bottom: 30px;'>   <\/div>\n<\/p><\/div>\n<\/p><\/div>\n<div style='flex: 1 1 300px; min-width: 280px;'>\n<div style='border: 1px solid rgba(150&comma;150&comma;150&comma;0.4); border-radius: 8px; padding: 15px; background-color: rgba(255&comma;0&comma;0&comma;0.05);'>\n<h3 style='font-size: 20px; border-bottom: 2px solid currentColor; padding-bottom: 5px; margin-top: 0; margin-bottom: 15px; color: inherit; opacity: 0.8;'>DARK FIGHTER 2MP<\/h3>\n<div style='position: relative; padding-bottom: 56.25%; height: 0; overflow: hidden; margin-bottom: 30px;'>   <\/div>\n<\/p><\/div>\n<\/p><\/div>\n<\/p><\/div>\n<div style='display: flex; flex-wrap: wrap; gap: 30px; margin: 30px 0;'>\n<div style='flex: 1 1 300px; min-width: 280px;'>\n<div style='border: 1px solid rgba(150&comma;150&comma;150&comma;0.4); border-radius: 8px; padding: 15px; background-color: rgba(255&comma;0&comma;0&comma;0.05);'>\n<h3 style='font-size: 20px; border-bottom: 2px solid currentColor; padding-bottom: 5px; margin-top: 0; margin-bottom: 15px; color: inherit; opacity: 0.8;'>LIGHTFIGHTER<\/h3>\n<div style='margin-bottom: 15px;'> <img style='width: 100%; height: auto; border: 1px solid rgba(150&comma;150&comma;150&comma;0.3); border-radius: 8px;' src='https:\/\/ftp3.syscom.mx\/usuarios\/jsosa\/HIKVISION\/videos\/ids\/2MP%20LightFighter.gif' alt='LightFighter GIF'> <\/div>\n<ul style='padding-left: 20px; font-size: 15px; color: inherit; margin: 0;'>\n<li style='margin-bottom: 8px;'>Evita la saturaci\u00f3n de la luz que no permite la visualizaci\u00f3n de detalles<\/li>\n<li style='margin-bottom: 8px;'>Permite visualizar correctamente el primer y segundo plano de la imagen<\/li>\n<\/ul><\/div>\n<\/p><\/div>\n<div style='flex: 1 1 300px; min-width: 280px;'>\n<div style='border: 1px solid rgba(150&comma;150&comma;150&comma;0.4); border-radius: 8px; padding: 15px; background-color: rgba(255&comma;0&comma;0&comma;0.05);'>\n<h3 style='font-size: 20px; border-bottom: 2px solid currentColor; padding-bottom: 5px; margin-top: 0; margin-bottom: 15px; color: inherit; opacity: 0.8;'>DARKFIGHTER<\/h3>\n<ul style='padding-left: 20px; font-size: 15px; color: inherit; margin: 0;'>\n<li style='margin-bottom: 8px;'>Imagen a color con muy poca iluminaci\u00f3n<\/li>\n<li style='margin-bottom: 8px;'>Con la iluminaci\u00f3n natural o con el poco alumbrado p\u00fablico logra mostrar mayor detalle en la imagen<\/li>\n<\/ul>\n<div style='margin-top: 15px;'> <img style='width: 100%; height: auto; border: 1px solid rgba(150&comma;150&comma;150&comma;0.3); border-radius: 8px;' src='https:\/\/ftp3.syscom.mx\/usuarios\/jsosa\/HIKVISION\/videos\/ids\/4%20MP%20DarkFighter%20Performance%20Test.gif' alt='DarkFighter Performance Test GIF'> <\/div>\n<\/p><\/div>\n<\/p><\/div>\n<\/p><\/div>\n<div style='margin: 30px 0;'> <img style='width: 100%; max-width: 1200px; height: auto; border: 1px solid rgba(150&comma;150&comma;150&comma;0.3); border-radius: 8px;' src='https:\/\/ftp3.syscom.mx\/usuarios\/fcarrillo\/Hikvision\/Imagenes\/solution-banner-2021.png' alt='Banner Hikvision Solution'> <\/div>\n<\/p><\/div>\n","protected":false},"excerpt":{"rendered":"<p>Domo PTZ IP 4 Megapixel \/ 25X Zoom \/ 100 mts IR \/ Exterior IP66 \/ DARKFIGHTER \/ ACUSENSE (Evita Falsas Alarmas) \/ Detecci\u00f3n Facial \/ WDR 120 dB \/ Entrada y Salida de Audio y Alarmas \/ HLC \/ EIS \/ PoE+ \/ Micro SD<\/p>\n","protected":false},"featured_media":106457,"comment_status":"open","ping_status":"closed","template":"","meta":[],"product_brand":[],"product_cat":[1224],"product_tag":[122,54,1225],"class_list":{"0":"post-106458","1":"product","2":"type-product","3":"status-publish","4":"has-post-thumbnail","6":"product_cat-ptz","7":"product_tag-camaras-ip-y-nvrs","8":"product_tag-hikvision","9":"product_tag-ptz","11":"first","12":"instock","13":"sale","14":"shipping-taxable","15":"purchasable","16":"product-type-simple"},"_links":{"self":[{"href":"https:\/\/soydeaqui.ddns.net\/pachuca\/index.php\/wp-json\/wp\/v2\/product\/106458","targetHints":{"allow":["GET"]}}],"collection":[{"href":"https:\/\/soydeaqui.ddns.net\/pachuca\/index.php\/wp-json\/wp\/v2\/product"}],"about":[{"href":"https:\/\/soydeaqui.ddns.net\/pachuca\/index.php\/wp-json\/wp\/v2\/types\/product"}],"replies":[{"embeddable":true,"href":"https:\/\/soydeaqui.ddns.net\/pachuca\/index.php\/wp-json\/wp\/v2\/comments?post=106458"}],"wp:featuredmedia":[{"embeddable":true,"href":"https:\/\/soydeaqui.ddns.net\/pachuca\/index.php\/wp-json\/wp\/v2\/media\/106457"}],"wp:attachment":[{"href":"https:\/\/soydeaqui.ddns.net\/pachuca\/index.php\/wp-json\/wp\/v2\/media?parent=106458"}],"wp:term":[{"taxonomy":"product_brand","embeddable":true,"href":"https:\/\/soydeaqui.ddns.net\/pachuca\/index.php\/wp-json\/wp\/v2\/product_brand?post=106458"},{"taxonomy":"product_cat","embeddable":true,"href":"https:\/\/soydeaqui.ddns.net\/pachuca\/index.php\/wp-json\/wp\/v2\/product_cat?post=106458"},{"taxonomy":"product_tag","embeddable":true,"href":"https:\/\/soydeaqui.ddns.net\/pachuca\/index.php\/wp-json\/wp\/v2\/product_tag?post=106458"}],"curies":[{"name":"wp","href":"https:\/\/api.w.org\/{rel}","templated":true}]}}