{"id":106445,"date":"2026-03-20T16:16:07","date_gmt":"2026-03-20T16:16:07","guid":{"rendered":"https:\/\/soydeaqui.ddns.net\/pachuca\/index.php\/producto\/kit-de-transceptor-balluns-turbohd-con-boton-push-hasta-8-mp-4k-100-cobre-soporta-hd-tvi-ahd-cvi-cvbs-audio-por-coaxitron-datos-para-menu-de-configurar-de-camaras-3\/"},"modified":"2026-03-20T16:16:21","modified_gmt":"2026-03-20T16:16:21","slug":"kit-de-transceptor-balluns-turbohd-con-boton-push-hasta-8-mp-4k-100-cobre-soporta-hd-tvi-ahd-cvi-cvbs-audio-por-coaxitron-datos-para-menu-de-configurar-de-camaras-3","status":"publish","type":"product","link":"https:\/\/soydeaqui.ddns.net\/pachuca\/index.php\/producto\/kit-de-transceptor-balluns-turbohd-con-boton-push-hasta-8-mp-4k-100-cobre-soporta-hd-tvi-ahd-cvi-cvbs-audio-por-coaxitron-datos-para-menu-de-configurar-de-camaras-3\/","title":{"rendered":"Kit de Transceptor (Balluns) TURBOHD con Boton Push \/ Hasta 8 MP (4K) \/ 100% Cobre \/ Soporta HD-TVI \/ AHD \/ CVI \/ CVBS \/ Audio por Coaxitron \/ Datos para Menu de Configurar de C\u00e1maras"},"content":{"rendered":"<div style='width: 100%; max-width: 1200px; margin: 0 auto; font-family: sans-serif; line-height: 1.6; color: inherit; background-color: transparent;'> <!-- Imagen logo --> <\/p>\n<div style='text-align: center; margin: 20px 0;'> <img style='width: 45%; height: auto; border: 1px solid rgba(150&comma;150&comma;150&comma;0.3); border-radius: 8px;' src='https:\/\/ftp3.syscom.mx\/usuarios\/jsosa\/HIKVISION\/imagenes\/logo\/hikvision%20see%20far.png' alt='Logo Hikvision'> <\/div>\n<p> <!-- Secci\u00f3n de caracter\u00edsticas con grid --> <\/p>\n<div style='display: grid; grid-template-columns: repeat(auto-fill&comma; minmax(300px&comma; 1fr)); gap: 30px; margin: 30px 0;'> <!-- Caracter\u00edsticas principales --> <\/p>\n<div style='border: 1px solid rgba(150&comma;150&comma;150&comma;0.3); border-left: 5px solid #ff0000; border-radius: 8px; overflow: hidden; box-shadow: 0 2px 8px rgba(0&comma;0&comma;0&comma;0.05); display: flex; flex-direction: column; background-color: rgba(255&comma; 255&comma; 255&comma; 0.03);'>\n<div style='padding: 15px; background-color: rgba(255&comma; 0&comma; 0&comma; 0.05); font-weight: bold; font-size: 18px; color: inherit;'>Caracter\u00edsticas principales<\/div>\n<div style='padding: 15px; color: inherit;'>\n<ul style='padding-left: 20px; margin: 0; font-size: 14px; list-style-type: disc;'>\n<li style='margin-bottom: 5px;'>Transceptor de video compatible con todas las c\u00e1maras epcom y HIKVISION.<\/li>\n<li style='margin-bottom: 5px;'>Acepta resolucion de: 8 Megapixel \/ 5 Megapixel \/ 4 Megapixel \/ 3 Megapixel \/ 2 Megapixel \/ 1 Megapixel.<\/li>\n<li style='margin-bottom: 5px;'>Compatible con cable cat 5e y cat 6.<\/li>\n<li style='margin-bottom: 5px;'>Distancias de video hasta 150 mts (8 Megapixel).<\/li>\n<li style='margin-bottom: 5px;'>Distancias de video hasta 180 mts (5 Megapixel).<\/li>\n<li style='margin-bottom: 5px;'>Distancias de video hasta 250 mts (2 Megapixel).<\/li>\n<li style='margin-bottom: 5px;'>Distancias de video hasta 400 mts (1 Megapixel o analogico).<\/li>\n<\/ul><\/div>\n<\/p><\/div>\n<p> <!-- Caracter\u00edsticas F\u00edsicas y El\u00e9ctricas --> <\/p>\n<div style='border: 1px solid rgba(150&comma;150&comma;150&comma;0.3); border-left: 5px solid #ff0000; border-radius: 8px; overflow: hidden; box-shadow: 0 2px 8px rgba(0&comma;0&comma;0&comma;0.05); display: flex; flex-direction: column; background-color: rgba(255&comma; 255&comma; 255&comma; 0.03);'>\n<div style='padding: 15px; background-color: rgba(255&comma; 0&comma; 0&comma; 0.05); font-weight: bold; font-size: 18px; color: inherit;'>Caracter\u00edsticas F\u00edsicas y El\u00e9ctricas<\/div>\n<div style='padding: 15px; color: inherit;'>\n<ul style='padding-left: 20px; margin: 0; font-size: 14px; list-style-type: disc;'>\n<li style='margin-bottom: 5px;'>Color negro.<\/li>\n<li style='margin-bottom: 5px;'>Inmunidad de ruido de 60 dB.<\/li>\n<li style='margin-bottom: 5px;'>Impedancia de 75 Ohms.<\/li>\n<li style='margin-bottom: 5px;'>Temperatura de operaci\u00f3n: -20\u00ba &#8211; 55\u00baC.<\/li>\n<li style='margin-bottom: 5px;'>Dimensiones: 38.4 x 18.6 x 19.5 mm.<\/li>\n<li style='margin-bottom: 5px;'>Peso: 22 gramos.<\/li>\n<\/ul><\/div>\n<\/p><\/div>\n<\/p><\/div>\n<p> <!-- Imagen soluci\u00f3n completa --> <\/p>\n<div style='margin: 30px 0;'> <img style='width: 100%; height: auto; border: 1px solid rgba(150&comma;150&comma;150&comma;0.3); border-radius: 8px;' src='https:\/\/ftp3.syscom.mx\/usuarios\/jsosa\/HIKVISION\/imagenes\/banners\/solution%20complete.png' alt='Soluci\u00f3n completa'> <\/div>\n<\/p><\/div>\n","protected":false},"excerpt":{"rendered":"<p>Kit de Transceptor (Balluns) TURBOHD con Boton Push \/ Hasta 8 MP (4K) \/ 100% Cobre \/ Soporta HD-TVI \/ AHD \/ CVI \/ CVBS \/ Audio por Coaxitron \/ Datos para Menu de Configurar de C\u00e1maras<\/p>\n","protected":false},"featured_media":106444,"comment_status":"open","ping_status":"closed","template":"","meta":[],"product_brand":[],"product_cat":[2327],"product_tag":[417,54,2328],"class_list":{"0":"post-106445","1":"product","2":"type-product","3":"status-publish","4":"has-post-thumbnail","6":"product_cat-transceptores-de-video","7":"product_tag-accesorios-generales","8":"product_tag-hikvision","9":"product_tag-transceptores-de-video","11":"first","12":"instock","13":"sale","14":"shipping-taxable","15":"purchasable","16":"product-type-simple"},"_links":{"self":[{"href":"https:\/\/soydeaqui.ddns.net\/pachuca\/index.php\/wp-json\/wp\/v2\/product\/106445","targetHints":{"allow":["GET"]}}],"collection":[{"href":"https:\/\/soydeaqui.ddns.net\/pachuca\/index.php\/wp-json\/wp\/v2\/product"}],"about":[{"href":"https:\/\/soydeaqui.ddns.net\/pachuca\/index.php\/wp-json\/wp\/v2\/types\/product"}],"replies":[{"embeddable":true,"href":"https:\/\/soydeaqui.ddns.net\/pachuca\/index.php\/wp-json\/wp\/v2\/comments?post=106445"}],"wp:featuredmedia":[{"embeddable":true,"href":"https:\/\/soydeaqui.ddns.net\/pachuca\/index.php\/wp-json\/wp\/v2\/media\/106444"}],"wp:attachment":[{"href":"https:\/\/soydeaqui.ddns.net\/pachuca\/index.php\/wp-json\/wp\/v2\/media?parent=106445"}],"wp:term":[{"taxonomy":"product_brand","embeddable":true,"href":"https:\/\/soydeaqui.ddns.net\/pachuca\/index.php\/wp-json\/wp\/v2\/product_brand?post=106445"},{"taxonomy":"product_cat","embeddable":true,"href":"https:\/\/soydeaqui.ddns.net\/pachuca\/index.php\/wp-json\/wp\/v2\/product_cat?post=106445"},{"taxonomy":"product_tag","embeddable":true,"href":"https:\/\/soydeaqui.ddns.net\/pachuca\/index.php\/wp-json\/wp\/v2\/product_tag?post=106445"}],"curies":[{"name":"wp","href":"https:\/\/api.w.org\/{rel}","templated":true}]}}