{"id":10643,"date":"2026-03-18T07:39:06","date_gmt":"2026-03-18T07:39:06","guid":{"rendered":"https:\/\/soydeaqui.ddns.net\/pachuca\/index.php\/producto\/jumper-de-fibra-ptica-multimodo-50-125-xglo-om3-lc-lc-duplex-ofnr-color-aqua-30-metros-98-43-pies\/"},"modified":"2026-03-18T07:39:07","modified_gmt":"2026-03-18T07:39:07","slug":"jumper-de-fibra-ptica-multimodo-50-125-xglo-om3-lc-lc-duplex-ofnr-color-aqua-30-metros-98-43-pies","status":"publish","type":"product","link":"https:\/\/soydeaqui.ddns.net\/pachuca\/index.php\/producto\/jumper-de-fibra-ptica-multimodo-50-125-xglo-om3-lc-lc-duplex-ofnr-color-aqua-30-metros-98-43-pies\/","title":{"rendered":"Jumper de Fibra ?ptica Multimodo 50\/125 XGLO OM3, LC-LC Duplex, OFNR, Color Aqua, 30 Metros (98.43 Pies)"},"content":{"rendered":"<div style='width: 100%; max-width: 1200px; margin: 0 auto; font-family: sans-serif; line-height: 1.6; color: inherit; background-color: transparent;'> <!-- Descripci\u00f3n general --> <\/p>\n<div style='margin-bottom: 30px;'>\n<h2 style='font-size: 24px; margin-top: 0; color: inherit; opacity: 0.9;'>Descripci\u00f3n del Producto<\/h2>\n<p style='font-size: 15px; color: inherit;'>Los cables de Fibra \u00d3ptica XGLO son ideales para aplicaciones de fibra con soporte de 10 Gigabits a trav\u00e9s de distancias extendidas y redes troncales de pr\u00f3xima generaci\u00f3n. La fibra \u00f3ptica cumple con los est\u00e1ndares IEEE 802.3 para Ethernet 10 Gigabit&comma; IEC-60793-2-10 y TIA-492AAAC (OM3)&comma; TIA-492AAAD (OM4) para especificaciones de ancho de banda de l\u00e1ser y Differential Mode Delay (DMD).<\/p>\n<\/p><\/div>\n<p> <!-- Caracter\u00edsticas principales --> <\/p>\n<div style='margin-bottom: 30px;'>\n<h3 style='font-size: 22px; border-bottom: 2px solid currentColor; padding-bottom: 5px; margin-top: 0; color: inherit; opacity: 0.8;'>Caracter\u00edsticas Principales<\/h3>\n<ul style='padding-left: 20px; font-size: 15px; color: inherit;'>\n<li style='margin-bottom: 5px;'>Soporte de 10 Gigabits para redes de larga distancia<\/li>\n<li style='margin-bottom: 5px;'>Cumple con est\u00e1ndar IEEE 802.3 para gigabit<\/li>\n<li style='margin-bottom: 5px;'>Compatible con IEC-60793-2-10 y TIA-492AAAC<\/li>\n<li style='margin-bottom: 5px;'>Dise\u00f1ado para redes troncales de pr\u00f3xima generaci\u00f3n<\/li>\n<li style='margin-bottom: 5px;'>Fibra \u00f3ptica OM3 altamente eficiente<\/li>\n<\/ul><\/div>\n<p> <!-- Especificaciones t\u00e9cnicas --> <\/p>\n<div style='margin-bottom: 30px;'>\n<h3 style='font-size: 22px; border-bottom: 2px solid currentColor; padding-bottom: 5px; margin-top: 0; color: inherit; opacity: 0.8;'>Especificaciones T\u00e9cnicas<\/h3>\n<p> <!-- Tabla de especificaciones de rendimiento --> <\/p>\n<div style='display: flex; flex-wrap: wrap; gap: 20px; margin-top: 20px;'>\n<div style='flex: 1 1 250px; border: 1px solid rgba(150&comma; 150&comma; 150&comma; 0.4); border-radius: 8px; overflow: hidden; display: flex; flex-direction: column;'>\n<div style='padding: 15px; border-bottom: 1px solid rgba(150&comma; 150&comma; 150&comma; 0.2); font-weight: bold; font-size: 18px; color: inherit;'>Especificaciones de Rendimiento<\/div>\n<div style='padding: 15px; color: inherit;'>\n<ul style='padding-left: 20px; margin: 0; font-size: 14px; list-style-type: disc;'>\n<li style='margin-bottom: 5px;'><strong>Est\u00e1ndares:<\/strong> IEEE 802.3 10 Gigabit Ethernet&comma; IEC-60793-2-10&comma; TIA-492AAAC (OM3)&comma; TIA-492AAAD (OM4)<\/li>\n<li style='margin-bottom: 5px;'><strong>Wavelength:<\/strong> 850 nm<\/li>\n<li style='margin-bottom: 5px;'><strong>Ancho de Banda M\u00ednimo (MHz.km):<\/strong> 1500<\/li>\n<li style='margin-bottom: 5px;'><strong>P\u00e9rdida de Inserci\u00f3n M\u00e1xima (dB):<\/strong> 0.25 (0.10 t\u00edpico)<\/li>\n<li style='margin-bottom: 5px;'><strong>Retorno de P\u00e9rdida M\u00ednima (dB):<\/strong> 30 (35 t\u00edpico)<\/li>\n<li style='margin-bottom: 5px;'><strong>Color de la Funda:<\/strong> Aqua<\/li>\n<li style='margin-bottom: 5px;'><strong>Conectores:<\/strong> LC-LC Duplex<\/li>\n<li style='margin-bottom: 5px;'><strong>Tipo de Cable:<\/strong> Multimodo 50\/125 \u00b5m<\/li>\n<li style='margin-bottom: 5px;'><strong>Clasificaci\u00f3n de Fuego:<\/strong> OFNR<\/li>\n<li style='margin-bottom: 5px;'><strong>Longitud:<\/strong> 30 Metros<\/li>\n<li style='margin-bottom: 5px;'><strong>Clase de Fibra:<\/strong> OM3<\/li>\n<\/ul><\/div>\n<\/p><\/div>\n<p> <!-- Ventajas de dise\u00f1o --> <\/p>\n<div style='flex: 1 1 250px; border: 1px solid rgba(150&comma; 150&comma; 150&comma; 0.4); border-radius: 8px; overflow: hidden; display: flex; flex-direction: column;'>\n<div style='padding: 15px; border-bottom: 1px solid rgba(150&comma; 150&comma; 150&comma; 0.2); font-weight: bold; font-size: 18px; color: inherit;'>Ventajas de Dise\u00f1o<\/div>\n<div style='padding: 15px; color: inherit;'>\n<ul style='padding-left: 20px; margin: 0; font-size: 14px; list-style-type: disc;'>\n<li style='margin-bottom: 5px;'>Pulido de conectores que excede los requisitos ANSI\/TIA y ISO\/IEC<\/li>\n<li style='margin-bottom: 5px;'>Optimizado para reducir impurezas en el n\u00facleo de la fibra<\/li>\n<li style='margin-bottom: 5px;'>Capacidad de transmisi\u00f3n robusta para Ethernet 10 Gigabit<\/li>\n<li style='margin-bottom: 5px;'>Incluye caps para protecci\u00f3n contra polvo<\/li>\n<p> <clip-path: polygon(0 0&comma; 100% 0&comma; 100% 100%&comma; 0 100%); \n\n<li style='margin-bottom: 5px;'>Resistencia a estr\u00e9s&comma; vibraci\u00f3n&comma; impacto y condiciones extremas<\/li>\n<li style='margin-bottom: 5px;'>20 a\u00f1os de garant\u00eda<\/li>\n<\/ul><\/div>\n<\/p><\/div>\n<\/p><\/div>\n<\/p><\/div>\n<p> <!-- Aplicaciones --> <\/p>\n<div style='margin-bottom: 30px;'>\n<h3 style='font-size: 22px; border-bottom: 2px solid currentColor; padding-bottom: 5px; margin-top: 0; color: inherit; opacity: 0.8;'>Aplicaciones<\/h3>\n<ul style='padding-left: 20px; font-size: 15px; color: inherit;'>\n<li style='margin-bottom: 5px;'>Redes troncales de pr\u00f3xima generaci\u00f3n<\/li>\n<li style='margin-bottom: 5px;'>Aplicaciones de 10 Gigabit Ethernet<\/li>\n<li style='margin-bottom: 5px;'>Centros de datos de alta velocidad<\/li>\n<li style='margin-bottom: 5px;'>Sistemas de comunicaci\u00f3n de fibra \u00f3ptica<\/li>\n<\/ul><\/div>\n<p> <!-- Informaci\u00f3n de pedido --> <\/p>\n<div style='margin-bottom: 30px;'>\n<h3 style='font-size: 22px; border-bottom: 2px solid currentColor; padding-bottom: 5px; margin-top: 0; color: inherit; opacity: 0.8;'>Informaci\u00f3n de Pedido<\/h3>\n<p style='font-size: 15px; color: inherit;'>Modelo: FJ2LCLC5L30AQ<\/p>\n<p style='font-size: 15px; color: inherit;'>Descripci\u00f3n: Jumper de Fibra \u00d3ptica Multimodo 50\/125 XGLO OM3&comma; LC-LC Duplex&comma; OFNR&comma; Color Aqua&comma; 30 Metros<\/p>\n<p style='font-size: 15px; color: inherit;'>Opciones adicionales: Longitudes personalizadas y colores de funda disponibles bajo solicitud<\/p>\n<\/p><\/div>\n<p> <!-- Separador --> <\/p>\n<hr style='border: 0; border-top: 1px solid rgba(150&comma; 150&comma; 150&comma; 0.3); margin: 30px 0;'> <\/div>\n","protected":false},"excerpt":{"rendered":"<p>Jumper de Fibra ?ptica Multimodo 50\/125 XGLO OM3, LC-LC Duplex, OFNR, Color Aqua, 30 Metros (98.43 Pies)<\/p>\n","protected":false},"featured_media":10642,"comment_status":"open","ping_status":"closed","template":"","meta":[],"product_brand":[],"product_cat":[617],"product_tag":[611,618,600],"class_list":{"0":"post-10643","1":"product","2":"type-product","3":"status-publish","4":"has-post-thumbnail","6":"product_cat-jumpers-y-pigtails","7":"product_tag-fibra-optica","8":"product_tag-jumpers-y-pigtails","9":"product_tag-siemon","11":"first","12":"outofstock","13":"sale","14":"shipping-taxable","15":"purchasable","16":"product-type-simple"},"_links":{"self":[{"href":"https:\/\/soydeaqui.ddns.net\/pachuca\/index.php\/wp-json\/wp\/v2\/product\/10643","targetHints":{"allow":["GET"]}}],"collection":[{"href":"https:\/\/soydeaqui.ddns.net\/pachuca\/index.php\/wp-json\/wp\/v2\/product"}],"about":[{"href":"https:\/\/soydeaqui.ddns.net\/pachuca\/index.php\/wp-json\/wp\/v2\/types\/product"}],"replies":[{"embeddable":true,"href":"https:\/\/soydeaqui.ddns.net\/pachuca\/index.php\/wp-json\/wp\/v2\/comments?post=10643"}],"wp:featuredmedia":[{"embeddable":true,"href":"https:\/\/soydeaqui.ddns.net\/pachuca\/index.php\/wp-json\/wp\/v2\/media\/10642"}],"wp:attachment":[{"href":"https:\/\/soydeaqui.ddns.net\/pachuca\/index.php\/wp-json\/wp\/v2\/media?parent=10643"}],"wp:term":[{"taxonomy":"product_brand","embeddable":true,"href":"https:\/\/soydeaqui.ddns.net\/pachuca\/index.php\/wp-json\/wp\/v2\/product_brand?post=10643"},{"taxonomy":"product_cat","embeddable":true,"href":"https:\/\/soydeaqui.ddns.net\/pachuca\/index.php\/wp-json\/wp\/v2\/product_cat?post=10643"},{"taxonomy":"product_tag","embeddable":true,"href":"https:\/\/soydeaqui.ddns.net\/pachuca\/index.php\/wp-json\/wp\/v2\/product_tag?post=10643"}],"curies":[{"name":"wp","href":"https:\/\/api.w.org\/{rel}","templated":true}]}}