{"id":106429,"date":"2026-03-20T16:15:21","date_gmt":"2026-03-20T16:15:21","guid":{"rendered":"https:\/\/soydeaqui.ddns.net\/pachuca\/index.php\/producto\/montaje-para-plafon-para-domos-wisenet\/"},"modified":"2026-03-20T16:15:23","modified_gmt":"2026-03-20T16:15:23","slug":"montaje-para-plafon-para-domos-wisenet","status":"publish","type":"product","link":"https:\/\/soydeaqui.ddns.net\/pachuca\/index.php\/producto\/montaje-para-plafon-para-domos-wisenet\/","title":{"rendered":"Montaje para Plaf\u00f3n para domos Wisenet"},"content":{"rendered":"<div style='width: 100%; max-width: 1200px; margin: 0 auto; font-family: sans-serif; line-height: 1.6; color: inherit;'>\n<div style='margin-bottom: 30px;'>\n<p style='font-size: 15px; color: inherit; margin: 0 0 15px;'>La SHD-1600FPW es una carcasa blanca empotrada en el techo para una variedad de modelos de c\u00e1mara. La carcasa permite que la c\u00e1mara se integre en el entorno de instalaci\u00f3n.<\/p>\n<p style='font-size: 15px; color: inherit; margin: 0 0 15px;'>Compatible con:<\/p>\n<\/p><\/div>\n<div style='display: flex; flex-wrap: wrap; gap: 20px; margin-bottom: 30px;'>\n<div style='flex: 1 1 250px; border: 1px solid rgba(150&comma; 150&comma; 150&comma; 0.4); border-radius: 8px; overflow: hidden; display: flex; flex-direction: column;'>\n<div style='padding: 15px; border-bottom: 1px solid rgba(150&comma; 150&comma; 150&comma; 0.2); font-weight: bold; font-size: 16px; color: inherit;'>Modelos compatibles<\/div>\n<div style='padding: 15px; color: inherit;'>\n<ul style='padding-left: 20px; margin: 0; font-size: 14px; list-style-type: disc; color: inherit;'>\n<li style='margin-bottom: 5px;'>XNF-9010RV \/ XNF-8010R \/ XNF-8010RV<\/li>\n<li style='margin-bottom: 5px;'>XND-6085V<\/li>\n<li style='margin-bottom: 5px;'>XNV-6085 \/ XNV-6120 \/ XNV-6120R \/ XNV-8080R \/ XNV-6080R \/ XNV-6080<\/li>\n<li style='margin-bottom: 5px;'>XNV-L6080R \/ XNV-L6080<\/li>\n<li style='margin-bottom: 5px;'>PNV-9080RN<\/li>\n<\/ul><\/div>\n<\/p><\/div>\n<div style='flex: 1 1 250px; border: 1px solid rgba(150&comma; 150&comma; 150&comma; 0.4); border-radius: 8px; overflow: hidden; display: flex; flex-direction: column;'>\n<div style='padding: 15px; border-bottom: 1px solid rgba(150&comma; 150&comma; 150&comma; 0.2); font-weight: bold; font-size: 16px; color: inherit;'>Caracter\u00edsticas<\/div>\n<div style='padding: 15px; color: inherit;'>\n<ul style='padding-left: 20px; margin: 0; font-size: 14px; list-style-type: disc; color: inherit;'>\n<li style='margin-bottom: 5px;'>Carcasa blanca empotrada en el techo<\/li>\n<li style='margin-bottom: 5px;'>Dise\u00f1o discreto que se integra en el entorno<\/li>\n<li style='margin-bottom: 5px;'>Instalaci\u00f3n segura y estable<\/li>\n<li style='margin-bottom: 5px;'>Material duradero para larga vida \u00fatil<\/li>\n<\/ul><\/div>\n<\/p><\/div>\n<\/p><\/div>\n<div style='margin-bottom: 30px;'>\n<p style='font-size: 15px; color: inherit; margin: 0; font-weight: bold;'>Garant\u00eda de 3 a\u00f1os.<\/p>\n<\/p><\/div>\n<\/p><\/div>\n","protected":false},"excerpt":{"rendered":"<p>Montaje para Plaf\u00f3n para domos Wisenet<\/p>\n","protected":false},"featured_media":106428,"comment_status":"open","ping_status":"closed","template":"","meta":[],"product_brand":[],"product_cat":[2309],"product_tag":[417,2310,1055],"class_list":{"0":"post-106429","1":"product","2":"type-product","3":"status-publish","4":"has-post-thumbnail","6":"product_cat-gabinetes-para-camaras","7":"product_tag-accesorios-generales","8":"product_tag-gabinetes-para-camaras","9":"product_tag-hanwha-vision","11":"first","12":"outofstock","13":"sale","14":"shipping-taxable","15":"purchasable","16":"product-type-simple"},"_links":{"self":[{"href":"https:\/\/soydeaqui.ddns.net\/pachuca\/index.php\/wp-json\/wp\/v2\/product\/106429","targetHints":{"allow":["GET"]}}],"collection":[{"href":"https:\/\/soydeaqui.ddns.net\/pachuca\/index.php\/wp-json\/wp\/v2\/product"}],"about":[{"href":"https:\/\/soydeaqui.ddns.net\/pachuca\/index.php\/wp-json\/wp\/v2\/types\/product"}],"replies":[{"embeddable":true,"href":"https:\/\/soydeaqui.ddns.net\/pachuca\/index.php\/wp-json\/wp\/v2\/comments?post=106429"}],"wp:featuredmedia":[{"embeddable":true,"href":"https:\/\/soydeaqui.ddns.net\/pachuca\/index.php\/wp-json\/wp\/v2\/media\/106428"}],"wp:attachment":[{"href":"https:\/\/soydeaqui.ddns.net\/pachuca\/index.php\/wp-json\/wp\/v2\/media?parent=106429"}],"wp:term":[{"taxonomy":"product_brand","embeddable":true,"href":"https:\/\/soydeaqui.ddns.net\/pachuca\/index.php\/wp-json\/wp\/v2\/product_brand?post=106429"},{"taxonomy":"product_cat","embeddable":true,"href":"https:\/\/soydeaqui.ddns.net\/pachuca\/index.php\/wp-json\/wp\/v2\/product_cat?post=106429"},{"taxonomy":"product_tag","embeddable":true,"href":"https:\/\/soydeaqui.ddns.net\/pachuca\/index.php\/wp-json\/wp\/v2\/product_tag?post=106429"}],"curies":[{"name":"wp","href":"https:\/\/api.w.org\/{rel}","templated":true}]}}