{"id":106425,"date":"2026-03-20T16:15:07","date_gmt":"2026-03-20T16:15:07","guid":{"rendered":"https:\/\/soydeaqui.ddns.net\/pachuca\/index.php\/producto\/domo-ip-5-mp-lente-mot-7-a-22-mm-interior-30-mts-ir-h-265-ndaa-onvif-ip52-ik10-deteccion-sabotaje-movimiento-rostros-intrusion-merodeo-objeto-abandonado-audio-i-o-poe\/"},"modified":"2026-03-20T16:15:09","modified_gmt":"2026-03-20T16:15:09","slug":"domo-ip-5-mp-lente-mot-7-a-22-mm-interior-30-mts-ir-h-265-ndaa-onvif-ip52-ik10-deteccion-sabotaje-movimiento-rostros-intrusion-merodeo-objeto-abandonado-audio-i-o-poe","status":"publish","type":"product","link":"https:\/\/soydeaqui.ddns.net\/pachuca\/index.php\/producto\/domo-ip-5-mp-lente-mot-7-a-22-mm-interior-30-mts-ir-h-265-ndaa-onvif-ip52-ik10-deteccion-sabotaje-movimiento-rostros-intrusion-merodeo-objeto-abandonado-audio-i-o-poe\/","title":{"rendered":"Domo IP 5 MP \/ Lente Mot. 7 a 22 mm \/ Interior \/ 30 mts IR \/ H.265 \/ NDAA \/ ONVIF \/ IP52 \/ IK10 \/ Detecci\u00f3n Sabotaje \/ Movimiento \/ Rostros \/ Intrusi\u00f3n \/ Merodeo \/ Objeto Abandonado \/ Audio I\/O \/ PoE \/ Serie 60 \/ Honeywell Security"},"content":{"rendered":"<div style='width: 100%; max-width: 1200px; margin: 0 auto; font-family: sans-serif; line-height: 1.6; color: inherit; background-color: transparent;'> <!-- Im\u00e1genes existentes --> <\/p>\n<div style='width: 100%; margin-bottom: 20px;'> <img style='width: 100%; height: auto; border: 1px solid rgba(150&comma;150&comma;150&comma;0.3); border-radius: 8px;' src='https:\/\/ftp3.syscom.mx\/usuarios\/pnunez\/Honeywell\/HC30WE5R2\/Imagenes\/banner-honeywell.jpg' alt='Banner Honeywell'> <\/div>\n<div style='width: 100%; margin-bottom: 20px;'> <img style='width: 100%; height: auto; border: 1px solid rgba(150&comma;150&comma;150&comma;0.3); border-radius: 8px;' src='https:\/\/ftp3.syscom.mx\/usuarios\/pnunez\/Honeywell\/Banners\/syscom-stock-disponible%20%281%29.jpg' alt='Stock disponible'> <\/div>\n<p> <!-- Secci\u00f3n de caracter\u00edsticas en grid --> <\/p>\n<div style='display: flex; flex-wrap: wrap; gap: 30px; margin-bottom: 30px;'> <!-- Caracter\u00edsticas de la C\u00e1mara --> <\/p>\n<div style='flex: 1 1 300px; min-width: 280px; border: 1px solid rgba(150&comma; 150&comma; 150&comma; 0.4); border-radius: 8px; overflow: hidden; display: flex; flex-direction: column;'>\n<div style='padding: 15px; border-bottom: 1px solid rgba(150&comma; 150&comma; 150&comma; 0.2); font-weight: bold; font-size: 18px; color: inherit; background-color: rgba(176&comma; 26&comma; 25&comma; 0.8);'>Caracter\u00edsticas de la C\u00e1mara:<\/div>\n<div style='padding: 15px; color: inherit;'>\n<ul style='padding-left: 20px; margin: 0; font-size: 14px; list-style-type: disc;'>\n<li style='margin-bottom: 5px;'>Resoluci\u00f3n m\u00e1xima: 5 Megap\u00edxel (2560 x 1920) a 30FPS.<\/li>\n<li style='margin-bottom: 5px;'>Sensor de imagen: 1\/2.8 Scan Progresivo CMOS<\/li>\n<li style='margin-bottom: 5px;'>Iluminaci\u00f3n m\u00ednima: Color: 0.04Lux&comma; B\/N: 0Lux con IR encendido @F1.6<\/li>\n<li style='margin-bottom: 5px;'>D\u00eda \/ Noche real con filtro ICR.<\/li>\n<li style='margin-bottom: 5px;'>Lente Varifocal Motorizado: 7-22 mm.<\/li>\n<li style='margin-bottom: 5px;'>Distancia de IR: 30m IR Inteligente<\/li>\n<li style='margin-bottom: 5px;'>Compresi\u00f3n: H.265&comma; H.264&comma; MJPEG.<\/li>\n<\/ul><\/div>\n<\/p><\/div>\n<p> <!-- Caracter\u00edsticas Generales --> <\/p>\n<div style='flex: 1 1 300px; min-width: 280px; border: 1px solid rgba(150&comma; 150&comma; 150&comma; 0.4); border-radius: 8px; overflow: hidden; display: flex; flex-direction: column;'>\n<div style='padding: 15px; border-bottom: 1px solid rgba(150&comma; 150&comma; 150&comma; 0.2); font-weight: bold; font-size: 18px; color: inherit; background-color: rgba(176&comma; 26&comma; 25&comma; 0.8);'>Caracter\u00edsticas Generales:<\/div>\n<div style='padding: 15px; color: inherit;'>\n<ul style='padding-left: 20px; margin: 0; font-size: 14px; list-style-type: disc;'>\n<li style='margin-bottom: 5px;'>Compensaci\u00f3n de luz: WDR 120dB&comma; BLC&comma; HLC&comma; 3 DNR.<\/li>\n<li style='margin-bottom: 5px;'>Video anal\u00edticos embebidos: Detecci\u00f3n Sabotaje&comma; Movimiento&comma; Rostros&comma; Intrusi\u00f3n&comma; Merodeo&comma; Objeto abandonado\/perdido&comma; Cruce de l\u00ednea.<\/li>\n<li style='margin-bottom: 5px;'>Almacenamiento: Soporta microSD de hasta 256GB (no incluida).<\/li>\n<li style='margin-bottom: 5px;'>M\u00e1scara de privacidad 5 zonas.<\/li>\n<li style='margin-bottom: 5px;'>ONVIF: Profile S&comma; G<\/li>\n<li style='margin-bottom: 5px;'><strong>Certificaci\u00f3n NDAA.<\/strong><\/li>\n<li style='margin-bottom: 5px;'><strong>Garant\u00eda 5 a\u00f1os.<\/strong><\/li>\n<\/ul><\/div>\n<\/p><\/div>\n<p> <!-- Caracter\u00edsticas F\u00edsicas y El\u00e9ctricas --> <\/p>\n<div style='flex: 1 1 300px; min-width: 280px; border: 1px solid rgba(150&comma; 150&comma; 150&comma; 0.4); border-radius: 8px; overflow: hidden; display: flex; flex-direction: column;'>\n<div style='padding: 15px; border-bottom: 1px solid rgba(150&comma; 150&comma; 150&comma; 0.2); font-weight: bold; font-size: 18px; color: inherit; background-color: rgba(176&comma; 26&comma; 25&comma; 0.8);'>Caracter\u00edsticas F\u00edsicas y El\u00e9ctricas:<\/div>\n<div style='padding: 15px; color: inherit;'>\n<ul style='padding-left: 20px; margin: 0; font-size: 14px; list-style-type: disc;'>\n<li style='margin-bottom: 5px;'>Temperatura de operaci\u00f3n: -10 a 60 \u00b0C<\/li>\n<li style='margin-bottom: 5px;'>Alimentaci\u00f3n: 12Vcc&comma; PoE (802.3af) Clase 0 \/ 12.95 W.<\/li>\n<li style='margin-bottom: 5px;'>Protecci\u00f3n: IP52 \/ IK10<\/li>\n<li style='margin-bottom: 5px;'>Dimensiones: 126 x 122 mm.<\/li>\n<li style='margin-bottom: 5px;'>Peso: 0.58 Kg.<\/li>\n<li style='margin-bottom: 5px;'>Puerto Ethernet RJ45 10\/100 Mbps<\/li>\n<li style='margin-bottom: 5px;'>Entrada\/Salida de audio de l\u00ednea<\/li>\n<li style='margin-bottom: 5px;'>Micr\u00f3fono Integrado<\/li>\n<\/ul><\/div>\n<\/p><\/div>\n<\/p><\/div>\n<p> <!-- Separador --> <\/p>\n<hr style='border: 0; border-top: 1px solid rgba(150&comma; 150&comma; 150&comma; 0.3); margin: 30px 0;'> <!-- Im\u00e1genes adicionales --> <\/p>\n<div style='width: 100%; margin-bottom: 20px;'> <img style='width: 100%; height: auto; border: 1px solid rgba(150&comma;150&comma;150&comma;0.3); border-radius: 8px;' src='https:\/\/ftp3.syscom.mx\/usuarios\/pnunez\/Honeywell\/HC60W35R2\/HC60W35R2\/HC60W35R2%20MEDIDAS.PNG' alt='Medidas'> <\/div>\n<div style='width: 100%; margin-bottom: 20px;'> <img style='width: 100%; height: auto; border: 1px solid rgba(150&comma;150&comma;150&comma;0.3); border-radius: 8px;' src='https:\/\/ftp3.syscom.mx\/usuarios\/pnunez\/Honeywell\/NDAA\/NDAA-HONEYWELL.jpg' alt='NDAA Honeywell'> <\/div>\n<p> <!-- Video --> <\/p>\n<div style='position: relative; padding-bottom: 56.25%; height: 0; overflow: hidden; margin-bottom: 30px;'>   <\/div>\n<\/p><\/div>\n","protected":false},"excerpt":{"rendered":"<p>Domo IP 5 MP \/ Lente Mot. 7 a 22 mm \/ Interior \/ 30 mts IR \/ H.265 \/ NDAA \/ ONVIF \/ IP52 \/ IK10 \/ Detecci\u00f3n Sabotaje \/ Movimiento \/ Rostros \/ Intrusi\u00f3n \/ Merodeo \/ Objeto Abandonado \/ Audio I\/O \/ PoE \/ Serie 60 \/ Honeywell Security<\/p>\n","protected":false},"featured_media":106424,"comment_status":"open","ping_status":"closed","template":"","meta":[],"product_brand":[],"product_cat":[2056],"product_tag":[122,2057,209],"class_list":{"0":"post-106425","1":"product","2":"type-product","3":"status-publish","4":"has-post-thumbnail","6":"product_cat-domo-eyeball-turret","7":"product_tag-camaras-ip-y-nvrs","8":"product_tag-domo-eyeball-turret","9":"product_tag-honeywell","11":"first","12":"outofstock","13":"sale","14":"shipping-taxable","15":"purchasable","16":"product-type-simple"},"_links":{"self":[{"href":"https:\/\/soydeaqui.ddns.net\/pachuca\/index.php\/wp-json\/wp\/v2\/product\/106425","targetHints":{"allow":["GET"]}}],"collection":[{"href":"https:\/\/soydeaqui.ddns.net\/pachuca\/index.php\/wp-json\/wp\/v2\/product"}],"about":[{"href":"https:\/\/soydeaqui.ddns.net\/pachuca\/index.php\/wp-json\/wp\/v2\/types\/product"}],"replies":[{"embeddable":true,"href":"https:\/\/soydeaqui.ddns.net\/pachuca\/index.php\/wp-json\/wp\/v2\/comments?post=106425"}],"wp:featuredmedia":[{"embeddable":true,"href":"https:\/\/soydeaqui.ddns.net\/pachuca\/index.php\/wp-json\/wp\/v2\/media\/106424"}],"wp:attachment":[{"href":"https:\/\/soydeaqui.ddns.net\/pachuca\/index.php\/wp-json\/wp\/v2\/media?parent=106425"}],"wp:term":[{"taxonomy":"product_brand","embeddable":true,"href":"https:\/\/soydeaqui.ddns.net\/pachuca\/index.php\/wp-json\/wp\/v2\/product_brand?post=106425"},{"taxonomy":"product_cat","embeddable":true,"href":"https:\/\/soydeaqui.ddns.net\/pachuca\/index.php\/wp-json\/wp\/v2\/product_cat?post=106425"},{"taxonomy":"product_tag","embeddable":true,"href":"https:\/\/soydeaqui.ddns.net\/pachuca\/index.php\/wp-json\/wp\/v2\/product_tag?post=106425"}],"curies":[{"name":"wp","href":"https:\/\/api.w.org\/{rel}","templated":true}]}}