{"id":106411,"date":"2026-03-20T16:14:20","date_gmt":"2026-03-20T16:14:20","guid":{"rendered":"https:\/\/soydeaqui.ddns.net\/pachuca\/index.php\/producto\/limpiador-quick-clean-de-1-25-mm-0-05-pulgadas-para-conectores-lc-y-mu-de-fibra-ptica-2500-procesos-de-limpieza\/"},"modified":"2026-03-20T16:14:20","modified_gmt":"2026-03-20T16:14:20","slug":"limpiador-quick-clean-de-1-25-mm-0-05-pulgadas-para-conectores-lc-y-mu-de-fibra-ptica-2500-procesos-de-limpieza","status":"publish","type":"product","link":"https:\/\/soydeaqui.ddns.net\/pachuca\/index.php\/producto\/limpiador-quick-clean-de-1-25-mm-0-05-pulgadas-para-conectores-lc-y-mu-de-fibra-ptica-2500-procesos-de-limpieza\/","title":{"rendered":"Limpiador Quick Clean? de 1.25 mm (0.05 pulgadas), para Conectores LC y MU de Fibra ?ptica, 2500 Procesos de Limpieza"},"content":{"rendered":"<div style='width: 100%; max-width: 1200px; margin: 0 auto; font-family: sans-serif; line-height: 1.6; color: inherit; background-color: transparent;'>\n<p style='font-size: 15px; color: inherit; margin-bottom: 20px;'> Gracias a los limpiadores QuickClean\u2122 de Fluke Networks&comma; ser\u00e1 mucho m\u00e1s f\u00e1cil eliminar los contaminantes da\u00f1inos de una amplia variedad de tipos de conectores. Incluso los t\u00e9cnicos de campo y los instaladores de fibra sin formaci\u00f3n podr\u00e1n llevar a cabo una inserci\u00f3n y un movimiento de presi\u00f3n sencillos para eliminar los residuos&comma; la suciedad y el polvo que pueden afectar negativamente al rendimiento de la red. Estos limpiadores son los complementos ideales para los l\u00e1pices disolventes de fibra \u00f3ptica&comma; los cubos de limpieza y los kits de limpieza para todos los entornos de fibra de Fluke Networks. <\/p>\n<p> <!-- Tabla de compatibilidad --> <\/p>\n<div style='overflow-x: auto; margin-bottom: 30px;'>\n<table style='width: 100%; border-collapse: collapse; color: inherit;'>\n<thead>\n<tr style='background-color: #a7a9ac; color: #ffffff;'>\n<th style='padding: 15px 10px; text-align: left; font-size: 18px; color: inherit; border: 1px solid rgba(150&comma;150&comma;150&comma;0.3);'>Tipo de conector<\/th>\n<th style='padding: 15px 10px; text-align: left; font-size: 18px; color: inherit; border: 1px solid rgba(150&comma;150&comma;150&comma;0.3);'>QuickClean-1.25<\/th>\n<th style='padding: 15px 10px; text-align: left; font-size: 18px; color: inherit; border: 1px solid rgba(150&comma;150&comma;150&comma;0.3);'>QuickClean-2.5<\/th>\n<th style='padding: 15px 10px; text-align: left; font-size: 18px; color: inherit; border: 1px solid rgba(150&comma;150&comma;150&comma;0.3);'>QuickClean-MPO<\/th>\n<th style='padding: 15px 10px; text-align: left; font-size: 18px; color: inherit; border: 1px solid rgba(150&comma;150&comma;150&comma;0.3);'>NFC-KIT-CASE-E<\/th>\n<th style='padding: 15px 10px; text-align: left; font-size: 18px; color: inherit; border: 1px solid rgba(150&comma;150&comma;150&comma;0.3);'>NFC-KIT-CASE*<\/th>\n<th style='padding: 15px 10px; text-align: left; font-size: 18px; color: inherit; border: 1px solid rgba(150&comma;150&comma;150&comma;0.3);'>NFC-KIT-BOX**<\/th>\n<\/tr>\n<\/thead>\n<tbody>\n<tr style='background-color: #dee0e3;'>\n<td style='padding: 10px; text-align: center; border: 1px solid rgba(150&comma;150&comma;150&comma;0.3); color: inherit;'>SC<\/td>\n<td style='padding: 10px; text-align: center; border: 1px solid rgba(150&comma;150&comma;150&comma;0.3); color: inherit;'> <\/td>\n<td style='padding: 10px; text-align: center; border: 1px solid rgba(150&comma;150&comma;150&comma;0.3); color: inherit;'>\u2713<\/td>\n<td style='padding: 10px; text-align: center; border: 1px solid rgba(150&comma;150&comma;150&comma;0.3); color: inherit;'> <\/td>\n<td style='padding: 10px; text-align: center; border: 1px solid rgba(150&comma;150&comma;150&comma;0.3); color: inherit;'>\u2713<\/td>\n<td style='padding: 10px; text-align: center; border: 1px solid rgba(150&comma;150&comma;150&comma;0.3); color: inherit;'>\u2713<\/td>\n<td style='padding: 10px; text-align: center; border: 1px solid rgba(150&comma;150&comma;150&comma;0.3); color: inherit;'>\u2713<\/td>\n<\/tr>\n<tr>\n<td style='padding: 10px; text-align: center; border: 1px solid rgba(150&comma;150&comma;150&comma;0.3); color: inherit;'>ST<\/td>\n<td style='padding: 10px; text-align: center; border: 1px solid rgba(150&comma;150&comma;150&comma;0.3); color: inherit;'> <\/td>\n<td style='padding: 10px; text-align: center; border: 1px solid rgba(150&comma;150&comma;150&comma;0.3); color: inherit;'>\u2713<\/td>\n<td style='padding: 10px; text-align: center; border: 1px solid rgba(150&comma;150&comma;150&comma;0.3); color: inherit;'> <\/td>\n<td style='padding: 10px; text-align: center; border: 1px solid rgba(150&comma;150&comma;150&comma;0.3); color: inherit;'>\u2713<\/td>\n<td style='padding: 10px; text-align: center; border: 1px solid rgba(150&comma;150&comma;150&comma;0.3); color: inherit;'>\u2713<\/td>\n<td style='padding: 10px; text-align: center; border: 1px solid rgba(150&comma;150&comma;150&comma;0.3); color: inherit;'>\u2713<\/td>\n<\/tr>\n<tr style='background-color: #dee0e3;'>\n<td style='padding: 10px; text-align: center; border: 1px solid rgba(150&comma;150&comma;150&comma;0.3); color: inherit;'>FC<\/td>\n<td style='padding: 10px; text-align: center; border: 1px solid rgba(150&comma;150&comma;150&comma;0.3); color: inherit;'> <\/td>\n<td style='padding: 10px; text-align: center; border: 1px solid rgba(150&comma;150&comma;150&comma;0.3); color: inherit;'>\u2713<\/td>\n<td style='padding: 10px; text-align: center; border: 1px solid rgba(150&comma;150&comma;150&comma;0.3); color: inherit;'> <\/td>\n<td style='padding: 10px; text-align: center; border: 1px solid rgba(150&comma;150&comma;150&comma;0.3); color: inherit;'>\u2713<\/td>\n<td style='padding: 10px; text-align: center; border: 1px solid rgba(150&comma;150&comma;150&comma;0.3); color: inherit;'>\u2713<\/td>\n<td style='padding: 10px; text-align: center; border: 1px solid rgba(150&comma;150&comma;150&comma;0.3); color: inherit;'>\u2713<\/td>\n<\/tr>\n<tr>\n<td style='padding: 10px; text-align: center; border: 1px solid rgba(150&comma;150&comma;150&comma;0.3); color: inherit;'>LC<\/td>\n<td style='padding: 10px; text-align: center; border: 1px solid rgba(150&comma;150&comma;150&comma;0.3); color: inherit;'>\u2713<\/td>\n<td style='padding: 10px; text-align: center; border: 1px solid rgba(150&comma;150&comma;150&comma;0.3); color: inherit;'> <\/td>\n<td style='padding: 10px; text-align: center; border: 1px solid rgba(150&comma;150&comma;150&comma;0.3); color: inherit;'> <\/td>\n<td style='padding: 10px; text-align: center; border: 1px solid rgba(150&comma;150&comma;150&comma;0.3); color: inherit;'>\u2713<\/td>\n<td style='padding: 10px; text-align: center; border: 1px solid rgba(150&comma;150&comma;150&comma;0.3); color: inherit;'>\u2713<\/td>\n<td style='padding: 10px; text-align: center; border: 1px solid rgba(150&comma;150&comma;150&comma;0.3); color: inherit;'> <\/td>\n<\/tr>\n<tr style='background-color: #dee0e3;'>\n<td style='padding: 10px; text-align: center; border: 1px solid rgba(150&comma;150&comma;150&comma;0.3); color: inherit;'>MU<\/td>\n<td style='padding: 10px; text-align: center; border: 1px solid rgba(150&comma;150&comma;150&comma;0.3); color: inherit;'>\u2713<\/td>\n<td style='padding: 10px; text-align: center; border: 1px solid rgba(150&comma;150&comma;150&comma;0.3); color: inherit;'> <\/td>\n<td style='padding: 10px; text-align: center; border: 1px solid rgba(150&comma;150&comma;150&comma;0.3); color: inherit;'> <\/td>\n<td style='padding: 10px; text-align: center; border: 1px solid rgba(150&comma;150&comma;150&comma;0.3); color: inherit;'>\u2713<\/td>\n<td style='padding: 10px; text-align: center; border: 1px solid rgba(150&comma;150&comma;150&comma;0.3); color: inherit;'>\u2713<\/td>\n<td style='padding: 10px; text-align: center; border: 1px solid rgba(150&comma;150&comma;150&comma;0.3); color: inherit;'> <\/td>\n<\/tr>\n<tr>\n<td style='padding: 10px; text-align: center; border: 1px solid rgba(150&comma;150&comma;150&comma;0.3); color: inherit;'>E2000<\/td>\n<td style='padding: 10px; text-align: center; border: 1px solid rgba(150&comma;150&comma;150&comma;0.3); color: inherit;'> <\/td>\n<td style='padding: 10px; text-align: center; border: 1px solid rgba(150&comma;150&comma;150&comma;0.3); color: inherit;'>\u2713<\/td>\n<td style='padding: 10px; text-align: center; border: 1px solid rgba(150&comma;150&comma;150&comma;0.3); color: inherit;'> <\/td>\n<td style='padding: 10px; text-align: center; border: 1px solid rgba(150&comma;150&comma;150&comma;0.3); color: inherit;'>\u2713<\/td>\n<td style='padding: 10px; text-align: center; border: 1px solid rgba(150&comma;150&comma;150&comma;0.3); color: inherit;'>\u2713<\/td>\n<td style='padding: 10px; text-align: center; border: 1px solid rgba(150&comma;150&comma;150&comma;0.3); color: inherit;'>\u2713<\/td>\n<\/tr>\n<tr style='background-color: #dee0e3;'>\n<td style='padding: 10px; text-align: center; font-weight: bold; border: 1px solid rgba(150&comma;150&comma;150&comma;0.3); color: inherit;'>N\u00famero total de procesos de limpieza por modelo<\/td>\n<td style='padding: 10px; text-align: center; border: 1px solid rgba(150&comma;150&comma;150&comma;0.3); color: inherit;'>2500<\/td>\n<td style='padding: 10px; text-align: center; border: 1px solid rgba(150&comma;150&comma;150&comma;0.3); color: inherit;'>2500<\/td>\n<td style='padding: 10px; text-align: center; border: 1px solid rgba(150&comma;150&comma;150&comma;0.3); color: inherit;'>3000<\/td>\n<td style='padding: 10px; text-align: center; border: 1px solid rgba(150&comma;150&comma;150&comma;0.3); color: inherit;'>2150<\/td>\n<td style='padding: 10px; text-align: center; border: 1px solid rgba(150&comma;150&comma;150&comma;0.3); color: inherit;'>620<\/td>\n<td style='padding: 10px; text-align: center; border: 1px solid rgba(150&comma;150&comma;150&comma;0.3); color: inherit;'>260<\/td>\n<\/tr>\n<\/tbody>\n<\/table><\/div>\n<p> <!-- Caracter\u00edsticas clave --> <\/p>\n<div style='display: flex; flex-wrap: wrap; gap: 30px; margin-bottom: 30px;'>\n<div style='flex: 1 1 300px; min-width: 280px;'>\n<h3 style='font-size: 22px; border-bottom: 2px solid currentColor; padding-bottom: 5px; margin-top: 0; color: inherit; opacity: 0.8;'>Caracter\u00edsticas<\/h3>\n<ul style='padding-left: 20px; font-size: 15px; color: inherit;'>\n<li style='margin-bottom: 5px;'>Elimina f\u00e1cilmente contaminantes da\u00f1inos<\/li>\n<li style='margin-bottom: 5px;'>Dise\u00f1ado para t\u00e9cnicos sin formaci\u00f3n espec\u00edfica<\/li>\n<li style='margin-bottom: 5px;'>Permite realizar una limpieza efectiva con un simple movimiento<\/li>\n<li style='margin-bottom: 5px;'>Complemento ideal para otros productos de limpieza de fibra \u00f3ptica<\/li>\n<li style='margin-bottom: 5px;'>Hasta 2500 procesos de limpieza por unidad<\/li>\n<\/ul><\/div>\n<div style='flex: 1 1 300px; min-width: 280px;'>\n<h3 style='font-size: 22px; border-bottom: 2px solid currentColor; padding-bottom: 5px; margin-top: 0; color: inherit; opacity: 0.8;'>Aplicaciones<\/h3>\n<ul style='padding-left: 20px; font-size: 15px; color: inherit;'>\n<li style='margin-bottom: 5px;'>Limpieza de conectores LC y MU de fibra \u00f3ptica<\/li>\n<li style='margin-bottom: 5px;'>Ideal para entornos de campo y laboratorio<\/li>\n<li style='margin-bottom: 5px;'>Complemento para l\u00e1pices disolventes y cubos de limpieza<\/li>\n<li style='margin-bottom: 5px;'>Uso en kits de mantenimiento de fibra \u00f3ptica<\/li>\n<\/ul><\/div>\n<\/p><\/div>\n<\/p><\/div>\n","protected":false},"excerpt":{"rendered":"<p>Limpiador Quick Clean? de 1.25 mm (0.05 pulgadas), para Conectores LC y MU de Fibra ?ptica, 2500 Procesos de Limpieza<\/p>\n","protected":false},"featured_media":106410,"comment_status":"open","ping_status":"closed","template":"","meta":[],"product_brand":[],"product_cat":[636],"product_tag":[611,730,25],"class_list":{"0":"post-106411","1":"product","2":"type-product","3":"status-publish","4":"has-post-thumbnail","6":"product_cat-herramientas-fibra-optica","7":"product_tag-fibra-optica","8":"product_tag-fluke-networks","9":"product_tag-herramientas","11":"first","12":"instock","13":"sale","14":"shipping-taxable","15":"purchasable","16":"product-type-simple"},"_links":{"self":[{"href":"https:\/\/soydeaqui.ddns.net\/pachuca\/index.php\/wp-json\/wp\/v2\/product\/106411","targetHints":{"allow":["GET"]}}],"collection":[{"href":"https:\/\/soydeaqui.ddns.net\/pachuca\/index.php\/wp-json\/wp\/v2\/product"}],"about":[{"href":"https:\/\/soydeaqui.ddns.net\/pachuca\/index.php\/wp-json\/wp\/v2\/types\/product"}],"replies":[{"embeddable":true,"href":"https:\/\/soydeaqui.ddns.net\/pachuca\/index.php\/wp-json\/wp\/v2\/comments?post=106411"}],"wp:featuredmedia":[{"embeddable":true,"href":"https:\/\/soydeaqui.ddns.net\/pachuca\/index.php\/wp-json\/wp\/v2\/media\/106410"}],"wp:attachment":[{"href":"https:\/\/soydeaqui.ddns.net\/pachuca\/index.php\/wp-json\/wp\/v2\/media?parent=106411"}],"wp:term":[{"taxonomy":"product_brand","embeddable":true,"href":"https:\/\/soydeaqui.ddns.net\/pachuca\/index.php\/wp-json\/wp\/v2\/product_brand?post=106411"},{"taxonomy":"product_cat","embeddable":true,"href":"https:\/\/soydeaqui.ddns.net\/pachuca\/index.php\/wp-json\/wp\/v2\/product_cat?post=106411"},{"taxonomy":"product_tag","embeddable":true,"href":"https:\/\/soydeaqui.ddns.net\/pachuca\/index.php\/wp-json\/wp\/v2\/product_tag?post=106411"}],"curies":[{"name":"wp","href":"https:\/\/api.w.org\/{rel}","templated":true}]}}